{"id":93,"date":"2013-05-29T15:25:10","date_gmt":"2013-05-29T20:25:10","guid":{"rendered":"http:\/\/blog.espol.edu.ec\/mcaamano\/?page_id=93"},"modified":"2013-05-29T15:25:19","modified_gmt":"2013-05-29T20:25:19","slug":"aumento-constante-del-reciclado","status":"publish","type":"page","link":"https:\/\/blog.espol.edu.ec\/mcaamano\/aumento-constante-del-reciclado\/","title":{"rendered":"Aumento constante del reciclado"},"content":{"rendered":"<p>En Espa\u00f1a el reciclado de los cartones para bebidas ha aumentado considerablemente en poco tiempo. En 1997 tan s\u00f3lo se reciclaba menos del 2% de los envases que se consum\u00edan en este pa\u00eds. Sin embargo, en 2010 se reciclaron m\u00e1s de 71.000 toneladas, lo que supuso el 53,2% de los envases consumidos en Espa\u00f1a.<br \/>\nEste dato confirma la tendencia al alza del reciclado de envases en Espa\u00f1a en los \u00faltimos a\u00f1os, mostrando la preocupaci\u00f3n creciente de los consumidores por el medio ambiente.<\/p>\n<p>Espa\u00f1a es, en toneladas, el segundo pa\u00eds que m\u00e1s cartones para bebidas recicla de Europa, por detr\u00e1s tan s\u00f3lo de Alemania.<\/p>\n","protected":false},"excerpt":{"rendered":"<p>En Espa\u00f1a el reciclado de los cartones para bebidas ha aumentado considerablemente en poco tiempo. En 1997 tan s\u00f3lo se reciclaba menos del 2% de los envases que se consum\u00edan en este pa\u00eds. Sin embargo, en 2010 se reciclaron m\u00e1s de 71.000 toneladas, lo que supuso el 53,2% de los envases consumidos en Espa\u00f1a. Este [&hellip;]<\/p>\n","protected":false},"author":8455,"featured_media":0,"parent":0,"menu_order":0,"comment_status":"open","ping_status":"open","template":"","meta":{"footnotes":""},"class_list":["post-93","page","type-page","status-publish","hentry"],"_links":{"self":[{"href":"https:\/\/blog.espol.edu.ec\/mcaamano\/wp-json\/wp\/v2\/pages\/93","targetHints":{"allow":["GET"]}}],"collection":[{"href":"https:\/\/blog.espol.edu.ec\/mcaamano\/wp-json\/wp\/v2\/pages"}],"about":[{"href":"https:\/\/blog.espol.edu.ec\/mcaamano\/wp-json\/wp\/v2\/types\/page"}],"author":[{"embeddable":true,"href":"https:\/\/blog.espol.edu.ec\/mcaamano\/wp-json\/wp\/v2\/users\/8455"}],"replies":[{"embeddable":true,"href":"https:\/\/blog.espol.edu.ec\/mcaamano\/wp-json\/wp\/v2\/comments?post=93"}],"version-history":[{"count":2,"href":"https:\/\/blog.espol.edu.ec\/mcaamano\/wp-json\/wp\/v2\/pages\/93\/revisions"}],"predecessor-version":[{"id":95,"href":"https:\/\/blog.espol.edu.ec\/mcaamano\/wp-json\/wp\/v2\/pages\/93\/revisions\/95"}],"wp:attachment":[{"href":"https:\/\/blog.espol.edu.ec\/mcaamano\/wp-json\/wp\/v2\/media?parent=93"}],"curies":[{"name":"wp","href":"https:\/\/api.w.org\/{rel}","templated":true}]}}