{"id":96,"date":"2013-05-29T15:26:15","date_gmt":"2013-05-29T20:26:15","guid":{"rendered":"http:\/\/blog.espol.edu.ec\/mcaamano\/?page_id=96"},"modified":"2013-05-29T15:26:15","modified_gmt":"2013-05-29T20:26:15","slug":"alargar-el-ciclo-de-vida","status":"publish","type":"page","link":"https:\/\/blog.espol.edu.ec\/mcaamano\/alargar-el-ciclo-de-vida\/","title":{"rendered":"Alargar el Ciclo de Vida"},"content":{"rendered":"<p>El reciclado de los cartones para bebidas evita la p\u00e9rdida de recursos. Actualmente, con el papel procedente del reciclado de los envases Tetra Brik se producen bolsas, sacos, estuches y cajas de cart\u00f3n (calidades kraft, kraft liner y test liner). El aluminio se puede separar del polietilieno mediante pir\u00f3lisis. el aluminio se recupera con gran calidad mediante este sistema, e incluso se podr\u00eda volver a introducir en la fabricaci\u00f3n de envases alimenticios. El polietileno se puede transformar en energ\u00eda.<\/p>\n","protected":false},"excerpt":{"rendered":"<p>El reciclado de los cartones para bebidas evita la p\u00e9rdida de recursos. Actualmente, con el papel procedente del reciclado de los envases Tetra Brik se producen bolsas, sacos, estuches y cajas de cart\u00f3n (calidades kraft, kraft liner y test liner). El aluminio se puede separar del polietilieno mediante pir\u00f3lisis. el aluminio se recupera con gran [&hellip;]<\/p>\n","protected":false},"author":8455,"featured_media":0,"parent":0,"menu_order":0,"comment_status":"open","ping_status":"open","template":"","meta":{"footnotes":""},"class_list":["post-96","page","type-page","status-publish","hentry"],"_links":{"self":[{"href":"https:\/\/blog.espol.edu.ec\/mcaamano\/wp-json\/wp\/v2\/pages\/96","targetHints":{"allow":["GET"]}}],"collection":[{"href":"https:\/\/blog.espol.edu.ec\/mcaamano\/wp-json\/wp\/v2\/pages"}],"about":[{"href":"https:\/\/blog.espol.edu.ec\/mcaamano\/wp-json\/wp\/v2\/types\/page"}],"author":[{"embeddable":true,"href":"https:\/\/blog.espol.edu.ec\/mcaamano\/wp-json\/wp\/v2\/users\/8455"}],"replies":[{"embeddable":true,"href":"https:\/\/blog.espol.edu.ec\/mcaamano\/wp-json\/wp\/v2\/comments?post=96"}],"version-history":[{"count":1,"href":"https:\/\/blog.espol.edu.ec\/mcaamano\/wp-json\/wp\/v2\/pages\/96\/revisions"}],"predecessor-version":[{"id":97,"href":"https:\/\/blog.espol.edu.ec\/mcaamano\/wp-json\/wp\/v2\/pages\/96\/revisions\/97"}],"wp:attachment":[{"href":"https:\/\/blog.espol.edu.ec\/mcaamano\/wp-json\/wp\/v2\/media?parent=96"}],"curies":[{"name":"wp","href":"https:\/\/api.w.org\/{rel}","templated":true}]}}