{"id":99,"date":"2013-05-29T15:29:46","date_gmt":"2013-05-29T20:29:46","guid":{"rendered":"http:\/\/blog.espol.edu.ec\/mcaamano\/?page_id=99"},"modified":"2013-05-29T15:29:46","modified_gmt":"2013-05-29T20:29:46","slug":"reciclaje-del-tetra-pak-como-aislante-para-implantacion-en-construcciones-marginales","status":"publish","type":"page","link":"https:\/\/blog.espol.edu.ec\/mcaamano\/reciclaje-del-tetra-pak-como-aislante-para-implantacion-en-construcciones-marginales\/","title":{"rendered":"Reciclaje del Tetra Pak como aislante para implantaci\u00f3n en construcciones marginales"},"content":{"rendered":"<p>A partir del reciclaje, un nuevo material que pudiera ser utilizado en construcciones marginales de bajo costo, y, a su vez, permita solucionar el problema del aislamiento t\u00e9rmico en estas edificaciones, considerando los factores ambientales caracter\u00edsticos de la Costa ecuatoriana, como las altas temperaturas que se experimentan durante todo el a\u00f1o. As\u00ed, se busca obtener un material para utilizarse como aislante t\u00e9rmico que mejore los niveles de confort en los espacios habitables de las zonas marginales. Con este fin se analiza el reciclaje de Tetra Pak, material dise\u00f1ado como aislante t\u00e9rmico para envases, que tiene gran demanda y uso en el Ecuador. A partir de esto, se desarrolla un proceso de re utilizaci\u00f3n, para convertirlo en un material de construcci\u00f3n. Con este m\u00e9todo, se espera tambi\u00e9n promocionar el reciclaje, tendencia mundial de gran impacto ambiental que a\u00fan est\u00e1 en desarrollo en Ecuador.<\/p>\n","protected":false},"excerpt":{"rendered":"<p>A partir del reciclaje, un nuevo material que pudiera ser utilizado en construcciones marginales de bajo costo, y, a su vez, permita solucionar el problema del aislamiento t\u00e9rmico en estas edificaciones, considerando los factores ambientales caracter\u00edsticos de la Costa ecuatoriana, como las altas temperaturas que se experimentan durante todo el a\u00f1o. As\u00ed, se busca obtener [&hellip;]<\/p>\n","protected":false},"author":8455,"featured_media":0,"parent":0,"menu_order":0,"comment_status":"open","ping_status":"open","template":"","meta":{"footnotes":""},"class_list":["post-99","page","type-page","status-publish","hentry"],"_links":{"self":[{"href":"https:\/\/blog.espol.edu.ec\/mcaamano\/wp-json\/wp\/v2\/pages\/99","targetHints":{"allow":["GET"]}}],"collection":[{"href":"https:\/\/blog.espol.edu.ec\/mcaamano\/wp-json\/wp\/v2\/pages"}],"about":[{"href":"https:\/\/blog.espol.edu.ec\/mcaamano\/wp-json\/wp\/v2\/types\/page"}],"author":[{"embeddable":true,"href":"https:\/\/blog.espol.edu.ec\/mcaamano\/wp-json\/wp\/v2\/users\/8455"}],"replies":[{"embeddable":true,"href":"https:\/\/blog.espol.edu.ec\/mcaamano\/wp-json\/wp\/v2\/comments?post=99"}],"version-history":[{"count":2,"href":"https:\/\/blog.espol.edu.ec\/mcaamano\/wp-json\/wp\/v2\/pages\/99\/revisions"}],"predecessor-version":[{"id":101,"href":"https:\/\/blog.espol.edu.ec\/mcaamano\/wp-json\/wp\/v2\/pages\/99\/revisions\/101"}],"wp:attachment":[{"href":"https:\/\/blog.espol.edu.ec\/mcaamano\/wp-json\/wp\/v2\/media?parent=99"}],"curies":[{"name":"wp","href":"https:\/\/api.w.org\/{rel}","templated":true}]}}