{"id":36,"date":"2015-06-02T03:47:39","date_gmt":"2015-06-02T08:47:39","guid":{"rendered":"http:\/\/blog.espol.edu.ec\/mcabanil\/?page_id=36"},"modified":"2015-06-02T03:47:39","modified_gmt":"2015-06-02T08:47:39","slug":"estudia-turismo-en-la-universidad-de-machala","status":"publish","type":"page","link":"https:\/\/blog.espol.edu.ec\/mcabanil\/estudia-turismo-en-la-universidad-de-machala\/","title":{"rendered":"Estudia Turismo en la Universidad de Machala"},"content":{"rendered":"<p>Sin lugar a dudas estudiar Turismo es una buena opci\u00f3n en nuestro Pa\u00eds, y El Oro te brinda la opci\u00f3n de Estudiar la <a href=\"http:\/\/www.utmachala.edu.ec\/portalweb\/public\/general\/carrera\/hl\/es\/item\/13-118-154-158-159\" target=\"_blank\">carrera de Hoteleria y Turismo<\/a> en la <a href=\"http:\/\/www.utmachala.edu.ec\/portalweb\/\" target=\"_blank\">Universidad Tecnica de Machala<\/a>.<\/p>\n","protected":false},"excerpt":{"rendered":"<p>Sin lugar a dudas estudiar Turismo es una buena opci\u00f3n en nuestro Pa\u00eds, y El Oro te brinda la opci\u00f3n de Estudiar la carrera de Hoteleria y Turismo en la Universidad Tecnica de Machala.<\/p>\n","protected":false},"author":9639,"featured_media":0,"parent":0,"menu_order":0,"comment_status":"open","ping_status":"open","template":"","meta":{"footnotes":""},"class_list":["post-36","page","type-page","status-publish","hentry"],"_links":{"self":[{"href":"https:\/\/blog.espol.edu.ec\/mcabanil\/wp-json\/wp\/v2\/pages\/36","targetHints":{"allow":["GET"]}}],"collection":[{"href":"https:\/\/blog.espol.edu.ec\/mcabanil\/wp-json\/wp\/v2\/pages"}],"about":[{"href":"https:\/\/blog.espol.edu.ec\/mcabanil\/wp-json\/wp\/v2\/types\/page"}],"author":[{"embeddable":true,"href":"https:\/\/blog.espol.edu.ec\/mcabanil\/wp-json\/wp\/v2\/users\/9639"}],"replies":[{"embeddable":true,"href":"https:\/\/blog.espol.edu.ec\/mcabanil\/wp-json\/wp\/v2\/comments?post=36"}],"version-history":[{"count":1,"href":"https:\/\/blog.espol.edu.ec\/mcabanil\/wp-json\/wp\/v2\/pages\/36\/revisions"}],"predecessor-version":[{"id":37,"href":"https:\/\/blog.espol.edu.ec\/mcabanil\/wp-json\/wp\/v2\/pages\/36\/revisions\/37"}],"wp:attachment":[{"href":"https:\/\/blog.espol.edu.ec\/mcabanil\/wp-json\/wp\/v2\/media?parent=36"}],"curies":[{"name":"wp","href":"https:\/\/api.w.org\/{rel}","templated":true}]}}