{"id":55,"date":"2009-07-05T17:29:27","date_gmt":"2009-07-05T22:29:27","guid":{"rendered":"http:\/\/blog.espol.edu.ec\/mcarangu\/?page_id=55"},"modified":"2009-07-05T17:29:27","modified_gmt":"2009-07-05T22:29:27","slug":"generalidades","status":"publish","type":"page","link":"https:\/\/blog.espol.edu.ec\/mcarangu\/actualidad-informatica\/los-sistemas-operativos\/generalidades\/","title":{"rendered":"Generalidades"},"content":{"rendered":"<h2><span class=\"mw-headline\">Funciones b\u00e1sicas<\/span><\/h2>\n<p>Los sistemas operativos, en su condici\u00f3n de capa <a title=\"Software\" href=\"\/wiki\/Software\">software<\/a> que posibilitan y simplifica el manejo de la computadora, desempe\u00f1an una serie de funciones b\u00e1sicas esenciales para la gesti\u00f3n del equipo. Entre las m\u00e1s destacables, cada una ejercida por un componente interno (m\u00f3dulo en <a title=\"N\u00facleo monol\u00edtico\" href=\"\/wiki\/N%C3%BAcleo_monol%C3%ADtico\">n\u00facleos monol\u00edticos<\/a> y <a title=\"Servidor\" href=\"\/wiki\/Servidor\">servidor<\/a> en <a title=\"Micron\u00facleo\" href=\"\/wiki\/Micron%C3%BAcleo\">micron\u00facleos<\/a>), podemos rese\u00f1ar las siguientes:<\/p>\n<ul>\n<li>Proporcionar m\u00e1s comodidad en el uso de un computador.<\/li>\n<li>Gestionar de manera eficiente los recursos del equipo, ejecutando servicios para los procesos (programas)<\/li>\n<li>Brindar una interfaz al usuario, ejecutando <a title=\"Instrucci\u00f3n\" href=\"\/wiki\/Instrucci%C3%B3n\">instrucciones<\/a> (comandos).<\/li>\n<li>Permitir que los cambios debidos al desarrollo del propio SO se puedan realizar sin interferir con los servicios que ya se prestaban (evolutividad).<\/li>\n<\/ul>\n<p>Un sistema operativo desempe\u00f1a 5 funciones b\u00e1sicas en la operaci\u00f3n de un sistema inform\u00e1tico: suministro de interfaz al usuario, administraci\u00f3n de recursos, administraci\u00f3n de archivos, administraci\u00f3n de tareas y servicio de soporte y utilidades.<\/p>\n<p><a id=\"Interfaces_del_usuario\" name=\"Interfaces_del_usuario\"><\/a><\/p>\n<h3><span class=\"mw-headline\">Interfaces del usuario<\/span><\/h3>\n<p>Es la parte del sistema operativo que permite comunicarse con \u00e9l, de tal manera que se puedan cargar programas, acceder archivos y realizar otras tareas. Existen tres tipos b\u00e1sicos de interfaces: las que se basan en comandos, las que utilizan men\u00fas y las interfaces gr\u00e1ficas de usuario.<\/p>\n<p><a id=\"Administraci.C3.B3n_de_recursos\" name=\"Administraci.C3.B3n_de_recursos\"><\/a><\/p>\n<h3><span class=\"mw-headline\">Administraci\u00f3n de recursos<\/span><\/h3>\n<p>Sirven para administrar los recursos de <a title=\"Hardware\" href=\"\/wiki\/Hardware\">hardware<\/a> y de redes de un sistema inform\u00e1tico, como la <a class=\"mw-redirect\" title=\"CPU\" href=\"\/wiki\/CPU\">CPU<\/a>, memoria, dispositivos de almacenamiento secundario y perif\u00e9ricos de entrada y de salida.<\/p>\n<p><a id=\"Administraci.C3.B3n_de_archivos\" name=\"Administraci.C3.B3n_de_archivos\"><\/a><\/p>\n<h3><span class=\"mw-headline\">Administraci\u00f3n de archivos<\/span><\/h3>\n<p>Un sistema de informaci\u00f3n contiene programas de administraci\u00f3n de archivos que controlan la creaci\u00f3n, borrado y acceso de archivos de datos y de programas. Tambi\u00e9n implica mantener el registro de la ubicaci\u00f3n f\u00edsica de los archivos en los discos magn\u00e9ticos y en otros dispositivos de almacenamiento secundarios.<\/p>\n<p><a id=\"Administraci.C3.B3n_de_tareas\" name=\"Administraci.C3.B3n_de_tareas\"><\/a><\/p>\n<h3><span class=\"mw-headline\">Administraci\u00f3n de tareas<\/span><\/h3>\n<p>Los programas de administraci\u00f3n de tareas de un sistema operativo administran la realizaci\u00f3n de las tareas inform\u00e1ticas de los usuarios finales. Los programas controlan que \u00e1reas tiene acceso al <a class=\"mw-redirect\" title=\"CPU\" href=\"\/wiki\/CPU\">CPU<\/a> y por cu\u00e1nto tiempo. Las funciones de administraci\u00f3n de tareas pueden distribuir una parte espec\u00edfica del tiempo del CPU para una tarea en particular, e interrumpir al CPU en cualquier momento para sustituirla con una tarea de mayor prioridad.<\/p>\n<p><a id=\"Servicio_de_soporte\" name=\"Servicio_de_soporte\"><\/a><\/p>\n<h3><span class=\"mw-headline\">Servicio de soporte<\/span><\/h3>\n<p>Los servicios de soporte de cada sistema operativo depender\u00e1n de la <a class=\"mw-redirect\" title=\"Sistemas Operativos (Implementaciones)\" href=\"\/wiki\/Sistemas_Operativos_(Implementaciones)\">implementaci\u00f3n<\/a> particular de \u00e9ste con la que estemos trabajando. Entre las m\u00e1s conocidas se pueden destacar las implementaciones de <a title=\"Unix\" href=\"\/wiki\/Unix\">Unix<\/a>, desarrolladas por diferentes empresas de software, los sistemas operativos de <a title=\"Apple Inc.\" href=\"\/wiki\/Apple_Inc.\">Apple Inc.<\/a>, como <a title=\"Mac OS X\" href=\"\/wiki\/Mac_OS_X\">Mac OS X<\/a> para las computadoras de <a title=\"Apple Inc.\" href=\"\/wiki\/Apple_Inc.\">Apple Inc.<\/a>, los sistemas operativos de <a title=\"Microsoft\" href=\"\/wiki\/Microsoft\">Microsoft<\/a>, y las implementaciones de <a title=\"Software libre\" href=\"\/wiki\/Software_libre\">software libre<\/a>, como <a title=\"GNU\/Linux\" href=\"\/wiki\/GNU\/Linux\">GNU\/Linux<\/a> o <a class=\"mw-redirect\" title=\"BSD\" href=\"\/wiki\/BSD\">BSD<\/a> producidas por empresas, universidades, administraciones p\u00fablicas, organizaciones sin fines de lucro y\/o comunidades de desarrollo.<\/p>\n<p>Estos servicios de soporte suelen consistir en:<\/p>\n<ul>\n<li>Actualizaci\u00f3n de versiones.<\/li>\n<li>Mejoras de seguridad.<\/li>\n<li>Inclusi\u00f3n de alguna nueva utilidad (un nuevo entorno gr\u00e1fico, un asistente para administrar alguna determinada funci\u00f3n, ...).<\/li>\n<li>Controladores para manejar nuevos perif\u00e9ricos (este servicio debe coordinarse a veces con el fabricante del hardware).<\/li>\n<li>Correcci\u00f3n de <a title=\"Error de software\" href=\"\/wiki\/Error_de_software\">errores de software<\/a>.<\/li>\n<li>Otros.<\/li>\n<\/ul>\n<p>No todas las utilidades de administraci\u00f3n o servicios forman parte del sistema operativo, adem\u00e1s de \u00e9ste, hay otros tipos importantes de software de administraci\u00f3n de sistemas, como los sistemas de administraci\u00f3n de base de datos o los programas de administraci\u00f3n de redes. El soporte de estos productos deber\u00e1 proporcionarlo el fabricante correspondiente (que no tiene porque ser el mismo que el del sistema operativo).<\/p>\n","protected":false},"excerpt":{"rendered":"<p>Funciones b\u00e1sicas Los sistemas operativos, en su condici\u00f3n de capa software que posibilitan y simplifica el manejo de la computadora, desempe\u00f1an una serie de funciones b\u00e1sicas esenciales para la gesti\u00f3n del equipo. Entre las m\u00e1s destacables, cada una ejercida por un componente interno (m\u00f3dulo en n\u00facleos monol\u00edticos y servidor en micron\u00facleos), podemos rese\u00f1ar las siguientes: [&hellip;]<\/p>\n","protected":false},"author":2631,"featured_media":0,"parent":50,"menu_order":1,"comment_status":"open","ping_status":"open","template":"","meta":{"footnotes":""},"class_list":["post-55","page","type-page","status-publish","hentry"],"_links":{"self":[{"href":"https:\/\/blog.espol.edu.ec\/mcarangu\/wp-json\/wp\/v2\/pages\/55","targetHints":{"allow":["GET"]}}],"collection":[{"href":"https:\/\/blog.espol.edu.ec\/mcarangu\/wp-json\/wp\/v2\/pages"}],"about":[{"href":"https:\/\/blog.espol.edu.ec\/mcarangu\/wp-json\/wp\/v2\/types\/page"}],"author":[{"embeddable":true,"href":"https:\/\/blog.espol.edu.ec\/mcarangu\/wp-json\/wp\/v2\/users\/2631"}],"replies":[{"embeddable":true,"href":"https:\/\/blog.espol.edu.ec\/mcarangu\/wp-json\/wp\/v2\/comments?post=55"}],"version-history":[{"count":1,"href":"https:\/\/blog.espol.edu.ec\/mcarangu\/wp-json\/wp\/v2\/pages\/55\/revisions"}],"predecessor-version":[{"id":56,"href":"https:\/\/blog.espol.edu.ec\/mcarangu\/wp-json\/wp\/v2\/pages\/55\/revisions\/56"}],"up":[{"embeddable":true,"href":"https:\/\/blog.espol.edu.ec\/mcarangu\/wp-json\/wp\/v2\/pages\/50"}],"wp:attachment":[{"href":"https:\/\/blog.espol.edu.ec\/mcarangu\/wp-json\/wp\/v2\/media?parent=55"}],"curies":[{"name":"wp","href":"https:\/\/api.w.org\/{rel}","templated":true}]}}