{"id":57,"date":"2009-07-05T17:31:46","date_gmt":"2009-07-05T22:31:46","guid":{"rendered":"http:\/\/blog.espol.edu.ec\/mcarangu\/?page_id=57"},"modified":"2009-07-05T17:31:46","modified_gmt":"2009-07-05T22:31:46","slug":"tipos","status":"publish","type":"page","link":"https:\/\/blog.espol.edu.ec\/mcarangu\/actualidad-informatica\/los-sistemas-operativos\/tipos\/","title":{"rendered":"Tipos"},"content":{"rendered":"<p align=\"center\">Tipos de Sistemas Operativos<\/p>\n<p><span style=\"font-family: Arial\"><\/p>\n<p align=\"justify\">Un sistema Operativo (SO) es en s\u00ed mismo un programa de computadora. Sin embargo, es un programa muy especial, quiz\u00e1 el m\u00e1s complejo e importante en una computadora. El SO despierta a la computadora y hace que reconozca a la CPU, la memoria, el tecla do, el sistema de v\u00eddeo y las unidades de disco.<\/p>\n<p align=\"justify\">Adem\u00e1s, proporciona la facilidad para que los usuarios se comuniquen con la computadora y sirve de plataforma a partir de la cual se corran programas de aplicaci\u00f3n.<\/p>\n<p align=\"justify\">Los sistemas operativos m\u00e1s conocidos son los siguientes:<\/p>\n<p><strong><\/p>\n<p align=\"justify\">1) DOS:<\/p>\n<p>El famoso DOS, que quiere decir Disk Operating System (sistema operativo de disco), es m\u00e1s conocido por los nombres de PC-DOS y MS-DOS. MS-DOS fue hecho por la compa\u00f1\u00eda de software Microsoft y es en esencia el mismo SO que el PC-DOS.<\/p>\n<p align=\"justify\">La raz\u00f3n de su continua popularidad se debe al aplastante volumen de software disponible y a la base instalada de computadoras con procesador Intel.<\/p>\n<p align=\"justify\">Cuando Intel liber\u00f3 el 80286, DOS se hizo tan popular y firme en el mercado que DOS y las aplicaciones DOS representaron la mayor\u00eda del mercado de software para PC. En aquel tiempo, la compatibilidad IBM, fue una necesidad para que los productos tuvieran \u00e9xito, y la \"compatibilidad IBM\" significaba computadoras que corrieran DOS tan bien como las computadoras IBM lo hac\u00edan.<\/p>\n<p align=\"justify\">A\u00fan con los nuevos sistemas operativos que han salido al mercado, todav\u00eda el DOS es un s\u00f3lido contendiente en la guerra de los SO.<\/p>\n<p><strong><\/p>\n<p align=\"justify\">2) Windows 3.1:<\/p>\n<p>Microsoft tomo una decisi\u00f3n, hacer un sistema operativo que tuviera una interfaz gr\u00e1fica amigable para el usuario, y como resultado obtuvo Windows. Este sistema muestra \u00edconos en la pantalla que representan diferentes archivos o programas, a los cuales se puede accesar al darles doble click con el puntero del mouse. Todas las aplicaciones elaboradas para Windows se parecen, por lo que es muy f\u00e1cil aprender a usar nuevo software una vez aprendido las bases.<strong><\/p>\n<p align=\"justify\">3) Windows 95:<\/p>\n<p>En 1995, Microsoft introdujo una nueva y mejorada versi\u00f3n del Windows 3.1. Las mejoras de este SO incluyen soporte multitareas y arquitectura de 32 bits, permitiendo as\u00ed correr mejores aplicaci\u00f3nes para mejorar la eficacia del trabajo.<strong><\/p>\n<p align=\"justify\">4) Windows NT:<\/p>\n<p>Esta versi\u00f3n de Windows se especializa en las redes y servidores. Con este SO se puede interactuar de forma eficaz entre dos o m\u00e1s computadoras.<strong><\/p>\n<p align=\"justify\">5) OS\/2:<\/p>\n<p>Este SO fue hecho por IBM. Tiene soporte de 32 bits y su interfaz es muy buena. El problema que presenta este sistema operativo es que no se le ha dad el apoyo que se merece en cuanto a aplicaciones se refiere. Es decir, no se han creado muchas aplicaciones que aprovechen las caracter\u00edsticas de el SO, ya que la mayor\u00eda del mercado de software ha sido monopolizado por Windows.<strong><\/p>\n<p align=\"justify\">6) Mac OS:<\/p>\n<p>Las computadoras Macintosh no ser\u00edan tan populares como lo son si no tuvieran el Mac OS como sistema operativo de planta. Este sistema operativo es tan amigable para el usuario que cualquier persona puede aprender a usarlo en muy poco tiempo. Por otro lado, es muy bueno para organizar archivos y usarlos de manera eficaz. Este fue creado por Apple Computer, Inc.<strong><\/p>\n<p align=\"justify\">7) UNIX<\/p>\n<p>: El sistema operativo UNIX fue creado por los laboratorios Bell de AT&amp;T en 1969 y es ahora usado como una de las bases para la supercarretera de la informaci\u00f3n. Unix es un SO multiusuario y multitarea, que corre en diferentes computadoras, desde supercomputadoras, Mainframes, Minicomputadoras, computadoras personales y estaciones de trabajo. Esto quiere decir que muchos usuarios puede estar usando una misma computadora por medio de terminales o usar muchas de ellas.<\/p>\n<p align=\"justify\">\u00a0<\/p>\n<p><\/strong><\/strong><\/strong><\/strong><\/strong><\/strong><\/strong><\/span><\/p>\n","protected":false},"excerpt":{"rendered":"<p>Tipos de Sistemas Operativos Un sistema Operativo (SO) es en s\u00ed mismo un programa de computadora. Sin embargo, es un programa muy especial, quiz\u00e1 el m\u00e1s complejo e importante en una computadora. El SO despierta a la computadora y hace que reconozca a la CPU, la memoria, el tecla do, el sistema de v\u00eddeo y [&hellip;]<\/p>\n","protected":false},"author":2631,"featured_media":0,"parent":50,"menu_order":0,"comment_status":"open","ping_status":"open","template":"","meta":{"footnotes":""},"class_list":["post-57","page","type-page","status-publish","hentry"],"_links":{"self":[{"href":"https:\/\/blog.espol.edu.ec\/mcarangu\/wp-json\/wp\/v2\/pages\/57","targetHints":{"allow":["GET"]}}],"collection":[{"href":"https:\/\/blog.espol.edu.ec\/mcarangu\/wp-json\/wp\/v2\/pages"}],"about":[{"href":"https:\/\/blog.espol.edu.ec\/mcarangu\/wp-json\/wp\/v2\/types\/page"}],"author":[{"embeddable":true,"href":"https:\/\/blog.espol.edu.ec\/mcarangu\/wp-json\/wp\/v2\/users\/2631"}],"replies":[{"embeddable":true,"href":"https:\/\/blog.espol.edu.ec\/mcarangu\/wp-json\/wp\/v2\/comments?post=57"}],"version-history":[{"count":1,"href":"https:\/\/blog.espol.edu.ec\/mcarangu\/wp-json\/wp\/v2\/pages\/57\/revisions"}],"predecessor-version":[{"id":58,"href":"https:\/\/blog.espol.edu.ec\/mcarangu\/wp-json\/wp\/v2\/pages\/57\/revisions\/58"}],"up":[{"embeddable":true,"href":"https:\/\/blog.espol.edu.ec\/mcarangu\/wp-json\/wp\/v2\/pages\/50"}],"wp:attachment":[{"href":"https:\/\/blog.espol.edu.ec\/mcarangu\/wp-json\/wp\/v2\/media?parent=57"}],"curies":[{"name":"wp","href":"https:\/\/api.w.org\/{rel}","templated":true}]}}