{"id":59,"date":"2009-07-05T17:33:45","date_gmt":"2009-07-05T22:33:45","guid":{"rendered":"http:\/\/blog.espol.edu.ec\/mcarangu\/?page_id=59"},"modified":"2009-07-05T17:33:45","modified_gmt":"2009-07-05T22:33:45","slug":"sistema-de-archivos-fat-32-y-ntfs","status":"publish","type":"page","link":"https:\/\/blog.espol.edu.ec\/mcarangu\/actualidad-informatica\/sistema-de-archivos-fat-32-y-ntfs\/","title":{"rendered":"Sistema de Archivos FAT 32 y NTFS"},"content":{"rendered":"<p class=\"MsoNormal\" style=\"text-align: justify;margin: 0cm 0cm 0pt\"><span style=\"font-family: Wingdings;font-size: 11pt\"><span>\u00d8<span style=\"font: 7pt &quot;Times New Roman&quot\">\u00a0\u00a0\u00a0\u00a0\u00a0 <\/span><\/span><\/span><span style=\"font-family: Times New Roman\"><strong><span style=\"font-size: 11pt\">Que son Sistemas de Archivos FAT 32 y NTFS<\/span><\/strong><span style=\"font-size: 11pt\">, <\/span><\/span><\/p>\n<p style=\"text-align: justify\"><strong><span style=\"font-size: small\"><span style=\"font-family: Times New Roman\">FAT32<\/span><\/span><\/strong><\/p>\n<p style=\"text-align: justify\"><span style=\"font-size: 11pt\"><span style=\"font-family: Times New Roman\">FAT32 fue la respuesta para superar el l\u00edmite de tama\u00f1o de FAT16 al mismo tiempo que se manten\u00eda la compatibilidad con MS-DOS en modo real. Microsoft decidi\u00f3 implementar una nueva generaci\u00f3n de FAT utilizando direcciones de cluster de 32 bits (aunque s\u00f3lo 28 de esos bits era realmente utilizado).<\/span><\/span><\/p>\n<p style=\"text-align: justify\"><span style=\"font-size: 11pt\"><span style=\"font-family: Times New Roman\">En teor\u00eda, esto deber\u00eda permitir aproximadamente 268.435.538 clusters. Arrojando tama\u00f1os de almacenamiento cercanos a los dos terabytes. Sin embargo, debido a limitaciones en la utilidad scandisk de Microsoft, no se permite que FAT32 crezca m\u00e1s all\u00e1 de 4.177.920 clusters por partici\u00f3n (es decir, unos 124 gigabytes). Posteriormente, Windows 2000 y XP situaron el l\u00edmite de FAT32 en los 32 gigabytes. Microsoft afirma que es una decisi\u00f3n de dise\u00f1o, sin embargo, es capaz de leer particiones mayores creadas por otros medios.<\/span><\/span><\/p>\n<p style=\"text-align: justify\"><span style=\"font-size: 11pt\"><span style=\"font-family: Times New Roman\">FAT32 apareci\u00f3 por primera vez en Windows 95 OSR2. Era necesario reformatear para usar las ventajas de FAT32. Curiosamente, DriveSpace 3 (incluido con Windows 95 y 98) no era capaz de soportarlo. Windows 98 incorpor\u00f3 una herramienta para convertir de FAT16 a FAT32 sin p\u00e9rdida de los datos. Este soporte no estuvo disponible en la l\u00ednea empresarial hasta Windows 2000.<\/span><\/span><\/p>\n<p style=\"text-align: justify\"><span style=\"font-size: 11pt\"><span style=\"font-family: Times New Roman\">La longitud m\u00e1xima de un fichero en FAT32 es 4 gigabytes, lo que resulta engorroso para aplicaciones de captura y edici\u00f3n de video, ya que superan f\u00e1cilmente ese l\u00edmite.<\/span><\/span><\/p>\n<p style=\"text-align: justify\"><span style=\"font-size: 11pt\"><br \/>\n<\/span><strong><span style=\"font-size: small\"><span style=\"font-family: Times New Roman\">NTFS <\/span><\/span><\/strong><\/p>\n<p style=\"text-align: justify\"><span style=\"font-size: 11pt\"><span style=\"font-family: Times New Roman\">siglas en ingl\u00e9s de New Technology File System es un sistema de archivos dise\u00f1ado espec\u00edficamente para Windows NT, con el objetivo de crear un sistema de archivos eficiente, robusto y con seguridad incorporada desde su base. Tambi\u00e9n soporta compresi\u00f3n nativa de ficheros y encriptaci\u00f3n (esto \u00faltimo s\u00f3lo a partir de Windows 2000).<\/span><\/span><\/p>\n<p style=\"text-align: justify\"><span style=\"font-size: 11pt\"><span style=\"font-family: Times New Roman\">NTFS permite definir el tama\u00f1o del cl\u00faster, a partir de 512 bytes (tama\u00f1o m\u00ednimo de un sector) de forma independiente al tama\u00f1o de la partici\u00f3n.<\/span><\/span><\/p>\n<p style=\"text-align: justify\"><span style=\"font-size: 11pt\"><span style=\"font-family: Times New Roman\">Es un sistema adecuado para las particiones de gran tama\u00f1o requeridas en estaciones de trabajo de alto rendimiento y servidores. Puede manejar discos de hasta 2 terabytes.<\/span><\/span><\/p>\n<p style=\"text-align: justify\"><span style=\"font-size: 11pt\"><span style=\"font-family: Times New Roman\">Los inconvenientes que plantea son:<\/span><\/span><\/p>\n<p style=\"text-align: justify;margin-left: 36pt\"><span style=\"font-family: Symbol;font-size: 11pt\"><span>\u00b7<span style=\"font: 7pt &quot;Times New Roman&quot\">\u00a0\u00a0\u00a0\u00a0\u00a0\u00a0\u00a0\u00a0 <\/span><\/span><\/span><span style=\"font-size: 11pt\"><span style=\"font-family: Times New Roman\">Necesita para si mismo una buena cantidad de espacio en disco duro por lo que no es recomendable su uso en discos menores de 400 MB.<\/span><\/span><\/p>\n<p style=\"text-align: justify;margin-left: 36pt\"><span style=\"font-family: Symbol;font-size: 11pt\"><span>\u00b7<span style=\"font: 7pt &quot;Times New Roman&quot\">\u00a0\u00a0\u00a0\u00a0\u00a0\u00a0\u00a0\u00a0 <\/span><\/span><\/span><span style=\"font-size: 11pt\"><span style=\"font-family: Times New Roman\">No es compatible con MS-DOS, Windows 95 ni Windows 98.<\/span><\/span><\/p>\n<p style=\"text-align: justify;margin-left: 36pt\"><span style=\"font-family: Symbol;font-size: 11pt\"><span>\u00b7<span style=\"font: 7pt &quot;Times New Roman&quot\">\u00a0\u00a0\u00a0\u00a0\u00a0\u00a0\u00a0\u00a0 <\/span><\/span><\/span><span style=\"font-size: 11pt\"><span style=\"font-family: Times New Roman\">La conversi\u00f3n a NTFS es unidireccional. Si elige actualizar la unidad, no podr\u00e1 volver a convertirla a FAT.<\/span><\/span><\/p>\n<p style=\"text-align: justify\"><span style=\"font-size: 11pt\"><span style=\"font-family: Times New Roman\">GNU\/Linux s\u00f3lo tiene soporte de lectura para este sistema de ficheros, y de escritura experimental, aunque no se suele activar por defecto. Existe una alternativa Captive-NTFS, que usa las librer\u00edas propietarias de Windows NT para tener acceso completo a NTFS.<\/span><\/span><\/p>\n<p class=\"MsoNormal\" style=\"text-align: justify;margin: 0cm 0cm 12pt\"><span style=\"font-family: Wingdings\"><span><span style=\"font-size: small\">\u00d8<\/span><span style=\"font: 7pt &quot;Times New Roman&quot\">\u00a0\u00a0\u00a0\u00a0\u00a0 <\/span><\/span><\/span><span style=\"font-family: Times New Roman;font-size: small\">Y cuando se los utiliza.<\/span><\/p>\n<p class=\"MsoNormal\" style=\"text-align: justify;margin: 0cm 0cm 12pt\"><span style=\"font-family: Times New Roman;font-size: small\">FAT32 es utilizado normalmente en los pendrives, o en discos duros peque\u00f1os.<\/span><\/p>\n<p class=\"MsoNormal\" style=\"text-align: justify;margin: 0cm 0cm 12pt\"><span style=\"font-family: Times New Roman;font-size: small\">NTFS es utilizado en discos de mayor capacidad y es el file System que requiere los nuevos sistemas operativos como el Windows Vista, Windows 7 y Windows XP.<\/span><\/p>\n","protected":false},"excerpt":{"rendered":"<p>\u00d8\u00a0\u00a0\u00a0\u00a0\u00a0 Que son Sistemas de Archivos FAT 32 y NTFS, FAT32 FAT32 fue la respuesta para superar el l\u00edmite de tama\u00f1o de FAT16 al mismo tiempo que se manten\u00eda la compatibilidad con MS-DOS en modo real. Microsoft decidi\u00f3 implementar una nueva generaci\u00f3n de FAT utilizando direcciones de cluster de 32 bits (aunque s\u00f3lo 28 de [&hellip;]<\/p>\n","protected":false},"author":2631,"featured_media":0,"parent":47,"menu_order":0,"comment_status":"open","ping_status":"open","template":"","meta":{"footnotes":""},"class_list":["post-59","page","type-page","status-publish","hentry"],"_links":{"self":[{"href":"https:\/\/blog.espol.edu.ec\/mcarangu\/wp-json\/wp\/v2\/pages\/59","targetHints":{"allow":["GET"]}}],"collection":[{"href":"https:\/\/blog.espol.edu.ec\/mcarangu\/wp-json\/wp\/v2\/pages"}],"about":[{"href":"https:\/\/blog.espol.edu.ec\/mcarangu\/wp-json\/wp\/v2\/types\/page"}],"author":[{"embeddable":true,"href":"https:\/\/blog.espol.edu.ec\/mcarangu\/wp-json\/wp\/v2\/users\/2631"}],"replies":[{"embeddable":true,"href":"https:\/\/blog.espol.edu.ec\/mcarangu\/wp-json\/wp\/v2\/comments?post=59"}],"version-history":[{"count":1,"href":"https:\/\/blog.espol.edu.ec\/mcarangu\/wp-json\/wp\/v2\/pages\/59\/revisions"}],"predecessor-version":[{"id":60,"href":"https:\/\/blog.espol.edu.ec\/mcarangu\/wp-json\/wp\/v2\/pages\/59\/revisions\/60"}],"up":[{"embeddable":true,"href":"https:\/\/blog.espol.edu.ec\/mcarangu\/wp-json\/wp\/v2\/pages\/47"}],"wp:attachment":[{"href":"https:\/\/blog.espol.edu.ec\/mcarangu\/wp-json\/wp\/v2\/media?parent=59"}],"curies":[{"name":"wp","href":"https:\/\/api.w.org\/{rel}","templated":true}]}}