{"id":65,"date":"2009-07-05T17:40:07","date_gmt":"2009-07-05T22:40:07","guid":{"rendered":"http:\/\/blog.espol.edu.ec\/mcarangu\/?page_id=65"},"modified":"2009-07-05T17:40:07","modified_gmt":"2009-07-05T22:40:07","slug":"como-funcionan-y-que-caracteristicas-tienen","status":"publish","type":"page","link":"https:\/\/blog.espol.edu.ec\/mcarangu\/actualidad-informatica\/virus-informatico-y-otros-agentes-daninos\/como-funcionan-y-que-caracteristicas-tienen\/","title":{"rendered":"Como funcionan y que caracter\u00ecsticas tienen"},"content":{"rendered":"<p style=\"text-align: justify\"><span style=\"font-family: Times New Roman;font-size: small\">El funcionamiento de un virus inform\u00e1tico es conceptualmente simple. Se ejecuta un programa que est\u00e1 infectado, en la mayor\u00eda de las ocasiones, por desconocimiento del usuario. El c\u00f3digo del virus queda residente (alojado) en la <\/span><a title=\"Memoria RAM\" href=\"http:\/\/es.wikipedia.org\/wiki\/Memoria_RAM\"><span style=\"font-family: Times New Roman;font-size: small\">memoria RAM<\/span><\/a><span style=\"font-family: Times New Roman;font-size: small\"> de la computadora, aun cuando el programa que lo conten\u00eda haya terminado de ejecutarse. El virus toma entonces el control de los servicios b\u00e1sicos del <\/span><a title=\"Sistema operativo\" href=\"http:\/\/es.wikipedia.org\/wiki\/Sistema_operativo\"><span style=\"font-family: Times New Roman;color: #800080;font-size: small\">sistema operativo<\/span><\/a><span style=\"font-family: Times New Roman;font-size: small\">, infectando, de manera posterior, archivos ejecutables que sean llamados para su ejecuci\u00f3n. Finalmente se a\u00f1ade el c\u00f3digo del virus al del programa infectado y se graba en disco, con lo cual el proceso de replicado se completa.<\/span><\/p>\n","protected":false},"excerpt":{"rendered":"<p>El funcionamiento de un virus inform\u00e1tico es conceptualmente simple. Se ejecuta un programa que est\u00e1 infectado, en la mayor\u00eda de las ocasiones, por desconocimiento del usuario. El c\u00f3digo del virus queda residente (alojado) en la memoria RAM de la computadora, aun cuando el programa que lo conten\u00eda haya terminado de ejecutarse. El virus toma entonces [&hellip;]<\/p>\n","protected":false},"author":2631,"featured_media":0,"parent":62,"menu_order":0,"comment_status":"open","ping_status":"open","template":"","meta":{"footnotes":""},"class_list":["post-65","page","type-page","status-publish","hentry"],"_links":{"self":[{"href":"https:\/\/blog.espol.edu.ec\/mcarangu\/wp-json\/wp\/v2\/pages\/65","targetHints":{"allow":["GET"]}}],"collection":[{"href":"https:\/\/blog.espol.edu.ec\/mcarangu\/wp-json\/wp\/v2\/pages"}],"about":[{"href":"https:\/\/blog.espol.edu.ec\/mcarangu\/wp-json\/wp\/v2\/types\/page"}],"author":[{"embeddable":true,"href":"https:\/\/blog.espol.edu.ec\/mcarangu\/wp-json\/wp\/v2\/users\/2631"}],"replies":[{"embeddable":true,"href":"https:\/\/blog.espol.edu.ec\/mcarangu\/wp-json\/wp\/v2\/comments?post=65"}],"version-history":[{"count":1,"href":"https:\/\/blog.espol.edu.ec\/mcarangu\/wp-json\/wp\/v2\/pages\/65\/revisions"}],"predecessor-version":[{"id":66,"href":"https:\/\/blog.espol.edu.ec\/mcarangu\/wp-json\/wp\/v2\/pages\/65\/revisions\/66"}],"up":[{"embeddable":true,"href":"https:\/\/blog.espol.edu.ec\/mcarangu\/wp-json\/wp\/v2\/pages\/62"}],"wp:attachment":[{"href":"https:\/\/blog.espol.edu.ec\/mcarangu\/wp-json\/wp\/v2\/media?parent=65"}],"curies":[{"name":"wp","href":"https:\/\/api.w.org\/{rel}","templated":true}]}}