{"id":27,"date":"2014-06-07T02:16:16","date_gmt":"2014-06-07T02:16:16","guid":{"rendered":"http:\/\/blog.espol.edu.ec\/mckaren\/?page_id=27"},"modified":"2014-06-07T19:54:16","modified_gmt":"2014-06-07T19:54:16","slug":"historia","status":"publish","type":"page","link":"https:\/\/blog.espol.edu.ec\/mckaren\/historia\/","title":{"rendered":"Historia"},"content":{"rendered":"<p style=\"color: #252525\">10 de agosto\u00a0de\u00a02010, del calendario imperial, el Sacro Imperio de Britannia sobrepas\u00f3 a las fuerzas japonesas y conquist\u00f3 nuestro pa\u00eds en menos de un mes, haciendo uso de sus armas rob\u00f3ticas, los\u00a0<a title=\"Knightmare Frames\" href=\"http:\/\/es.wikipedia.org\/wiki\/Knightmare_Frame\"><i>Knightmare Frames<\/i><\/a>. Jap\u00f3n perdi\u00f3 su libertad y derechos, y pas\u00f3 a ser llamada \"<i>\u00c1rea 11 (eleven)<\/i>\". Sus habitantes, ahora llamados \"<i>Elevens<\/i>\" , fueron obligados a sobrevivir en\u00a0guetos marginados. Sin embargo a\u00fan persisten grupos que se resisten y luchan contra el Imperio por la independencia de\u00a0Jap\u00f3n\u00a0(Terroristas).<\/p>\n<p style=\"color: #252525\">Despu\u00e9s de que su padre, el Emperador de Britannia (Charles), no hiciese nada para atrapar a los terroristas que asesinaron a su madre y dejaron ciega e invalida a su hermana, \u00a0Lelouch de ni\u00f1o \u00a0jur\u00f3 destruir Britannia. Siete a\u00f1os m\u00e1s tarde, en el \u00c1rea 11 conoce a una misteriosa chica llamada C.C., con quien realiza un contrato a cambio de un poder llamado \"<a title=\"Geass\" href=\"http:\/\/es.wikipedia.org\/wiki\/Geass_(poder)\"><i>Geass<\/i><\/a>\". Con \u00e9l, Lelouch finalmente tiene el poder que necesita para derrotar a Britannia y realizar sus dos deseos: vengar a su madre y construir un mundo en el que su amada hermana pueda vivir feliz. Para eso Lelouch crea \"La Orden de los Caballeros Negros\" convirti\u00e9ndose en Zero, l\u00edder de las tropas rebeldes con el lema \"Nosotros protegeremos a los d\u00e9biles de aquellos que se aprovechan\" y enfatizando la justicia. Desde ese momento, se preocupa por liderar la rebeli\u00f3n contra el imperio de Britannia.<\/p>\n<p style=\"color: #252525\"><a href=\"http:\/\/blog.espol.edu.ec\/mckaren\/files\/2014\/06\/code-geass-wallpapers-64.jpg\"><img loading=\"lazy\" decoding=\"async\" class=\"aligncenter wp-image-47\" src=\"http:\/\/blog.espol.edu.ec\/mckaren\/files\/2014\/06\/code-geass-wallpapers-64.jpg\" alt=\"code-geass-wallpapers-64\" width=\"549\" height=\"412\" srcset=\"https:\/\/blog.espol.edu.ec\/mckaren\/files\/2014\/06\/code-geass-wallpapers-64.jpg 1024w, https:\/\/blog.espol.edu.ec\/mckaren\/files\/2014\/06\/code-geass-wallpapers-64-300x225.jpg 300w\" sizes=\"auto, (max-width: 549px) 100vw, 549px\" \/><\/a><\/p>\n","protected":false},"excerpt":{"rendered":"<p>10 de agosto\u00a0de\u00a02010, del calendario imperial, el Sacro Imperio de Britannia sobrepas\u00f3 a las fuerzas japonesas y conquist\u00f3 nuestro pa\u00eds en menos de un mes, haciendo uso de sus armas rob\u00f3ticas, los\u00a0Knightmare Frames. Jap\u00f3n perdi\u00f3 su libertad y derechos, y pas\u00f3 a ser llamada \"\u00c1rea 11 (eleven)\". Sus habitantes, ahora llamados \"Elevens\" , fueron obligados [&hellip;]<\/p>\n","protected":false},"author":9021,"featured_media":0,"parent":0,"menu_order":0,"comment_status":"open","ping_status":"open","template":"","meta":{"footnotes":""},"class_list":["post-27","page","type-page","status-publish","hentry"],"_links":{"self":[{"href":"https:\/\/blog.espol.edu.ec\/mckaren\/wp-json\/wp\/v2\/pages\/27","targetHints":{"allow":["GET"]}}],"collection":[{"href":"https:\/\/blog.espol.edu.ec\/mckaren\/wp-json\/wp\/v2\/pages"}],"about":[{"href":"https:\/\/blog.espol.edu.ec\/mckaren\/wp-json\/wp\/v2\/types\/page"}],"author":[{"embeddable":true,"href":"https:\/\/blog.espol.edu.ec\/mckaren\/wp-json\/wp\/v2\/users\/9021"}],"replies":[{"embeddable":true,"href":"https:\/\/blog.espol.edu.ec\/mckaren\/wp-json\/wp\/v2\/comments?post=27"}],"version-history":[{"count":7,"href":"https:\/\/blog.espol.edu.ec\/mckaren\/wp-json\/wp\/v2\/pages\/27\/revisions"}],"predecessor-version":[{"id":67,"href":"https:\/\/blog.espol.edu.ec\/mckaren\/wp-json\/wp\/v2\/pages\/27\/revisions\/67"}],"wp:attachment":[{"href":"https:\/\/blog.espol.edu.ec\/mckaren\/wp-json\/wp\/v2\/media?parent=27"}],"curies":[{"name":"wp","href":"https:\/\/api.w.org\/{rel}","templated":true}]}}