{"id":30,"date":"2014-06-07T02:51:16","date_gmt":"2014-06-07T02:51:16","guid":{"rendered":"http:\/\/blog.espol.edu.ec\/mckaren\/?page_id=30"},"modified":"2014-06-07T19:43:33","modified_gmt":"2014-06-07T19:43:33","slug":"personajes","status":"publish","type":"page","link":"https:\/\/blog.espol.edu.ec\/mckaren\/personajes\/","title":{"rendered":"Personajes Principales"},"content":{"rendered":"<ul>\n<li style=\"text-align: left\">\u00a0<b style=\"color: #252525\">Lelouch Lamperouge<\/b><\/li>\n<\/ul>\n<p>Lelouch es el hijo del Emperador de Britannia Charles zi Britannia, y de la difunta consorte del Emperador, Marianne, haciendo de Lelouch el decimoprimer Pr\u00edncipe de Britannia. Tambi\u00e9n era el decimos\u00e9ptimo heredero del trono, posici\u00f3n que se vio debilitada con el asesinato de su madre y la par\u00e1lisis parcial de su hermana a causa de este. Cuando esto sucedi\u00f3, Lelouch, con diez a\u00f1os de edad, se enfrent\u00f3 a su padre, el Emperador, y lo acus\u00f3 de dejar a su madre, llegando a la renuncia del trono en la discusi\u00f3n. En respuesta, su padre lo env\u00eda a Jap\u00f3n como \"reh\u00e9n\", por las tensas relaciones diplom\u00e1ticas entre ambos pa\u00edses a causa del Sakuradite. En este momento, durante su estancia en el hogar de la familia\u00a0Kururugi\u00a0donde conoci\u00f3 a\u00a0Suzaku Kururugi, con quien al principio no se llevaba muy bien, pero que posteriormente acabar\u00edan siendo grandes amigos. Sin embargo, cuando la reci\u00e9n armada de\u00a0Knightmare Frames\u00a0de Britannia estuvo lista y Britannia decidi\u00f3 invadir Jap\u00f3n para tener el control de las minas de\u00a0Sakuradite, lo que supuso el abandono de Lelouch y\u00a0Nunnally\u00a0como herramientas diplom\u00e1ticas; Lelouch. D\u00edas m\u00e1s tarde se ver\u00eda en frente de la destrucci\u00f3n hecha por el ej\u00e9rcito de Britannia, haciendo un juramento de venganza.<\/p>\n<p>Es as\u00ed como Lelouch varios a\u00f1os despu\u00e9s tratar\u00e1 de cumplir su juramento contra el Imperio y cuando obtiene el\u00a0<a title=\"Geass\" href=\"http:\/\/es.wikipedia.org\/wiki\/Geass_(poder)\"><em>Geass<\/em><\/a>\u00a0gracias a C.C., se une a un movimiento rebelde, ocultando su verdadera identidad, bajo el sobrenombre de\u00a0Zero, formando as\u00ed la\u00a0Orden de los Caballeros Negros, con su objetivo de ejercer la \"justicia\" sobre el\u00a0\u00c1rea 11.<\/p>\n<p><a href=\"http:\/\/blog.espol.edu.ec\/mckaren\/files\/2014\/06\/14218-series-header.jpg\"><img loading=\"lazy\" decoding=\"async\" class=\"aligncenter wp-image-28\" src=\"http:\/\/blog.espol.edu.ec\/mckaren\/files\/2014\/06\/14218-series-header.jpg\" alt=\"Lelouch\" width=\"564\" height=\"237\" srcset=\"https:\/\/blog.espol.edu.ec\/mckaren\/files\/2014\/06\/14218-series-header.jpg 940w, https:\/\/blog.espol.edu.ec\/mckaren\/files\/2014\/06\/14218-series-header-300x126.jpg 300w\" sizes=\"auto, (max-width: 564px) 100vw, 564px\" \/><\/a><\/p>\n<ul>\n<li><strong>Suzaku Kururugi<\/strong><\/li>\n<\/ul>\n<p><span style=\"color: #252525\">Es amigo de la infancia de Lelouch.\u00a0Luego de la invasi\u00f3n a\u00a0Jap\u00f3n, Suzaku se uni\u00f3 a la armada de Britannia, convirti\u00e9ndose luego en un\u00a0Britanniano Honorario\u00a0y piloto del\u00a0Lancelot. Se vuelve enemigo de\u00a0<b>Zero<\/b>\u00a0(sin saber que en realidad es Lelouch), ya que cree que son incorrectos los ideales que profetiza.\u00a0Es un joven vivaz, muy \u00e1gil en lo f\u00edsico y con una gran habilidad para pilotar Knightmare. Suzaku es muy apegado a los reglamentos y odia la violencia, por ende, odia los m\u00e9todos de Zero. Si bien, en un principio, no le agradaba Lelouch por ser briatnnian, termin\u00f3 acept\u00e1ndolo al ver que no ten\u00eda los ideales del imperio. Esto lo llevo a convertirse en el \u00fanico amigo de Lelouch. Es bastante alegre, y se lleva bien, adem\u00e1s de Lelouch, con Nunnnaly. Su enemistad con el joven britannian comienza cuando V.V. le cuenta la verdad sobre la muerte Euphemia. Suzaku cree que puede cambiar a Britannia desde adentro y convertirlo en un mejor pa\u00eds.<\/span><\/p>\n<p><a href=\"http:\/\/blog.espol.edu.ec\/mckaren\/files\/2014\/06\/code-geass-02-large-21.jpg\"><img loading=\"lazy\" decoding=\"async\" class=\"aligncenter wp-image-34\" src=\"http:\/\/blog.espol.edu.ec\/mckaren\/files\/2014\/06\/code-geass-02-large-21.jpg\" alt=\"code-geass-02-large-21\" width=\"580\" height=\"399\" srcset=\"https:\/\/blog.espol.edu.ec\/mckaren\/files\/2014\/06\/code-geass-02-large-21.jpg 640w, https:\/\/blog.espol.edu.ec\/mckaren\/files\/2014\/06\/code-geass-02-large-21-300x206.jpg 300w\" sizes=\"auto, (max-width: 580px) 100vw, 580px\" \/><\/a><\/p>\n<ul>\n<li><strong>C.C.<\/strong><\/li>\n<\/ul>\n<p><span style=\"color: #252525\">\u00a0Es una misteriosa mujer de cabello verde limon y ojos amarillos,<\/span><span style=\"color: #252525\">\u00a0y aparenta unos 16 a\u00f1os, que le dio los poderes del\u00a0<\/span><b style=\"color: #252525\">Geass<\/b><span style=\"color: #252525\">\u00a0a Lelouch, bajo la condici\u00f3n de que \u00e9l le conceder\u00eda su m\u00e1s grande deseo. Ella vigila las misiones de Lelouch, ya que no puede dejar que \u00e9l muera hasta finalizar el \"contrato\" que hicieron. Ella era al parecer parte de los experimentos de Britannia en el pasado, y aunque ella parece estar por su adolescencia, tiene mas a\u00f1os de lo que parece.\u00a0Posee la cualidad de regenerarse de todo tipo de heridas (incluyendo aquellas que pueden matar a un ser vivo). Al ser una autodenominada\u00a0<i>bruja<\/i>, C.C. posee la habilidad de efectuar\u00a0<i>contratos<\/i>\u00a0con cualquier ser humano al cual dota de un enigm\u00e1tico poder llamado\u00a0<a title=\"Geass\" href=\"http:\/\/es.wikipedia.org\/wiki\/Geass_(poder)\"><i>Geass<\/i><\/a>. El\u00a0<a title=\"Geass\" href=\"http:\/\/es.wikipedia.org\/wiki\/Geass_(poder)\"><i>Geass<\/i><\/a>\u00a0otorga al poseedor, el poder de realizar su mayor deseo.<\/span><\/p>\n<p><a href=\"http:\/\/blog.espol.edu.ec\/mckaren\/files\/2014\/06\/C.C._code.jpg\"><img loading=\"lazy\" decoding=\"async\" class=\"aligncenter wp-image-36\" src=\"http:\/\/blog.espol.edu.ec\/mckaren\/files\/2014\/06\/C.C._code-1024x576.jpg\" alt=\"C.C._code\" width=\"639\" height=\"359\" srcset=\"https:\/\/blog.espol.edu.ec\/mckaren\/files\/2014\/06\/C.C._code-1024x576.jpg 1024w, https:\/\/blog.espol.edu.ec\/mckaren\/files\/2014\/06\/C.C._code-300x168.jpg 300w, https:\/\/blog.espol.edu.ec\/mckaren\/files\/2014\/06\/C.C._code.jpg 1920w\" sizes=\"auto, (max-width: 639px) 100vw, 639px\" \/><\/a><\/p>\n<ul>\n<li><strong>Kallen Stadtfeld<\/strong><\/li>\n<\/ul>\n<p style=\"color: #252525\">Es una joven Britannian\/Eleven, estudiante de la Academia Ashford, que cree en el fondo ser japonesa y prefiere ser conocida por su nombre de nacimiento:\u00a0Karen K\u014dzuki.\u00a0Ella es la l\u00edder del escuadr\u00f3n de Zero, proviene de una gran familia Britannian. En la academia, es miembro del consejo estudiantil y es una de las mejores estudiantes.<\/p>\n<p style=\"color: #252525\">Al estar en la Orden de Caballeros Negros, recibe su propio\u00a0<i>Knightmare Frame<\/i>, el\u00a0<i>Guren Nishiki<\/i>, remplazando al\u00a0<i>Glasgow<\/i>\u00a0que perdi\u00f3 tras rescatar a su madre, siendo hasta el momento el \u00fanico Knightmare capaz de enfrentarse al\u00a0<i>Lancelot<\/i>\u00a0de Suzaku.<\/p>\n<p><a href=\"http:\/\/blog.espol.edu.ec\/mckaren\/files\/2014\/06\/20110705223230Kallen_Kozuki.jpg\"><img loading=\"lazy\" decoding=\"async\" class=\"aligncenter wp-image-37\" src=\"http:\/\/blog.espol.edu.ec\/mckaren\/files\/2014\/06\/20110705223230Kallen_Kozuki.jpg\" alt=\"20110705223230!Kallen_Kozuki\" width=\"619\" height=\"348\" srcset=\"https:\/\/blog.espol.edu.ec\/mckaren\/files\/2014\/06\/20110705223230Kallen_Kozuki.jpg 800w, https:\/\/blog.espol.edu.ec\/mckaren\/files\/2014\/06\/20110705223230Kallen_Kozuki-300x168.jpg 300w\" sizes=\"auto, (max-width: 619px) 100vw, 619px\" \/><\/a><\/p>\n<p>&nbsp;<\/p>\n","protected":false},"excerpt":{"rendered":"<p>\u00a0Lelouch Lamperouge Lelouch es el hijo del Emperador de Britannia Charles zi Britannia, y de la difunta consorte del Emperador, Marianne, haciendo de Lelouch el decimoprimer Pr\u00edncipe de Britannia. Tambi\u00e9n era el decimos\u00e9ptimo heredero del trono, posici\u00f3n que se vio debilitada con el asesinato de su madre y la par\u00e1lisis parcial de su hermana a [&hellip;]<\/p>\n","protected":false},"author":9021,"featured_media":0,"parent":0,"menu_order":0,"comment_status":"open","ping_status":"open","template":"","meta":{"footnotes":""},"class_list":["post-30","page","type-page","status-publish","hentry"],"_links":{"self":[{"href":"https:\/\/blog.espol.edu.ec\/mckaren\/wp-json\/wp\/v2\/pages\/30","targetHints":{"allow":["GET"]}}],"collection":[{"href":"https:\/\/blog.espol.edu.ec\/mckaren\/wp-json\/wp\/v2\/pages"}],"about":[{"href":"https:\/\/blog.espol.edu.ec\/mckaren\/wp-json\/wp\/v2\/types\/page"}],"author":[{"embeddable":true,"href":"https:\/\/blog.espol.edu.ec\/mckaren\/wp-json\/wp\/v2\/users\/9021"}],"replies":[{"embeddable":true,"href":"https:\/\/blog.espol.edu.ec\/mckaren\/wp-json\/wp\/v2\/comments?post=30"}],"version-history":[{"count":6,"href":"https:\/\/blog.espol.edu.ec\/mckaren\/wp-json\/wp\/v2\/pages\/30\/revisions"}],"predecessor-version":[{"id":65,"href":"https:\/\/blog.espol.edu.ec\/mckaren\/wp-json\/wp\/v2\/pages\/30\/revisions\/65"}],"wp:attachment":[{"href":"https:\/\/blog.espol.edu.ec\/mckaren\/wp-json\/wp\/v2\/media?parent=30"}],"curies":[{"name":"wp","href":"https:\/\/api.w.org\/{rel}","templated":true}]}}