{"id":54,"date":"2014-06-07T19:39:18","date_gmt":"2014-06-07T19:39:18","guid":{"rendered":"http:\/\/blog.espol.edu.ec\/mckaren\/?page_id=54"},"modified":"2014-06-07T19:41:46","modified_gmt":"2014-06-07T19:41:46","slug":"personajes-secundarios","status":"publish","type":"page","link":"https:\/\/blog.espol.edu.ec\/mckaren\/personajes-secundarios\/","title":{"rendered":"Personajes Secundarios"},"content":{"rendered":"<ul>\n<li><b style=\"color: #252525\">Nunnally Lamp<\/b><strong>erouge<\/strong><\/li>\n<\/ul>\n<p>Cuando su madre fue asesinada, Nunnally fue paralizada por las heridas de bala en sus piernas, y qued\u00f3 ciega debido al geass de su padre, haci\u00e9ndole creer que estaba ciega. Lelouch cree que alg\u00fan d\u00eda ella pueda volver a ver. Despu\u00e9s de la confrontaci\u00f3n de Lelouch y el Emperador de Britannia sobre la muerte de su madre, Lelouch y Nunnally fueron exiliados como presos pol\u00edticos a Jap\u00f3n. Luego fueron a la residencia Kururugi, donde conocieron a\u00a0Kururugi Suzaku.\u00a0E<span style=\"color: #252525\">lla tiene un gran amor hacia su hermano, Lelouch y afirma que ella estar\u00e1 bien en cualquier situaci\u00f3n mientras est\u00e9 con su hermano<\/span><\/p>\n<p><a href=\"http:\/\/blog.espol.edu.ec\/mckaren\/files\/2014\/06\/Code_Geass_-_Lelouch_of_the_Rebellion_R2_-_02_030_0001.jpg\"><img loading=\"lazy\" decoding=\"async\" class=\"aligncenter wp-image-55\" src=\"http:\/\/blog.espol.edu.ec\/mckaren\/files\/2014\/06\/Code_Geass_-_Lelouch_of_the_Rebellion_R2_-_02_030_0001.jpg\" alt=\"C\" width=\"598\" height=\"340\" srcset=\"https:\/\/blog.espol.edu.ec\/mckaren\/files\/2014\/06\/Code_Geass_-_Lelouch_of_the_Rebellion_R2_-_02_030_0001.jpg 704w, https:\/\/blog.espol.edu.ec\/mckaren\/files\/2014\/06\/Code_Geass_-_Lelouch_of_the_Rebellion_R2_-_02_030_0001-300x170.jpg 300w\" sizes=\"auto, (max-width: 598px) 100vw, 598px\" \/><\/a><\/p>\n<ul>\n<li><strong>\u00a0Shirley Fenette<\/strong><\/li>\n<\/ul>\n<p style=\"color: #252525\">\u00a0Es amiga y compa\u00f1era de clase de Lelouch. Una joven de lindo cuerpo, cabello pelirrojo y ojos verdes, ella es miembro del consejo estudiantil y del club de nataci\u00f3n. Se sabe que est\u00e1 enamorada de Lelouch. Suele referirse a \u00e9l como Lulu, siempre est\u00e1 de buen humor y con una sonrisa.<\/p>\n<p style=\"color: #252525\">Sus problemas comienzan cuando su padre muere (se encontraba en Narita en el momento que se produjo el al\u00fad de tierra provocado por el Guren Nishiki) y ve a Zero como el causante de su muerte. Shirley entra en angustia mental que empeora cuando ella descubre que la verdadera identidad de Zero es Lelouch.\u00a0\u00a0Lelouch la hace olvidar todo con su geass, incluso el hecho de que se conocen.<\/p>\n<p style=\"color: #252525\">Rolo, el hermano falso de Lelouch la intercepta y, al ver que recuper\u00f3 la memoria y supone una amenaza para su hermano, la asesina.<\/p>\n<p style=\"color: #252525\"><a href=\"http:\/\/blog.espol.edu.ec\/mckaren\/files\/2014\/06\/shirley_08_animestockscom.jpg\"><img loading=\"lazy\" decoding=\"async\" class=\"aligncenter wp-image-56\" src=\"http:\/\/blog.espol.edu.ec\/mckaren\/files\/2014\/06\/shirley_08_animestockscom.jpg\" alt=\"shirley_08_animestockscom\" width=\"580\" height=\"406\" srcset=\"https:\/\/blog.espol.edu.ec\/mckaren\/files\/2014\/06\/shirley_08_animestockscom.jpg 640w, https:\/\/blog.espol.edu.ec\/mckaren\/files\/2014\/06\/shirley_08_animestockscom-300x210.jpg 300w\" sizes=\"auto, (max-width: 580px) 100vw, 580px\" \/><\/a><\/p>\n<ul>\n<li><span style=\"color: #252525\"><b>Rolo Lamperouge<\/b><br \/>\n<\/span><\/li>\n<\/ul>\n<p><span style=\"color: #252525\">Es un asesino enviado por el culto. Es un joven de baja estatura, fr\u00edo, introvertido, algo inseguro y obediente en cuanto a \u00f3rdenes de superiores se trata. Cumple el papel de hermano de Lelouch en reemplazo de Nunnally y ayuda al Departamento de Informaci\u00f3n en su tarea de capturar a C.C. usando a Lelouch como carnada. Tiene la orden de asesinar a Lelouch si recuperaba sus recuerdos y regresaba a ser Zero. Lelouch lo convence para ayudarlo y cambia de bando. Posee un geass en su ojo derecho que detiene el tiempo que afecta a la gente, lo que lo hace muy apto para cometer asesinatos. La \u00fanica debilidad de su geass es que su coraz\u00f3n se detiene cada vez que lo usa. Su Knightmare frame es el\u00a0<\/span>Vincent<span style=\"color: #252525\">. Lo usa principalmente en el asalto a la guarida del culto. En el episodio 19 de la segunda temporada, roba el Shinkiro y salva a Lelouch de ser asesinado por la Orden de los Caballeros Negros. Mientras escapaba, us\u00f3 su geass mucho tiempo en un \u00e1rea muy extensa y muri\u00f3 a causa de la debilidad de su geass.<\/span><\/p>\n<p><a href=\"http:\/\/blog.espol.edu.ec\/mckaren\/files\/2014\/06\/Rolo_Lamperouge.jpg\"><img loading=\"lazy\" decoding=\"async\" class=\"aligncenter wp-image-57\" src=\"http:\/\/blog.espol.edu.ec\/mckaren\/files\/2014\/06\/Rolo_Lamperouge.jpg\" alt=\"Rolo_Lamperouge\" width=\"584\" height=\"421\" srcset=\"https:\/\/blog.espol.edu.ec\/mckaren\/files\/2014\/06\/Rolo_Lamperouge.jpg 994w, https:\/\/blog.espol.edu.ec\/mckaren\/files\/2014\/06\/Rolo_Lamperouge-300x216.jpg 300w\" sizes=\"auto, (max-width: 584px) 100vw, 584px\" \/><\/a><\/p>\n<ul>\n<li><strong>Euphemia Li Britannia<\/strong><\/li>\n<\/ul>\n<p><span style=\"color: #252525\">\u00a0Es la tercera princesa de Britannia. Media hermana de Lelouch, de actitud inocente. Ella us\u00f3 la muerte de Clovis como una excusa para ir al \u00c1rea 11 y es conocida por amar y conversar con los animales. Despu\u00e9s de encontrarse con Suzaku, ella le pide su ayuda de prevenir cualquier muerte innecesaria alrededor de ella. Durante el incidente del Lago Kawaguchi, Lelouch (como Zero) nota que ella no ha cambiado desde la ni\u00f1ez y no le sorprende verla ofrecerse como un reh\u00e9n a cambio de la seguridad de otras personas. Euphemia es la vice-gobernadora actual del \u00c1rea 11, un papel que ella no disfruta. Ella admira a su hermana mayor, Cornelia, pero desprecia todo el combate en general. Sus ideales chocan con la realidad y la ponen en una situaci\u00f3n similar a Suzaku, una situaci\u00f3n que probablemente lleva a su decisi\u00f3n de escoger a Suzaku como su Caballero despu\u00e9s de la batalla que produce el rescate de Todou. Tambi\u00e9n es capaz de pilotar un Knightmare. Ella es la segunda persona en la familia real que sabe que Lelouch est\u00e1 vivo y primera en saber su identidad real como Zero. Cuando ni\u00f1a fue muy cercana a Lelouch y Nunnally, y desea vivir esos d\u00edas una vez m\u00e1s.\u00a0Ella muere en manos de lelouch por una orden equivocada que le dio con el geass.Ella muere en manos de lelouch por una orden equivocada que le dio con el geass.<\/span><\/p>\n<p><a href=\"http:\/\/blog.espol.edu.ec\/mckaren\/files\/2014\/06\/Euphie-and-Shirley-code-geass-33441571-640-440.jpg\"><img loading=\"lazy\" decoding=\"async\" class=\"aligncenter wp-image-58\" src=\"http:\/\/blog.espol.edu.ec\/mckaren\/files\/2014\/06\/Euphie-and-Shirley-code-geass-33441571-640-440.jpg\" alt=\"-Euphie-and-Shirley-code-geass-33441571-640-440\" width=\"570\" height=\"392\" srcset=\"https:\/\/blog.espol.edu.ec\/mckaren\/files\/2014\/06\/Euphie-and-Shirley-code-geass-33441571-640-440.jpg 640w, https:\/\/blog.espol.edu.ec\/mckaren\/files\/2014\/06\/Euphie-and-Shirley-code-geass-33441571-640-440-300x206.jpg 300w\" sizes=\"auto, (max-width: 570px) 100vw, 570px\" \/><\/a><\/p>\n<ul>\n<li><b style=\"color: #252525\">Jeremiah Gottwald<\/b><\/li>\n<\/ul>\n<p><span style=\"color: #252525\">Es un piloto de Knightmare Frame de \u00e9lite <\/span><span style=\"color: #252525\">, ostenta el t\u00edtulo de Marqu\u00e9s. Inicialmente, \u00e9l sostuvo la l\u00ednea de ataque a los\u00a0<\/span><i style=\"color: #252525\">Elevens<\/i><span style=\"color: #252525\">. Despu\u00e9s del asesinato de Clovis, Jeremiah toma el papel de c\u00f3nsul en el \u00c1rea 11, pero a ra\u00edz de la aparici\u00f3n de Zero, Jeremiah entra en la desgracia (debido a sus acciones incomprensibles causadas por el Geass de Lelouch),y por esto es degradado a piloto.\u00a0Jeremiah se convierte en la primera v\u00edctima del Guren MK II, aunque \u00e9l logra escapar vivo gracias al asiento de expulsi\u00f3n de su Sutherland; su derrota a manos de Kallen y los efectos de la radiaci\u00f3n del arma principal del Guren MK II lo han dejado mentalmente desgoznado, y el Ej\u00e9rcito de Britania presume que \u00e9l est\u00e1 muerto, ya que la se\u00f1al de transmisi\u00f3n de su Knightmare Frame se hab\u00eda perdido. Se le ve completamente mecanizado en el episodio 23 gracias a Schneizel, quien decide reconstruir su cuerpo como el de un cyborg para despu\u00e9s verlo pilotar al Siegfried.\u00a0<\/span><\/p>\n<p style=\"color: #252525\">En la Segunda temporada reaparece en el culto bajo las \u00f3rdenes de V.V. con un misterioso y nuevo poder: el Cancelador de Geass, el cu\u00e1l le permite deshacer el efecto de cualquier geass. Con este poder, inintencionalmente, le hacer recordar a Shirley todo lo que Lelouch borr\u00f3 de su mente.<\/p>\n<p style=\"color: #252525\">Entra a la Academia Ashford en busca de Lelouch con un \u00fanico objetivo aparente: asesinarlo.\u00a0Jeremiah se encuentra con Lelouch y el le confiesa ser el pr\u00edncipe de Britannia hijo de Marianne. Jeremiah le cuenta que \u00e9l fue su guardaespaldas y, dado el remordimiento que siente por no haber podido cumplir con su deber, se une a Lelouch para cumplir con su lealtad hacia la difunta Marianne.<\/p>\n<p style=\"color: #252525\"><a href=\"http:\/\/blog.espol.edu.ec\/mckaren\/files\/2014\/06\/Jeremiah00.jpg\"><img loading=\"lazy\" decoding=\"async\" class=\"aligncenter wp-image-59\" src=\"http:\/\/blog.espol.edu.ec\/mckaren\/files\/2014\/06\/Jeremiah00.jpg\" alt=\"Jeremiah00\" width=\"610\" height=\"343\" srcset=\"https:\/\/blog.espol.edu.ec\/mckaren\/files\/2014\/06\/Jeremiah00.jpg 1280w, https:\/\/blog.espol.edu.ec\/mckaren\/files\/2014\/06\/Jeremiah00-300x168.jpg 300w, https:\/\/blog.espol.edu.ec\/mckaren\/files\/2014\/06\/Jeremiah00-1024x576.jpg 1024w\" sizes=\"auto, (max-width: 610px) 100vw, 610px\" \/><\/a><\/p>\n<ul>\n<li>\n<h4 style=\"font-weight: bold;color: black\"><b style=\"color: #252525\">Charles Vi Britannia<\/b><\/h4>\n<\/li>\n<\/ul>\n<p style=\"color: #252525\">es el emperador del sagrado imperio de Britannia. El n\u00famero 98 en la lista de emperadores que han ascendido al poder en el imperio Brittaniano y a su vez el padre de Lelouch.Ve la igualdad como un mal y debe desaparecer implantando la guerra y jerarqu\u00eda social. Poco despu\u00e9s la muerte de su madre, Lelouch cuestion\u00f3 por qu\u00e9 el Emperador no intent\u00f3 proteger a Marianne. Irritado con Lelouch y considerando a su hijo un in\u00fatil, el Emperador env\u00eda a Lelouch y Nunnally a Jap\u00f3n como los reh\u00e9nes pol\u00edticos y usando esto como excusa para poder invadir a Jap\u00f3n.<\/p>\n<p style=\"color: #252525\">En la segunda temporada se ve que puede usar el Geass . Se encuentra con Lelouch 2 veces. Una, en el episodio 15, en el cu\u00e1l se descubre que le quit\u00f3 el Code a\u00a0V.V\u00a0y que, por lo tanto, es un brujo inmortal. Charles intenta cumplir el deseo de C.C el cual es morir, sin embargo, Lelouch la convence y lo evita. En el segundo encuentro, en los episodios 21 y 22, Charles queda atrapado en el mundo de C gracias al plan de Lelouch. Aqu\u00ed le revela su plan a su hijo, qui\u00e9n se niega rotundamente y detiene la conexi\u00f3n al Ragnarok con su geass, que trae como efecto secundario la muerte del emperador.<\/p>\n<p style=\"color: #252525\"><a href=\"http:\/\/blog.espol.edu.ec\/mckaren\/files\/2014\/06\/Charles_code.jpg\"><img loading=\"lazy\" decoding=\"async\" class=\"aligncenter wp-image-60\" src=\"http:\/\/blog.espol.edu.ec\/mckaren\/files\/2014\/06\/Charles_code.jpg\" alt=\"Charles_code\" width=\"597\" height=\"336\" srcset=\"https:\/\/blog.espol.edu.ec\/mckaren\/files\/2014\/06\/Charles_code.jpg 1024w, https:\/\/blog.espol.edu.ec\/mckaren\/files\/2014\/06\/Charles_code-300x168.jpg 300w\" sizes=\"auto, (max-width: 597px) 100vw, 597px\" \/><\/a><\/p>\n<ul>\n<li><strong>V.V.<\/strong><\/li>\n<\/ul>\n<p>Es un ni\u00f1o inmortal con el pelo rubio largo que su cuerpo.\u00a0\u00c9l es el hermano gemelo mayor de Charles zi Britannia, pero parece mucho m\u00e1s joven como resultado del poder de la inmortalidad formado a trav\u00e9s de una\u00a0Geass contrato.\u00a0\u00c9l puede otorgar contratos Geass como CC, despu\u00e9s de haber dado tanto a su hermano y\u00a0Rolo Lamperouge\u00a0sus habilidades Geass, entre otros en la\u00a0Orden Geass\u00a0. Es uno de los principales antagonistas de la serie.<\/p>\n<p><a href=\"http:\/\/blog.espol.edu.ec\/mckaren\/files\/2014\/06\/4246794265_4076d74b86.jpg\"><img loading=\"lazy\" decoding=\"async\" class=\"aligncenter wp-image-61\" src=\"http:\/\/blog.espol.edu.ec\/mckaren\/files\/2014\/06\/4246794265_4076d74b86.jpg\" alt=\"4246794265_4076d74b86\" width=\"566\" height=\"318\" srcset=\"https:\/\/blog.espol.edu.ec\/mckaren\/files\/2014\/06\/4246794265_4076d74b86.jpg 500w, https:\/\/blog.espol.edu.ec\/mckaren\/files\/2014\/06\/4246794265_4076d74b86-300x168.jpg 300w\" sizes=\"auto, (max-width: 566px) 100vw, 566px\" \/><\/a><\/p>\n","protected":false},"excerpt":{"rendered":"<p>Nunnally Lamperouge Cuando su madre fue asesinada, Nunnally fue paralizada por las heridas de bala en sus piernas, y qued\u00f3 ciega debido al geass de su padre, haci\u00e9ndole creer que estaba ciega. Lelouch cree que alg\u00fan d\u00eda ella pueda volver a ver. Despu\u00e9s de la confrontaci\u00f3n de Lelouch y el Emperador de Britannia sobre la [&hellip;]<\/p>\n","protected":false},"author":9021,"featured_media":0,"parent":0,"menu_order":0,"comment_status":"open","ping_status":"open","template":"","meta":{"footnotes":""},"class_list":["post-54","page","type-page","status-publish","hentry"],"_links":{"self":[{"href":"https:\/\/blog.espol.edu.ec\/mckaren\/wp-json\/wp\/v2\/pages\/54","targetHints":{"allow":["GET"]}}],"collection":[{"href":"https:\/\/blog.espol.edu.ec\/mckaren\/wp-json\/wp\/v2\/pages"}],"about":[{"href":"https:\/\/blog.espol.edu.ec\/mckaren\/wp-json\/wp\/v2\/types\/page"}],"author":[{"embeddable":true,"href":"https:\/\/blog.espol.edu.ec\/mckaren\/wp-json\/wp\/v2\/users\/9021"}],"replies":[{"embeddable":true,"href":"https:\/\/blog.espol.edu.ec\/mckaren\/wp-json\/wp\/v2\/comments?post=54"}],"version-history":[{"count":3,"href":"https:\/\/blog.espol.edu.ec\/mckaren\/wp-json\/wp\/v2\/pages\/54\/revisions"}],"predecessor-version":[{"id":64,"href":"https:\/\/blog.espol.edu.ec\/mckaren\/wp-json\/wp\/v2\/pages\/54\/revisions\/64"}],"wp:attachment":[{"href":"https:\/\/blog.espol.edu.ec\/mckaren\/wp-json\/wp\/v2\/media?parent=54"}],"curies":[{"name":"wp","href":"https:\/\/api.w.org\/{rel}","templated":true}]}}