{"id":2,"date":"2013-05-15T20:33:37","date_gmt":"2013-05-15T20:33:37","guid":{"rendered":"http:\/\/blog.espol.edu.ec\/mcyerovi\/?page_id=2"},"modified":"2013-05-31T01:18:54","modified_gmt":"2013-05-31T01:18:54","slug":"pagina-ejemplo","status":"publish","type":"page","link":"https:\/\/blog.espol.edu.ec\/mcyerovi\/pagina-ejemplo\/","title":{"rendered":"About Meee."},"content":{"rendered":"<h4>Solo soy una polit\u00e9cnica novata m\u00e1s que se pierde cada vez y cuando en el campus de <a title=\"ESPOL\" href=\"http:\/\/www.espol.edu.ec\/\">ESPOL<\/a>. Una extra\u00f1a obsesi\u00f3n por la f\u00edsica y la matem\u00e1tica. Escritora y dibujante frustrada. AMO el Rock. Dicen que soy histri\u00f3nica y filof\u00f3bica. Dicen tambi\u00e9n que soy una creepy nerd.<\/h4>\n<h4>Dominica, futura Ing. Industrial y dictadora de la Rep\u00fablica del Ecuador *it's just a joke*<\/h4>\n<h4>Visiten mi otro blog: <a title=\"universo595\" href=\"http:\/\/camilayerovi.blogspot.com\">Universo 595<\/a>\u00a0Y mi p\u00e1gina: <a title=\"camilayerovi\" href=\"http:\/\/about.me\/camilayerovi\">Camila Yerovi<\/a><\/h4>\n<p><a href=\"http:\/\/blog.espol.edu.ec\/mcyerovi\/files\/2013\/05\/IMG_20130411_194547.jpg\"><img loading=\"lazy\" decoding=\"async\" class=\"aligncenter size-medium wp-image-67\" src=\"http:\/\/blog.espol.edu.ec\/mcyerovi\/files\/2013\/05\/IMG_20130411_194547-300x300.jpg\" alt=\"\" width=\"300\" height=\"300\" srcset=\"https:\/\/blog.espol.edu.ec\/mcyerovi\/files\/2013\/05\/IMG_20130411_194547-300x300.jpg 300w, https:\/\/blog.espol.edu.ec\/mcyerovi\/files\/2013\/05\/IMG_20130411_194547-150x150.jpg 150w, https:\/\/blog.espol.edu.ec\/mcyerovi\/files\/2013\/05\/IMG_20130411_194547-1024x1024.jpg 1024w, https:\/\/blog.espol.edu.ec\/mcyerovi\/files\/2013\/05\/IMG_20130411_194547.jpg 1536w\" sizes=\"auto, (max-width: 300px) 100vw, 300px\" \/><\/a><\/p>\n","protected":false},"excerpt":{"rendered":"<p>Solo soy una polit\u00e9cnica novata m\u00e1s que se pierde cada vez y cuando en el campus de ESPOL. Una extra\u00f1a obsesi\u00f3n por la f\u00edsica y la matem\u00e1tica. Escritora y dibujante frustrada. AMO el Rock. Dicen que soy histri\u00f3nica y filof\u00f3bica. Dicen tambi\u00e9n que soy una creepy nerd. Dominica, futura Ing. Industrial y dictadora de la [&hellip;]<\/p>\n","protected":false},"author":8473,"featured_media":0,"parent":0,"menu_order":0,"comment_status":"open","ping_status":"open","template":"","meta":{"footnotes":""},"class_list":["post-2","page","type-page","status-publish","hentry"],"_links":{"self":[{"href":"https:\/\/blog.espol.edu.ec\/mcyerovi\/wp-json\/wp\/v2\/pages\/2","targetHints":{"allow":["GET"]}}],"collection":[{"href":"https:\/\/blog.espol.edu.ec\/mcyerovi\/wp-json\/wp\/v2\/pages"}],"about":[{"href":"https:\/\/blog.espol.edu.ec\/mcyerovi\/wp-json\/wp\/v2\/types\/page"}],"author":[{"embeddable":true,"href":"https:\/\/blog.espol.edu.ec\/mcyerovi\/wp-json\/wp\/v2\/users\/8473"}],"replies":[{"embeddable":true,"href":"https:\/\/blog.espol.edu.ec\/mcyerovi\/wp-json\/wp\/v2\/comments?post=2"}],"version-history":[{"count":5,"href":"https:\/\/blog.espol.edu.ec\/mcyerovi\/wp-json\/wp\/v2\/pages\/2\/revisions"}],"predecessor-version":[{"id":68,"href":"https:\/\/blog.espol.edu.ec\/mcyerovi\/wp-json\/wp\/v2\/pages\/2\/revisions\/68"}],"wp:attachment":[{"href":"https:\/\/blog.espol.edu.ec\/mcyerovi\/wp-json\/wp\/v2\/media?parent=2"}],"curies":[{"name":"wp","href":"https:\/\/api.w.org\/{rel}","templated":true}]}}