{"id":4,"date":"2013-05-15T21:12:53","date_gmt":"2013-05-15T21:12:53","guid":{"rendered":"http:\/\/blog.espol.edu.ec\/mcyerovi\/?page_id=4"},"modified":"2013-05-31T01:20:21","modified_gmt":"2013-05-31T01:20:21","slug":"esta-es-mi-primera-pagina","status":"publish","type":"page","link":"https:\/\/blog.espol.edu.ec\/mcyerovi\/esta-es-mi-primera-pagina\/","title":{"rendered":"Acerca del blog"},"content":{"rendered":"<h3>Este es mi blog quiero que me lean y compartir mis gustos musicales, algunos escritos producto de mi inspiraci\u00f3n, as\u00ed como fotos de los lugares tur\u00edsticos m\u00e1s representativos de Guayaquil.<\/h3>\n<h3>Este blog es solo para rockeros y los que quieran convertirse! Sin embargo el objetivo fundamental es promover el arte en todas sus formas: M\u00daSICA, LITERATURA, DIBUJO, entre otras. Si te gusta y respiras arte, qu\u00e9 esperas, l\u00e9eme.<\/h3>\n<h3>Tambi\u00e9n quiero mostrarles los lugares m\u00e1s incre\u00edbles de mi ciudad, para que los que vivamos aqu\u00ed aprendamos a valorar lo que tenemos... Por ahora no ser\u00e1 porque vivo ocupada, pero apenas tenga libre subir\u00e9 fotos y eso, lo prometo.<\/h3>\n","protected":false},"excerpt":{"rendered":"<p>Este es mi blog quiero que me lean y compartir mis gustos musicales, algunos escritos producto de mi inspiraci\u00f3n, as\u00ed como fotos de los lugares tur\u00edsticos m\u00e1s representativos de Guayaquil. Este blog es solo para rockeros y los que quieran convertirse! Sin embargo el objetivo fundamental es promover el arte en todas sus formas: M\u00daSICA, [&hellip;]<\/p>\n","protected":false},"author":8473,"featured_media":0,"parent":0,"menu_order":0,"comment_status":"open","ping_status":"open","template":"","meta":{"footnotes":""},"class_list":["post-4","page","type-page","status-publish","hentry"],"_links":{"self":[{"href":"https:\/\/blog.espol.edu.ec\/mcyerovi\/wp-json\/wp\/v2\/pages\/4","targetHints":{"allow":["GET"]}}],"collection":[{"href":"https:\/\/blog.espol.edu.ec\/mcyerovi\/wp-json\/wp\/v2\/pages"}],"about":[{"href":"https:\/\/blog.espol.edu.ec\/mcyerovi\/wp-json\/wp\/v2\/types\/page"}],"author":[{"embeddable":true,"href":"https:\/\/blog.espol.edu.ec\/mcyerovi\/wp-json\/wp\/v2\/users\/8473"}],"replies":[{"embeddable":true,"href":"https:\/\/blog.espol.edu.ec\/mcyerovi\/wp-json\/wp\/v2\/comments?post=4"}],"version-history":[{"count":5,"href":"https:\/\/blog.espol.edu.ec\/mcyerovi\/wp-json\/wp\/v2\/pages\/4\/revisions"}],"predecessor-version":[{"id":49,"href":"https:\/\/blog.espol.edu.ec\/mcyerovi\/wp-json\/wp\/v2\/pages\/4\/revisions\/49"}],"wp:attachment":[{"href":"https:\/\/blog.espol.edu.ec\/mcyerovi\/wp-json\/wp\/v2\/media?parent=4"}],"curies":[{"name":"wp","href":"https:\/\/api.w.org\/{rel}","templated":true}]}}