{"id":20,"date":"2016-05-29T18:20:15","date_gmt":"2016-05-29T18:20:15","guid":{"rendered":"http:\/\/blog.espol.edu.ec\/mealvare\/?page_id=20"},"modified":"2016-05-29T18:20:15","modified_gmt":"2016-05-29T18:20:15","slug":"10-razones-para-estudiar-ingenieria-civil","status":"publish","type":"page","link":"https:\/\/blog.espol.edu.ec\/mealvare\/10-razones-para-estudiar-ingenieria-civil\/","title":{"rendered":"10 razones para estudiar Ingenier\u00eda Civil"},"content":{"rendered":"<div class=\"lbl-posgrados\">Raz\u00f3n # 1<\/div>\n<p>El Ingeniero Civil, en el ejercicio su profesi\u00f3n, genera desarrollo econ\u00f3mico y bienestar para la sociedad.<\/p>\n<div class=\"lbl-posgrados\">Raz\u00f3n # 2<\/div>\n<div class=\"unibague-700-article-container\">\n<p>La Ingenier\u00eda Civil, es la carrera con mayor proyecci\u00f3n para el crecimiento socioecon\u00f3mico del pa\u00eds.<\/p>\n<div class=\"lbl-posgrados\">Raz\u00f3n # 3<\/div>\n<div class=\"unibague-700-article-container\">\n<p>La Ingenier\u00eda Civil es una de las carreras con mayor \u00edndice de empleabilidad en el mundo.<\/p>\n<div class=\"lbl-posgrados\">Raz\u00f3n # 4<\/div>\n<div class=\"unibague-700-article-container\">\n<p>La Ingenier\u00eda Civil es una carrera que hist\u00f3ricamente ha estado entre las mejor remuneradas en Colombia y en el mundo.<\/p>\n<div class=\"lbl-posgrados\">Raz\u00f3n # 5<\/div>\n<div class=\"unibague-700-article-container\">\n<p>El Ingeniero Civil puede ejercer la profesi\u00f3n brindando apoyo a una compa\u00f1\u00eda como consultor independiente o como empresario, al conformar su propia empresa.<\/p>\n<div class=\"lbl-posgrados\">Raz\u00f3n # 6<\/div>\n<div class=\"unibague-700-article-container\">\n<p>La estructura del plan de estudios en Ingenier\u00eda Civil, es f\u00e1cilmente homologable en cualquier universidad del mundo, por lo que es posible proyectarse internacionalmente como ingeniero.<\/p>\n<div class=\"lbl-posgrados\">Raz\u00f3n # 7<\/div>\n<div class=\"unibague-700-article-container\">\n<p>Los proyectos en los que intervienen los Ingenieros Civiles tienen un alto impacto positivo en la calidad de vida de las personas.<\/p>\n<div class=\"lbl-posgrados\">Raz\u00f3n # 8<\/div>\n<div class=\"unibague-700-article-container\">\n<p>Por su rigurosa formaci\u00f3n acad\u00e9mica, el Ingeniero Civil puede desempe\u00f1arse en diferentes \u00e1reas del conocimiento y el mundo comercial, adapt\u00e1ndose con gran facilidad.<\/p>\n<div class=\"lbl-posgrados\">Raz\u00f3n # 9<\/div>\n<div class=\"unibague-700-article-container\">\n<p>El Ingeniero Civil se puede dedicar al an\u00e1lisis, dise\u00f1o, planeaci\u00f3n, construcci\u00f3n, operaci\u00f3n o control de cualquier obra de infraestructura, contribuyendo directamente en el desarrollo econ\u00f3mico de la sociedad.<\/p>\n<div class=\"lbl-posgrados\">Raz\u00f3n # 10<\/div>\n<div class=\"unibague-700-article-container\">\n<p>Por las caracter\u00edsticas de su formaci\u00f3n, el ingeniero civil puede desempe\u00f1arse vers\u00e1tilmente en cargos de alta direcci\u00f3n, gerencia y planificaci\u00f3n en el medio empresarial.<img loading=\"lazy\" decoding=\"async\" class=\"size-medium wp-image-12 aligncenter\" src=\"http:\/\/blog.espol.edu.ec\/mealvare\/files\/2016\/05\/cropped-civil-300x300.jpg\" alt=\"cropped-civil.jpg\" width=\"300\" height=\"300\" srcset=\"https:\/\/blog.espol.edu.ec\/mealvare\/files\/2016\/05\/cropped-civil-300x300.jpg 300w, https:\/\/blog.espol.edu.ec\/mealvare\/files\/2016\/05\/cropped-civil-150x150.jpg 150w, https:\/\/blog.espol.edu.ec\/mealvare\/files\/2016\/05\/cropped-civil-270x270.jpg 270w, https:\/\/blog.espol.edu.ec\/mealvare\/files\/2016\/05\/cropped-civil-192x192.jpg 192w, https:\/\/blog.espol.edu.ec\/mealvare\/files\/2016\/05\/cropped-civil-180x180.jpg 180w, https:\/\/blog.espol.edu.ec\/mealvare\/files\/2016\/05\/cropped-civil-32x32.jpg 32w, https:\/\/blog.espol.edu.ec\/mealvare\/files\/2016\/05\/cropped-civil.jpg 512w\" sizes=\"auto, (max-width: 300px) 100vw, 300px\" \/><\/p>\n<\/div>\n<\/div>\n<\/div>\n<\/div>\n<\/div>\n<\/div>\n<\/div>\n<\/div>\n<\/div>\n<form id=\"vozme_form_8f8394702d1d9297528f71b4c75c4749\" method=\"post\" name=\"vozme_form_8f8394702d1d9297528f71b4c75c4749\" target=\"8f8394702d1d9297528f71b4c75c4749\" action=\"http:\/\/vozme.com\/text2voice.php\"><input name=\"text\" type=\"hidden\" value=\"10 razones para estudiar Ingenier\u00eda Civil. Raz\u00f3n # 1\nEl Ingeniero Civil, en el ejercicio su profesi\u00f3n, genera desarrollo econ\u00f3mico y bienestar para la sociedad.\nRaz\u00f3n # 2\n\nLa Ingenier\u00eda Civil, es la carrera con mayor proyecci\u00f3n para el crecimiento socioecon\u00f3mico del pa\u00eds.\nRaz\u00f3n # 3\n\nLa Ingenier\u00eda Civil es una de las carreras con mayor \u00edndice de empleabilidad en el mundo.\nRaz\u00f3n # 4\n\nLa Ingenier\u00eda Civil es una carrera que hist\u00f3ricamente ha estado entre las mejor remuneradas en Colombia y en el mundo.\nRaz\u00f3n # 5\n\nEl Ingeniero Civil puede ejercer la profesi\u00f3n brindando apoyo a una compa\u00f1\u00eda como consultor independiente o como empresario, al conformar su propia empresa.\nRaz\u00f3n # 6\n\nLa estructura del plan de estudios en Ingenier\u00eda Civil, es f\u00e1cilmente homologable en cualquier universidad del mundo, por lo que es posible proyectarse internacionalmente como ingeniero.\nRaz\u00f3n # 7\n\nLos proyectos en los que intervienen los Ingenieros Civiles tienen un alto impacto positivo en la calidad de vida de las personas.\nRaz\u00f3n # 8\n\nPor su rigurosa formaci\u00f3n acad\u00e9mica, el Ingeniero Civil puede desempe\u00f1arse en diferentes \u00e1reas del conocimiento y el mundo comercial, adapt\u00e1ndose con gran facilidad.\nRaz\u00f3n # 9\n\nEl Ingeniero Civil se puede dedicar al an\u00e1lisis, dise\u00f1o, planeaci\u00f3n, construcci\u00f3n, operaci\u00f3n o control de cualquier obra de infraestructura, contribuyendo directamente en el desarrollo econ\u00f3mico de la sociedad.\nRaz\u00f3n # 10\n\nPor las caracter\u00edsticas de su formaci\u00f3n, el ingeniero civil puede desempe\u00f1arse vers\u00e1tilmente en cargos de alta direcci\u00f3n, gerencia y planificaci\u00f3n en el medio empresarial.\n\n\n\n\n\n\n\n\n\n\" \/><input name=\"lang\" type=\"hidden\" value=\"en\" \/><input name=\"gn\" type=\"hidden\" value=\"ml\" \/><input type=\"hidden\" id=\"interface\" name=\"interface\" value=\"full\" \/>\n\t\t\t<div style=\"margin-left:40%;\">\n\t\t\t\n\t\t\t\t<input style=\"float:left;\" type=\"image\" width=\"40\" height=\"40\" src=\"http:\/\/blog.espol.edu.ec\/mealvare\/wp-content\/plugins\/vozme\/img\/megaphone40x40w.gif\" alt=\"Hear this post\" onclick=\"window.open('', '8f8394702d1d9297528f71b4c75c4749', 'width=600,height=370,scrollbars=yes,location=yes,menubar=yes,resizable=yes,status=yes,toolbar=yes');\">\n\t\t\t\t<div style=\"margin-left:48px; text-align:left;\"><a style=\"font-size:12px;\" href=\"javascript:void(0);\" onclick=\"window.open('', '8f8394702d1d9297528f71b4c75c4749', 'width=600,height=370,scrollbars=yes,location=yes,menubar=yes,resizable=yes,status=yes,toolbar=yes'); document.getElementById('vozme_form_8f8394702d1d9297528f71b4c75c4749').submit();\">Hear<br\/>this post<\/a><\/div>\n\t\t\t<\/div><\/form>","protected":false},"excerpt":{"rendered":"<p>Raz\u00f3n # 1 El Ingeniero Civil, en el ejercicio su profesi\u00f3n, genera desarrollo econ\u00f3mico y bienestar para la sociedad. Raz\u00f3n # 2 La Ingenier\u00eda Civil, es la carrera con mayor proyecci\u00f3n para el crecimiento socioecon\u00f3mico del pa\u00eds. Raz\u00f3n # 3 La Ingenier\u00eda Civil es una de las carreras con mayor \u00edndice de empleabilidad en el [&hellip;]<\/p>\n","protected":false},"author":10299,"featured_media":0,"parent":0,"menu_order":0,"comment_status":"closed","ping_status":"closed","template":"","meta":{"footnotes":""},"class_list":["post-20","page","type-page","status-publish","hentry"],"_links":{"self":[{"href":"https:\/\/blog.espol.edu.ec\/mealvare\/wp-json\/wp\/v2\/pages\/20","targetHints":{"allow":["GET"]}}],"collection":[{"href":"https:\/\/blog.espol.edu.ec\/mealvare\/wp-json\/wp\/v2\/pages"}],"about":[{"href":"https:\/\/blog.espol.edu.ec\/mealvare\/wp-json\/wp\/v2\/types\/page"}],"author":[{"embeddable":true,"href":"https:\/\/blog.espol.edu.ec\/mealvare\/wp-json\/wp\/v2\/users\/10299"}],"replies":[{"embeddable":true,"href":"https:\/\/blog.espol.edu.ec\/mealvare\/wp-json\/wp\/v2\/comments?post=20"}],"version-history":[{"count":1,"href":"https:\/\/blog.espol.edu.ec\/mealvare\/wp-json\/wp\/v2\/pages\/20\/revisions"}],"predecessor-version":[{"id":21,"href":"https:\/\/blog.espol.edu.ec\/mealvare\/wp-json\/wp\/v2\/pages\/20\/revisions\/21"}],"wp:attachment":[{"href":"https:\/\/blog.espol.edu.ec\/mealvare\/wp-json\/wp\/v2\/media?parent=20"}],"curies":[{"name":"wp","href":"https:\/\/api.w.org\/{rel}","templated":true}]}}