{"id":33,"date":"2016-05-31T04:00:48","date_gmt":"2016-05-31T04:00:48","guid":{"rendered":"http:\/\/blog.espol.edu.ec\/mealvare\/?page_id=33"},"modified":"2016-05-31T04:34:38","modified_gmt":"2016-05-31T04:34:38","slug":"5-edificios-mas-altos-del-mundo-los-conoces-fotos","status":"publish","type":"page","link":"https:\/\/blog.espol.edu.ec\/mealvare\/5-edificios-mas-altos-del-mundo-los-conoces-fotos\/","title":{"rendered":"5 edificios m\u00e1s altos del mundo \u00bfLos conoces? (FOTOS)"},"content":{"rendered":"<div id=\"NewGallery\" class=\"NewGallery NewGallery--big NewGallery--nota\">\n<div class=\"NewGallery-leftSide\">\n<div class=\"NewGallery-subHeader\">\n<div class=\"NewGallery-subHeader-rightSide\">\n<div class=\"NewGallery-pager\"><img decoding=\"async\" title=\"1- Burj Khalifa. (Foto: Flickr)\" src=\"http:\/\/cde.peru.com\/ima\/0\/1\/1\/5\/1\/1151064\/924x530\/turismo-edificios.jpg\" alt=\"1- Burj Khalifa. (Foto: Flickr)\" \/><img decoding=\"async\" title=\"2- Shangai Tower. (Foto: Flickr)\" src=\"http:\/\/cde.peru.com\/ima\/0\/1\/1\/5\/1\/1151065\/924x530\/turismo-edificios.jpg\" alt=\"2- Shangai Tower. (Foto: Flickr)\" \/><img decoding=\"async\" title=\"3- Abraj al Bait. (Foto: Flickr)\" src=\"http:\/\/cde.peru.com\/ima\/0\/1\/1\/5\/1\/1151066\/924x530\/turismo-edificios.jpg\" alt=\"3- Abraj al Bait. (Foto: Flickr)\" \/><img decoding=\"async\" title=\"4- One World Trade Center. (Foto: Flickr)\" src=\"http:\/\/cde.peru.com\/ima\/0\/1\/1\/5\/1\/1151067\/924x530\/turismo-edificios.jpg\" alt=\"4- One World Trade Center. (Foto: Flickr)\" \/><img decoding=\"async\" title=\"5- Taipei 101. (Foto: Flickr)\" src=\"http:\/\/cde.peru.com\/ima\/0\/1\/1\/5\/1\/1151068\/924x530\/turismo-edificios.jpg\" alt=\"5- Taipei 101. (Foto: Flickr)\" \/><\/div>\n<\/div>\n<\/div>\n<div class=\"NewGallery-content\"><\/div>\n<div class=\"NewGallery-caption\"><\/div>\n<\/div>\n<div class=\"NewGallery-rightSide\">\n<p><strong>1- Burj Khalifa.<\/strong> Con sus 828 metros es la estructura m\u00e1s grande del mundo y fue inaugurada en el 2010. Esta se encuentra en el centro de Dubai, Emiratos \u00c1rabes. Tiene un total de 163 pisos, asimismo cuenta con 58 ascensores. Impresionante.<\/p>\n<p><strong>2- Shangai Tower:<\/strong> Finalizada reci\u00e9n el 2014, es el segundo edificio m\u00e1s alto del planeta con 632 metros. Este rascacielos cuenta con 121 pisos y se encuentra ubicada en China. Su planificaci\u00f3n se llev\u00f3 a cabo en 1993. Cuenta en sus interiores con un ambiente moderno.<\/p>\n<p><strong>3- Abraj al Bait:<\/strong> Finalizado el 2012, este edificio est\u00e1 ubicado en La Meca de Arabia Saudita y tiene una altura de 601 metros. La estructura tiene un \u00e1rea de construcci\u00f3n m\u00e1s grande que cualquier otra estructura en el mundo con 1,500,000 m2.<\/p>\n<p><strong>4- One World Trade Center:<\/strong> La m\u00e1s conocida del mundo. Ubicado en Lower Manhattan, en Nueva York, tiene una altura de 541 metros. Cabe resaltar que este edificio fue construido luego del atentado de las Torres Gemelas en el 2001.<\/p>\n<p><strong>5- Taipei 101:<\/strong> Edificio que cuenta con 106 plantas, 5 pisos subterr\u00e1neos y 101 por encima del nivel del suelo). Est\u00e1 ubicado en la zona financiera de Taipei, Taiwan. Para su construcci\u00f3n se demoraron cerca de 7 a\u00f1os.<\/p>\n<\/div>\n<\/div>\n<div class=\"boxMainContent\">\n<div id=\"wrapper\">\n<section class=\"cnt_nota\">\n<article class=\"nota\">\n<div id=\"HOTWordsTxt\">\n<div id=\"nota_body\">\n<hr \/>\n<p>http:\/\/peru.com\/viajes\/noticia-de-viajes\/5-edificios-mas-altos-mundo-conoces-fotos-noticia-366114<\/p>\n<\/div>\n<\/div>\n<\/article>\n<\/section>\n<\/div>\n<\/div>\n<form id=\"vozme_form_4798603e924ceb7b4d4c49ccde59a495\" method=\"post\" name=\"vozme_form_4798603e924ceb7b4d4c49ccde59a495\" target=\"4798603e924ceb7b4d4c49ccde59a495\" action=\"http:\/\/vozme.com\/text2voice.php\"><input name=\"text\" type=\"hidden\" value=\"5 edificios m\u00e1s altos del mundo \u00bfLos conoces? (FOTOS). \n\n\n\n\n\n\n\n\n\n\n1- Burj Khalifa. Con sus 828 metros es la estructura m\u00e1s grande del mundo y fue inaugurada en el 2010. Esta se encuentra en el centro de Dubai, Emiratos \u00c1rabes. Tiene un total de 163 pisos, asimismo cuenta con 58 ascensores. Impresionante.\n2- Shangai Tower: Finalizada reci\u00e9n el 2014, es el segundo edificio m\u00e1s alto del planeta con 632 metros. Este rascacielos cuenta con 121 pisos y se encuentra ubicada en China. Su planificaci\u00f3n se llev\u00f3 a cabo en 1993. Cuenta en sus interiores con un ambiente moderno.\n3- Abraj al Bait: Finalizado el 2012, este edificio est\u00e1 ubicado en La Meca de Arabia Saudita y tiene una altura de 601 metros. La estructura tiene un \u00e1rea de construcci\u00f3n m\u00e1s grande que cualquier otra estructura en el mundo con 1,500,000 m2.\n4- One World Trade Center: La m\u00e1s conocida del mundo. Ubicado en Lower Manhattan, en Nueva York, tiene una altura de 541 metros. Cabe resaltar que este edificio fue construido luego del atentado de las Torres Gemelas en el 2001.\n5- Taipei 101: Edificio que cuenta con 106 plantas, 5 pisos subterr\u00e1neos y 101 por encima del nivel del suelo). Est\u00e1 ubicado en la zona financiera de Taipei, Taiwan. Para su construcci\u00f3n se demoraron cerca de 7 a\u00f1os.\n\n\n\n\n\n\n\n\n\nhttp:\/\/peru.com\/viajes\/noticia-de-viajes\/5-edificios-mas-altos-mundo-conoces-fotos-noticia-366114\n\n\n\n\n\n\n\" \/><input name=\"lang\" type=\"hidden\" value=\"en\" \/><input name=\"gn\" type=\"hidden\" value=\"ml\" \/><input type=\"hidden\" id=\"interface\" name=\"interface\" value=\"full\" \/>\n\t\t\t<div style=\"margin-left:40%;\">\n\t\t\t\n\t\t\t\t<input style=\"float:left;\" type=\"image\" width=\"40\" height=\"40\" src=\"http:\/\/blog.espol.edu.ec\/mealvare\/wp-content\/plugins\/vozme\/img\/megaphone40x40w.gif\" alt=\"Hear this post\" onclick=\"window.open('', '4798603e924ceb7b4d4c49ccde59a495', 'width=600,height=370,scrollbars=yes,location=yes,menubar=yes,resizable=yes,status=yes,toolbar=yes');\">\n\t\t\t\t<div style=\"margin-left:48px; text-align:left;\"><a style=\"font-size:12px;\" href=\"javascript:void(0);\" onclick=\"window.open('', '4798603e924ceb7b4d4c49ccde59a495', 'width=600,height=370,scrollbars=yes,location=yes,menubar=yes,resizable=yes,status=yes,toolbar=yes'); document.getElementById('vozme_form_4798603e924ceb7b4d4c49ccde59a495').submit();\">Hear<br\/>this post<\/a><\/div>\n\t\t\t<\/div><\/form>","protected":false},"excerpt":{"rendered":"<p>1- Burj Khalifa. Con sus 828 metros es la estructura m\u00e1s grande del mundo y fue inaugurada en el 2010. Esta se encuentra en el centro de Dubai, Emiratos \u00c1rabes. Tiene un total de 163 pisos, asimismo cuenta con 58 ascensores. Impresionante. 2- Shangai Tower: Finalizada reci\u00e9n el 2014, es el segundo edificio m\u00e1s alto [&hellip;]<\/p>\n","protected":false},"author":10299,"featured_media":25,"parent":0,"menu_order":0,"comment_status":"closed","ping_status":"closed","template":"","meta":{"footnotes":""},"class_list":["post-33","page","type-page","status-publish","has-post-thumbnail","hentry"],"_links":{"self":[{"href":"https:\/\/blog.espol.edu.ec\/mealvare\/wp-json\/wp\/v2\/pages\/33","targetHints":{"allow":["GET"]}}],"collection":[{"href":"https:\/\/blog.espol.edu.ec\/mealvare\/wp-json\/wp\/v2\/pages"}],"about":[{"href":"https:\/\/blog.espol.edu.ec\/mealvare\/wp-json\/wp\/v2\/types\/page"}],"author":[{"embeddable":true,"href":"https:\/\/blog.espol.edu.ec\/mealvare\/wp-json\/wp\/v2\/users\/10299"}],"replies":[{"embeddable":true,"href":"https:\/\/blog.espol.edu.ec\/mealvare\/wp-json\/wp\/v2\/comments?post=33"}],"version-history":[{"count":3,"href":"https:\/\/blog.espol.edu.ec\/mealvare\/wp-json\/wp\/v2\/pages\/33\/revisions"}],"predecessor-version":[{"id":51,"href":"https:\/\/blog.espol.edu.ec\/mealvare\/wp-json\/wp\/v2\/pages\/33\/revisions\/51"}],"wp:featuredmedia":[{"embeddable":true,"href":"https:\/\/blog.espol.edu.ec\/mealvare\/wp-json\/wp\/v2\/media\/25"}],"wp:attachment":[{"href":"https:\/\/blog.espol.edu.ec\/mealvare\/wp-json\/wp\/v2\/media?parent=33"}],"curies":[{"name":"wp","href":"https:\/\/api.w.org\/{rel}","templated":true}]}}