{"id":61,"date":"2015-05-26T16:08:07","date_gmt":"2015-05-26T16:08:07","guid":{"rendered":"http:\/\/blog.espol.edu.ec\/mebarret\/?page_id=61"},"modified":"2015-05-28T23:58:54","modified_gmt":"2015-05-28T23:58:54","slug":"rutins-de-ejercicios-para-brazos","status":"publish","type":"page","link":"https:\/\/blog.espol.edu.ec\/mebarret\/rutins-de-ejercicios-para-brazos\/","title":{"rendered":"Rutina de ejercicios para brazos"},"content":{"rendered":"<div id=\"apDiv2\" style=\"text-align: left\">\n<pre class=\"Estilo1\">Para hacer ejercicio en casa puede necesitar \u00fanicamente un par de mancuernas y con \u00e9stas realizar\r\nuna rutina completa de ejercicios para todos los m\u00fasculos del cuerpo.   Si s\u00f3lo tiene una mancuerna, \r\ntambi\u00e9n puede realizar los mismos ejercicios.\r\n\r\nSi  usted  no  tiene  mancuernas  en  su  casa,  tambi\u00e9n  podr\u00e1  hacer  los  ejercicios  sustituyendo  las  \r\nmancuernas por frascos o botellas de pl\u00e1stico llenas  con  agua  o  cemento.   Tambi\u00e9n  puede  utilizar\r\npiedras de diferentes tama\u00f1os.\r\n\r\nNo olvide realizar su rutina de calentamiento y estiramiento,  previo  a  sus  ejercicios  como  se  explica\r\naqui: <a class=\"Estilo93\" href=\"http:\/\/www.ejerciciosyentrenamiento.com\/ejercicios-de-calentamiento-y-estiramiento.html\" target=\"_blank\">ejercicios de calentamiento<\/a>.\r\n<strong>                                                                         <a id=\"rotaciones\" name=\"rotaciones\"><\/a>Ejercicios en casa para antebrazo: Rotaciones\r\n\r\n<\/strong><span class=\"Estilo1\"><span class=\"Estilo12\">Descripci\u00f3n del ejercicio<\/span>:\r\n  <span class=\"Estilo97\">\u2022<\/span> Sientese y sostenga una mancuerna en cada mano.\r\n <span class=\"Estilo97\"> \u2022<\/span> Col\u00f3que cada antebrazo apoyado en su muslo.\r\n <span class=\"Estilo97\"> \u2022<\/span> Realice una rotaci\u00f3n de ambas mancuernas usando\r\n       \u00fanicamente el movimiento de los antebrazos.\r\n<span class=\"Estilo12\">Variantes<\/span>:\r\n       Si carece de mancuernas, puede utilizar dos piedras\r\n       para realizar el mismo ejercicio.\r\n<span class=\"Estilo12\">Recomendaciones<\/span>:\r\n     <span class=\"Estilo97\">\u2022<\/span> Los  movimientos  de  rotaci\u00f3n  deben  ser  amplios.\r\n<span class=\"Estilo12\">M\u00fasculos trabajados<\/span>:\r\n       Regi\u00f3n anterior  y  posterior de ambos antebrazos.\r\n<span class=\"Estilo12\">Rutina en casa<\/span>:\r\n       3 series de 30 rotaciones.\r\n\r\n\r\n<\/span><img loading=\"lazy\" decoding=\"async\" src=\"http:\/\/www.ejerciciosyentrenamiento.com\/imagenes\/ejercicios-de-antebrazo-3.jpg\" alt=\"ejercicios en casa 1\" width=\"302\" height=\"378\" \/><\/pre>\n<\/div>\n<div id=\"apDiv3\">\n<div><\/div>\n<div><\/div>\n<div><span class=\"Estilo11\"><strong><a id=\"brazoscasa\" name=\"brazoscasa\"><\/a>Ejercicios en casa para biceps: Curl concentraci\u00f3n con mancuerna<\/strong>\u00a0<\/span><\/div>\n<div><\/div>\n<div><\/div>\n<\/div>\n<div id=\"apDiv6\">\n<div id=\"apDiv7\"><img loading=\"lazy\" decoding=\"async\" src=\"http:\/\/www.ejerciciosyentrenamiento.com\/imagenes\/ejercicios-para-brazos-5.jpg\" alt=\"ejercicios en casa 2\" width=\"302\" height=\"378\" \/><\/div>\n<div><\/div>\n<div><span class=\"Estilo1\"><span class=\"Estilo12\">Descripci\u00f3n del ejercicio<\/span>: <\/span><\/div>\n<div><span class=\"Estilo1\"> <span class=\"Estilo97\">\u2022<\/span> Sientese y sostenga una mancuerna con su brazo apoyado en el muslo.<\/span><\/div>\n<div><span class=\"Estilo1\"> <span class=\"Estilo97\"> \u2022<\/span> Flexione el brazo sin separarlo del muslo. <\/span><\/div>\n<div><span class=\"Estilo1\"> <span class=\"Estilo97\"> \u2022<\/span> Descienda la carga controladamente. <span class=\"Estilo12\">Variante<\/span>: Puede apoyar el brazo sobre alguna otra superficie en sustituci\u00f3n del muslo. Si en su casa no tiene mancuernas, puede usar cualquier carga como latas rellenas con cemento o piedras como se observa en las imagenes inferiores.<\/span><\/div>\n<div><\/div>\n<div><\/div>\n<div><span class=\"Estilo1\"><span class=\"Estilo12\">Claves<\/span>: <\/span><\/div>\n<div><span class=\"Estilo1\"> <span class=\"Estilo97\">\u2022<\/span> El descenso deber\u00e1 ser hasta la completa extensi\u00f3n. <\/span><\/div>\n<div><span class=\"Estilo1\"> <span class=\"Estilo97\">\u2022<\/span> El brazo deber\u00e1 estar siempre apoyado en su muslo. <span class=\"Estilo12\">M\u00fasculos trabajados<\/span>: El biceps en toda su longitud. <span class=\"Estilo12\">Rutina en casa:<\/span> 3 series de 10 repeticiones con cada brazo.<\/span><\/div>\n<div id=\"apDiv9\"><\/div>\n<p><strong>Curl concentraci\u00f3n con una piedra<\/strong><\/p>\n<\/div>\n<p>&nbsp;<\/p>\n<div id=\"apDiv6\">\n<p><img loading=\"lazy\" decoding=\"async\" src=\"http:\/\/www.ejerciciosyentrenamiento.com\/imagenes\/ejercicios-en-casa-1.jpg\" alt=\"ejercicios en casa sin mancuernas 1\" width=\"195\" height=\"223\" \/><img loading=\"lazy\" decoding=\"async\" src=\"http:\/\/www.ejerciciosyentrenamiento.com\/imagenes\/ejercicios-en-casa-1.1.jpg\" alt=\"ejercicios en casa sin mancuernas 2\" width=\"192\" height=\"223\" \/><\/p>\n<p>&nbsp;<\/p>\n<\/div>\n<div id=\"apDiv12\">\n<h2>\u00a0<span class=\"Estilo11\"><strong>Ejercicios en casa para biceps: Curl alterno en martillo<\/strong><\/span><\/h2>\n<p>&nbsp;<\/p>\n<h2><img loading=\"lazy\" decoding=\"async\" src=\"http:\/\/www.ejerciciosyentrenamiento.com\/imagenes\/ejercicios-de-bicep-3.jpg\" alt=\"ejercicios en casa 3\" width=\"378\" height=\"302\" \/><\/h2>\n<h2><span class=\"Estilo12\">Descripci\u00f3n del ejercicio<\/span>:<\/h2>\n<h2><span class=\"Estilo581\">\u2022<\/span> Sentado (a), agarre una mancuerna en cada mano sosteniendolas como cuando agarra un martillo.<\/h2>\n<h2><span class=\"Estilo581\"> \u2022<\/span> Eleve una sola mancuerna hasta la completa flexi\u00f3n del biceps pero con s\u00f3lo el movimiento del antebrazo.<\/h2>\n<h2><span class=\"Estilo581\"> \u2022<\/span> Luego extienda el biceps al mismo tiempo que inicia la flexi\u00f3n del otro brazo.<\/h2>\n<h2><span class=\"Estilo581\"> \u2022<\/span> Repita el ejercicio siempre de forma alterna. <span class=\"Estilo12\">Variantes<\/span>: Puede ejecutar el ejercicio con la flexi\u00f3n simult\u00e1nea de ambos brazos, aunque es preferible la alterna.<\/h2>\n<h2>\u00a0<span class=\"Estilo12\">Claves<\/span>:<\/h2>\n<h2><span class=\"Estilo581\">\u2022<\/span> Permanezca con la espalda derecha.<\/h2>\n<h2><span class=\"Estilo581\">\u2022<\/span> Realice desplazamientos completos. <span class=\"Estilo12\">M\u00fasculos trabajados<\/span>: Principalmente la regi\u00f3n lateral del biceps. <span class=\"Estilo12\">Rutina en casa<\/span>: Tres series de veinte repeticiones. Una repetici\u00f3n se contar\u00e1 con cada flexi\u00f3n del brazo.<\/h2>\n<h2><span class=\"Estilo1\"><strong> <a id=\"tricepscasa\" name=\"tricepscasa\"><\/a>Ejercicios de triceps para hacer en casa: <\/strong><\/span><\/h2>\n<h2><span class=\"Estilo1\"><span class=\"Estilo12\">Ejecuci\u00f3n del ejercicio:<\/span> <\/span><\/h2>\n<h2><span class=\"Estilo1\"> <span class=\"Estilo581\">\u2022<\/span> Coloque sus manos atr\u00e1s de su cuerpo y apoyadas en un banca (como se muestra en la im\u00e1gen). <\/span><\/h2>\n<h2><span class=\"Estilo1\"> <span class=\"Estilo581\"> \u2022<\/span> Descienda el cuerpo por medio de la flexi\u00f3n de los brazos. <\/span><\/h2>\n<h2><span class=\"Estilo1\"> <span class=\"Estilo581\"> \u2022<\/span> Luego extienda los brazos para regresar a la posici\u00f3n inicial. <span class=\"Estilo12\">Variante:<\/span> Puede utilizar una mancuerna sobre sus piernas para incrementar la intensidad del ejercicio, pero s\u00f3lo si se encuentra en un nivel avanzado. <\/span><\/h2>\n<h2><span class=\"Estilo1\"><span class=\"Estilo12\">Claves:<\/span> <\/span><\/h2>\n<h2><span class=\"Estilo1\"> <span class=\"Estilo581\">\u2022<\/span> Realice un descenso m\u00e1ximo del cuerpo. <span class=\"Estilo12\">Regi\u00f3n ejercitada:<\/span> Las tres cabezas del triceps. <span class=\"Estilo12\">Rutina en casa:<\/span> 3 series de 8 repeticiones.<\/span><\/h2>\n<\/div>\n<div id=\"apDiv4\">\n<div id=\"apDiv5\"><\/div>\n<div id=\"apDiv25\"><img loading=\"lazy\" decoding=\"async\" src=\"http:\/\/www.ejerciciosyentrenamiento.com\/imagenes\/ejercicios-del-triceps-1.jpg\" alt=\"ejercicios para hacer en casa 4\" width=\"529\" height=\"378\" \/><\/div>\n<div id=\"apDiv26\"><\/div>\n<div><\/div>\n<div><span class=\"Estilo11\"><strong><a id=\"extensionessobrecabeza\" name=\"extensionessobrecabeza\"><\/a> Ejercicios en casa para tr\u00edceps: Extensiones sobre cabeza<\/strong> <\/span><\/div>\n<div><\/div>\n<\/div>\n<div id=\"apDiv10\">\n<div id=\"apDiv11\"><img loading=\"lazy\" decoding=\"async\" src=\"http:\/\/www.ejerciciosyentrenamiento.com\/imagenes\/ejercicios-para-brazos-6.jpg\" alt=\"ejercicios en casa 5\" width=\"302\" height=\"378\" \/><\/div>\n<div><\/div>\n<div><span class=\"Estilo1\"><span class=\"Estilo12\">Descripci\u00f3n del ejercicio:<\/span> <\/span><\/div>\n<div><span class=\"Estilo1\"> <span class=\"Estilo581\">\u2022<\/span> Sientese y sostenga una mancuerna con ambas manos, coloc\u00e1ndola por detr\u00e1s de su cabeza. <\/span><\/div>\n<div><span class=\"Estilo1\"> <span class=\"Estilo581\"> \u2022<\/span> Eleve la mancuerna hasta la completa extensi\u00f3n de ambos brazos. <\/span><\/div>\n<div><span class=\"Estilo1\"> <span class=\"Estilo581\"> \u2022<\/span> Flexione los brazos hasta la posici\u00f3n preliminar. <\/span><\/div>\n<div><\/div>\n<div><span class=\"Estilo1\"><span class=\"Estilo12\">Variante:<\/span> Puede utilizar una barra en lugar de la mancuerna. \u00a0Si hace sus ejercicios en casa y no tiene pesas, puede utilizar cualquier otro peso como piedras. <\/span><\/div>\n<div><\/div>\n<div><span class=\"Estilo1\"><span class=\"Estilo12\">Claves:<\/span> <\/span><\/div>\n<div><span class=\"Estilo1\"> <span class=\"Estilo581\">\u2022<\/span> El ejercicio debe realizarse con movimiento s\u00f3lo de los antebrazos. Los brazos permanecen fijos. <span class=\"Estilo12\">M\u00fasculos trabajados:<\/span> El m\u00fasculo tricep en toda su longitud. <span class=\"Estilo12\">Rutina en casa:<\/span> 3 series de 10 repeticiones.<\/span><\/div>\n<div><\/div>\n<div>Extensiones sobre cabeza usando una piedra<\/div>\n<div><\/div>\n<div>\u00a0<img loading=\"lazy\" decoding=\"async\" src=\"http:\/\/www.ejerciciosyentrenamiento.com\/imagenes\/ejercicios-en-casa-sin-mancuernas-1.jpg\" alt=\"ejercicios en casa sin mancuernas 3\" width=\"147\" height=\"282\" \/> <img loading=\"lazy\" decoding=\"async\" src=\"http:\/\/www.ejerciciosyentrenamiento.com\/imagenes\/ejercicios-en-casa-sin-mancuernas-2.jpg\" alt=\"ejercicios en casa sin mancuernas 4\" width=\"148\" height=\"282\" \/><\/div>\n<div><\/div>\n<div><strong><a id=\"hombroscasa\" name=\"hombroscasa\"><\/a> Ejercicios en casa para hombros: Crucifijo sentado<\/strong><\/div>\n<div><\/div>\n<\/div>\n<div id=\"apDiv16\">\n<div id=\"apDiv18\"><img loading=\"lazy\" decoding=\"async\" src=\"http:\/\/www.ejerciciosyentrenamiento.com\/imagenes\/ejercicios-para-los-hombros-1.jpg\" alt=\"ejercicios en casa 6\" width=\"454\" height=\"378\" \/><\/div>\n<div><\/div>\n<div><span class=\"Estilo1\"><span class=\"Estilo12\">Descripci\u00f3n del ejercicio<\/span>: <\/span><\/div>\n<div><span class=\"Estilo1\"> <span class=\"Estilo58\">\u2022<\/span> Sentado (a), sostenga una mancuerna en cada mano. <\/span><\/div>\n<div><span class=\"Estilo1\"> <span class=\"Estilo58\"> \u2022<\/span> Mueva los brazos hacia los lados, hasta llevarlos a la altura de los hombros. <\/span><\/div>\n<div><span class=\"Estilo1\"> <span class=\"Estilo58\"> \u2022<\/span> Descienda la carga de forma controlada. <\/span><\/div>\n<div><span class=\"Estilo1\"><span class=\"Estilo12\">\u00a0Variaci\u00f3n<\/span>: Puede realizar el ejercicio estando de pie. <\/span><\/div>\n<div><\/div>\n<div><span class=\"Estilo1\"><span class=\"Estilo12\">Claves:<\/span> Lo m\u00e1s importante es realizar el movimiento con los brazos extendidos y descenderlos lentamente. <span class=\"Estilo12\">M\u00fasculos entrenados<\/span>: Regi\u00f3n lateral de los hombros. <span class=\"Estilo12\">Rutina en casa:<\/span> 3 series de 10 repeticiones.<\/span><\/div>\n<div><\/div>\n<div><strong>\u00a0Ejercicios de hombros para hacer en casa: Descenso en dec\u00fabito latera<\/strong>l<\/div>\n<\/div>\n<div><\/div>\n<div id=\"apDiv24\">\n<div id=\"apDiv22\"><img loading=\"lazy\" decoding=\"async\" src=\"http:\/\/www.ejerciciosyentrenamiento.com\/imagenes\/ejercicios-de-hombros-5.jpg\" alt=\"ejercicios en casa 7\" width=\"484\" height=\"242\" \/><\/div>\n<div><\/div>\n<div><span class=\"Estilo1\"><span class=\"Estilo12\">Descripci\u00f3n del ejercicio<\/span>: <\/span><\/div>\n<div><span class=\"Estilo1\"> <span class=\"Estilo58\">\u2022<\/span> Acu\u00e9stese de lado y sostenga una mancuerna en posici\u00f3n vertical. <\/span><\/div>\n<div><span class=\"Estilo1\"> <span class=\"Estilo58\"> \u2022<\/span> Descienda el brazo de forma lenta hasta llevarlo perpendicular a su cuerpo. <\/span><\/div>\n<div><span class=\"Estilo1\"><span class=\"Estilo58\"> \u2022<\/span> Eleve el brazo a la posici\u00f3n original. <\/span><\/div>\n<div><span class=\"Estilo1\"><span class=\"Estilo58\"> \u2022<\/span> Cuando finalice las repeticiones indicadas con un brazo, cambie al otro. <\/span><\/div>\n<div><span class=\"Estilo1\"><span class=\"Estilo12\">Variaci\u00f3n<\/span>: Si realiza sus ejercicios en casa y no tiene una mancuerna, puede utilizar cualquier objeto pesado como una piedra. <\/span><\/div>\n<div><\/div>\n<div><span class=\"Estilo1\"><span class=\"Estilo12\">Claves:<\/span> El brazo deber\u00e1 mantenerse en extensi\u00f3n durante todo el ejercicio. <span class=\"Estilo12\">M\u00fasculos entrenados<\/span>: Regi\u00f3n lateral del hombro. <span class=\"Estilo12\">Rutina en casa:<\/span> 3 series de 10 repeticiones con cada brazo.<\/span><\/div>\n<div id=\"apDiv27\"><\/div>\n<p>&nbsp;<\/p>\n<p>&nbsp;<\/p>\n<p>&nbsp;<\/p>\n<p>&nbsp;<\/p>\n<p>&nbsp;<\/p>\n<p>&nbsp;<\/p>\n<p>&nbsp;<\/p>\n<p>&nbsp;<\/p>\n<p>&nbsp;<\/p>\n<\/div>\n","protected":false},"excerpt":{"rendered":"<p>Para hacer ejercicio en casa puede necesitar \u00fanicamente un par de mancuernas y con \u00e9stas realizar una rutina completa de ejercicios para todos los m\u00fasculos del cuerpo. Si s\u00f3lo tiene una mancuerna, tambi\u00e9n puede realizar los mismos ejercicios. Si usted no tiene mancuernas en su casa, tambi\u00e9n podr\u00e1 hacer los ejercicios sustituyendo las mancuernas por [&hellip;]<\/p>\n","protected":false},"author":9622,"featured_media":0,"parent":0,"menu_order":0,"comment_status":"open","ping_status":"open","template":"","meta":{"footnotes":""},"class_list":["post-61","page","type-page","status-publish","hentry"],"_links":{"self":[{"href":"https:\/\/blog.espol.edu.ec\/mebarret\/wp-json\/wp\/v2\/pages\/61","targetHints":{"allow":["GET"]}}],"collection":[{"href":"https:\/\/blog.espol.edu.ec\/mebarret\/wp-json\/wp\/v2\/pages"}],"about":[{"href":"https:\/\/blog.espol.edu.ec\/mebarret\/wp-json\/wp\/v2\/types\/page"}],"author":[{"embeddable":true,"href":"https:\/\/blog.espol.edu.ec\/mebarret\/wp-json\/wp\/v2\/users\/9622"}],"replies":[{"embeddable":true,"href":"https:\/\/blog.espol.edu.ec\/mebarret\/wp-json\/wp\/v2\/comments?post=61"}],"version-history":[{"count":5,"href":"https:\/\/blog.espol.edu.ec\/mebarret\/wp-json\/wp\/v2\/pages\/61\/revisions"}],"predecessor-version":[{"id":106,"href":"https:\/\/blog.espol.edu.ec\/mebarret\/wp-json\/wp\/v2\/pages\/61\/revisions\/106"}],"wp:attachment":[{"href":"https:\/\/blog.espol.edu.ec\/mebarret\/wp-json\/wp\/v2\/media?parent=61"}],"curies":[{"name":"wp","href":"https:\/\/api.w.org\/{rel}","templated":true}]}}