{"id":4,"date":"2009-11-18T18:30:14","date_gmt":"2009-11-18T23:30:14","guid":{"rendered":"http:\/\/blog.espol.edu.ec\/meburneo\/?page_id=4"},"modified":"2011-09-11T17:53:21","modified_gmt":"2011-09-11T22:53:21","slug":"lima-peru","status":"publish","type":"page","link":"https:\/\/blog.espol.edu.ec\/meburneo\/lima-peru\/","title":{"rendered":"LIMA-PERU"},"content":{"rendered":"<p><strong>Lima<\/strong> es la ciudad capital del Per\u00fa, as\u00ed como su ciudad m\u00e1s grande y poblada. Est\u00e1 situada en la costa central de este pa\u00eds, a orillas del Oc\u00e9ano Pac\u00edfico, donde forma un \u00e1rea urbana continua conocida como Lima Metropolitana, la cual se extiende sobre los valles de los r\u00edos Chill\u00f3n, R\u00edmac y Lur\u00edn, dentro de las provincias de Lima, su sede, y del Callao.<\/p>\n<p>Fue fundada por el conquistador espa\u00f1ol Francisco Pizarro el 18 de enero de 1535, como la <strong>\u00abCiudad de los Reyes\u00bb.<\/strong> Fue la capital del Virreinato del Per\u00fa durante el r\u00e9gimen espa\u00f1ol y despu\u00e9s de la independencia pas\u00f3 a ser la capital de la Rep\u00fablica del Per\u00fa.<\/p>\n<p>Seg\u00fan el censo de 2007, Lima Metropolitana tiene una poblaci\u00f3n de cerca de 8,5 millones de habitantes \u2013 siendo m\u00e1s de 7,6 millones residentes de la Provincia de Lima \u2013, que representa el 30% de la poblaci\u00f3n peruana, por lo que es la mayor metr\u00f3poli del Per\u00fa, as\u00ed como la quinta m\u00e1s poblada de Am\u00e9rica Latina y una de las 30 \u00e1reas metropolitanas m\u00e1s grandes del mundo .<\/p>\n","protected":false},"excerpt":{"rendered":"<p>Lima es la ciudad capital del Per\u00fa, as\u00ed como su ciudad m\u00e1s grande y poblada. Est\u00e1 situada en la costa central de este pa\u00eds, a orillas del Oc\u00e9ano Pac\u00edfico, donde forma un \u00e1rea urbana continua conocida como Lima Metropolitana, la cual se extiende sobre los valles de los r\u00edos Chill\u00f3n, R\u00edmac y Lur\u00edn, dentro de [&hellip;]<\/p>\n","protected":false},"author":3197,"featured_media":0,"parent":0,"menu_order":0,"comment_status":"open","ping_status":"open","template":"","meta":{"footnotes":""},"class_list":["post-4","page","type-page","status-publish","hentry"],"_links":{"self":[{"href":"https:\/\/blog.espol.edu.ec\/meburneo\/wp-json\/wp\/v2\/pages\/4","targetHints":{"allow":["GET"]}}],"collection":[{"href":"https:\/\/blog.espol.edu.ec\/meburneo\/wp-json\/wp\/v2\/pages"}],"about":[{"href":"https:\/\/blog.espol.edu.ec\/meburneo\/wp-json\/wp\/v2\/types\/page"}],"author":[{"embeddable":true,"href":"https:\/\/blog.espol.edu.ec\/meburneo\/wp-json\/wp\/v2\/users\/3197"}],"replies":[{"embeddable":true,"href":"https:\/\/blog.espol.edu.ec\/meburneo\/wp-json\/wp\/v2\/comments?post=4"}],"version-history":[{"count":10,"href":"https:\/\/blog.espol.edu.ec\/meburneo\/wp-json\/wp\/v2\/pages\/4\/revisions"}],"predecessor-version":[{"id":74,"href":"https:\/\/blog.espol.edu.ec\/meburneo\/wp-json\/wp\/v2\/pages\/4\/revisions\/74"}],"wp:attachment":[{"href":"https:\/\/blog.espol.edu.ec\/meburneo\/wp-json\/wp\/v2\/media?parent=4"}],"curies":[{"name":"wp","href":"https:\/\/api.w.org\/{rel}","templated":true}]}}