{"id":23,"date":"2014-11-11T02:19:08","date_gmt":"2014-11-11T02:19:08","guid":{"rendered":"http:\/\/blog.espol.edu.ec\/melindao\/?page_id=23"},"modified":"2014-11-11T02:19:08","modified_gmt":"2014-11-11T02:19:08","slug":"reglas-del-tenis-de-mesa","status":"publish","type":"page","link":"https:\/\/blog.espol.edu.ec\/melindao\/reglas-del-tenis-de-mesa\/","title":{"rendered":"Reglas del Tenis de mesa"},"content":{"rendered":"<p style=\"text-align: left\">Las reglas del tenis de mesa son varias, van desde como sacar hasta las reglas del juego en dobles, asi que vamos a mencionar algunas:<\/p>\n<p style=\"text-align: left\">1.- Durante el juego, cada jugador saca dos veces, altern\u00e1ndose mientras avanza el juego<\/p>\n<p style=\"text-align: left\">2.- En el saque, al jugador que le toque sacar debe mostrar la pelota inm\u00f3vil, y despu\u00e9s lanzarla sin imprimirle alg\u00fan tipo de efecto<\/p>\n<p style=\"text-align: left\">3.- El receptor debe pasar la pelota por encima de la red, caso contrario perder\u00eda el punto<\/p>\n<p style=\"text-align: left\">4.- No se puede golpear la raqueta dentro de la mesa, ni la pelota puede tocar alguna parte del cuerpo, caso contrario el punto autom\u00e1ticamente ser\u00e1 para el adversario<\/p>\n<p style=\"text-align: left\">5.- La forma de coger la raqueta ser\u00e1 de forma cl\u00e1sica o lapicero, otras formas de coger la raqueta no se aceptar\u00e1<\/p>\n<p style=\"text-align: left\">6.- Se juegan 11 puntos cada set, en el cual cada jugador saca 2 veces altern\u00e1ndose durante el partido<\/p>\n<p style=\"text-align: left\">7.- En caso de empatar 10-10, gana aquel que logre 2 puntos consecutivos, hay que recalcar que en esta instancia, el jugador sacar\u00e1 una vez, y en el siguiente punto le toca el adversario<\/p>\n<p style=\"text-align: left\">8.- En dobles, el saque se torna cruzado, es decir de forma diagonal<\/p>\n<p style=\"text-align: left\">9.- Durante el punto cada jugador puede solo tocar una vez la pelota, ya que al golpearla por una segunda vez, autom\u00e1ticamente pierde el punto<\/p>\n<p style=\"text-align: left\">Para m\u00e1s informaci\u00f3n de las reglas, ingresen a este link:<\/p>\n<p style=\"text-align: left\"><a title=\"Reglas de Tenis de mesa\" href=\"http:\/\/www.deportedigital.galeon.com\/reglamentos\/regtmesa1.htm\u00a0\" target=\"_blank\">http:\/\/www.deportedigital.galeon.com\/reglamentos\/regtmesa1.htm\u00a0<\/a><\/p>\n","protected":false},"excerpt":{"rendered":"<p>Las reglas del tenis de mesa son varias, van desde como sacar hasta las reglas del juego en dobles, asi que vamos a mencionar algunas: 1.- Durante el juego, cada jugador saca dos veces, altern\u00e1ndose mientras avanza el juego 2.- En el saque, al jugador que le toque sacar debe mostrar la pelota inm\u00f3vil, y [&hellip;]<\/p>\n","protected":false},"author":9414,"featured_media":0,"parent":0,"menu_order":0,"comment_status":"open","ping_status":"open","template":"","meta":{"footnotes":""},"class_list":["post-23","page","type-page","status-publish","hentry"],"_links":{"self":[{"href":"https:\/\/blog.espol.edu.ec\/melindao\/wp-json\/wp\/v2\/pages\/23","targetHints":{"allow":["GET"]}}],"collection":[{"href":"https:\/\/blog.espol.edu.ec\/melindao\/wp-json\/wp\/v2\/pages"}],"about":[{"href":"https:\/\/blog.espol.edu.ec\/melindao\/wp-json\/wp\/v2\/types\/page"}],"author":[{"embeddable":true,"href":"https:\/\/blog.espol.edu.ec\/melindao\/wp-json\/wp\/v2\/users\/9414"}],"replies":[{"embeddable":true,"href":"https:\/\/blog.espol.edu.ec\/melindao\/wp-json\/wp\/v2\/comments?post=23"}],"version-history":[{"count":2,"href":"https:\/\/blog.espol.edu.ec\/melindao\/wp-json\/wp\/v2\/pages\/23\/revisions"}],"predecessor-version":[{"id":25,"href":"https:\/\/blog.espol.edu.ec\/melindao\/wp-json\/wp\/v2\/pages\/23\/revisions\/25"}],"wp:attachment":[{"href":"https:\/\/blog.espol.edu.ec\/melindao\/wp-json\/wp\/v2\/media?parent=23"}],"curies":[{"name":"wp","href":"https:\/\/api.w.org\/{rel}","templated":true}]}}