{"id":26,"date":"2014-11-11T02:30:48","date_gmt":"2014-11-11T02:30:48","guid":{"rendered":"http:\/\/blog.espol.edu.ec\/melindao\/?page_id=26"},"modified":"2014-11-11T02:30:48","modified_gmt":"2014-11-11T02:30:48","slug":"instrumentos-de-juego","status":"publish","type":"page","link":"https:\/\/blog.espol.edu.ec\/melindao\/instrumentos-de-juego\/","title":{"rendered":"Instrumentos de Juego"},"content":{"rendered":"<p>Para poder practicar este deporte, se necesitar\u00e1n 5 cosas esenciales: una raqueta, una pelota, una mesa especial de tenis de mesa, una red, y un espacio bastante amplio, para poder jugar sin problemas.<\/p>\n<p>Para estos instrumentos hay que tomar consideraciones que son las siguientes<\/p>\n<p><strong><em>\u00a0LA MESA<\/em><\/strong><\/p>\n<p>1.1.- La superficie superior de la mesa, conocida como superficie de juego, ser\u00e1 rectangular, con una longitud de 2,74 m y una anchura de 1,525 m, y estar\u00e1 situada en un plano horizontal a 76 cm del suelo.<\/p>\n<p>1.2.- La superficie de juego no incluye los lados de la parte superior de la mesa.<\/p>\n<p>1.3.- La superficie de juego puede ser de cualquier material y deber\u00e1 proporcionar un bote uniforme de, aproximadamente, 23 cm al dejar caer sobre ella una pelota reglamentaria desde una altura de 30 cm.<\/p>\n<p>1.4.- La superficie de juego deber\u00e1 ser de color oscuro, uniforme y mate, con una l\u00ednea lateral blanca de 2 cm de anchura a lo largo de cada borde de 2,74m, y una l\u00ednea de fondo blanca de 2 cm de anchura a lo largo de cada borde de 1,525 m.<\/p>\n<p>1.5.- La superficie de juego estar\u00e1 dividida en dos campos iguales por una red vertical paralela a las l\u00edneas de fondo y deber\u00e1 ser continua en toda el \u00e1rea de cada campo.<\/p>\n<p>1.6.- Para dobles, cada campo estar\u00e1 dividido en dos medios campos iguales por una l\u00ednea central blanca de 3 mm de anchura y paralela a las l\u00edneas laterales; la l\u00ednea central ser\u00e1 considerada como parte de cada medio campo derecho.<\/p>\n<p><img loading=\"lazy\" decoding=\"async\" class=\"alignnone\" src=\"http:\/\/campus.almagro.ort.edu.ar\/static\/archivos\/portada\/97296\" alt=\"\" width=\"569\" height=\"335\" \/><\/p>\n<p><strong>\u00a0EL CONJUNTO DE LA RED<\/strong><\/p>\n<p>2.1.- El conjunto de la red estar\u00e1 formado por la red, su suspensi\u00f3n y los soportes, incluyendo las fijaciones que los sujetan a la mesa.<\/p>\n<p>2.2.- La red estar\u00e1 suspendida de una cuerda sujeta en cada uno de sus extremos a un soporte vertical de 15,25 cm de altura; el l\u00edmite exterior de los soportes estar\u00e1 a 15,25 cm por fuera de las l\u00edneas laterales.<\/p>\n<p>2.3.- La parte superior de la red deber\u00e1 estar, en toda su longitud, a 15,25 cm sobre la superficie de juego.<\/p>\n<p>2.4.- La parte inferior de la red deber\u00e1 estar en toda su longitud lo m\u00e1s cerca posible de la superficie de juego, y los extremos de la red lo m\u00e1s cerca posible de los soportes.<\/p>\n<p><img loading=\"lazy\" decoding=\"async\" class=\"alignnone\" src=\"http:\/\/thumbs.dreamstime.com\/z\/red-para-el-ejemplo-del-vector-del-ping-pong-de-los-tenis-de-mesa-32005143.jpg\" alt=\"\" width=\"576\" height=\"302\" \/><\/p>\n<p><strong>\u00a0LA PELOTA<\/strong><\/p>\n<p>3.1.- La pelota ser\u00e1 esf\u00e9rica, con un di\u00e1metro de 40 mm. (A partir del 01\/10\/2000).<\/p>\n<p>3.2.- La pelota deber\u00e1 pesar 2,7 g. (A partir del 01\/10\/2000).<\/p>\n<p>3.3.- La pelota deber\u00e1 ser de celuloide o de un material pl\u00e1stico similar, blanca o naranja, y mate.<\/p>\n<p><img loading=\"lazy\" decoding=\"async\" class=\"alignnone\" src=\"http:\/\/www.vsport.es\/718-1052-large\/pelota-butterfly-pack-3-unidades.jpg\" alt=\"\" width=\"300\" height=\"300\" \/><\/p>\n<p><strong>\u00a0LA RAQUETA<\/strong><\/p>\n<p>4.1.- La raqueta puede ser de cualquier tama\u00f1o, forma o peso, pero la hoja deber\u00e1... ser plana y r\u00edgida.<\/p>\n<p>4.2.- \u00a0Como m\u00ednimo, el 85% del grosor de la hoja deber\u00e1 ser de madera natural; una capa adhesiva en el interior de la hoja puede ser reforzada con un material fibroso tal como fibra de carbono, fibra de vidrio o papel prensado, pero sin sobrepasar el 7,5% del grosor total \u00f3 0,35 mm, siempre la medida inferior.<\/p>\n<p>4.3.- \u00a0El lado de la hoja usado para golpear la pelota deber\u00e1 estar cubierto, bien con goma de picos normal con los picos hacia fuera y un grosor total no superior a 2 mm, incluido el adhesivo, o bien con goma sandwich con los picos hacia dentro o hacia fuera y un grosor total no superior a 4 mm, incluido el adhesivo.<\/p>\n<p>4.3.1.- \u00a0La goma de picos normal es una capa sencilla de goma no celular, natural o sint\u00e9tica, con picos distribuidos de manera uniforme por su superficie, con una densidad no inferior a 10 por cm2 ni superior a 50 por cm2.<\/p>\n<p>4.3.2 .- La goma sandwich es una capa sencilla de goma celular, cubierta exteriormente por una capa sencilla de goma de picos normal; el grosor de la goma de picos no debe sobrepasar los 2 mm.<\/p>\n<p>4.4.- El recubrimiento deber\u00e1 llegar hasta los l\u00edmites de la hoja, pero sin...\u00a0sobrepasarlos, si bien la parte m\u00e1s cercana al mango y que se sujeta con los dedos puede quedar al descubierto o cubrirse con cualquier material.<\/p>\n<p>4.5.- La hoja, cualquier capa en su interior y todo recubrimiento o capa adhesiva deber\u00e1n ser continuos y de grosor uniforme.<\/p>\n<p>4.6.- La superficie del recubrimiento de los lados de la hoja, o la de un lado si \u00e9ste queda sin cubrir, deber\u00e1 ser mate, de color rojo vivo por un lado y negro por el otro.<\/p>\n<p>4.7.- Se pueden permitir leves alteraciones en la continuidad de la superficie, o en la uniformidad del color, debidas a roturas accidentales o uso, siempre y cuando las caracter\u00edsticas de la superficie no sufran cambios significativos.<\/p>\n<p>4.8.- Al comienzo de un partido, y siempre que cambie de raqueta durante el mismo, un jugador deber\u00e1 mostrar a su contrincante y al \u00e1rbitro la raqueta que va a usar, y permitirles que la examinen.<\/p>\n<p><img loading=\"lazy\" decoding=\"async\" class=\"alignnone\" src=\"http:\/\/2.bp.blogspot.com\/-v9ukp0AU7H0\/UW4oEaPZfgI\/AAAAAAAAABU\/osw3_PVZZnA\/s1600\/RAQUETAS.jpg\" alt=\"\" width=\"355\" height=\"281\" \/><\/p>\n","protected":false},"excerpt":{"rendered":"<p>Para poder practicar este deporte, se necesitar\u00e1n 5 cosas esenciales: una raqueta, una pelota, una mesa especial de tenis de mesa, una red, y un espacio bastante amplio, para poder jugar sin problemas. Para estos instrumentos hay que tomar consideraciones que son las siguientes \u00a0LA MESA 1.1.- La superficie superior de la mesa, conocida como [&hellip;]<\/p>\n","protected":false},"author":9414,"featured_media":0,"parent":0,"menu_order":0,"comment_status":"open","ping_status":"open","template":"","meta":{"footnotes":""},"class_list":["post-26","page","type-page","status-publish","hentry"],"_links":{"self":[{"href":"https:\/\/blog.espol.edu.ec\/melindao\/wp-json\/wp\/v2\/pages\/26","targetHints":{"allow":["GET"]}}],"collection":[{"href":"https:\/\/blog.espol.edu.ec\/melindao\/wp-json\/wp\/v2\/pages"}],"about":[{"href":"https:\/\/blog.espol.edu.ec\/melindao\/wp-json\/wp\/v2\/types\/page"}],"author":[{"embeddable":true,"href":"https:\/\/blog.espol.edu.ec\/melindao\/wp-json\/wp\/v2\/users\/9414"}],"replies":[{"embeddable":true,"href":"https:\/\/blog.espol.edu.ec\/melindao\/wp-json\/wp\/v2\/comments?post=26"}],"version-history":[{"count":1,"href":"https:\/\/blog.espol.edu.ec\/melindao\/wp-json\/wp\/v2\/pages\/26\/revisions"}],"predecessor-version":[{"id":27,"href":"https:\/\/blog.espol.edu.ec\/melindao\/wp-json\/wp\/v2\/pages\/26\/revisions\/27"}],"wp:attachment":[{"href":"https:\/\/blog.espol.edu.ec\/melindao\/wp-json\/wp\/v2\/media?parent=26"}],"curies":[{"name":"wp","href":"https:\/\/api.w.org\/{rel}","templated":true}]}}