{"id":2,"date":"2011-06-09T17:24:02","date_gmt":"2011-06-09T17:24:02","guid":{"rendered":""},"modified":"2011-06-16T13:07:54","modified_gmt":"2011-06-16T18:07:54","slug":"yo0o","status":"publish","type":"page","link":"https:\/\/blog.espol.edu.ec\/mely\/yo0o\/","title":{"rendered":"MelYbUuUu"},"content":{"rendered":"<p>Nombre: Melina del Rocio Tomala Ajitimbay<\/p>\n<p>Edad: 19 a\u00f1os (en realidad 4 a\u00f1os)<\/p>\n<p>Fecha de Nacimiento: 29 de Febrero de 1992 (a\u00f1o bisiesto)<\/p>\n<p style=\"text-align: center\">\u00a0<\/p>\n<p style=\"text-align: center\"><a href=\"http:\/\/blog.espol.edu.ec\/mely\/files\/2011\/06\/DSC044142.jpg\"><img loading=\"lazy\" decoding=\"async\" class=\"aligncenter size-large wp-image-18\" title=\"yo\" src=\"http:\/\/blog.espol.edu.ec\/mely\/files\/2011\/06\/DSC044142-e1308246989464-1024x960.jpg\" alt=\"mely\" width=\"614\" height=\"576\" srcset=\"https:\/\/blog.espol.edu.ec\/mely\/files\/2011\/06\/DSC044142-e1308246989464-1024x960.jpg 1024w, https:\/\/blog.espol.edu.ec\/mely\/files\/2011\/06\/DSC044142-e1308246989464-300x281.jpg 300w\" sizes=\"auto, (max-width: 614px) 100vw, 614px\" \/><\/a><\/p>\n<p>\u00a0<\/p>\n<p style=\"text-align: right\"><a href=\"http:\/\/blog.espol.edu.ec\/mely\/files\/2011\/06\/DSC04688.jpg\"><img loading=\"lazy\" decoding=\"async\" class=\"alignnone size-medium wp-image-23\" title=\"hermanas\" src=\"http:\/\/blog.espol.edu.ec\/mely\/files\/2011\/06\/DSC04688-e1308247431664-225x300.jpg\" alt=\"mery\" width=\"225\" height=\"300\" srcset=\"https:\/\/blog.espol.edu.ec\/mely\/files\/2011\/06\/DSC04688-e1308247431664-225x300.jpg 225w, https:\/\/blog.espol.edu.ec\/mely\/files\/2011\/06\/DSC04688-e1308247431664-768x1024.jpg 768w, https:\/\/blog.espol.edu.ec\/mely\/files\/2011\/06\/DSC04688-e1308247431664.jpg 1944w\" sizes=\"auto, (max-width: 225px) 100vw, 225px\" \/><\/a>Familia compuesta por mama, papa, una hermanita menor y mi perro00<\/p>\n<p style=\"text-align: right\"><a href=\"http:\/\/blog.espol.edu.ec\/mely\/files\/2011\/06\/DSC049441.jpg\"><img loading=\"lazy\" decoding=\"async\" class=\"alignleft size-medium wp-image-21\" title=\"BALTO\" src=\"http:\/\/blog.espol.edu.ec\/mely\/files\/2011\/06\/DSC049441-e1308247243952-171x300.jpg\" alt=\"\" width=\"171\" height=\"300\" srcset=\"https:\/\/blog.espol.edu.ec\/mely\/files\/2011\/06\/DSC049441-e1308247243952-171x300.jpg 171w, https:\/\/blog.espol.edu.ec\/mely\/files\/2011\/06\/DSC049441-e1308247243952-586x1024.jpg 586w\" sizes=\"auto, (max-width: 171px) 100vw, 171px\" \/><\/a><\/p>\n<p style=\"text-align: right\">\u00a0<\/p>\n<p>\u00a0<\/p>\n<p>...Por ahora dedicada solo a mis estudios, sigo Ing. en Sistemas Computacionales en la ESPOL.<\/p>\n<p>No me gusta decir como me considero0o..<\/p>\n<p>La persona que me conoce sabra decir como soy<\/p>\n<p>No me gusta que me juzguen sin conocerme<\/p>\n<p>Entre mis hobbyes me encanta escuchar musica<\/p>\n<p>y navegar<\/p>\n","protected":false},"excerpt":{"rendered":"<p>Nombre: Melina del Rocio Tomala Ajitimbay Edad: 19 a\u00f1os (en realidad 4 a\u00f1os) Fecha de Nacimiento: 29 de Febrero de 1992 (a\u00f1o bisiesto) \u00a0 \u00a0 Familia compuesta por mama, papa, una hermanita menor y mi perro00 \u00a0 \u00a0 ...Por ahora dedicada solo a mis estudios, sigo Ing. en Sistemas Computacionales en la ESPOL. No me [&hellip;]<\/p>\n","protected":false},"author":6359,"featured_media":0,"parent":0,"menu_order":0,"comment_status":"open","ping_status":"open","template":"","meta":{"footnotes":""},"class_list":["post-2","page","type-page","status-publish","hentry"],"_links":{"self":[{"href":"https:\/\/blog.espol.edu.ec\/mely\/wp-json\/wp\/v2\/pages\/2","targetHints":{"allow":["GET"]}}],"collection":[{"href":"https:\/\/blog.espol.edu.ec\/mely\/wp-json\/wp\/v2\/pages"}],"about":[{"href":"https:\/\/blog.espol.edu.ec\/mely\/wp-json\/wp\/v2\/types\/page"}],"author":[{"embeddable":true,"href":"https:\/\/blog.espol.edu.ec\/mely\/wp-json\/wp\/v2\/users\/6359"}],"replies":[{"embeddable":true,"href":"https:\/\/blog.espol.edu.ec\/mely\/wp-json\/wp\/v2\/comments?post=2"}],"version-history":[{"count":4,"href":"https:\/\/blog.espol.edu.ec\/mely\/wp-json\/wp\/v2\/pages\/2\/revisions"}],"predecessor-version":[{"id":11,"href":"https:\/\/blog.espol.edu.ec\/mely\/wp-json\/wp\/v2\/pages\/2\/revisions\/11"}],"wp:attachment":[{"href":"https:\/\/blog.espol.edu.ec\/mely\/wp-json\/wp\/v2\/media?parent=2"}],"curies":[{"name":"wp","href":"https:\/\/api.w.org\/{rel}","templated":true}]}}