{"id":30,"date":"2014-11-04T22:32:56","date_gmt":"2014-11-04T22:32:56","guid":{"rendered":"http:\/\/blog.espol.edu.ec\/mepongui\/?page_id=30"},"modified":"2014-11-04T22:37:03","modified_gmt":"2014-11-04T22:37:03","slug":"the-hunger-games","status":"publish","type":"page","link":"https:\/\/blog.espol.edu.ec\/mepongui\/the-hunger-games\/","title":{"rendered":"The Hunger Games"},"content":{"rendered":"<p><a href=\"http:\/\/blog.espol.edu.ec\/mepongui\/files\/2014\/11\/The-Hunger-Games-\u0e40\u0e01\u0e21\u0e25\u0e48\u0e32\u0e40\u0e01\u0e21.jpg\"><img loading=\"lazy\" decoding=\"async\" class=\"alignnone size-medium wp-image-32\" src=\"http:\/\/blog.espol.edu.ec\/mepongui\/files\/2014\/11\/The-Hunger-Games-\u0e40\u0e01\u0e21\u0e25\u0e48\u0e32\u0e40\u0e01\u0e21-202x300.jpg\" alt=\"The-Hunger-Games-\u0e40\u0e01\u0e21\u0e25\u0e48\u0e32\u0e40\u0e01\u0e21\" width=\"202\" height=\"300\" srcset=\"https:\/\/blog.espol.edu.ec\/mepongui\/files\/2014\/11\/The-Hunger-Games-\u0e40\u0e01\u0e21\u0e25\u0e48\u0e32\u0e40\u0e01\u0e21-202x300.jpg 202w, https:\/\/blog.espol.edu.ec\/mepongui\/files\/2014\/11\/The-Hunger-Games-\u0e40\u0e01\u0e21\u0e25\u0e48\u0e32\u0e40\u0e01\u0e21-691x1024.jpg 691w, https:\/\/blog.espol.edu.ec\/mepongui\/files\/2014\/11\/The-Hunger-Games-\u0e40\u0e01\u0e21\u0e25\u0e48\u0e32\u0e40\u0e01\u0e21.jpg 1688w\" sizes=\"auto, (max-width: 202px) 100vw, 202px\" \/><\/a><\/p>\n<p>Los<a title=\"Juegos del Hambre\" href=\"http:\/\/http:\/\/es.wikipedia.org\/wiki\/Los_juegos_del_hambre_(pel%C3%ADcula)\" target=\"_blank\"> Juegos del Hambre<\/a> es una pel\u00edcula de ciencia ficci\u00f3n, acci\u00f3n y drama. Dirigida por Gary Ross y basada en la novela best-seller del mismo nombre de Suzanne Collins. Est\u00e1 protagonizada por Jennifer Lawrence, Josh Hutcherson, Elizabeth Banks, Liam Hemsworth y Woody Harrelson. Fue estrenada el 21 de marzo de 2012 en Francia y otros pa\u00edses, en las Filipinas el 22 de marzo y en los Estados Unidos su estreno fue el 23 de marzo de 2012, al igual que en gran parte de Latinoam\u00e9rica en los cines convencionales y IMAX. En Espa\u00f1a se estren\u00f3 el 20 de abril de 2012.<\/p>\n","protected":false},"excerpt":{"rendered":"<p>Los Juegos del Hambre es una pel\u00edcula de ciencia ficci\u00f3n, acci\u00f3n y drama. Dirigida por Gary Ross y basada en la novela best-seller del mismo nombre de Suzanne Collins. Est\u00e1 protagonizada por Jennifer Lawrence, Josh Hutcherson, Elizabeth Banks, Liam Hemsworth y Woody Harrelson. Fue estrenada el 21 de marzo de 2012 en Francia y otros &hellip; <\/p>\n<p><a class=\"more-link btn\" href=\"https:\/\/blog.espol.edu.ec\/mepongui\/the-hunger-games\/\">Seguir leyendo<\/a><\/p>\n","protected":false},"author":9352,"featured_media":0,"parent":0,"menu_order":0,"comment_status":"open","ping_status":"open","template":"","meta":{"footnotes":""},"class_list":["post-30","page","type-page","status-publish","hentry","nodate","item-wrap"],"_links":{"self":[{"href":"https:\/\/blog.espol.edu.ec\/mepongui\/wp-json\/wp\/v2\/pages\/30","targetHints":{"allow":["GET"]}}],"collection":[{"href":"https:\/\/blog.espol.edu.ec\/mepongui\/wp-json\/wp\/v2\/pages"}],"about":[{"href":"https:\/\/blog.espol.edu.ec\/mepongui\/wp-json\/wp\/v2\/types\/page"}],"author":[{"embeddable":true,"href":"https:\/\/blog.espol.edu.ec\/mepongui\/wp-json\/wp\/v2\/users\/9352"}],"replies":[{"embeddable":true,"href":"https:\/\/blog.espol.edu.ec\/mepongui\/wp-json\/wp\/v2\/comments?post=30"}],"version-history":[{"count":4,"href":"https:\/\/blog.espol.edu.ec\/mepongui\/wp-json\/wp\/v2\/pages\/30\/revisions"}],"predecessor-version":[{"id":35,"href":"https:\/\/blog.espol.edu.ec\/mepongui\/wp-json\/wp\/v2\/pages\/30\/revisions\/35"}],"wp:attachment":[{"href":"https:\/\/blog.espol.edu.ec\/mepongui\/wp-json\/wp\/v2\/media?parent=30"}],"curies":[{"name":"wp","href":"https:\/\/api.w.org\/{rel}","templated":true}]}}