{"id":36,"date":"2014-11-04T22:43:41","date_gmt":"2014-11-04T22:43:41","guid":{"rendered":"http:\/\/blog.espol.edu.ec\/mepongui\/?page_id=36"},"modified":"2014-11-04T22:43:41","modified_gmt":"2014-11-04T22:43:41","slug":"the-hunger-games-catching-fire","status":"publish","type":"page","link":"https:\/\/blog.espol.edu.ec\/mepongui\/the-hunger-games-catching-fire\/","title":{"rendered":"The Hunger Games: Catching Fire"},"content":{"rendered":"<div id=\"attachment_37\" style=\"width: 202px\" class=\"wp-caption alignnone\"><a href=\"http:\/\/blog.espol.edu.ec\/mepongui\/files\/2014\/11\/the-hunger-games-catching-fire-movie-poster-1.jpg\"><img loading=\"lazy\" decoding=\"async\" aria-describedby=\"caption-attachment-37\" src=\"http:\/\/blog.espol.edu.ec\/mepongui\/files\/2014\/11\/the-hunger-games-catching-fire-movie-poster-1-202x300.jpg\" alt=\"los juegos del hambre: En   Llamas\" width=\"202\" height=\"300\" class=\"size-medium wp-image-37\" srcset=\"https:\/\/blog.espol.edu.ec\/mepongui\/files\/2014\/11\/the-hunger-games-catching-fire-movie-poster-1-202x300.jpg 202w, https:\/\/blog.espol.edu.ec\/mepongui\/files\/2014\/11\/the-hunger-games-catching-fire-movie-poster-1-691x1024.jpg 691w, https:\/\/blog.espol.edu.ec\/mepongui\/files\/2014\/11\/the-hunger-games-catching-fire-movie-poster-1.jpg 1280w\" sizes=\"auto, (max-width: 202px) 100vw, 202px\" \/><\/a><p id=\"caption-attachment-37\" class=\"wp-caption-text\">los juegos del hambre: En   Llamas<\/p><\/div>\n<p>Los juegos del hambre: en llamas. Es el segundo largometraje de la saga de Los juegos del hambre de la escritora estadounidense Suzanne Collins. El mismo se estren\u00f3 el 22 de noviembre de 2013. La direcci\u00f3n qued\u00f3 en manos de Francis Lawrence, luego de que Gary Ross (director del largometraje anterior) rechazara la oferta. Producida por Nina Jacobson y Jon Kilik, mientras que los guiones estuvieron a cargo de Simon Beaufoy y Michael Arndt.<\/p>\n<p>Katniss (Jennifer Lawrence) regresa a su vida en el distrito 12 antes de ser enviada en un viaje \"triunfal\" a lo largo de los distritos tiempo despu\u00e9s del fin de los 74 juegos del hambre, lidiando con su novio Gale (Liam Hemsworth), a quien le perjura que todo ha sido una farsa y no siente nada por Peeta, su compa\u00f1ero de los juegos del hambre.<br \/>\nAl proponer un pacto suicida, la pareja de sobrevivientes despertaron la animosidad del presidente Snow (Donald Sutherland), que gobierna con mano de hierro el Capitolio y que  sabe que Katniss minti\u00f3 al ver una proyecci\u00f3n de ella y Gale bes\u00e1ndose.<br \/>\nPeeta (Josh Hutcherson) no ha hablado con ella apenas en los meses que estuvieron de regreso, as\u00ed que incorporarse a la vida de una farsa que tendr\u00e1n que llevar el resto de sus vidas para salvar a sus seres queridos, son producto de la amenaza directa de Snow a Katniss que se da cuenta del descontento de la gente que la ve como un s\u00edmbolo de resistencia.<br \/>\nEl presidente Snow necesita de una manera de deshacerse de Katniss, as\u00ed que el nuevo jefe de seguridad Plutarch Heavensbee (Philip Seymour Hoffman) le sugiere instaurar un nuevo concurso de los juegos del hambre, pero ahora compuesto exclusivamente de los l\u00edderes y ganadores de los anteriores concursos.<br \/>\nPlutarch le propone que esa ser\u00e1 la manera en que lograr\u00e1 que ella, al acabar con la vida de sus compa\u00f1eros, pierda apoyo popular, aunque casi inmediatamente sabemos que el jefe de seguridad tiene otros objetivos pues habla con Katniss intentado que ella comprenda algo.<br \/>\nMientras tanto, la represi\u00f3n crece a lo largo de los distritos que son brutalmente reprimidos en televisi\u00f3n nacional, Katniss y Peeta debieran hacer aliados entre los profesionales si es que quieren sobrevivir a una prueba, aparentemente hecha para que ella en especial, sea destruida.<\/p>\n","protected":false},"excerpt":{"rendered":"<p>Los juegos del hambre: en llamas. Es el segundo largometraje de la saga de Los juegos del hambre de la escritora estadounidense Suzanne Collins. El mismo se estren\u00f3 el 22 de noviembre de 2013. La direcci\u00f3n qued\u00f3 en manos de Francis Lawrence, luego de que Gary Ross (director del largometraje anterior) rechazara la oferta. Producida &hellip; <\/p>\n<p><a class=\"more-link btn\" href=\"https:\/\/blog.espol.edu.ec\/mepongui\/the-hunger-games-catching-fire\/\">Seguir leyendo<\/a><\/p>\n","protected":false},"author":9352,"featured_media":0,"parent":0,"menu_order":0,"comment_status":"open","ping_status":"open","template":"","meta":{"footnotes":""},"class_list":["post-36","page","type-page","status-publish","hentry","nodate","item-wrap"],"_links":{"self":[{"href":"https:\/\/blog.espol.edu.ec\/mepongui\/wp-json\/wp\/v2\/pages\/36","targetHints":{"allow":["GET"]}}],"collection":[{"href":"https:\/\/blog.espol.edu.ec\/mepongui\/wp-json\/wp\/v2\/pages"}],"about":[{"href":"https:\/\/blog.espol.edu.ec\/mepongui\/wp-json\/wp\/v2\/types\/page"}],"author":[{"embeddable":true,"href":"https:\/\/blog.espol.edu.ec\/mepongui\/wp-json\/wp\/v2\/users\/9352"}],"replies":[{"embeddable":true,"href":"https:\/\/blog.espol.edu.ec\/mepongui\/wp-json\/wp\/v2\/comments?post=36"}],"version-history":[{"count":1,"href":"https:\/\/blog.espol.edu.ec\/mepongui\/wp-json\/wp\/v2\/pages\/36\/revisions"}],"predecessor-version":[{"id":38,"href":"https:\/\/blog.espol.edu.ec\/mepongui\/wp-json\/wp\/v2\/pages\/36\/revisions\/38"}],"wp:attachment":[{"href":"https:\/\/blog.espol.edu.ec\/mepongui\/wp-json\/wp\/v2\/media?parent=36"}],"curies":[{"name":"wp","href":"https:\/\/api.w.org\/{rel}","templated":true}]}}