{"id":42,"date":"2016-11-14T01:22:39","date_gmt":"2016-11-14T01:22:39","guid":{"rendered":"http:\/\/blog.espol.edu.ec\/mfanazco\/?page_id=42"},"modified":"2016-11-14T17:32:40","modified_gmt":"2016-11-14T17:32:40","slug":"postres","status":"publish","type":"page","link":"https:\/\/blog.espol.edu.ec\/mfanazco\/postres\/","title":{"rendered":"POSTRES"},"content":{"rendered":"<p><img loading=\"lazy\" decoding=\"async\" class=\"size-medium wp-image-43 alignleft\" src=\"http:\/\/blog.espol.edu.ec\/mfanazco\/files\/2016\/11\/4-1-198x300.jpg\" alt=\"4\" width=\"198\" height=\"300\" srcset=\"https:\/\/blog.espol.edu.ec\/mfanazco\/files\/2016\/11\/4-1-198x300.jpg 198w, https:\/\/blog.espol.edu.ec\/mfanazco\/files\/2016\/11\/4-1-768x1166.jpg 768w, https:\/\/blog.espol.edu.ec\/mfanazco\/files\/2016\/11\/4-1-674x1024.jpg 674w, https:\/\/blog.espol.edu.ec\/mfanazco\/files\/2016\/11\/4-1.jpg 1778w\" sizes=\"auto, (max-width: 198px) 100vw, 198px\" \/><\/p>\n<p>El <b>postre<\/b> es el plato de sabor dulce\u00a0o agridulce que se toma al final de la comida. Cuando se habla de postres se entiende alguna preparaci\u00f3n dulce, bien sean cremas, tartas, pasteles, helados, bombones, etc. Por extensi\u00f3n se denomina postre a cualquier comida dulce incluso si su objetivo no es ser ingerido al final de la comida. Algunos ejemplos son las galletas.<\/p>\n<p>Los postres han sido siempre el broche de oro de una comida. Un buen postre, resaltar\u00e1 la satisfacci\u00f3n de los alimentos anteriores. En muchos casos se planean como una agradable sorpresa, pero realmente constituyen tambi\u00e9n un complemento importante al aporte de nutrientes en la alimentaci\u00f3n diaria. Contienen elementos nutritivos como frutas, leches, huevos y elementos energ\u00e9ticos como az\u00facares y grasas. Son los postres los que endulzan la vida si se consumen con moderaci\u00f3n. Hay postres que se preparan al momento o con anticipaci\u00f3n, con el fin de agradar al paladar ya que existen postres en todas las temperaturas y texturas (al tiempo, calientes, fr\u00edos, helados y mixtos).<\/p>\n<p>Importante es considerar en estos d\u00edas que los postres son de gran aportaci\u00f3n cal\u00f3rica y energ\u00e9tica por lo que tambi\u00e9n se han dise\u00f1ado en la actualidad gran variedad de postres que han logrado cambiar ingredientes por algunos con menos riesgos para la salud, ejemplo de ello son los que incluyen menos grasas, o bien frutas\u00a0naturales, ingredientes sin refinar o az\u00facares sustitutas para evitar enfermedades como la diabetes.<\/p>\n<p>&nbsp;<\/p>\n<p><em><strong>Como ejemplo un postre de lim\u00f3n, f\u00e1cil de preparar.<\/strong><\/em><\/p>\n<p><a href=\"https:\/\/www.youtube.com\/watch?v=zfTbsQT-Axo%20\">watch?v=zfTbsQT-Axo%20<\/a><\/p>\n<form id=\"vozme_form_a6d70fcf1d8df252965e8f7671e74e90\" method=\"post\" name=\"vozme_form_a6d70fcf1d8df252965e8f7671e74e90\" target=\"a6d70fcf1d8df252965e8f7671e74e90\" action=\"http:\/\/vozme.com\/text2voice.php\"><input name=\"text\" type=\"hidden\" value=\"POSTRES. \nEl postre es el plato de sabor dulce\u00a0o agridulce que se toma al final de la comida. Cuando se habla de postres se entiende alguna preparaci\u00f3n dulce, bien sean cremas, tartas, pasteles, helados, bombones, etc. Por extensi\u00f3n se denomina postre a cualquier comida dulce incluso si su objetivo no es ser ingerido al final de la comida. Algunos ejemplos son las galletas.\nLos postres han sido siempre el broche de oro de una comida. Un buen postre, resaltar\u00e1 la satisfacci\u00f3n de los alimentos anteriores. En muchos casos se planean como una agradable sorpresa, pero realmente constituyen tambi\u00e9n un complemento importante al aporte de nutrientes en la alimentaci\u00f3n diaria. Contienen elementos nutritivos como frutas, leches, huevos y elementos energ\u00e9ticos como az\u00facares y grasas. Son los postres los que endulzan la vida si se consumen con moderaci\u00f3n. Hay postres que se preparan al momento o con anticipaci\u00f3n, con el fin de agradar al paladar ya que existen postres en todas las temperaturas y texturas (al tiempo, calientes, fr\u00edos, helados y mixtos).\nImportante es considerar en estos d\u00edas que los postres son de gran aportaci\u00f3n cal\u00f3rica y energ\u00e9tica por lo que tambi\u00e9n se han dise\u00f1ado en la actualidad gran variedad de postres que han logrado cambiar ingredientes por algunos con menos riesgos para la salud, ejemplo de ello son los que incluyen menos grasas, o bien frutas\u00a0naturales, ingredientes sin refinar o az\u00facares sustitutas para evitar enfermedades como la diabetes.\n&nbsp;\nComo ejemplo un postre de lim\u00f3n, f\u00e1cil de preparar.\nwatch?v=zfTbsQT-Axo%20\n\" \/><input name=\"lang\" type=\"hidden\" value=\"en\" \/><input name=\"gn\" type=\"hidden\" value=\"ml\" \/><input type=\"hidden\" id=\"interface\" name=\"interface\" value=\"full\" \/>\n\t\t\t<div style=\"margin-left:40%;\">\n\t\t\t\n\t\t\t\t<input style=\"float:left;\" type=\"image\" width=\"40\" height=\"40\" src=\"http:\/\/blog.espol.edu.ec\/mfanazco\/wp-content\/plugins\/vozme\/img\/megaphone40x40w.gif\" alt=\"Hear this post\" onclick=\"window.open('', 'a6d70fcf1d8df252965e8f7671e74e90', 'width=600,height=370,scrollbars=yes,location=yes,menubar=yes,resizable=yes,status=yes,toolbar=yes');\">\n\t\t\t\t<div style=\"margin-left:48px; text-align:left;\"><a style=\"font-size:12px;\" href=\"javascript:void(0);\" onclick=\"window.open('', 'a6d70fcf1d8df252965e8f7671e74e90', 'width=600,height=370,scrollbars=yes,location=yes,menubar=yes,resizable=yes,status=yes,toolbar=yes'); document.getElementById('vozme_form_a6d70fcf1d8df252965e8f7671e74e90').submit();\">Hear<br\/>this post<\/a><\/div>\n\t\t\t<\/div><\/form>","protected":false},"excerpt":{"rendered":"<p>El postre es el plato de sabor dulce\u00a0o agridulce que se toma al final de la comida. Cuando se habla de postres se entiende alguna preparaci\u00f3n dulce, bien sean cremas, tartas, pasteles, helados, bombones, etc. Por extensi\u00f3n se denomina postre a cualquier comida dulce incluso si su objetivo no es ser ingerido al final de la comida. Algunos ejemplos son<br \/><span class=\"read_more\"><a href=\"https:\/\/blog.espol.edu.ec\/mfanazco\/postres\/\">Read more...<\/a><\/span><\/p>\n","protected":false},"author":10644,"featured_media":0,"parent":0,"menu_order":0,"comment_status":"closed","ping_status":"closed","template":"","meta":{"footnotes":""},"class_list":["post-42","page","type-page","status-publish","hentry"],"_links":{"self":[{"href":"https:\/\/blog.espol.edu.ec\/mfanazco\/wp-json\/wp\/v2\/pages\/42","targetHints":{"allow":["GET"]}}],"collection":[{"href":"https:\/\/blog.espol.edu.ec\/mfanazco\/wp-json\/wp\/v2\/pages"}],"about":[{"href":"https:\/\/blog.espol.edu.ec\/mfanazco\/wp-json\/wp\/v2\/types\/page"}],"author":[{"embeddable":true,"href":"https:\/\/blog.espol.edu.ec\/mfanazco\/wp-json\/wp\/v2\/users\/10644"}],"replies":[{"embeddable":true,"href":"https:\/\/blog.espol.edu.ec\/mfanazco\/wp-json\/wp\/v2\/comments?post=42"}],"version-history":[{"count":2,"href":"https:\/\/blog.espol.edu.ec\/mfanazco\/wp-json\/wp\/v2\/pages\/42\/revisions"}],"predecessor-version":[{"id":45,"href":"https:\/\/blog.espol.edu.ec\/mfanazco\/wp-json\/wp\/v2\/pages\/42\/revisions\/45"}],"wp:attachment":[{"href":"https:\/\/blog.espol.edu.ec\/mfanazco\/wp-json\/wp\/v2\/media?parent=42"}],"curies":[{"name":"wp","href":"https:\/\/api.w.org\/{rel}","templated":true}]}}