{"id":4,"date":"2009-01-04T15:41:48","date_gmt":"2009-01-04T20:41:48","guid":{"rendered":"http:\/\/blog.espol.edu.ec\/mfjimene\/?page_id=4"},"modified":"2009-01-04T15:41:48","modified_gmt":"2009-01-04T20:41:48","slug":"maravillas-naturales-ecuador","status":"publish","type":"page","link":"https:\/\/blog.espol.edu.ec\/mfjimene\/maravillas-naturales-ecuador\/","title":{"rendered":"Maravillas Naturales Ecuador"},"content":{"rendered":"<p align=\"center\"><span style=\"font-size: small;color: #000066;font-family: Verdana,Tahoma,Arial,Helvetica,Sans-serif,sans-serif\"><strong><em><\/em><\/strong><\/span><\/p>\n<p align=\"center\"><span style=\"font-size: small;color: #000066;font-family: Verdana,Tahoma,Arial,Helvetica,Sans-serif,sans-serif\"><strong><em>PAISAJES<\/em><\/strong><\/span><\/p>\n<p align=\"center\"><span style=\"font-size: small;color: #000066;font-family: Verdana,Tahoma,Arial,Helvetica,Sans-serif,sans-serif\"><strong><em><\/em><\/strong><\/span><\/p>\n<p style=\"text-align: left\"><span style=\"font-size: small;color: #000066;font-family: Verdana,Tahoma,Arial,Helvetica,Sans-serif,sans-serif\"><strong><em>CASCADA DE \"PEGUCHE\"<\/em><\/strong><\/span><\/p>\n<p align=\"justify\"><span>Situada al extremo nororiental de la ciudad de Otavalo, junto a la poblaci\u00f3n ind\u00edgena del mismo nombre a 3 Kms de Otavalo, es un hermoso salto de agua de 18 m de altura, est\u00e1 formado por aguas del r\u00edo Peguche que nace en el lago San Pablo, luego del salto el r\u00edo cambia de nombre a Jatun Yacu (agua grande). Es muy visitada y apreciada por el habitante del pa\u00eds m\u00e1s lejano. Es un paraje de ensue\u00f1o. <\/span><\/p>\n<p align=\"justify\">\u00a0<\/p>\n<div id=\"attachment_6\" style=\"width: 228px\" class=\"wp-caption aligncenter\"><a href=\"http:\/\/blog.espol.edu.ec\/mfjimene\/files\/2009\/01\/peguche41.jpg\"><img loading=\"lazy\" decoding=\"async\" aria-describedby=\"caption-attachment-6\" class=\"size-medium wp-image-6\" src=\"http:\/\/blog.espol.edu.ec\/mfjimene\/files\/2009\/01\/peguche41-218x300.jpg\" alt=\"CASCADA PEGUCHE\" width=\"218\" height=\"300\" \/><\/a><p id=\"caption-attachment-6\" class=\"wp-caption-text\">CASCADA PEGUCHE<\/p><\/div>\n<p style=\"text-align: center\">\u00a0<\/p>\n<p style=\"text-align: center\">\u00a0<strong><em><span style=\"font-size: small;color: #000066\">COTOPAXI \"LA MONTA\u00d1A DE LUZ\"<\/span><\/em><\/strong><\/p>\n<p style=\"text-align: left\"><span style=\"font-size: x-small\">Una de las cimas de los Andes, es la del Cotopaxi; cono perfecto que, vestido de una enorme capa de nieve, brilla a la puesta del sol y se destaca pintorescamente.<\/span><\/p>\n<p style=\"text-align: left\"><span style=\"font-size: x-small;font-family: Arial\">El Cotopaxi es la segunda cumbre m\u00e1s alta del Ecuador.\u00a0 Levanta su estructura sobre la Cordillera Real, en el extremo occidental del nudo de Tiopullo. Su priviligiada posici\u00f3n en el coraz\u00f3n de la serran\u00eda ecuatoriana, han hecho de \u00e9sta la m\u00e1s conocida y visitada de las monta\u00f1as ecuatorianas.<\/span><\/p>\n<div id=\"attachment_8\" style=\"width: 310px\" class=\"wp-caption aligncenter\"><a href=\"http:\/\/blog.espol.edu.ec\/mfjimene\/files\/2009\/01\/ecuador_volcan_cotopaxi.jpg\"><img loading=\"lazy\" decoding=\"async\" aria-describedby=\"caption-attachment-8\" class=\"size-medium wp-image-8 \" src=\"http:\/\/blog.espol.edu.ec\/mfjimene\/files\/2009\/01\/ecuador_volcan_cotopaxi-300x204.jpg\" alt=\"\" width=\"300\" height=\"204\" \/><\/a><p id=\"caption-attachment-8\" class=\"wp-caption-text\">volcan cotopaxi<\/p><\/div>\n<div class=\"mceTemp mceIEcenter\">\n<div id=\"attachment_9\" style=\"width: 310px\" class=\"wp-caption alignnone\"><a href=\"http:\/\/blog.espol.edu.ec\/mfjimene\/files\/2009\/01\/cotopaxi.jpg\"><img loading=\"lazy\" decoding=\"async\" aria-describedby=\"caption-attachment-9\" class=\"size-medium wp-image-9\" src=\"http:\/\/blog.espol.edu.ec\/mfjimene\/files\/2009\/01\/cotopaxi-300x203.jpg\" alt=\"Cotopaxi\" width=\"300\" height=\"203\" \/><\/a><p id=\"caption-attachment-9\" class=\"wp-caption-text\">Cotopaxi<\/p><\/div>\n<\/div>\n<p>\u00a0<\/p>\n<p style=\"text-align: center\"><strong><em><span style=\"font-size: small;color: #000066\">CHIMBORAZO <\/span><\/em><\/strong><\/p>\n<p style=\"text-align: left\">El punto del planeta m\u00e1s cercano al sol, por muchos a\u00f1os considerada la monta\u00f1a m\u00e1s alta del planeta<\/p>\n<div id=\"attachment_11\" style=\"width: 310px\" class=\"wp-caption aligncenter\"><a href=\"http:\/\/blog.espol.edu.ec\/mfjimene\/files\/2009\/01\/423865180_4e5f2cccf8_o.jpg\"><img loading=\"lazy\" decoding=\"async\" aria-describedby=\"caption-attachment-11\" class=\"size-medium wp-image-11\" src=\"http:\/\/blog.espol.edu.ec\/mfjimene\/files\/2009\/01\/423865180_4e5f2cccf8_o-300x248.jpg\" alt=\"El Chimborazo\" width=\"300\" height=\"248\" \/><\/a><p id=\"caption-attachment-11\" class=\"wp-caption-text\">El Chimborazo<\/p><\/div>\n<div><strong><em><\/em><\/strong><\/div>\n<div><strong><em><\/em><\/strong><\/div>\n<div><strong><em><\/em><\/strong><\/div>\n<p><strong><em><span style=\"font-size: small;color: #000066\"><\/p>\n<div id=\"attachment_12\" style=\"width: 280px\" class=\"wp-caption aligncenter\"><a href=\"http:\/\/blog.espol.edu.ec\/mfjimene\/files\/2009\/01\/0804.gif\"><img loading=\"lazy\" decoding=\"async\" aria-describedby=\"caption-attachment-12\" class=\"size-medium wp-image-12\" src=\"http:\/\/blog.espol.edu.ec\/mfjimene\/files\/2009\/01\/0804.gif\" alt=\"chimborazo\" width=\"270\" height=\"246\" \/><\/a><p id=\"caption-attachment-12\" class=\"wp-caption-text\">chimborazo<\/p><\/div>\n<div><strong><em><span style=\"font-size: small;color: #000066\">\u00a0<\/span><\/em><\/strong><\/div>\n<div><strong><em><span style=\"font-size: small;color: #000066\">\u00a0<\/span><\/em><\/strong><\/div>\n<div><strong><em><span style=\"font-size: small;color: #000066\">\u00a0<\/span><\/em><\/strong><\/div>\n<p><strong><em><span style=\"font-size: small;color: #000066\">\u00a0<\/p>\n<p>\u00a0<\/p>\n<p><\/span><\/em><\/strong><\/span><\/em><\/strong><\/p>\n","protected":false},"excerpt":{"rendered":"<p>PAISAJES CASCADA DE \"PEGUCHE\" Situada al extremo nororiental de la ciudad de Otavalo, junto a la poblaci\u00f3n ind\u00edgena del mismo nombre a 3 Kms de Otavalo, es un hermoso salto de agua de 18 m de altura, est\u00e1 formado por aguas del r\u00edo Peguche que nace en el lago San Pablo, luego del salto el [&hellip;]<\/p>\n","protected":false},"author":953,"featured_media":0,"parent":0,"menu_order":0,"comment_status":"open","ping_status":"open","template":"","meta":{"footnotes":""},"class_list":["post-4","page","type-page","status-publish","hentry"],"_links":{"self":[{"href":"https:\/\/blog.espol.edu.ec\/mfjimene\/wp-json\/wp\/v2\/pages\/4","targetHints":{"allow":["GET"]}}],"collection":[{"href":"https:\/\/blog.espol.edu.ec\/mfjimene\/wp-json\/wp\/v2\/pages"}],"about":[{"href":"https:\/\/blog.espol.edu.ec\/mfjimene\/wp-json\/wp\/v2\/types\/page"}],"author":[{"embeddable":true,"href":"https:\/\/blog.espol.edu.ec\/mfjimene\/wp-json\/wp\/v2\/users\/953"}],"replies":[{"embeddable":true,"href":"https:\/\/blog.espol.edu.ec\/mfjimene\/wp-json\/wp\/v2\/comments?post=4"}],"version-history":[{"count":5,"href":"https:\/\/blog.espol.edu.ec\/mfjimene\/wp-json\/wp\/v2\/pages\/4\/revisions"}],"predecessor-version":[{"id":73,"href":"https:\/\/blog.espol.edu.ec\/mfjimene\/wp-json\/wp\/v2\/pages\/4\/revisions\/73"}],"wp:attachment":[{"href":"https:\/\/blog.espol.edu.ec\/mfjimene\/wp-json\/wp\/v2\/media?parent=4"}],"curies":[{"name":"wp","href":"https:\/\/api.w.org\/{rel}","templated":true}]}}