{"id":58,"date":"2015-06-01T03:30:01","date_gmt":"2015-06-01T03:30:01","guid":{"rendered":"http:\/\/blog.espol.edu.ec\/mgmartin\/?page_id=58"},"modified":"2015-06-01T03:30:01","modified_gmt":"2015-06-01T03:30:01","slug":"bienvenidos-al-fin-del-guayas-puerto-el-morro","status":"publish","type":"page","link":"https:\/\/blog.espol.edu.ec\/mgmartin\/bienvenidos-al-fin-del-guayas-puerto-el-morro\/","title":{"rendered":"Bienvenidos al Fin del Guayas \"Puerto el Morro\""},"content":{"rendered":"<p>Con esto hago alusi\u00f3n al llamativo nombre que se encuentra entrando a Puerto El Morro, me parece lindo decir <span style=\"color: #800080\">\"Vivo en el fin de Guayas\"<\/span><\/p>\n<p>Puerto El Morro, ubicado a 44 kil\u00f3metros de Guayaquil y 11 km del cant\u00f3n Playas, se destaca su fortalecimiento del Turismo Comunitario, donde dos clubes y dos operadoras (Ecoclub Los Delfines y Asociaci\u00f3n Fragatas y Delfines)(Ecuamorro Tours y Puerto El Morro Tours) promocionan los paseos tur\u00edsticos en lanchas a motor por el canal de El Morro hasta llegar a la Isla de los P\u00e1jaros, y realizar el avistamiento de delfines nariz de Botella.<\/p>\n","protected":false},"excerpt":{"rendered":"<p>Con esto hago alusi\u00f3n al llamativo nombre que se encuentra entrando a Puerto El Morro, me parece lindo decir \"Vivo en el fin de Guayas\" Puerto El Morro, ubicado a 44 kil\u00f3metros de Guayaquil y 11 km del cant\u00f3n Playas, &hellip; <a href=\"https:\/\/blog.espol.edu.ec\/mgmartin\/bienvenidos-al-fin-del-guayas-puerto-el-morro\/\">Sigue leyendo <span class=\"meta-nav\">&rarr;<\/span><\/a><\/p>\n","protected":false},"author":9647,"featured_media":59,"parent":0,"menu_order":0,"comment_status":"open","ping_status":"open","template":"","meta":{"footnotes":""},"class_list":["post-58","page","type-page","status-publish","has-post-thumbnail","hentry"],"_links":{"self":[{"href":"https:\/\/blog.espol.edu.ec\/mgmartin\/wp-json\/wp\/v2\/pages\/58","targetHints":{"allow":["GET"]}}],"collection":[{"href":"https:\/\/blog.espol.edu.ec\/mgmartin\/wp-json\/wp\/v2\/pages"}],"about":[{"href":"https:\/\/blog.espol.edu.ec\/mgmartin\/wp-json\/wp\/v2\/types\/page"}],"author":[{"embeddable":true,"href":"https:\/\/blog.espol.edu.ec\/mgmartin\/wp-json\/wp\/v2\/users\/9647"}],"replies":[{"embeddable":true,"href":"https:\/\/blog.espol.edu.ec\/mgmartin\/wp-json\/wp\/v2\/comments?post=58"}],"version-history":[{"count":1,"href":"https:\/\/blog.espol.edu.ec\/mgmartin\/wp-json\/wp\/v2\/pages\/58\/revisions"}],"predecessor-version":[{"id":60,"href":"https:\/\/blog.espol.edu.ec\/mgmartin\/wp-json\/wp\/v2\/pages\/58\/revisions\/60"}],"wp:featuredmedia":[{"embeddable":true,"href":"https:\/\/blog.espol.edu.ec\/mgmartin\/wp-json\/wp\/v2\/media\/59"}],"wp:attachment":[{"href":"https:\/\/blog.espol.edu.ec\/mgmartin\/wp-json\/wp\/v2\/media?parent=58"}],"curies":[{"name":"wp","href":"https:\/\/api.w.org\/{rel}","templated":true}]}}