{"id":132,"date":"2009-06-01T17:39:16","date_gmt":"2009-06-01T21:39:16","guid":{"rendered":"http:\/\/blog.espol.edu.ec\/mgsanche\/?page_id=132"},"modified":"2009-06-05T18:44:05","modified_gmt":"2009-06-05T22:44:05","slug":"espol-lsi","status":"publish","type":"page","link":"https:\/\/blog.espol.edu.ec\/mgsanche\/espol-lsi\/","title":{"rendered":"Espol\u2192Lsi"},"content":{"rendered":"<p><strong><span style=\"font-size: 14pt;color: green\"><a href=\"http:\/\/blog.espol.edu.ec\/mgsanche\/files\/2009\/06\/documento.jpg\"><img loading=\"lazy\" decoding=\"async\" class=\"alignleft size-full wp-image-150\" src=\"http:\/\/blog.espol.edu.ec\/mgsanche\/files\/2009\/06\/documento.jpg\" alt=\"documento\" width=\"37\" height=\"40\" \/><\/a>Organizaci\u00f3n y M\u00e9todos<\/span><\/strong><\/p>\n<p><span class=\"alignleft\"><a rel=\"attachment wp-att-136\" href=\"http:\/\/blog.espol.edu.ec\/mgsanche\/espol-lsi\/la-sistematizacion-operativa\/\">la-sistematizacion-operativa<\/a><\/span>.<\/p>\n<p><strong><span style=\"font-size: 14pt;color: green\"><a href=\"http:\/\/blog.espol.edu.ec\/mgsanche\/files\/2009\/06\/calidad.png\"><img loading=\"lazy\" decoding=\"async\" class=\"alignleft size-full wp-image-151\" src=\"http:\/\/blog.espol.edu.ec\/mgsanche\/files\/2009\/06\/calidad.png\" alt=\"calidad\" width=\"40\" height=\"38\" \/><\/a>Gesti\u00f3n de Calidad<\/span><\/strong><\/p>\n<p><strong><span style=\"font-size: 14pt;color: green\"><a href=\"http:\/\/blog.espol.edu.ec\/mgsanche\/files\/2009\/06\/presentacioncalidad.ppt\">presentacioncalidad<\/a><br \/>\n<\/span><\/strong><\/p>\n","protected":false},"excerpt":{"rendered":"<p>Organizaci\u00f3n y M\u00e9todos la-sistematizacion-operativa. Gesti\u00f3n de Calidad presentacioncalidad<\/p>\n","protected":false},"author":1519,"featured_media":0,"parent":0,"menu_order":0,"comment_status":"open","ping_status":"open","template":"","meta":{"_monsterinsights_skip_tracking":false,"_monsterinsights_sitenote_active":false,"_monsterinsights_sitenote_note":"","_monsterinsights_sitenote_category":0,"footnotes":""},"class_list":["post-132","page","type-page","status-publish","hentry"],"_links":{"self":[{"href":"https:\/\/blog.espol.edu.ec\/mgsanche\/wp-json\/wp\/v2\/pages\/132","targetHints":{"allow":["GET"]}}],"collection":[{"href":"https:\/\/blog.espol.edu.ec\/mgsanche\/wp-json\/wp\/v2\/pages"}],"about":[{"href":"https:\/\/blog.espol.edu.ec\/mgsanche\/wp-json\/wp\/v2\/types\/page"}],"author":[{"embeddable":true,"href":"https:\/\/blog.espol.edu.ec\/mgsanche\/wp-json\/wp\/v2\/users\/1519"}],"replies":[{"embeddable":true,"href":"https:\/\/blog.espol.edu.ec\/mgsanche\/wp-json\/wp\/v2\/comments?post=132"}],"version-history":[{"count":19,"href":"https:\/\/blog.espol.edu.ec\/mgsanche\/wp-json\/wp\/v2\/pages\/132\/revisions"}],"predecessor-version":[{"id":135,"href":"https:\/\/blog.espol.edu.ec\/mgsanche\/wp-json\/wp\/v2\/pages\/132\/revisions\/135"}],"wp:attachment":[{"href":"https:\/\/blog.espol.edu.ec\/mgsanche\/wp-json\/wp\/v2\/media?parent=132"}],"curies":[{"name":"wp","href":"https:\/\/api.w.org\/{rel}","templated":true}]}}