{"id":170,"date":"2009-06-17T18:05:03","date_gmt":"2009-06-17T22:05:03","guid":{"rendered":"http:\/\/blog.espol.edu.ec\/mgsanche\/?page_id=170"},"modified":"2009-06-22T15:37:46","modified_gmt":"2009-06-22T19:37:46","slug":"series","status":"publish","type":"page","link":"https:\/\/blog.espol.edu.ec\/mgsanche\/series\/","title":{"rendered":"Series"},"content":{"rendered":"<p class=\"MsoNormal\"><strong><span style=\"font-size: 18pt;color: green\">Que nos cautivaron en nuestra infancia<\/span><\/strong><\/p>\n<p class=\"MsoNormal\"><strong><\/strong><\/p>\n<p><!--[if gte mso 9]&gt;  Normal 0 21   false false false        MicrosoftInternetExplorer4  &lt;![endif]--><!--[if gte mso 9]&gt;   &lt;![endif]--> <strong><span style=\"font-size: 12pt;color: #bd1785\"><a href=\"http:\/\/blog.espol.edu.ec\/mgsanche\/files\/2009\/06\/step-by-step.jpg\"><img loading=\"lazy\" decoding=\"async\" class=\"alignleft size-thumbnail wp-image-183\" src=\"http:\/\/blog.espol.edu.ec\/mgsanche\/files\/2009\/06\/step-by-step-150x150.jpg\" alt=\"step-by-step\" width=\"150\" height=\"150\" \/><\/a>Titulo original:<\/span><span style=\"font-size: 12pt;color: gray\"> <\/span><\/strong><strong><span style=\"color: gray\"> Step by Step<br \/>\n<\/span><span style=\"color: #bd1785\">Categor\u00eda:<\/span><span style=\"color: gray\"> Comedia<br \/>\n<\/span><span style=\"color: #bd1785\">Pa\u00eds:<\/span><span style=\"color: gray\"> Estados Unidos<br \/>\n<\/span><span style=\"color: #bd1785\">A\u00f1o:<\/span><span style=\"color: gray\"> 1991<br \/>\n<\/span><span style=\"color: #bd1785\">Temporadas:<\/span><span style=\"color: gray\"> 7 Temporadas<br \/>\n<\/span><span style=\"color: #bd1785\">Episodios:<\/span><span style=\"color: gray\"> 160 Episodios<\/span><\/strong><\/p>\n<p><strong><span style=\"color: gray\"><br \/>\n<\/span><\/strong><\/p>\n<p><object width=\"445\" height=\"364\" data=\"http:\/\/www.youtube.com\/v\/jm14eC00Cto&amp;hl=es&amp;fs=1&amp;color1=0x3a3a3a&amp;color2=0x999999&amp;border=1\" type=\"application\/x-shockwave-flash\"><param name=\"allowFullScreen\" value=\"true\" \/><param name=\"allowscriptaccess\" value=\"always\" \/><param name=\"src\" value=\"http:\/\/www.youtube.com\/v\/jm14eC00Cto&amp;hl=es&amp;fs=1&amp;color1=0x3a3a3a&amp;color2=0x999999&amp;border=1\" \/><param name=\"allowfullscreen\" value=\"true\" \/><\/object><\/p>\n<p class=\"MsoNormal\"><strong><span style=\"color: #bd1785\">Sinopsis<\/span><\/strong><\/p>\n<p class=\"MsoNormal\" style=\"text-align: justify\"><strong><span style=\"color: gray\">Frank Lambert y Carol Foster se casan, pero sin dec\u00edrselo a sus hijos, de los cuales tienen tres cada uno, y solo se lo dicen cuando se van a vivir juntos. Y los hijos de las dos familias son de los m\u00e1s diferentes.<\/span><\/strong><\/p>\n<p class=\"MsoNormal\"><strong><span style=\"color: gray\"> <\/span><\/strong><\/p>\n<p class=\"MsoNormal\"><strong><span style=\"color: #bd1785\">Mi Comentario<\/span><\/strong><\/p>\n<p class=\"MsoNormal\" style=\"text-align: justify\"><strong><span style=\"color: gray\">Me pareci\u00f3 muy linda esta serie porque a pesar de todo, de que no se llevaban bien los chicos de ambas familias supieron convivir;\u2026. pero los que se robaban el show era el primo despistado que viv\u00eda en una furgoneta en el patio de esta familia y el cari\u00f1o mutuo que se ten\u00edan Dana y<span> <\/span>J.T. eran muy chistosos los insultos que ambos se dec\u00edan \ud83d\ude00<\/span><\/strong><\/p>\n<p class=\"MsoNormal\" style=\"text-align: justify\">\n<p class=\"MsoNormal\"><strong><span style=\"color: #bd1785\">Titulo original: <\/span><span style=\"color: gray\">MacGyver<\/span><span style=\"color: #bd1785\"><br \/>\nCategor\u00eda:<\/span><span style=\"color: gray\"> Aventuras<\/span><span style=\"color: #bd1785\"><br \/>\nPa\u00eds: <\/span><span style=\"color: gray\">Estados Unidos<\/span><span style=\"color: #bd1785\"><br \/>\nA\u00f1o: <\/span><span style=\"color: gray\">1985<\/span><span style=\"color: #bd1785\"><br \/>\nTemporadas: <\/span><span style=\"color: gray\">7 Temporadas<\/span><span style=\"color: #bd1785\"><br \/>\nEpisodios: <\/span><span style=\"color: gray\">139 Episodios<\/span><\/strong><\/p>\n<p class=\"MsoNormal\">\n<p class=\"MsoNormal\"><strong><span style=\"color: gray\"><br \/>\n<\/span><\/strong><\/p>\n<p class=\"MsoNormal\" style=\"text-align: justify\"><strong><span style=\"color: gray\"><br \/>\n<\/span><\/strong><\/p>\n<p><object width=\"445\" height=\"364\" data=\"http:\/\/www.youtube.com\/v\/aRxpEBrkc9Y&amp;hl=es&amp;fs=1&amp;color1=0x3a3a3a&amp;color2=0x999999&amp;border=1\" type=\"application\/x-shockwave-flash\"><param name=\"allowFullScreen\" value=\"true\" \/><param name=\"allowscriptaccess\" value=\"always\" \/><param name=\"src\" value=\"http:\/\/www.youtube.com\/v\/aRxpEBrkc9Y&amp;hl=es&amp;fs=1&amp;color1=0x3a3a3a&amp;color2=0x999999&amp;border=1\" \/><param name=\"allowfullscreen\" value=\"true\" \/><\/object><\/p>\n<p class=\"MsoNormal\"><strong><span style=\"color: #bd1785\">Sinopsis<\/span><\/strong><\/p>\n<p class=\"MsoNormal\" style=\"text-align: justify\"><strong><span style=\"color: gray\">MacGyver es un curioso personaje al servicio de la \"Fundaci\u00f3n Phoenix\" que siempre trata de ayudar a los buenos y acabar con los malos. La fama de MacGyver viene de su habilidad para improvisar cualquier artilugio con elementos simples y de lo m\u00e1s variados: chicles, clips, mecheros, neum\u00e1ticos, etc. y su inseparable navaja suiza multiusos. Es un agente secreto cuya arma m\u00e1s peligrosa es su inteligencia. Con tan s\u00f3lo su mochila repleta de diversos objetos normales y corrientes, siempre es capaz de fabricar toda clase de elementos y escapar de todos los peligros que se topan en su camino, tanto en sus diversas misiones como en su vida cotidiana. Tiene parte de boyscout y otra parte de genio. Nunca usa armas de fuego y siempre evita matar a alguien.<\/span><\/strong><\/p>\n<p class=\"MsoNormal\" style=\"text-align: justify\"><strong><span style=\"color: gray\"> <\/span><\/strong><\/p>\n<p class=\"MsoNormal\"><strong><span style=\"color: #bd1785\">Mi Comentario<\/span><\/strong><\/p>\n<p class=\"MsoNormal\" style=\"text-align: justify\"><strong><span style=\"color: gray\">Esta serie era una de mis favoritas, a pesar en la \u00e9poca que la v\u00ed solo tenia 5 a\u00f1itos pero trataba de poner toda mi atenci\u00f3n\u2026\u2026las maravillas de c\u00f3mo hacia para escapar de un lugar cuando se encontraba encerrado; me manten\u00eda a la expectativa de que idea se imaginar\u00eda para salir del l\u00edo en que se encontraba\u2026..bueno en algunos blogs o paginas he visto comentarios que dicen que no era muy interesante la serie\u2026pero en mi opini\u00f3n era ch\u00e9vere.<\/span><\/strong><\/p>\n<p class=\"MsoNormal\" style=\"text-align: justify\">\n<p class=\"MsoNormal\"><strong><span style=\"color: #bd1785\">Titulo original:<\/span><\/strong> <strong><span style=\"color: gray\">Full House<\/span><\/strong><br \/>\n<strong><span style=\"color: #bd1785\">Categor\u00eda:<\/span><\/strong> <strong><span style=\"color: gray\">Comedia<\/span><\/strong><br \/>\n<strong><span style=\"color: #bd1785\">Pa\u00eds:<\/span><\/strong> <strong><span style=\"color: gray\">Estados Unidos<\/span><\/strong><br \/>\n<strong><span style=\"color: #bd1785\">A\u00f1o:<\/span><\/strong> <strong><span style=\"color: gray\">1987<\/span><\/strong><br \/>\n<strong><span style=\"color: #bd1785\">Temporadas:<\/span><\/strong> <strong><span style=\"color: gray\">8 Temporadas<\/span><\/strong><br \/>\n<strong><span style=\"color: #bd1785\">Episodios:<\/span><\/strong> <strong><span style=\"color: gray\">192 Episodios<\/span><\/strong><\/p>\n<p class=\"MsoNormal\">\n<p class=\"MsoNormal\"><strong><span style=\"color: gray\"><br \/>\n<\/span><\/strong><\/p>\n<p><object width=\"445\" height=\"364\" data=\"http:\/\/www.youtube.com\/v\/9fI_jdOrYPc&amp;hl=es&amp;fs=1&amp;color1=0x3a3a3a&amp;color2=0x999999&amp;border=1\" type=\"application\/x-shockwave-flash\"><param name=\"allowFullScreen\" value=\"true\" \/><param name=\"allowscriptaccess\" value=\"always\" \/><param name=\"src\" value=\"http:\/\/www.youtube.com\/v\/9fI_jdOrYPc&amp;hl=es&amp;fs=1&amp;color1=0x3a3a3a&amp;color2=0x999999&amp;border=1\" \/><param name=\"allowfullscreen\" value=\"true\" \/><\/object><\/p>\n<p class=\"MsoNormal\"><strong><span style=\"color: #bd1785\">Sinopsis<\/span><\/strong><\/p>\n<p class=\"MsoNormal\" style=\"text-align: justify\"><strong><span style=\"color: gray\">Tras la muerte de su esposa en un accidente automovil\u00edstico, Danny Tanner, un periodista de San Francisco, tiene que sacar adelante a sus tres hijas peque\u00f1as: D.J., Stephanie y Michelle. Con ellos conviven su cu\u00f1ado Jesse y su mejor amigo, Joey, que le ayudar\u00e1n en la dif\u00edcil y diaria tarea de criar, cuidar y educar a las ni\u00f1as.<\/span><\/strong><br \/>\n<!--[if !supportLineBreakNewLine]--><br \/>\n<!--[endif]--><\/p>\n<p class=\"MsoNormal\"><strong><span style=\"color: #bd1785\">Mi Comentario<\/span><\/strong><\/p>\n<p class=\"MsoNormal\" style=\"text-align: justify\"><strong><span style=\"color: gray\">Esta serie fue una de las series m\u00e1s significativas en los a\u00f1os 90, es muy divertida por las ocurrencias del t\u00edo Joey y el t\u00edo Jesse que imita a Elvis Presley; la verdad no he visto todas las temporadas pero hasta donde vi me pareci\u00f3 muy bien la serie\u2026. algunos blogs y paginas comentan que en las dos ultimas temporadas sobran; porque agregaron muchos personajes y que saturaron la serie.<\/span><\/strong><\/p>\n","protected":false},"excerpt":{"rendered":"<p>Que nos cautivaron en nuestra infancia Titulo original: Step by Step Categor\u00eda: Comedia Pa\u00eds: Estados Unidos A\u00f1o: 1991 Temporadas: 7 Temporadas Episodios: 160 Episodios Sinopsis Frank Lambert y Carol Foster se casan, pero sin dec\u00edrselo a sus hijos, de los cuales tienen tres cada uno, y solo se lo dicen cuando se van a vivir [&hellip;]<\/p>\n","protected":false},"author":1519,"featured_media":0,"parent":0,"menu_order":0,"comment_status":"open","ping_status":"open","template":"","meta":{"_monsterinsights_skip_tracking":false,"_monsterinsights_sitenote_active":false,"_monsterinsights_sitenote_note":"","_monsterinsights_sitenote_category":0,"footnotes":""},"class_list":["post-170","page","type-page","status-publish","hentry"],"_links":{"self":[{"href":"https:\/\/blog.espol.edu.ec\/mgsanche\/wp-json\/wp\/v2\/pages\/170","targetHints":{"allow":["GET"]}}],"collection":[{"href":"https:\/\/blog.espol.edu.ec\/mgsanche\/wp-json\/wp\/v2\/pages"}],"about":[{"href":"https:\/\/blog.espol.edu.ec\/mgsanche\/wp-json\/wp\/v2\/types\/page"}],"author":[{"embeddable":true,"href":"https:\/\/blog.espol.edu.ec\/mgsanche\/wp-json\/wp\/v2\/users\/1519"}],"replies":[{"embeddable":true,"href":"https:\/\/blog.espol.edu.ec\/mgsanche\/wp-json\/wp\/v2\/comments?post=170"}],"version-history":[{"count":12,"href":"https:\/\/blog.espol.edu.ec\/mgsanche\/wp-json\/wp\/v2\/pages\/170\/revisions"}],"predecessor-version":[{"id":173,"href":"https:\/\/blog.espol.edu.ec\/mgsanche\/wp-json\/wp\/v2\/pages\/170\/revisions\/173"}],"wp:attachment":[{"href":"https:\/\/blog.espol.edu.ec\/mgsanche\/wp-json\/wp\/v2\/media?parent=170"}],"curies":[{"name":"wp","href":"https:\/\/api.w.org\/{rel}","templated":true}]}}