{"id":2,"date":"2010-05-19T20:12:42","date_gmt":"2010-05-19T20:12:42","guid":{"rendered":""},"modified":"2010-05-30T20:44:28","modified_gmt":"2010-05-30T20:44:28","slug":"about","status":"publish","type":"page","link":"https:\/\/blog.espol.edu.ec\/mgsantos\/about\/","title":{"rendered":"About me"},"content":{"rendered":"<p><a href=\"http:\/\/blog.espol.edu.ec\/mgsantos\/files\/2010\/05\/sakuracc.gif\"><img loading=\"lazy\" decoding=\"async\" class=\"aligncenter size-full wp-image-78\" title=\"sakuracc\" src=\"http:\/\/blog.espol.edu.ec\/mgsantos\/files\/2010\/05\/sakuracc.gif\" alt=\"saku\" width=\"50\" height=\"50\" \/><\/a><\/p>\n<div><object classid=\"clsid:d27cdb6e-ae6d-11cf-96b8-444553540000\" width=\"375.82225\" height=\"116.2475\"><param name=\"name\" value=\"rockyou\" \/><param name=\"src\" value=\"http:\/\/apps.rockyou.com\/fxtext.swf?ID=58488078&amp;nopanel=true&amp;stage=true\" \/><param name=\"wmode\" value=\"transparent\" \/><param name=\"quality\" value=\"high\" \/><embed type=\"application\/x-shockwave-flash\" width=\"375.82225\" height=\"116.2475\" src=\"http:\/\/apps.rockyou.com\/fxtext.swf?ID=58488078&amp;nopanel=true&amp;stage=true\"><\/embed><\/object><br \/>\n<a href=\"http:\/\/www.rockyou.com?type=fxtext&amp;src=emry&amp;refid=58488078\" target=\"_BLANK\"><img decoding=\"async\" src=\"http:\/\/apps.rockyou.com\/link\/logo.gif\" border=\"0\" alt=\"RockYou FXText\" \/><\/a><a href=\"http:\/\/www.rockyou.com\/fxtext\/fxtext-create.php?src=emcr?refid=58488078\" target=\"_BLANK\"><img decoding=\"async\" style=\"border: 0px\" src=\"http:\/\/apps.rockyou.com\/link\/create_own.gif\" alt=\"\" \/><\/a><\/div>\n<div><\/div>\n<div><\/div>\n<div><a href=\"http:\/\/blog.espol.edu.ec\/mgsantos\/files\/2010\/05\/6.jpg\"><img loading=\"lazy\" decoding=\"async\" class=\"aligncenter size-medium wp-image-87\" title=\"6\" src=\"http:\/\/blog.espol.edu.ec\/mgsantos\/files\/2010\/05\/6-300x225.jpg\" alt=\"foto\" width=\"300\" height=\"225\" srcset=\"https:\/\/blog.espol.edu.ec\/mgsantos\/files\/2010\/05\/6-300x225.jpg 300w, https:\/\/blog.espol.edu.ec\/mgsantos\/files\/2010\/05\/6.jpg 720w\" sizes=\"auto, (max-width: 300px) 100vw, 300px\" \/><\/a><\/div>\n<div><\/div>\n<p>Mi nombre es Myrian Santos Torres. Tengo 21 a\u00f1os. Estudio ingenier\u00eda qu\u00edmica en la <a title=\"espol\" href=\"http:\/\/www.espol.edu.ec\/\" target=\"_blank\">Espol<\/a>. Soy una persona alegre, solidaria, un poco reservada; una persona que le gusta cumplir las cosas que se me presentan, nunca me me dejo vener por los dem\u00e1s, me gusta ayudar a la gente ya sea en buenos o malos momentos. Siempre me gusta ayudar a mis amigos y alegrarles el d\u00eda. Mi meta en la vida es llegar a ser una excelente profesional (ingeniera qu\u00edmica); y adem\u00e1s poder viajar a diferentes partes del mundo para conocer y aprender nuevas culturas; especialmente a <a title=\"USA\" href=\"http:\/\/www.usa.gov\/\" target=\"_blank\">USA<\/a> e <a title=\"England\" href=\"http:\/\/sobreinglaterra.com\/\" target=\"_blank\">Inglaterra<\/a>.<\/p>\n","protected":false},"excerpt":{"rendered":"<p>Mi nombre es Myrian Santos Torres. Tengo 21 a\u00f1os. Estudio ingenier\u00eda qu\u00edmica en la Espol. Soy una persona alegre, solidaria, un poco reservada; una persona que le gusta cumplir las cosas que se me presentan, nunca me me dejo vener por los dem\u00e1s, me gusta ayudar a la gente ya sea en buenos o malos [&hellip;]<\/p>\n","protected":false},"author":3842,"featured_media":0,"parent":0,"menu_order":0,"comment_status":"open","ping_status":"open","template":"","meta":{"footnotes":""},"class_list":["post-2","page","type-page","status-publish","hentry"],"_links":{"self":[{"href":"https:\/\/blog.espol.edu.ec\/mgsantos\/wp-json\/wp\/v2\/pages\/2","targetHints":{"allow":["GET"]}}],"collection":[{"href":"https:\/\/blog.espol.edu.ec\/mgsantos\/wp-json\/wp\/v2\/pages"}],"about":[{"href":"https:\/\/blog.espol.edu.ec\/mgsantos\/wp-json\/wp\/v2\/types\/page"}],"author":[{"embeddable":true,"href":"https:\/\/blog.espol.edu.ec\/mgsantos\/wp-json\/wp\/v2\/users\/3842"}],"replies":[{"embeddable":true,"href":"https:\/\/blog.espol.edu.ec\/mgsantos\/wp-json\/wp\/v2\/comments?post=2"}],"version-history":[{"count":5,"href":"https:\/\/blog.espol.edu.ec\/mgsantos\/wp-json\/wp\/v2\/pages\/2\/revisions"}],"predecessor-version":[{"id":77,"href":"https:\/\/blog.espol.edu.ec\/mgsantos\/wp-json\/wp\/v2\/pages\/2\/revisions\/77"}],"wp:attachment":[{"href":"https:\/\/blog.espol.edu.ec\/mgsantos\/wp-json\/wp\/v2\/media?parent=2"}],"curies":[{"name":"wp","href":"https:\/\/api.w.org\/{rel}","templated":true}]}}