{"id":89,"date":"2010-05-30T21:19:59","date_gmt":"2010-05-30T21:19:59","guid":{"rendered":"http:\/\/blog.espol.edu.ec\/mgsantos\/?page_id=89"},"modified":"2010-05-30T21:21:29","modified_gmt":"2010-05-30T21:21:29","slug":"interests","status":"publish","type":"page","link":"https:\/\/blog.espol.edu.ec\/mgsantos\/interests\/","title":{"rendered":"Interests"},"content":{"rendered":"<p>Me gustan pel\u00edculas de acci\u00f3n, especialmente las que presentan a los personajes de <a title=\"marvel\" href=\"http:\/\/marvel.com\/\" target=\"_blank\">marvel<\/a> comics como <a title=\"spiderman\" href=\"http:\/\/www.spiderman.sonypictures.com\/\" target=\"_blank\">spiderman<\/a>, <a title=\"daredevil\" href=\"http:\/\/www.imdb.com\/title\/tt0287978\/\" target=\"_blank\">daredevil<\/a>, <a title=\"elektra\" href=\"http:\/\/marvel.com\/movies\/daredevil.elektra\" target=\"_blank\">elektra<\/a>, <a title=\"iroman\" href=\"http:\/\/ironmanmovie.marvel.com\/\" target=\"_blank\">iroman<\/a> 1 y 2; otra de acci\u00f3n es <a title=\"piratas\" href=\"http:\/\/es.wikipedia.org\/wiki\/Piratas_del_Caribe\" target=\"_blank\">Piratas del caribe<\/a> 1, 2 y 3 en donde\u00a0act\u00faan\u00a0<a title=\"johnny deep\" href=\"http:\/\/historico.portalmix.com\/cine\/bios\/jdepp.shtml\">Johnny Depp<\/a> (actor favorito), <a title=\"geoffrey rush\" href=\"http:\/\/www.alohacriticon.com\/elcriticon\/article2697.html\" target=\"_blank\">Geoffrey Rush<\/a>, <a title=\"keira knightley\" href=\"http:\/\/www.keiraknightley.com\/\" target=\"_blank\">Keira Knightley<\/a> y <a title=\"orlando bloom\" href=\"http:\/\/www.theorlandobloomfiles.com\/\" target=\"_blank\">Orlando Bloom<\/a>, entre otros; tambi\u00e9n pel\u00edculas rom\u00e1nticas como Orgullo y Prejuicio en donde actua\u00a0nuevamente Keira Knightley.<\/p>\n<p style=\"text-align: center\"><a href=\"http:\/\/blog.espol.edu.ec\/mgsantos\/files\/2010\/05\/Chibi_Venom.jpg\"><img loading=\"lazy\" decoding=\"async\" class=\"size-medium wp-image-92  aligncenter\" title=\"Chibi_Venom\" src=\"http:\/\/blog.espol.edu.ec\/mgsantos\/files\/2010\/05\/Chibi_Venom-175x300.jpg\" alt=\"chibi\" width=\"175\" height=\"300\" srcset=\"https:\/\/blog.espol.edu.ec\/mgsantos\/files\/2010\/05\/Chibi_Venom-175x300.jpg 175w, https:\/\/blog.espol.edu.ec\/mgsantos\/files\/2010\/05\/Chibi_Venom.jpg 426w\" sizes=\"auto, (max-width: 175px) 100vw, 175px\" \/><\/a><\/p>\n<p>Me encantan los videojuegos, especialmente los de pelea y aventuras como <a title=\"smash\" href=\"http:\/\/www.smashbros.com\/es\/index.html\" target=\"_blank\">Super Smash Bros Brawl<\/a>, <a title=\"streetfighter\" href=\"http:\/\/www.streetfighter.com\/\" target=\"_blank\">Street Fighters<\/a>, Marvel vs. Capcom. Videojuegos en los que aparecen mis personajes favoritos como <a title=\"mario bros\" href=\"http:\/\/www.solomario.com\/\" target=\"_blank\">mario bros<\/a> y <a title=\"sonic\" href=\"http:\/\/es.sonic.wikia.com\/wiki\/Portada\" target=\"_blank\">sonic the hedgehog<\/a>, tales como super mario double dash, mario party, sonic adventure battle, sonic heroes, sonic riders, mario y sonic en las olimpiadas entre otros.<\/p>\n<p style=\"text-align: center\"><a href=\"http:\/\/blog.espol.edu.ec\/mgsantos\/files\/2010\/05\/mariosonicattheolympicw.jpg\"><img loading=\"lazy\" decoding=\"async\" class=\"size-medium wp-image-91  aligncenter\" title=\"mariosonicattheolympicw\" src=\"http:\/\/blog.espol.edu.ec\/mgsantos\/files\/2010\/05\/mariosonicattheolympicw-300x168.jpg\" alt=\"mys\" width=\"300\" height=\"168\" srcset=\"https:\/\/blog.espol.edu.ec\/mgsantos\/files\/2010\/05\/mariosonicattheolympicw-300x168.jpg 300w, https:\/\/blog.espol.edu.ec\/mgsantos\/files\/2010\/05\/mariosonicattheolympicw-1024x576.jpg 1024w, https:\/\/blog.espol.edu.ec\/mgsantos\/files\/2010\/05\/mariosonicattheolympicw.jpg 1280w\" sizes=\"auto, (max-width: 300px) 100vw, 300px\" \/><\/a><\/p>\n","protected":false},"excerpt":{"rendered":"<p>Me gustan pel\u00edculas de acci\u00f3n, especialmente las que presentan a los personajes de marvel comics como spiderman, daredevil, elektra, iroman 1 y 2; otra de acci\u00f3n es Piratas del caribe 1, 2 y 3 en donde\u00a0act\u00faan\u00a0Johnny Depp (actor favorito), Geoffrey Rush, Keira Knightley y Orlando Bloom, entre otros; tambi\u00e9n pel\u00edculas rom\u00e1nticas como Orgullo y Prejuicio [&hellip;]<\/p>\n","protected":false},"author":3842,"featured_media":0,"parent":0,"menu_order":0,"comment_status":"open","ping_status":"open","template":"","meta":{"footnotes":""},"class_list":["post-89","page","type-page","status-publish","hentry"],"_links":{"self":[{"href":"https:\/\/blog.espol.edu.ec\/mgsantos\/wp-json\/wp\/v2\/pages\/89","targetHints":{"allow":["GET"]}}],"collection":[{"href":"https:\/\/blog.espol.edu.ec\/mgsantos\/wp-json\/wp\/v2\/pages"}],"about":[{"href":"https:\/\/blog.espol.edu.ec\/mgsantos\/wp-json\/wp\/v2\/types\/page"}],"author":[{"embeddable":true,"href":"https:\/\/blog.espol.edu.ec\/mgsantos\/wp-json\/wp\/v2\/users\/3842"}],"replies":[{"embeddable":true,"href":"https:\/\/blog.espol.edu.ec\/mgsantos\/wp-json\/wp\/v2\/comments?post=89"}],"version-history":[{"count":2,"href":"https:\/\/blog.espol.edu.ec\/mgsantos\/wp-json\/wp\/v2\/pages\/89\/revisions"}],"predecessor-version":[{"id":94,"href":"https:\/\/blog.espol.edu.ec\/mgsantos\/wp-json\/wp\/v2\/pages\/89\/revisions\/94"}],"wp:attachment":[{"href":"https:\/\/blog.espol.edu.ec\/mgsantos\/wp-json\/wp\/v2\/media?parent=89"}],"curies":[{"name":"wp","href":"https:\/\/api.w.org\/{rel}","templated":true}]}}