{"id":36,"date":"2009-01-09T20:16:02","date_gmt":"2009-01-10T00:16:02","guid":{"rendered":"http:\/\/blog.espol.edu.ec\/mialcabe\/?page_id=36"},"modified":"2011-08-15T23:14:07","modified_gmt":"2011-08-16T03:14:07","slug":"mi-vida","status":"publish","type":"page","link":"https:\/\/blog.espol.edu.ec\/mialcabe\/mi-vida\/","title":{"rendered":"M!ch\u00fc's Life"},"content":{"rendered":"<p style=\"text-align: center\"><a href=\"http:\/\/blog.espol.edu.ec\/mialcabe\/files\/2009\/08\/dibujo-con-fotos.jpg\"><img loading=\"lazy\" decoding=\"async\" class=\"size-medium wp-image-43   aligncenter\" src=\"http:\/\/blog.espol.edu.ec\/mialcabe\/files\/2009\/08\/dibujo-con-fotos-300x159.jpg\" alt=\"dibujo-con-fotos\" width=\"337\" height=\"178\" srcset=\"https:\/\/blog.espol.edu.ec\/mialcabe\/files\/2009\/08\/dibujo-con-fotos-300x159.jpg 300w, https:\/\/blog.espol.edu.ec\/mialcabe\/files\/2009\/08\/dibujo-con-fotos-1024x543.jpg 1024w, https:\/\/blog.espol.edu.ec\/mialcabe\/files\/2009\/08\/dibujo-con-fotos.jpg 1363w\" sizes=\"auto, (max-width: 337px) 100vw, 337px\" \/><\/a><\/p>\n<h1 style=\"text-align: center\"><span style=\"color: #008000\">Mis mejores Fotos... =)<\/span><\/h1>\n<p style=\"text-align: center\"><span style=\"color: #008000\"><br \/>\n<\/span><\/p>\n<h5 style=\"text-align: center\"><span style=\"color: #800080\">Bueno m tome el tiempo para recopilar las mejores fotos hasta el momento de mi vida, es pero que les guste el tablero y lo comenten, estas son las personas k yo mas kiero, son kienes m han acompa\u00f1ado toda mi vida, kienes han compartido conmigo buenos y malos momentos, y los peores tambi\u00e9n... jejeje... =)<\/span><\/h5>\n<h5 style=\"text-align: center\"><span style=\"color: #800080\"><span style=\"color: #ff6600\">Mi familia<\/span> es s\u00faper lindap, el nombre de mi mami es Gladys, el de mi papi es mi masculino osea Alejandro, algo ir\u00f3nico... pero bue... eso lo decidieron ellos no yop, jejeje...<\/span><\/h5>\n<h5 style=\"text-align: center\"><span style=\"color: #800080\"><span style=\"color: #ff6600\">Mis primas<\/span>, mis mejores amigas y hasta hermanas, bueno las \u00fanicas xq da la casualidad d k soy hija \u00fanik, bueno ellas son 3 Dianita, Vivi y Karo... Mi t\u00eda k es otra madre pa mi y mi t\u00edo... y como olvidar a la m\u00e1s importante mi abuelita, la creadora d todas nosotras... =)<\/span><\/h5>\n<h5 style=\"text-align: center\"><span style=\"color: #800080\"><span style=\"color: #ff6600\">Mis amios<\/span> son muxisimos, y los kiero muxo, demasiado, con bastante y too mi \u2665,,, Mary Joe, Chennis, Taty, Laris, Ruty, Lis\u00fa, Vane, Kimy, Yalenny, Katherine, Mafer, Karlis, Angela, Laura, Dianita... ueno a ustedes Chiks les debo agradecer su presencia en toos los momentos de mi vidap... Thanks!!!<\/span><\/h5>\n<h5 style=\"text-align: center\"><span style=\"color: #800080\"><span style=\"color: #ff6600\">Mi escuelita<\/span>, estudi\u00e9 en el Liceo Cristiano de Guayaquil, \u00e9ste fue mi segundo hogar, xq hasta el colegio lo estuv all\u00ed, en ese lugar conoc\u00ed a los mejores seres del mundo. mis amios y xq no? mis teachers, k to el tiempo m ayuudaron... Mil gracias!!!!!!!!!!! Liceo!!!!!!!!!<\/span><\/h5>\n<h5 style=\"text-align: center\"><span style=\"color: #800080\"><span style=\"color: #ff6600\">Mis Hobiies<\/span> son escuchar m\u00fasik, leer y bailar... Los libros k prefiero son juveniles, de zona libre, editorial norma... \u00a1Digan lo k digan los dem\u00e1s para mi esa es la mejor editorial...!!!<\/span><\/h5>\n<h5 style=\"text-align: center\"><span style=\"color: #800080\"><span style=\"color: #ff6600\">Actualmente<\/span> estudio en la ESPOL, Ing. en Auditor\u00eda y Contadur\u00eda P\u00fablica Autorizada en la Facultad de Ingenier\u00eda en Ciencias Matem\u00e1ticas (ICM).<\/span><\/h5>\n<h5 style=\"text-align: center\"><span style=\"color: #ff6600\">Mis correos:<\/span><\/h5>\n<h5 style=\"text-align: center\"><span style=\"color: #800080\">lamichu91@hotmail.com<\/span><\/h5>\n<h5 style=\"text-align: center\"><span style=\"color: #800080\">mialcabe@espol.edu.ec<\/span><\/h5>\n<h5 style=\"text-align: center\"><span style=\"color: #800080\">blog.espol.edu.ec\/mialcabe<br \/>\n<\/span><\/h5>\n<p style=\"text-align: center\"><span style=\"color: #800080\"><br \/>\n<\/span><\/p>\n<p style=\"text-align: center\"><a href=\"http:\/\/blog.espol.edu.ec\/mialcabe\/files\/2009\/08\/25-07-08_1825.jpg\"><img loading=\"lazy\" decoding=\"async\" class=\"size-medium wp-image-40 aligncenter\" src=\"http:\/\/blog.espol.edu.ec\/mialcabe\/files\/2009\/08\/25-07-08_1825-225x300.jpg\" alt=\"Dayan y yop\" width=\"225\" height=\"300\" srcset=\"https:\/\/blog.espol.edu.ec\/mialcabe\/files\/2009\/08\/25-07-08_1825-225x300.jpg 225w, https:\/\/blog.espol.edu.ec\/mialcabe\/files\/2009\/08\/25-07-08_1825-768x1024.jpg 768w, https:\/\/blog.espol.edu.ec\/mialcabe\/files\/2009\/08\/25-07-08_1825.jpg 1200w\" sizes=\"auto, (max-width: 225px) 100vw, 225px\" \/><\/a><\/p>\n<p style=\"text-align: center\"><span style=\"color: #0000ff\">Buenop en esa foto estamos mi kerida primis y yop<\/span><\/p>\n<p style=\"text-align: center\"><a href=\"http:\/\/blog.espol.edu.ec\/mialcabe\/files\/2009\/08\/p1010012.jpg\"><img loading=\"lazy\" decoding=\"async\" class=\"size-medium wp-image-58 aligncenter\" src=\"http:\/\/blog.espol.edu.ec\/mialcabe\/files\/2009\/08\/p1010012-225x300.jpg\" alt=\"Amias... =p\" width=\"225\" height=\"300\" srcset=\"https:\/\/blog.espol.edu.ec\/mialcabe\/files\/2009\/08\/p1010012-225x300.jpg 225w, https:\/\/blog.espol.edu.ec\/mialcabe\/files\/2009\/08\/p1010012-768x1024.jpg 768w, https:\/\/blog.espol.edu.ec\/mialcabe\/files\/2009\/08\/p1010012.jpg 1920w\" sizes=\"auto, (max-width: 225px) 100vw, 225px\" \/><\/a><\/p>\n<p style=\"text-align: center\"><span style=\"color: #0000ff\">Mi amia y yop, 5 to Quibio y 6to Conta... Contabilidad!!! el mejor!!! As\u00ed le duela a algunos jajajaja...<\/span><\/p>\n<p style=\"text-align: center\"><a href=\"http:\/\/blog.espol.edu.ec\/mialcabe\/files\/2009\/08\/los-mios.jpg\"><img loading=\"lazy\" decoding=\"async\" class=\"size-full wp-image-55   aligncenter\" src=\"http:\/\/blog.espol.edu.ec\/mialcabe\/files\/2009\/08\/los-mios.jpg\" alt=\"los-mios\" width=\"640\" height=\"480\" srcset=\"https:\/\/blog.espol.edu.ec\/mialcabe\/files\/2009\/08\/los-mios.jpg 640w, https:\/\/blog.espol.edu.ec\/mialcabe\/files\/2009\/08\/los-mios-300x225.jpg 300w\" sizes=\"auto, (max-width: 640px) 100vw, 640px\" \/><\/a><\/p>\n<p style=\"text-align: center\"><span style=\"color: #0000ff\">Ellos!!! Los mejores amigos de too el mund\u00edsimo...!!! Los llevo en mi \u2665...<\/span><\/p>\n<p style=\"text-align: center\"><a href=\"http:\/\/blog.espol.edu.ec\/mialcabe\/files\/2009\/08\/p1010009.jpg\"><img loading=\"lazy\" decoding=\"async\" class=\"alignnone size-medium wp-image-56\" src=\"http:\/\/blog.espol.edu.ec\/mialcabe\/files\/2009\/08\/p1010009-300x225.jpg\" alt=\"Mary joe... Yop...  y Ruty...\" width=\"300\" height=\"225\" srcset=\"https:\/\/blog.espol.edu.ec\/mialcabe\/files\/2009\/08\/p1010009-300x225.jpg 300w, https:\/\/blog.espol.edu.ec\/mialcabe\/files\/2009\/08\/p1010009-1024x768.jpg 1024w\" sizes=\"auto, (max-width: 300px) 100vw, 300px\" \/><\/a><\/p>\n<p style=\"text-align: center\"><span style=\"color: #0000ff\">Mis 2 mejores amis del express... ruty y la Mary joe!!!<\/span><\/p>\n<p style=\"text-align: center\"><a href=\"http:\/\/blog.espol.edu.ec\/mialcabe\/files\/2009\/08\/p1010011.jpg\"><img loading=\"lazy\" decoding=\"async\" class=\"alignnone size-medium wp-image-57\" src=\"http:\/\/blog.espol.edu.ec\/mialcabe\/files\/2009\/08\/p1010011-300x225.jpg\" alt=\"Mary Joe, Yop, Ruty, y Joao...\" width=\"300\" height=\"225\" srcset=\"https:\/\/blog.espol.edu.ec\/mialcabe\/files\/2009\/08\/p1010011-300x225.jpg 300w, https:\/\/blog.espol.edu.ec\/mialcabe\/files\/2009\/08\/p1010011-1024x768.jpg 1024w\" sizes=\"auto, (max-width: 300px) 100vw, 300px\" \/><\/a><\/p>\n<p style=\"text-align: center\"><span style=\"color: #0000ff\">Mis amix con Joao... Pikron con Ruty... jijiji =P<\/span><\/p>\n<p style=\"text-align: center\"><a href=\"http:\/\/blog.espol.edu.ec\/mialcabe\/files\/2009\/08\/p1010169.jpg\"><img loading=\"lazy\" decoding=\"async\" class=\"alignnone size-medium wp-image-59\" src=\"http:\/\/blog.espol.edu.ec\/mialcabe\/files\/2009\/08\/p1010169-300x225.jpg\" alt=\"El xpreso 99999999 el mejor!!!!!!!!!!!!!!!!!\" width=\"300\" height=\"225\" srcset=\"https:\/\/blog.espol.edu.ec\/mialcabe\/files\/2009\/08\/p1010169-300x225.jpg 300w, https:\/\/blog.espol.edu.ec\/mialcabe\/files\/2009\/08\/p1010169-1024x768.jpg 1024w\" sizes=\"auto, (max-width: 300px) 100vw, 300px\" \/><\/a><\/p>\n<p style=\"text-align: center\"><span style=\"color: #0000ff\">Mis s\u00faper amios\u00a0 del express 9, en el cumple de Ruty <\/span><\/p>\n<p style=\"text-align: center\"><a href=\"http:\/\/blog.espol.edu.ec\/mialcabe\/files\/2009\/08\/ruty-y-yop.jpg\"><img loading=\"lazy\" decoding=\"async\" class=\"alignnone size-medium wp-image-60\" src=\"http:\/\/blog.espol.edu.ec\/mialcabe\/files\/2009\/08\/ruty-y-yop-300x225.jpg\" alt=\"ruty-y-yop\" width=\"300\" height=\"225\" srcset=\"https:\/\/blog.espol.edu.ec\/mialcabe\/files\/2009\/08\/ruty-y-yop-300x225.jpg 300w, https:\/\/blog.espol.edu.ec\/mialcabe\/files\/2009\/08\/ruty-y-yop-1024x768.jpg 1024w, https:\/\/blog.espol.edu.ec\/mialcabe\/files\/2009\/08\/ruty-y-yop.jpg 1280w\" sizes=\"auto, (max-width: 300px) 100vw, 300px\" \/><\/a><\/p>\n<p style=\"text-align: center\"><span style=\"color: #0000ff\">Ruty y yop<br \/>\n<\/span><\/p>\n<p style=\"text-align: center\"><a href=\"http:\/\/blog.espol.edu.ec\/mialcabe\/files\/2009\/08\/dsc03471.jpg\"><img loading=\"lazy\" decoding=\"async\" class=\"alignnone size-medium wp-image-45\" src=\"http:\/\/blog.espol.edu.ec\/mialcabe\/files\/2009\/08\/dsc03471-300x225.jpg\" alt=\"Abanderados y escoltas... =)\" width=\"300\" height=\"225\" srcset=\"https:\/\/blog.espol.edu.ec\/mialcabe\/files\/2009\/08\/dsc03471-300x225.jpg 300w, https:\/\/blog.espol.edu.ec\/mialcabe\/files\/2009\/08\/dsc03471-1024x768.jpg 1024w\" sizes=\"auto, (max-width: 300px) 100vw, 300px\" \/><\/a><\/p>\n<p style=\"text-align: center\"><span style=\"color: #0000ff\">Los mejors ni\u00f1os del Liceo Cristiano de Guayaquil... <\/span><\/p>\n<p style=\"text-align: center\"><a href=\"http:\/\/blog.espol.edu.ec\/mialcabe\/files\/2009\/08\/s4030020.jpg\"><\/a><a href=\"http:\/\/blog.espol.edu.ec\/mialcabe\/files\/2009\/08\/copia-de-jtfphl569019-021.jpg\"><\/a><\/p>\n<p class=\"mceTemp mceIEcenter\" style=\"text-align: center\">\n<dl>\n<dt><a href=\"http:\/\/blog.espol.edu.ec\/mialcabe\/files\/2009\/08\/p1010173.jpg\"><img loading=\"lazy\" decoding=\"async\" class=\"size-medium wp-image-37  alignnone\" src=\"http:\/\/blog.espol.edu.ec\/mialcabe\/files\/2009\/08\/p1010173-225x300.jpg\" alt=\"una  mis mejoes amigas dl xpreso... D  esas k se recuerdan toda la vida\" width=\"225\" height=\"300\" srcset=\"https:\/\/blog.espol.edu.ec\/mialcabe\/files\/2009\/08\/p1010173-225x300.jpg 225w, https:\/\/blog.espol.edu.ec\/mialcabe\/files\/2009\/08\/p1010173-768x1024.jpg 768w, https:\/\/blog.espol.edu.ec\/mialcabe\/files\/2009\/08\/p1010173.jpg 1920w\" sizes=\"auto, (max-width: 225px) 100vw, 225px\" \/><\/a><\/dt>\n<\/dl>\n<p style=\"text-align: center\"><span style=\"color: #0000ff\">Estas ni\u00f1as pervertidas viiiii.... Pikronas jajajaja... Puerk Ruty... jijiji<br \/>\n<\/span><\/p>\n<p style=\"text-align: center\"><img loading=\"lazy\" decoding=\"async\" class=\"alignnone size-full wp-image-42\" src=\"http:\/\/blog.espol.edu.ec\/mialcabe\/files\/2009\/08\/copia-de-jtfphl569019-021.jpg\" alt=\"Dieguito, Dayan, Cris, y yop\" width=\"650\" height=\"487\" srcset=\"https:\/\/blog.espol.edu.ec\/mialcabe\/files\/2009\/08\/copia-de-jtfphl569019-021.jpg 650w, https:\/\/blog.espol.edu.ec\/mialcabe\/files\/2009\/08\/copia-de-jtfphl569019-021-300x224.jpg 300w\" sizes=\"auto, (max-width: 650px) 100vw, 650px\" \/><\/p>\n<p style=\"text-align: center\"><span style=\"color: #0000ff\">Dieguitop, Dayan, Cristian y yop... En nuestros buenos tiempos...!!!<br \/>\n<\/span><\/p>\n<p style=\"text-align: center\"><a href=\"http:\/\/blog.espol.edu.ec\/mialcabe\/files\/2009\/08\/s4030014.jpg\"><img loading=\"lazy\" decoding=\"async\" class=\"alignnone size-full wp-image-61\" src=\"http:\/\/blog.espol.edu.ec\/mialcabe\/files\/2009\/08\/s4030014.jpg\" alt=\"En las Pe\u00f1as con mi s\u00faper grupo...\" width=\"640\" height=\"480\" srcset=\"https:\/\/blog.espol.edu.ec\/mialcabe\/files\/2009\/08\/s4030014.jpg 640w, https:\/\/blog.espol.edu.ec\/mialcabe\/files\/2009\/08\/s4030014-300x225.jpg 300w\" sizes=\"auto, (max-width: 640px) 100vw, 640px\" \/><\/a><\/p>\n<p style=\"text-align: center\"><span style=\"color: #0000ff\">En las Pe\u00f1as con los chikos y chiks d mi grupo!!!<\/span><\/p>\n<p style=\"text-align: center\"><a href=\"http:\/\/blog.espol.edu.ec\/mialcabe\/files\/2009\/08\/s4030029.jpg\"><img loading=\"lazy\" decoding=\"async\" class=\"alignnone size-full wp-image-63\" src=\"http:\/\/blog.espol.edu.ec\/mialcabe\/files\/2009\/08\/s4030029.jpg\" alt=\"Ni\u00f1as Nice! Very Nice!!!!!! jajajaja\" width=\"640\" height=\"480\" srcset=\"https:\/\/blog.espol.edu.ec\/mialcabe\/files\/2009\/08\/s4030029.jpg 640w, https:\/\/blog.espol.edu.ec\/mialcabe\/files\/2009\/08\/s4030029-300x225.jpg 300w\" sizes=\"auto, (max-width: 640px) 100vw, 640px\" \/><\/a><\/p>\n<p style=\"text-align: center\"><span style=\"color: #0000ff\">Krlitap, Andrea, Diana, Kata y yop...<\/span><\/p>\n<p style=\"text-align: center\"><a href=\"http:\/\/blog.espol.edu.ec\/mialcabe\/files\/2009\/08\/super-grupo-con-el-profe.jpg\"><img loading=\"lazy\" decoding=\"async\" class=\"alignnone size-full wp-image-64\" src=\"http:\/\/blog.espol.edu.ec\/mialcabe\/files\/2009\/08\/super-grupo-con-el-profe.jpg\" alt=\"super-grupo-con-el-profe\" width=\"640\" height=\"480\" srcset=\"https:\/\/blog.espol.edu.ec\/mialcabe\/files\/2009\/08\/super-grupo-con-el-profe.jpg 640w, https:\/\/blog.espol.edu.ec\/mialcabe\/files\/2009\/08\/super-grupo-con-el-profe-300x225.jpg 300w\" sizes=\"auto, (max-width: 640px) 100vw, 640px\" \/><\/a><\/p>\n<p style=\"text-align: center\">\n<p style=\"text-align: center\">\n<div class=\"mceTemp\" style=\"text-align: center\"><span style=\"color: #0000ff\">Despu\u00e9s del drama en el protocolo de sexo, mentiras y verdades... y pa variar actores jijiji...!!!<\/span><\/div>\n<div class=\"mceTemp\" style=\"text-align: center\">\n<p style=\"text-align: center\"><a href=\"http:\/\/blog.espol.edu.ec\/mialcabe\/files\/2009\/08\/p1010171.jpg\"><img loading=\"lazy\" decoding=\"async\" class=\"size-medium wp-image-38 aligncenter\" src=\"http:\/\/blog.espol.edu.ec\/mialcabe\/files\/2009\/08\/p1010171-225x300.jpg\" alt=\"Ruty y yopi\" width=\"225\" height=\"300\" srcset=\"https:\/\/blog.espol.edu.ec\/mialcabe\/files\/2009\/08\/p1010171-225x300.jpg 225w, https:\/\/blog.espol.edu.ec\/mialcabe\/files\/2009\/08\/p1010171-768x1024.jpg 768w, https:\/\/blog.espol.edu.ec\/mialcabe\/files\/2009\/08\/p1010171.jpg 1920w\" sizes=\"auto, (max-width: 225px) 100vw, 225px\" \/><\/a><\/p>\n<p style=\"text-align: center\"><span style=\"color: #0000ff\">En cumple de la ruty, Una noche en el express de full relajo... <\/span><\/p>\n<p style=\"text-align: center\">\n<p style=\"text-align: center\">\n<p style=\"text-align: center\"><span style=\"color: #0000ff\"><br \/>\n<\/span><\/p>\n<p style=\"text-align: center\">\n<\/div>\n<p><iframe loading=\"lazy\" width=\"640\" height=\"510\" src=\"http:\/\/www.youtube.com\/embed\/JVgcToMKTGc\" frameborder=\"0\" allowfullscreen><\/iframe><\/p>\n","protected":false},"excerpt":{"rendered":"<p>Mis mejores Fotos... =) Bueno m tome el tiempo para recopilar las mejores fotos hasta el momento de mi vida, es pero que les guste el tablero y lo comenten, estas son las personas k yo mas kiero, son kienes m han acompa\u00f1ado toda mi vida, kienes han compartido conmigo buenos y malos momentos, y [&hellip;]<\/p>\n","protected":false},"author":1776,"featured_media":0,"parent":0,"menu_order":0,"comment_status":"open","ping_status":"open","template":"","meta":{"footnotes":""},"class_list":["post-36","page","type-page","status-publish","hentry"],"_links":{"self":[{"href":"https:\/\/blog.espol.edu.ec\/mialcabe\/wp-json\/wp\/v2\/pages\/36","targetHints":{"allow":["GET"]}}],"collection":[{"href":"https:\/\/blog.espol.edu.ec\/mialcabe\/wp-json\/wp\/v2\/pages"}],"about":[{"href":"https:\/\/blog.espol.edu.ec\/mialcabe\/wp-json\/wp\/v2\/types\/page"}],"author":[{"embeddable":true,"href":"https:\/\/blog.espol.edu.ec\/mialcabe\/wp-json\/wp\/v2\/users\/1776"}],"replies":[{"embeddable":true,"href":"https:\/\/blog.espol.edu.ec\/mialcabe\/wp-json\/wp\/v2\/comments?post=36"}],"version-history":[{"count":18,"href":"https:\/\/blog.espol.edu.ec\/mialcabe\/wp-json\/wp\/v2\/pages\/36\/revisions"}],"predecessor-version":[{"id":120,"href":"https:\/\/blog.espol.edu.ec\/mialcabe\/wp-json\/wp\/v2\/pages\/36\/revisions\/120"}],"wp:attachment":[{"href":"https:\/\/blog.espol.edu.ec\/mialcabe\/wp-json\/wp\/v2\/media?parent=36"}],"curies":[{"name":"wp","href":"https:\/\/api.w.org\/{rel}","templated":true}]}}