{"id":6,"date":"2014-05-22T13:38:13","date_gmt":"2014-05-22T13:38:13","guid":{"rendered":"http:\/\/blog.espol.edu.ec\/miazespi\/?page_id=6"},"modified":"2014-05-31T22:08:28","modified_gmt":"2014-05-31T22:08:28","slug":"mi-primera-pagina","status":"publish","type":"page","link":"https:\/\/blog.espol.edu.ec\/miazespi\/mi-primera-pagina\/","title":{"rendered":"Ropa, ultimas tendencias"},"content":{"rendered":"<p>Siempre hay que intentar ir a mejor. A veces surge una parada en el camino\u00a0que no para de verse durante meses en todo tipo de vestidos, chaquetas o tops, jeanes, los shorts que estan ahora en lo mas \"chick\" de la moda. Hacen de esta una muy buena presentaci\u00f3n para TI.<\/p>\n<p><a href=\"http:\/\/blog.espol.edu.ec\/miazespi\/files\/2014\/05\/CAMEL1-750x524.jpg\"><img loading=\"lazy\" decoding=\"async\" class=\"alignnone size-medium wp-image-46\" src=\"http:\/\/blog.espol.edu.ec\/miazespi\/files\/2014\/05\/CAMEL1-750x524-300x209.jpg\" alt=\"CAMEL1-750x524\" width=\"300\" height=\"209\" srcset=\"https:\/\/blog.espol.edu.ec\/miazespi\/files\/2014\/05\/CAMEL1-750x524-300x209.jpg 300w, https:\/\/blog.espol.edu.ec\/miazespi\/files\/2014\/05\/CAMEL1-750x524.jpg 750w\" sizes=\"auto, (max-width: 300px) 100vw, 300px\" \/><\/a> <a href=\"http:\/\/blog.espol.edu.ec\/miazespi\/files\/2014\/05\/STRIPED-1-750x1125.jpg\"><img loading=\"lazy\" decoding=\"async\" class=\"alignnone size-medium wp-image-47\" src=\"http:\/\/blog.espol.edu.ec\/miazespi\/files\/2014\/05\/STRIPED-1-750x1125-200x300.jpg\" alt=\"STRIPED-1-750x1125\" width=\"200\" height=\"300\" srcset=\"https:\/\/blog.espol.edu.ec\/miazespi\/files\/2014\/05\/STRIPED-1-750x1125-200x300.jpg 200w, https:\/\/blog.espol.edu.ec\/miazespi\/files\/2014\/05\/STRIPED-1-750x1125-682x1024.jpg 682w, https:\/\/blog.espol.edu.ec\/miazespi\/files\/2014\/05\/STRIPED-1-750x1125.jpg 750w\" sizes=\"auto, (max-width: 200px) 100vw, 200px\" \/><\/a> <a href=\"http:\/\/blog.espol.edu.ec\/miazespi\/files\/2014\/05\/Vestidos-Aeropostale-21.jpg\"><img loading=\"lazy\" decoding=\"async\" class=\"alignnone size-medium wp-image-48\" src=\"http:\/\/blog.espol.edu.ec\/miazespi\/files\/2014\/05\/Vestidos-Aeropostale-21-289x300.jpg\" alt=\"Vestidos-Aeropostale-21\" width=\"289\" height=\"300\" srcset=\"https:\/\/blog.espol.edu.ec\/miazespi\/files\/2014\/05\/Vestidos-Aeropostale-21-289x300.jpg 289w, https:\/\/blog.espol.edu.ec\/miazespi\/files\/2014\/05\/Vestidos-Aeropostale-21.jpg 480w\" sizes=\"auto, (max-width: 289px) 100vw, 289px\" \/><\/a><\/p>\n<p>&nbsp;<\/p>\n<h2 style=\"color: #000000\">Casual<\/h2>\n<p style=\"color: #444444\">El<span id=\"more-14965\"><\/span>\u00a0estilo casual es perfecto para hacer recados, trabajando alrededor de la casa o incluso un divertido encuentro con amigos. \u00a0Usted necesita blue jeans. Encontrar jeans recto o corte de arranque y un lavado mediano. Esto asegura que coincidir\u00e1 con cualquier cosa que usas. \u00a0Elegir unos bien ajustadas polos o camisetas. Camisas de polo tienden a dar a los hombres un aspecto cl\u00e1sico y elegante, mientras que todav\u00eda da a un casual, invitando a la apariencia. Tire el atuendo junto con zapatos y un cintur\u00f3n. Todo hombre necesita un cintur\u00f3n de cuero marr\u00f3n cl\u00e1sico. Los zapatos tambi\u00e9n son importantes; para un look casual, las opciones son infinitas. Desde zapatillas para flip-flops, casi todo se ir\u00e1.<\/p>\n<p>&nbsp;<\/p>\n<h2 style=\"color: #000000\">Formal<\/h2>\n<p style=\"color: #444444\">Se ha dicho que cada mujer necesita su \u201cpoco vestido negro.\u201d Lo mismo es cierto para los hombres: cada hombre tiene su traje negro. Simplemente compre una chaqueta negra, pantalones, zapatos de vestir y un cintur\u00f3n negro. Para un look cl\u00e1sico, usar una camisa blanca de botones. Para a\u00f1adir un toque al equipo, elija otro color de la luz. Por \u00faltimo, para pulirlo apagado, poner un pa\u00f1uelo en el bolsillo, asegur\u00e1ndose de que coincide con el color de su camisa.<\/p>\n<h2 style=\"color: #000000\">Negocio<\/h2>\n<p>Hay muy pocas empresas que permiten a los empleados a vestir casualmente mientras que en la oficina. Por lo tanto, es importante saber c\u00f3mo vestir bien en un ambiente de negocios. Todos los hombres necesitan unas camisas de vestir con botones. En la mayor\u00eda de los casos, los empleadores permitir\u00e1 usar cualquier color, as\u00ed que sea creativo y d\u00e9jese destacan en la oficina. Recuerde que debe asegurarse de que encaja bien: tiene que ser lo suficientemente largo para meter, y las mangas deben terminar sobre un cent\u00edmetro m\u00e1s all\u00e1 del hueso de la mu\u00f1eca.<\/p>\n<p>Modelos que te fascinaran en el siguente link:<br \/>\n<a href=\"http:\/\/catalogomistika.com\/\">http:\/\/catalogomistika.com\/<\/a><\/p>\n","protected":false},"excerpt":{"rendered":"<p>Siempre hay que intentar ir a mejor. A veces surge una parada en el camino\u00a0que no para de verse durante meses en todo tipo de vestidos, chaquetas o tops, jeanes, los shorts que estan ahora en lo mas \"chick\" de la moda. Hacen de esta una muy buena presentaci\u00f3n para TI. &nbsp; Casual El\u00a0estilo casual [&hellip;]<\/p>\n","protected":false},"author":9083,"featured_media":0,"parent":0,"menu_order":0,"comment_status":"open","ping_status":"open","template":"","meta":{"footnotes":""},"class_list":["post-6","page","type-page","status-publish","hentry"],"_links":{"self":[{"href":"https:\/\/blog.espol.edu.ec\/miazespi\/wp-json\/wp\/v2\/pages\/6","targetHints":{"allow":["GET"]}}],"collection":[{"href":"https:\/\/blog.espol.edu.ec\/miazespi\/wp-json\/wp\/v2\/pages"}],"about":[{"href":"https:\/\/blog.espol.edu.ec\/miazespi\/wp-json\/wp\/v2\/types\/page"}],"author":[{"embeddable":true,"href":"https:\/\/blog.espol.edu.ec\/miazespi\/wp-json\/wp\/v2\/users\/9083"}],"replies":[{"embeddable":true,"href":"https:\/\/blog.espol.edu.ec\/miazespi\/wp-json\/wp\/v2\/comments?post=6"}],"version-history":[{"count":7,"href":"https:\/\/blog.espol.edu.ec\/miazespi\/wp-json\/wp\/v2\/pages\/6\/revisions"}],"predecessor-version":[{"id":58,"href":"https:\/\/blog.espol.edu.ec\/miazespi\/wp-json\/wp\/v2\/pages\/6\/revisions\/58"}],"wp:attachment":[{"href":"https:\/\/blog.espol.edu.ec\/miazespi\/wp-json\/wp\/v2\/media?parent=6"}],"curies":[{"name":"wp","href":"https:\/\/api.w.org\/{rel}","templated":true}]}}