{"id":8,"date":"2014-05-27T13:31:27","date_gmt":"2014-05-27T13:31:27","guid":{"rendered":"http:\/\/blog.espol.edu.ec\/miazespi\/?page_id=8"},"modified":"2014-06-03T02:36:46","modified_gmt":"2014-06-03T02:36:46","slug":"sobre-el-autor","status":"publish","type":"page","link":"https:\/\/blog.espol.edu.ec\/miazespi\/sobre-el-autor\/","title":{"rendered":"SOBRE EL AUTOR"},"content":{"rendered":"<p><iframe loading=\"lazy\" src=\"http:\/\/www.slideshare.net\/slideshow\/embed_code\/35244357\" width=\"427\" height=\"356\" frameborder=\"0\" allowfullscreen=\"allowfullscreen\"> <\/iframe><\/p>\n<div style=\"margin-bottom: 5px\"><strong> <a title=\"Espinoza Quim\u00eds Michelle \" href=\"https:\/\/www.slideshare.net\/mishyespinoza\/mi-chelle-espinoza\" target=\"_blank\">Espinoza Quim\u00eds Michelle <\/a> <\/strong> from <strong><a href=\"http:\/\/www.slideshare.net\/mishyespinoza\" target=\"_blank\">Michelle Espinoza<\/a><\/strong><\/div>\n<p style=\"margin: 12px auto 6px auto;font-family: Helvetica,Arial,Sans-serif;font-style: normal;font-variant: normal;font-weight: normal;font-size: 14px;line-height: normal\"><a style=\"text-decoration: underline\" title=\"View Eol\u00edpila de Her\u00f3n on Scribd\" href=\"http:\/\/es.scribd.com\/doc\/97572303\/Eolipila-de-Heron\">Eol\u00edpila de Her\u00f3n<\/a> by <a style=\"text-decoration: underline\" title=\"View Josue Luna's profile on Scribd\" href=\"http:\/\/www.scribd.com\/josue_luna_26\">Josue Luna<\/a><\/p>\n<p><iframe loading=\"lazy\" class=\"scribd_iframe_embed\" src=\"\/\/www.scribd.com\/embeds\/97572303\/content?start_page=1&amp;view_mode=scroll&amp;access_key=key-22r9wxaqu72wgq772u3t&amp;show_recommendations=true\" width=\"100%\" height=\"600\" frameborder=\"0\"><\/iframe><\/p>\n<p>&nbsp;<\/p>\n<p><strong>NATURALEZA<\/strong><\/p>\n<p><strong>Dos textos hermosos escritos por el gran poeta Amado Nervo; poemas para disfrutarlos pero tambi\u00e9n para pensarlos.<\/strong><\/p>\n<p style=\"color: #000000\"><b>VOCES DE AGUAS<\/b><\/p>\n<p style=\"color: #000000\"><span style=\"color: #222222\">Mi gota busca entra\u00f1as de roca y las perfora.<\/span><br style=\"color: #222222\" \/><span style=\"color: #222222\">En mi flota el aceite que en los santuarios vela.<\/span><br style=\"color: #222222\" \/><span style=\"color: #222222\">Por mi raya el milagro de la locomotora<\/span><br style=\"color: #222222\" \/><span style=\"color: #222222\">la pauta de los rieles. Yo pinto la acuarela.<\/span><br style=\"color: #222222\" \/><span style=\"color: #222222\">Mi bruma y tus recuerdos son por extra\u00f1o modo<\/span><br style=\"color: #222222\" \/><span style=\"color: #222222\">gemelos; \u00bfno ves como lo divinizan todo?<\/span><br style=\"color: #222222\" \/><span style=\"color: #222222\">Yo presto vibraciones de flautas prodigiosas<\/span><br style=\"color: #222222\" \/><span style=\"color: #222222\">al cristal de los vasos. Soy triaca y enfermera<\/span><br style=\"color: #222222\" \/><span style=\"color: #222222\">en las modernas cl\u00ednicas. Y yo, sobre las rosas<\/span><br style=\"color: #222222\" \/><span style=\"color: #222222\">turiferario santo del alba en primavera.<\/span><br style=\"color: #222222\" \/><span style=\"color: #222222\">Soy pr\u00f3diga de fuerza motriz en mi ca\u00edda.<\/span><br style=\"color: #222222\" \/><span style=\"color: #222222\">Yo escarcho los ramajes. Yo en tiempos muy remotos<\/span><br style=\"color: #222222\" \/><span style=\"color: #222222\">d\u00ed un canto a las sirenas. Yo, cuando estoy dormida,<\/span><br style=\"color: #222222\" \/><span style=\"color: #222222\">sue\u00f1o sue\u00f1os azules, y esos sue\u00f1os son lotos.<\/span><br style=\"color: #222222\" \/><span style=\"color: #222222\">Poeta, que por gracia del cielo nos conoces,<\/span><br style=\"color: #222222\" \/><span style=\"color: #222222\">\u00bfno cantas con nosotras?<\/span><br style=\"color: #222222\" \/><br style=\"color: #222222\" \/><span style=\"color: #222222\">\u00a1S\u00ed canto, hermanas voces!<\/span><\/p>\n<p style=\"color: #000000\"><strong>EL AMOR NUEVO\u00a0<\/strong><\/p>\n<p style=\"color: #000000\">Todo amor nuevo que aparece<br \/>\nnos ilumina la existencia,<br \/>\nnos la perfuma y enflorece.<\/p>\n<p>En la m\u00e1s densa oscuridad<br \/>\ntoda mujer es refulgencia<br \/>\ny todo amor es claridad.<br \/>\nPara curar la pertinaz<br \/>\npena, en las almas escondida,<br \/>\nun nuevo amor es eficaz;<br \/>\nporque se posa en nuestro mal<br \/>\nsin lastimar nunca la herida,<br \/>\ncomo un destello en un cristal.<\/p>\n<p>Como un ensue\u00f1o en una cuna,<br \/>\ncomo se posa en la r\u00fcina<br \/>\nla piedad del rayo de la luna.<br \/>\ncomo un encanto en un hast\u00edo,<br \/>\ncomo en la punta de una espina<br \/>\nuna gotita de roc\u00edo...<\/p>\n<p>\u00bfQue tambi\u00e9n sabe hacer sufrir?<br \/>\n\u00bfQue tambi\u00e9n sabe hacer llorar?<br \/>\n\u00bfQue tambi\u00e9n sabe hacer morir?<\/p>\n<p>-Es que t\u00fa no supiste amar...<\/p>\n<p>&nbsp;<\/p>\n<p><a href=\"http:\/\/blog.espol.edu.ec\/miazespi\/files\/2014\/05\/CYMERA_20140424_184811.jpg\"><img loading=\"lazy\" decoding=\"async\" class=\"alignnone size-medium wp-image-80\" src=\"http:\/\/blog.espol.edu.ec\/miazespi\/files\/2014\/05\/CYMERA_20140424_184811-300x300.jpg\" alt=\"CYMERA_20140424_184811\" width=\"300\" height=\"300\" srcset=\"https:\/\/blog.espol.edu.ec\/miazespi\/files\/2014\/05\/CYMERA_20140424_184811-300x300.jpg 300w, https:\/\/blog.espol.edu.ec\/miazespi\/files\/2014\/05\/CYMERA_20140424_184811-150x150.jpg 150w, https:\/\/blog.espol.edu.ec\/miazespi\/files\/2014\/05\/CYMERA_20140424_184811.jpg 1024w\" sizes=\"auto, (max-width: 300px) 100vw, 300px\" \/><\/a> <a href=\"http:\/\/blog.espol.edu.ec\/miazespi\/files\/2014\/05\/CYMERA_20140507_151424.jpg\"><img loading=\"lazy\" decoding=\"async\" class=\"alignnone size-medium wp-image-81\" src=\"http:\/\/blog.espol.edu.ec\/miazespi\/files\/2014\/05\/CYMERA_20140507_151424-300x300.jpg\" alt=\"CYMERA_20140507_151424\" width=\"300\" height=\"300\" srcset=\"https:\/\/blog.espol.edu.ec\/miazespi\/files\/2014\/05\/CYMERA_20140507_151424-300x300.jpg 300w, https:\/\/blog.espol.edu.ec\/miazespi\/files\/2014\/05\/CYMERA_20140507_151424-150x150.jpg 150w, https:\/\/blog.espol.edu.ec\/miazespi\/files\/2014\/05\/CYMERA_20140507_151424.jpg 1024w\" sizes=\"auto, (max-width: 300px) 100vw, 300px\" \/><\/a><\/p>\n<p>Uno de mis hobbies favoritos... pintados con dise\u00f1os creativos... =)<\/p>\n<p>&nbsp;<\/p>\n<div>\n<div>\n<blockquote>\n<div style=\"text-align: left\"><em><strong><span style=\"text-decoration: underline\">La moda<\/span><\/strong><\/em><\/div>\n<\/blockquote>\n<\/div>\n<\/div>\n<div>\n<div>\n<div>He salido hoy por la ma\u00f1ana a trabajar<br \/>\ncon el traje que vale un salario<br \/>\nluzco el color de esta temporada<br \/>\nel mas indicado del armarioEs mi cruz dejar tanto dinero<br \/>\nen la ropa que yo siempre llevo<br \/>\nSon maestros los dise\u00f1adores<br \/>\nlos \u201cgur\u00fas\u201d de mis combinaciones.<\/p>\n<p>Lo que ahora se lleva es la m\u00e1s fina tela<br \/>\n\u00a1como es posible! \u00a1si hace un fr\u00edo que pela!<br \/>\ncon estos colores parezco un payaso<br \/>\n\u00a1a la pasarela hay que hacerle caso!<\/p>\n<p>Lo que mas me gusta es el \u201cglamour\u201d<br \/>\nluces de colores, vestidos al trasluz<br \/>\nnena, hazle caso a la moda<br \/>\nponte transparencias \u00a1seguro que nos mola!<\/p>\n<p>Chicas 10 exhiben la tela<br \/>\nmaniqu\u00edes en trajes de seda<br \/>\nes el show de la estratosfera<br \/>\nesqueletos por la pasarela.<\/p>\n<p>Son mis trajes lo m\u00e1s importante<br \/>\nellos que me dan la personalidad<br \/>\nla alta costura define mi car\u00e1cter<br \/>\nla clave del triunfo en esta sociedad<\/p>\n<p>He de ir a juego con mis compa\u00f1eros<br \/>\nderrochando clase todos por igual<br \/>\nhaci\u00e9ndoles caso como unos borregos<br \/>\nporque nena la moda es fundamental<\/p>\n<p>Procurar\u00e9 ser como esos cachas<br \/>\nque desfilan por la pasarela<br \/>\n\u00bfme parecer\u00e9 algo mas a ellos<br \/>\nsi me compro esos trajes que llevan?<\/p>\n<\/div>\n<\/div>\n<\/div>\n<p><i>estar al loro =&gt; estar atento, pendiente<br \/>\nnos mola =&gt; nos gusta mucho<br \/>\ncachas =&gt; aqu\u00ed quiero decir en sentido de tipos guapos, altos, fuertes. En general significa fuertes.<\/i><\/p>\n","protected":false},"excerpt":{"rendered":"<p>Espinoza Quim\u00eds Michelle from Michelle Espinoza Eol\u00edpila de Her\u00f3n by Josue Luna &nbsp; NATURALEZA Dos textos hermosos escritos por el gran poeta Amado Nervo; poemas para disfrutarlos pero tambi\u00e9n para pensarlos. VOCES DE AGUAS Mi gota busca entra\u00f1as de roca y las perfora.En mi flota el aceite que en los santuarios vela.Por mi raya el [&hellip;]<\/p>\n","protected":false},"author":9083,"featured_media":0,"parent":0,"menu_order":0,"comment_status":"open","ping_status":"open","template":"","meta":{"footnotes":""},"class_list":["post-8","page","type-page","status-publish","hentry"],"_links":{"self":[{"href":"https:\/\/blog.espol.edu.ec\/miazespi\/wp-json\/wp\/v2\/pages\/8","targetHints":{"allow":["GET"]}}],"collection":[{"href":"https:\/\/blog.espol.edu.ec\/miazespi\/wp-json\/wp\/v2\/pages"}],"about":[{"href":"https:\/\/blog.espol.edu.ec\/miazespi\/wp-json\/wp\/v2\/types\/page"}],"author":[{"embeddable":true,"href":"https:\/\/blog.espol.edu.ec\/miazespi\/wp-json\/wp\/v2\/users\/9083"}],"replies":[{"embeddable":true,"href":"https:\/\/blog.espol.edu.ec\/miazespi\/wp-json\/wp\/v2\/comments?post=8"}],"version-history":[{"count":12,"href":"https:\/\/blog.espol.edu.ec\/miazespi\/wp-json\/wp\/v2\/pages\/8\/revisions"}],"predecessor-version":[{"id":82,"href":"https:\/\/blog.espol.edu.ec\/miazespi\/wp-json\/wp\/v2\/pages\/8\/revisions\/82"}],"wp:attachment":[{"href":"https:\/\/blog.espol.edu.ec\/miazespi\/wp-json\/wp\/v2\/media?parent=8"}],"curies":[{"name":"wp","href":"https:\/\/api.w.org\/{rel}","templated":true}]}}