{"id":16,"date":"2015-11-22T21:03:54","date_gmt":"2015-11-22T21:03:54","guid":{"rendered":"http:\/\/blog.espol.edu.ec\/micanavi\/?page_id=16"},"modified":"2015-11-23T01:04:55","modified_gmt":"2015-11-23T01:04:55","slug":"el-biologo","status":"publish","type":"page","link":"https:\/\/blog.espol.edu.ec\/micanavi\/el-biologo\/","title":{"rendered":"El Biologo"},"content":{"rendered":"<p><strong>EL BIOLOGO<\/strong><\/p>\n<p>\u00bfQu\u00e9 es un bi\u00f3logo? \u2018\u2019El bi\u00f3logo es, en primer lugar, profesional del asombro y de la contemplaci\u00f3n del mundo natural. Para \u00e9l un ser vivo, adem\u00e1s de material de trabajo y medio de subsistencia, constituyes un verdadero tesoro, una obra de arte \u00fanica que admira y le deleita. \u2019\u2019 (L. Montuenga, Deontolog\u00eda Biol\u00f3gica, Capitulo 5).<\/p>\n<p>El bi\u00f3logo es un investigador que basa su profesi\u00f3n en el estudio de organismos vivos, es un profesional que aplica todo lo que sabe a beneficio de los dem\u00e1s, y no se conforma con lo que sabe si no que busca m\u00e1s. Es un cient\u00edfico de innovaci\u00f3n, busca la constante mejora de la ciencia que maneja. Al ser un investigador tambi\u00e9n posee una mentalidad curiosa y siempre va por nuevos desaf\u00edos. Con tantas caracter\u00edsticas que definen al bi\u00f3logo se nota la necesidad de este profesional para el futuro, tanto en la biolog\u00eda como en las distintas ramas de esta ciencia como lo es la biotecnolog\u00eda denominada como una de \u2018\u2019Las profesiones del futuro\u2019\u2019 seg\u00fan la p\u00e1gina profesionales.com.mx.<\/p>\n<p>Si bien se sabe son muchas las \u00e1reas en la que se puede desempe\u00f1ar el bi\u00f3logo, tambi\u00e9n son muy numerosas las ramas en las que se puede especializar dependiendo de su afinidad.<\/p>\n<p><b>\u00c1REAS<\/b><strong>\u00a0DE DESEMPE\u00d1O PROFESIONAL<\/strong><\/p>\n<p>Dentro del \u00e1rea de desempe\u00f1o laboral el bi\u00f3logo puede participar en una variedad de ramas, como lo son: Conservaci\u00f3n de especies, manejo de biodiversidad, en el \u00e1rea de la medicina, cuidado de animales, entre otros. Pero las que son m\u00e1s frecuentes son el la educaci\u00f3n (desempe\u00f1arse impartiendo sus conocimientos a futuras generaciones) o la investigaci\u00f3n, que tambi\u00e9n depende de la afinidad del bi\u00f3logo por una de las tantas ramas que posee la bi\u00f3loga.<\/p>\n<p><strong>\u00bfPOR QU\u00c9 SER\u00a0BI\u00d3LOGO?<\/strong><\/p>\n<p>Si se tiene un gusto por las ciencias naturales, por los animales o distintos \u00e1mbitos referentes a la naturaleza, el ser bi\u00f3logo puede ser la mejor elecci\u00f3n a tomar al momento de escoger una carrera. Ahora \u00bfC\u00f3mo es la profesi\u00f3n del bi\u00f3logo? \u2018\u2019 Muy bonita, eh trabajado en el campo p\u00fablico y privado y como\u00a0 profesora y he tenido una retroalimentaci\u00f3n de mi carrera en las diferentes \u00e1reas en las que he trabajado\u2019\u2019 \u00a0(Dr. Mirella Pozo, profesora de ESPOL). Ser bi\u00f3logo es una profesi\u00f3n para personas que gustan de la naturaleza o tienen gusto por la investigaci\u00f3n, puesto que esta carrera no es solo para quedarse sentado en un laboratorio, es para descubrir, ense\u00f1ar e innovar; es una profesi\u00f3n para personas con mente curiosa y con ganas de aprender cada d\u00eda m\u00e1s!<\/p>\n<p><strong>APORTES A LA SOCIEDAD<\/strong><\/p>\n<p>El bi\u00f3logo dentro de la sociedad es un pilar fundamental\u00a0 puesto que aporta de distintas formas, entre estas est\u00e1n\u00a0 las siguientes dos: \u00a0La primera, su tarea como profesional que lo lleva a la b\u00fasqueda de nuevos conocimientos que ayuden al crecimiento de distintas \u00e1reas para el bien de todos; por ejemplo un descubrimiento o avance que sea referente al ser humano ser\u00eda un aporte al crecimiento del \u00e1rea de la medicina, como lo fueron los avances de Gregor Mendel sobre la herencia gen\u00e9tica (Leyes de Mendel) en los a\u00f1os 1865 y 1866.<\/p>\n<p>Y la segunda la cual es, transmitir sus conocimientos y hacer entender a los dem\u00e1s la importancia de los organismos vivos y del medio que los rodea. \u2018\u2019Existen muchas formas por las que el bi\u00f3logo puede colaborar con la sociedad, pero estas dos me parecen las m\u00e1s relevantes\u2019\u2019. (Michael Avil\u00e9s).<\/p>\n<p>&nbsp;<\/p>\n","protected":false},"excerpt":{"rendered":"<p>EL BIOLOGO \u00bfQu\u00e9 es un bi\u00f3logo? \u2018\u2019El bi\u00f3logo es, en primer lugar, profesional del asombro y de la contemplaci\u00f3n del mundo natural. Para \u00e9l un ser vivo, adem\u00e1s de material de trabajo y medio de subsistencia, constituyes un verdadero tesoro, una obra de arte \u00fanica que admira y le deleita. \u2019\u2019 (L. Montuenga, Deontolog\u00eda Biol\u00f3gica, [&hellip;]<\/p>\n","protected":false},"author":10138,"featured_media":0,"parent":0,"menu_order":0,"comment_status":"closed","ping_status":"closed","template":"","meta":{"footnotes":""},"class_list":["post-16","page","type-page","status-publish","hentry"],"_links":{"self":[{"href":"https:\/\/blog.espol.edu.ec\/micanavi\/wp-json\/wp\/v2\/pages\/16","targetHints":{"allow":["GET"]}}],"collection":[{"href":"https:\/\/blog.espol.edu.ec\/micanavi\/wp-json\/wp\/v2\/pages"}],"about":[{"href":"https:\/\/blog.espol.edu.ec\/micanavi\/wp-json\/wp\/v2\/types\/page"}],"author":[{"embeddable":true,"href":"https:\/\/blog.espol.edu.ec\/micanavi\/wp-json\/wp\/v2\/users\/10138"}],"replies":[{"embeddable":true,"href":"https:\/\/blog.espol.edu.ec\/micanavi\/wp-json\/wp\/v2\/comments?post=16"}],"version-history":[{"count":3,"href":"https:\/\/blog.espol.edu.ec\/micanavi\/wp-json\/wp\/v2\/pages\/16\/revisions"}],"predecessor-version":[{"id":38,"href":"https:\/\/blog.espol.edu.ec\/micanavi\/wp-json\/wp\/v2\/pages\/16\/revisions\/38"}],"wp:attachment":[{"href":"https:\/\/blog.espol.edu.ec\/micanavi\/wp-json\/wp\/v2\/media?parent=16"}],"curies":[{"name":"wp","href":"https:\/\/api.w.org\/{rel}","templated":true}]}}