{"id":41,"date":"2015-06-02T03:38:53","date_gmt":"2015-06-02T03:38:53","guid":{"rendered":"http:\/\/blog.espol.edu.ec\/micdecab\/?page_id=41"},"modified":"2015-06-02T03:46:41","modified_gmt":"2015-06-02T03:46:41","slug":"mis-poemas","status":"publish","type":"page","link":"https:\/\/blog.espol.edu.ec\/micdecab\/mis-poemas\/","title":{"rendered":"Te Quiero"},"content":{"rendered":"<p><a href=\"http:\/\/blog.espol.edu.ec\/micdecab\/files\/2015\/06\/IMG_18404073598741.jpeg\"><img loading=\"lazy\" decoding=\"async\" class=\" size-medium wp-image-44 aligncenter\" src=\"http:\/\/blog.espol.edu.ec\/micdecab\/files\/2015\/06\/IMG_18404073598741-300x81.jpeg\" alt=\"IMG_18404073598741\" width=\"300\" height=\"81\" srcset=\"https:\/\/blog.espol.edu.ec\/micdecab\/files\/2015\/06\/IMG_18404073598741-300x81.jpeg 300w, https:\/\/blog.espol.edu.ec\/micdecab\/files\/2015\/06\/IMG_18404073598741.jpeg 480w\" sizes=\"auto, (max-width: 300px) 100vw, 300px\" \/><\/a><\/p>\n<p>La medida perfecta<\/p>\n<p>Que medida perfecta<\/p>\n<p>la de tus manos<\/p>\n<p>para las m\u00edas.<\/p>\n<p>Me alumbra un sol<\/p>\n<p>que me dice con certeza,<\/p>\n<p>nuestras sombras a\u00fan siguen juntas.<\/p>\n<p>Que peque\u00f1o se ha hecho mi camino<\/p>\n<p>y tan grandes mis ideas<\/p>\n<p>sin embargo puedo pensar en un Te Quiero<\/p>\n<p>que me engrandece.<\/p>\n<p>Suavemente deslizas tus manos<\/p>\n<p>por la m\u00edas, me acaricias<\/p>\n<p>y puedo encontrar ese te quiero,<\/p>\n<p>pienso en un instante lo mucho que veo en ti<\/p>\n<p>al perderme en tu mirada que<\/p>\n<p>simplemente se mezcla con la m\u00eda.<\/p>\n<p>Respiro tu perfume cuando estoy junto a ti,<\/p>\n<p>el mismo que se convirti\u00f3 en el m\u00edo al enlazarme a ti.<\/p>\n<p>TE QUIERO<\/p>\n","protected":false},"excerpt":{"rendered":"<p>La medida perfecta Que medida perfecta la de tus manos para las m\u00edas. Me alumbra un sol que me dice con certeza, nuestras sombras a\u00fan siguen juntas. Que peque\u00f1o se ha hecho mi camino y tan grandes mis ideas sin embargo puedo pensar en un Te Quiero que me engrandece. Suavemente deslizas tus manos por [&hellip;]<\/p>\n","protected":false},"author":9617,"featured_media":0,"parent":0,"menu_order":0,"comment_status":"open","ping_status":"closed","template":"","meta":{"footnotes":""},"class_list":["post-41","page","type-page","status-publish","hentry"],"_links":{"self":[{"href":"https:\/\/blog.espol.edu.ec\/micdecab\/wp-json\/wp\/v2\/pages\/41","targetHints":{"allow":["GET"]}}],"collection":[{"href":"https:\/\/blog.espol.edu.ec\/micdecab\/wp-json\/wp\/v2\/pages"}],"about":[{"href":"https:\/\/blog.espol.edu.ec\/micdecab\/wp-json\/wp\/v2\/types\/page"}],"author":[{"embeddable":true,"href":"https:\/\/blog.espol.edu.ec\/micdecab\/wp-json\/wp\/v2\/users\/9617"}],"replies":[{"embeddable":true,"href":"https:\/\/blog.espol.edu.ec\/micdecab\/wp-json\/wp\/v2\/comments?post=41"}],"version-history":[{"count":4,"href":"https:\/\/blog.espol.edu.ec\/micdecab\/wp-json\/wp\/v2\/pages\/41\/revisions"}],"predecessor-version":[{"id":50,"href":"https:\/\/blog.espol.edu.ec\/micdecab\/wp-json\/wp\/v2\/pages\/41\/revisions\/50"}],"wp:attachment":[{"href":"https:\/\/blog.espol.edu.ec\/micdecab\/wp-json\/wp\/v2\/media?parent=41"}],"curies":[{"name":"wp","href":"https:\/\/api.w.org\/{rel}","templated":true}]}}