{"id":32,"date":"2009-03-04T19:09:31","date_gmt":"2009-03-05T00:09:31","guid":{"rendered":"http:\/\/blog.espol.edu.ec\/michelledarioperez\/?page_id=32"},"modified":"2009-03-06T15:32:14","modified_gmt":"2009-03-06T20:32:14","slug":"acerca-de-mi","status":"publish","type":"page","link":"https:\/\/blog.espol.edu.ec\/michelledarioperez\/","title":{"rendered":"Acerca de m\u00ed...."},"content":{"rendered":"<p style=\"text-align: left\">Hola a todos! Bienvenidos a mi blog, espero que sea de su agrado.<\/p>\n<p>Me llamo Michelle Dario P\u00e9rez nac\u00ed el 25 de Agosto de 1987, los estudios primarios los realice en el Instituto Salesiano Jos\u00e9 Domingo De Santistevan, el cu\u00e1l termin\u00e9 con \u00e9xito incluso obteniendo distinticiones por mis calificaciones.<\/p>\n<p>Los estudios secundarios los realice en el colegio Aguirre Abad y el Instituto Tecnol\u00f3gico Superior Sim\u00f3n Bol\u00edvar, como se da mi vinculaci\u00f3n a la <a title=\"Site Web ESPOL\" href=\"http:\/\/www.espol.edu.ec\" target=\"_blank\">Escuela Superior Polit\u00e9cnica del Litoral<\/a>, en principio yo quer\u00eda estudiar medicina no me llamaba la atenci\u00f3n otra carrera universitaria, pero al asistir\u00a0a una exposici\u00f3n de trabajos de los estudiantes\u00a0que realiz\u00f3 la <a title=\"Site Web FIEC\" href=\"http:\/\/www.fiec.espol.edu.ec\" target=\"_blank\">FIEC<\/a>, cambi\u00e9 de opini\u00f3n (d\u00ed un giro de 180) y despu\u00e9s de\u00a0preguntar un poco m\u00e1s sobre las diversas carreras\u00a0que se ofrec\u00edan en ese entonces fue cuando decid\u00ed cambiarme de colegio.<\/p>\n<p>En la ESPOL\u00a0estudio\u00a0Ingenier\u00eda en Electr\u00f3nica y Telecomunicaciones que pertenece a la Facultad de Electricidad y Computaci\u00f3n, y hasta ahora me ha ido bien con altas y bajas\u00a0todo lo aprendido me ha sido de\u00a0gran utilidad,\u00a0al momento en que tuve\u00a0que elegir\u00a0se que fue\u00a0la mejor decisi\u00f3n, estoy orgulloso de pertenecer a tan grande instituci\u00f3n.<\/p>\n<p>\u00bfMis amigos? Aqu\u00ed hasta ahora he conocido diversos tipos de personas, diversos tipos de intereses y de las cuales se aprende bastante sin duda.<\/p>\n<p><strong><em><span style=\"text-decoration: underline\">Tiempo Libre<\/span><\/em><\/strong>\u00a0<\/p>\n<p>Me gusta escuchar m\u00fasica, colecciono cds. es como un pasatiempo lo malo que nunca termino de escuchar todo el cd, mis interpretes favoritos Joaqu\u00edn Sabina,\u00a0Ricardo Arjona, David de Mar\u00eda, Alex Ubago, Keane, David Bisbal y Bustamante, Il Divo, Evanescence, me gusta cantar pero lo hago tan mal \ud83d\ude41 que los vidrios se quiebran jajaja<\/p>\n<p>Tambi\u00e9n leo libros en especial de pol\u00edtica y temas relacionados, no veo televisi\u00f3n solo lo hago cuando son los noticieros pero eso no quiere decir que no me gusta las pel\u00edculas \"La vida\u00a0es bella\", \"Pearl Harbor\", \"The Core\".<\/p>\n<p>Mi afici\u00f3n la <a title=\"F1\" href=\"http:\/\/www.formula1.com\/\" target=\"_blank\">F\u00f3rmula 1<\/a> la velocidad sin duda es lo m\u00e1ximo,\u00a0y tambi\u00e9n el f\u00fatbol la Tri \"Si se puede!!!\" y Juventus de Tur\u00edn.<\/p>\n<p style=\"text-align: center\"><img loading=\"lazy\" decoding=\"async\" class=\"aligncenter\" src=\"http:\/\/2.bp.blogspot.com\/_U2Gr2n8E1qI\/SVt0KrviLcI\/AAAAAAAAAos\/_MxbZI7fhGc\/s400\/dragon.jpg\" alt=\"\" width=\"258\" height=\"166\" \/><\/p>\n","protected":false},"excerpt":{"rendered":"<p>Hola a todos! Bienvenidos a mi blog, espero que sea de su agrado. Me llamo Michelle Dario P\u00e9rez nac\u00ed el 25 de Agosto de 1987, los estudios primarios los realice en el Instituto Salesiano Jos\u00e9 Domingo De Santistevan, el cu\u00e1l termin\u00e9 con \u00e9xito incluso obteniendo distinticiones por mis calificaciones. Los estudios secundarios los realice en [&hellip;]<\/p>\n","protected":false},"author":1326,"featured_media":0,"parent":0,"menu_order":0,"comment_status":"open","ping_status":"open","template":"","meta":{"footnotes":""},"class_list":["post-32","page","type-page","status-publish","hentry"],"_links":{"self":[{"href":"https:\/\/blog.espol.edu.ec\/michelledarioperez\/wp-json\/wp\/v2\/pages\/32","targetHints":{"allow":["GET"]}}],"collection":[{"href":"https:\/\/blog.espol.edu.ec\/michelledarioperez\/wp-json\/wp\/v2\/pages"}],"about":[{"href":"https:\/\/blog.espol.edu.ec\/michelledarioperez\/wp-json\/wp\/v2\/types\/page"}],"author":[{"embeddable":true,"href":"https:\/\/blog.espol.edu.ec\/michelledarioperez\/wp-json\/wp\/v2\/users\/1326"}],"replies":[{"embeddable":true,"href":"https:\/\/blog.espol.edu.ec\/michelledarioperez\/wp-json\/wp\/v2\/comments?post=32"}],"version-history":[{"count":4,"href":"https:\/\/blog.espol.edu.ec\/michelledarioperez\/wp-json\/wp\/v2\/pages\/32\/revisions"}],"predecessor-version":[{"id":35,"href":"https:\/\/blog.espol.edu.ec\/michelledarioperez\/wp-json\/wp\/v2\/pages\/32\/revisions\/35"}],"wp:attachment":[{"href":"https:\/\/blog.espol.edu.ec\/michelledarioperez\/wp-json\/wp\/v2\/media?parent=32"}],"curies":[{"name":"wp","href":"https:\/\/api.w.org\/{rel}","templated":true}]}}