{"id":116,"date":"2016-05-29T21:18:24","date_gmt":"2016-05-29T21:18:24","guid":{"rendered":"http:\/\/blog.espol.edu.ec\/micjorra\/?page_id=116"},"modified":"2016-05-29T21:18:24","modified_gmt":"2016-05-29T21:18:24","slug":"la-historia-de-the-big-ban-theory","status":"publish","type":"page","link":"https:\/\/blog.espol.edu.ec\/micjorra\/la-historia-de-the-big-ban-theory\/","title":{"rendered":"La Historia de The Big Ban  Theory"},"content":{"rendered":"<p>The Big Bang Theory es una comedia de situaci\u00f3n estadounidense estrenada el 24 de septiembre de 2007 por la cadena CBS. Est\u00e1 producida por la Warner Bros y Chuck Lorre.1 Fue ese mismo a\u00f1o cuando la comedia gan\u00f3 un Teen Choice Awards en la categor\u00eda \"Mejor serie de comedia\" y Jim Parsons un premio por sus logros individuales en la serie. La primera temporada iba a constar de 22 episodios, pero debido a la huelga de guionistas de Hollywood se vio reducida a 17. La CBS empez\u00f3 a emitir la segunda temporada en Estados Unidos a partir del 22 de septiembre de 2008, la tercera comenz\u00f3 el 21 de septiembre de 2009 y la cuarta temporada se estren\u00f3 el 23 de septiembre de 2010. La quinta temporada se estren\u00f3 el 22 de septiembre de 2011 y la sexta temporada se estren\u00f3 el 27 de septiembre de 2012.<\/p>\n<p>En enero de 2011, los productores de la comedia estadounidense informaron de que se hab\u00eda llegado a un acuerdo sustancioso con la cadena CBS para que se emitieran nuevos episodios hasta 2014, asegur\u00e1ndose tres temporadas m\u00e1s. La revista The Hollywood Reporter inform\u00f3 de que se hab\u00eda llegado a un acuerdo entre la productora, Warner Bros., y CBS respecto al tema de la publicidad, quedando solo pendiente el asunto de la contrataci\u00f3n de los actores.<\/p>\n<p>La banda Barenaked Ladies canta la canci\u00f3n introductoria de cada cap\u00edtulo, llamada \"History of Everything\" la cual relata desde el origen del universo y algunos hitos de la historia humana. En octubre de 2007 Barenaked Ladies hizo la versi\u00f3n completa (1 minuto 45 segundos) de la canci\u00f3n usando una mano dibujando en vez de las im\u00e1genes de la cabecera de la serie<\/p>\n","protected":false},"excerpt":{"rendered":"<p>The Big Bang Theory es una comedia de situaci\u00f3n estadounidense estrenada el 24 de septiembre de 2007 por la cadena CBS. Est\u00e1 producida por la Warner Bros y Chuck Lorre.1 Fue ese mismo a\u00f1o cuando la comedia gan\u00f3 un Teen Choice Awards en la categor\u00eda \"Mejor serie de comedia\" y Jim Parsons un premio por [&hellip;]<\/p>\n","protected":false},"author":10311,"featured_media":13,"parent":0,"menu_order":0,"comment_status":"closed","ping_status":"closed","template":"","meta":{"footnotes":""},"class_list":["post-116","page","type-page","status-publish","has-post-thumbnail","hentry"],"_links":{"self":[{"href":"https:\/\/blog.espol.edu.ec\/micjorra\/wp-json\/wp\/v2\/pages\/116","targetHints":{"allow":["GET"]}}],"collection":[{"href":"https:\/\/blog.espol.edu.ec\/micjorra\/wp-json\/wp\/v2\/pages"}],"about":[{"href":"https:\/\/blog.espol.edu.ec\/micjorra\/wp-json\/wp\/v2\/types\/page"}],"author":[{"embeddable":true,"href":"https:\/\/blog.espol.edu.ec\/micjorra\/wp-json\/wp\/v2\/users\/10311"}],"replies":[{"embeddable":true,"href":"https:\/\/blog.espol.edu.ec\/micjorra\/wp-json\/wp\/v2\/comments?post=116"}],"version-history":[{"count":1,"href":"https:\/\/blog.espol.edu.ec\/micjorra\/wp-json\/wp\/v2\/pages\/116\/revisions"}],"predecessor-version":[{"id":117,"href":"https:\/\/blog.espol.edu.ec\/micjorra\/wp-json\/wp\/v2\/pages\/116\/revisions\/117"}],"wp:featuredmedia":[{"embeddable":true,"href":"https:\/\/blog.espol.edu.ec\/micjorra\/wp-json\/wp\/v2\/media\/13"}],"wp:attachment":[{"href":"https:\/\/blog.espol.edu.ec\/micjorra\/wp-json\/wp\/v2\/media?parent=116"}],"curies":[{"name":"wp","href":"https:\/\/api.w.org\/{rel}","templated":true}]}}