{"id":33,"date":"2016-05-25T17:25:56","date_gmt":"2016-05-25T17:25:56","guid":{"rendered":"http:\/\/blog.espol.edu.ec\/micjorra\/?page_id=33"},"modified":"2016-05-29T13:24:50","modified_gmt":"2016-05-29T13:24:50","slug":"personajes","status":"publish","type":"page","link":"https:\/\/blog.espol.edu.ec\/micjorra\/personajes\/","title":{"rendered":"Personajes"},"content":{"rendered":"<div id=\"attachment_59\" style=\"width: 310px\" class=\"wp-caption alignnone\"><img loading=\"lazy\" decoding=\"async\" aria-describedby=\"caption-attachment-59\" class=\"size-medium wp-image-59\" src=\"http:\/\/blog.espol.edu.ec\/micjorra\/files\/2016\/05\/sheldon-cooper1-300x205.jpg\" alt=\"THE BIG BANG THEORY\" width=\"300\" height=\"205\" srcset=\"https:\/\/blog.espol.edu.ec\/micjorra\/files\/2016\/05\/sheldon-cooper1-300x205.jpg 300w, https:\/\/blog.espol.edu.ec\/micjorra\/files\/2016\/05\/sheldon-cooper1.jpg 533w\" sizes=\"auto, (max-width: 300px) 100vw, 300px\" \/><p id=\"caption-attachment-59\" class=\"wp-caption-text\">THE BIG BANG THEORY<\/p><\/div>\n<p>Sheldon es un cient\u00edfico que ha consagrado su vida a la ciencia desde ni\u00f1o, consiguiendo resultados asombrosos gracias a su gran inteligencia,4 pues posee un C.I. de 187 y memoria eid\u00e9tica. As\u00ed, Sheldon tiene dos doctorados y un m\u00e1ster con los que trabaja como f\u00edsico te\u00f3rico en el Instituto de Tecnolog\u00eda de California junto a sus compa\u00f1eros Howard Wolowitz, Rajesh Ramayan Koothrappali y Leonard Hofstadter.5 Comparte vivienda con este \u00faltimo.<\/p>\n<p><img loading=\"lazy\" decoding=\"async\" class=\"alignnone size-medium wp-image-56\" src=\"http:\/\/blog.espol.edu.ec\/micjorra\/files\/2016\/05\/10-300x197.jpg\" alt=\"10\" width=\"300\" height=\"197\" srcset=\"https:\/\/blog.espol.edu.ec\/micjorra\/files\/2016\/05\/10-300x197.jpg 300w, https:\/\/blog.espol.edu.ec\/micjorra\/files\/2016\/05\/10.jpg 310w\" sizes=\"auto, (max-width: 300px) 100vw, 300px\" \/><\/p>\n<p>Interpretado por Johnny Galecki, Obtiene su doctorado a los 24 a\u00f1os de edad. Si bien es mucho m\u00e1s sociable que Sheldon, al igual que Rajesh y Howard, nunca ha tenido gran \u00e9xito con las mujeres, pese a que de los cuatro es el \u00fanico que ha tenido varias novias estables a lo largo de los cap\u00edtulos de la serie, entre ellas la n\u00e9mesis de Sheldon: Leslie Winkle. Sus amigos lo fastidiaban dici\u00e9ndole que moriria solo como ellos, pero \u00e9l no se rindi\u00f3 y siempre trat\u00f3 de conquistar a su vecina Penny.<\/p>\n<p><img loading=\"lazy\" decoding=\"async\" class=\"alignnone size-medium wp-image-55\" src=\"http:\/\/blog.espol.edu.ec\/micjorra\/files\/2016\/05\/9-300x225.jpg\" alt=\"9\" width=\"300\" height=\"225\" srcset=\"https:\/\/blog.espol.edu.ec\/micjorra\/files\/2016\/05\/9-300x225.jpg 300w, https:\/\/blog.espol.edu.ec\/micjorra\/files\/2016\/05\/9.jpg 480w\" sizes=\"auto, (max-width: 300px) 100vw, 300px\" \/>\u00a0 \u00a0 \u00a0 \u00a0 \u00a0 \u00a0 \u00a0 \u00a0 \u00a0 \u00a0 \u00a0 \u00a0 \u00a0 \u00a0 \u00a0 \u00a0 \u00a0 \u00a0 \u00a0 \u00a0 \u00a0 \u00a0 \u00a0 \u00a0 \u00a0 \u00a0 \u00a0 \u00a0 \u00a0 \u00a0 \u00a0 \u00a0 \u00a0Trabaja como ingeniero mec\u00e1nico en el Instituto Tecnol\u00f3gico de California, al tener una maestr\u00eda que obtuvo en el MIT, y usualmente pasa mucho tiempo con sus amigos Leonard Hofstadter, Sheldon Cooper y Rajesh Ramayan Koothrappali en el apartamento de los dos primeros. Howard es un joven jud\u00edo que a\u00fan vive con su madre e intenta, casi siempre fallidamente, conquistar chicas. Es al\u00e9rgico al cacahuete y sufre de arritmia idiop\u00e1tica transitoria.<\/p>\n<p><img loading=\"lazy\" decoding=\"async\" class=\"alignnone size-medium wp-image-54\" src=\"http:\/\/blog.espol.edu.ec\/micjorra\/files\/2016\/05\/5-300x197.jpg\" alt=\"5\" width=\"300\" height=\"197\" srcset=\"https:\/\/blog.espol.edu.ec\/micjorra\/files\/2016\/05\/5-300x197.jpg 300w, https:\/\/blog.espol.edu.ec\/micjorra\/files\/2016\/05\/5.jpg 310w\" sizes=\"auto, (max-width: 300px) 100vw, 300px\" \/><\/p>\n<p>interpretado por Kunal Nayyar, Conocido como \"Raj\" naci\u00f3 en India y trabaja como astrof\u00edsico en Caltech. Su mayor logro profesional es el descubrimiento de un nuevo objeto astron\u00f3mico m\u00e1s all\u00e1 del cintur\u00f3n de Kuiper al que llam\u00f3 \"Planet Bollywood\" (en alusi\u00f3n al Hollywood indio), lo que le vali\u00f3 aparecer en la revista People. Frecuentemente se comunica con sus padres por Internet, quienes constantemente le inducen a que tenga relaciones con mujeres.<\/p>\n<div id=\"attachment_58\" style=\"width: 210px\" class=\"wp-caption alignnone\"><img loading=\"lazy\" decoding=\"async\" aria-describedby=\"caption-attachment-58\" class=\"size-medium wp-image-58\" src=\"http:\/\/blog.espol.edu.ec\/micjorra\/files\/2016\/05\/Penny_primera_aparici\u00f3n-200x300.jpg\" alt=\"THE BIG BANG THEORY -- When Leonard and Sheldon meet new neighbor Penny (Kaley Cuoco, pictured), Leonard is excited, but Sheldon is less enthusiastic for he feels his friend is only chasing a dream he'll never catch, on THE BIG BANG THEORY, premiering on Mon., Sept. 24 (8:30-9:00 PM, ET\/PT). Photo: Robert Voets\/CBS \u00a92007 CBS Broadcasting Inc. All Rights Reserved.\" width=\"200\" height=\"300\" srcset=\"https:\/\/blog.espol.edu.ec\/micjorra\/files\/2016\/05\/Penny_primera_aparici\u00f3n-200x300.jpg 200w, https:\/\/blog.espol.edu.ec\/micjorra\/files\/2016\/05\/Penny_primera_aparici\u00f3n.jpg 334w\" sizes=\"auto, (max-width: 200px) 100vw, 200px\" \/><p id=\"caption-attachment-58\" class=\"wp-caption-text\">THE BIG BANG THEORY\u00a0<\/p><\/div>\n<p>Interpretado por Kaley Cuoco, Penny es el personaje femenino principal de la serie. Es la vecina de enfrente de Leonard Hofstadter (Johnny Galecki) y Sheldon Cooper (Jim Parsons) y es el principal inter\u00e9s amoroso de Leonard. El aspecto de Penny y su personalidad sociable contrastan con el resto de personajes principales masculinos, que son en su totalidad cient\u00edficos y geeks.<\/p>\n<p><img loading=\"lazy\" decoding=\"async\" class=\"size-medium wp-image-69\" src=\"http:\/\/blog.espol.edu.ec\/micjorra\/files\/2016\/05\/melissa_rauch_as_bernadette-225x300.jpg\" alt=\"&quot;The Agreement Dissection&quot; -- Melissa Rauch as Bernadette in THE BIG BANG THEORY on the CBS Television Network. Photo: ROBERT VOETS\/CBS \u00a92011 CBS Broadcasting Inc. All Rights Reserved\" width=\"225\" height=\"300\" srcset=\"https:\/\/blog.espol.edu.ec\/micjorra\/files\/2016\/05\/melissa_rauch_as_bernadette-225x300.jpg 225w, https:\/\/blog.espol.edu.ec\/micjorra\/files\/2016\/05\/melissa_rauch_as_bernadette.jpg 540w\" sizes=\"auto, (max-width: 225px) 100vw, 225px\" \/><\/p>\n<p>Interpretado por Melissa Rauch. Apareci\u00f3 por primera vez en la serie en la tercera temporada, cuando Howard Wolowitz hace valer una promesa que tiene con Leonard Hofstadter: cuando uno de los dos consiguiera novia, \u00e9sta deber\u00eda presentarle una amiga. Leonard le pide a Penny (que en ese momento sale con \u00e9l) que le presente a Howard alguna de sus amigas, y aqu\u00ed es donde aparece el personaje de Bernadette. Ella es compa\u00f1era de trabajo de Penny en el restaurante llamado \u201cCheesecake Factory\u201d. Trabaja como camarera para poder pagarse la universidad, ya que estudia microbiolog\u00eda.<\/p>\n<p><img loading=\"lazy\" decoding=\"async\" class=\"alignnone size-medium wp-image-57\" src=\"http:\/\/blog.espol.edu.ec\/micjorra\/files\/2016\/05\/Amy_farrah_fowler-283x300.jpg\" alt=\"Amy_farrah_fowler\" width=\"283\" height=\"300\" srcset=\"https:\/\/blog.espol.edu.ec\/micjorra\/files\/2016\/05\/Amy_farrah_fowler-283x300.jpg 283w, https:\/\/blog.espol.edu.ec\/micjorra\/files\/2016\/05\/Amy_farrah_fowler.jpg 420w\" sizes=\"auto, (max-width: 283px) 100vw, 283px\" \/><\/p>\n<p>Interpretado por Mayim Bialik. Aparece en el \u00faltimo cap\u00edtulo de la tercera temporada, se convierte en recurrente en las siguientes dos temporadas, y pasa a ser personaje principal a partir de la sexta temporada. Su primera aparici\u00f3n fue en el episodio \"The Lunar Excitation\" ya que ingresa en la serie en el \u00faltimo cap\u00edtulo de la tercera temporada. Conoci\u00f3 a Sheldon en una cita que Howard y Raj crearon en una p\u00e1gina web. Es una versi\u00f3n femenina de Sheldon.<\/p>\n","protected":false},"excerpt":{"rendered":"<p>Sheldon es un cient\u00edfico que ha consagrado su vida a la ciencia desde ni\u00f1o, consiguiendo resultados asombrosos gracias a su gran inteligencia,4 pues posee un C.I. de 187 y memoria eid\u00e9tica. As\u00ed, Sheldon tiene dos doctorados y un m\u00e1ster con los que trabaja como f\u00edsico te\u00f3rico en el Instituto de Tecnolog\u00eda de California junto a [&hellip;]<\/p>\n","protected":false},"author":10311,"featured_media":0,"parent":0,"menu_order":0,"comment_status":"closed","ping_status":"closed","template":"","meta":{"footnotes":""},"class_list":["post-33","page","type-page","status-publish","hentry"],"_links":{"self":[{"href":"https:\/\/blog.espol.edu.ec\/micjorra\/wp-json\/wp\/v2\/pages\/33","targetHints":{"allow":["GET"]}}],"collection":[{"href":"https:\/\/blog.espol.edu.ec\/micjorra\/wp-json\/wp\/v2\/pages"}],"about":[{"href":"https:\/\/blog.espol.edu.ec\/micjorra\/wp-json\/wp\/v2\/types\/page"}],"author":[{"embeddable":true,"href":"https:\/\/blog.espol.edu.ec\/micjorra\/wp-json\/wp\/v2\/users\/10311"}],"replies":[{"embeddable":true,"href":"https:\/\/blog.espol.edu.ec\/micjorra\/wp-json\/wp\/v2\/comments?post=33"}],"version-history":[{"count":10,"href":"https:\/\/blog.espol.edu.ec\/micjorra\/wp-json\/wp\/v2\/pages\/33\/revisions"}],"predecessor-version":[{"id":70,"href":"https:\/\/blog.espol.edu.ec\/micjorra\/wp-json\/wp\/v2\/pages\/33\/revisions\/70"}],"wp:attachment":[{"href":"https:\/\/blog.espol.edu.ec\/micjorra\/wp-json\/wp\/v2\/media?parent=33"}],"curies":[{"name":"wp","href":"https:\/\/api.w.org\/{rel}","templated":true}]}}