{"id":62,"date":"2009-11-21T22:04:36","date_gmt":"2009-11-22T03:04:36","guid":{"rendered":"http:\/\/blog.espol.edu.ec\/mifajard\/?page_id=62"},"modified":"2009-11-22T01:06:49","modified_gmt":"2009-11-22T06:06:49","slug":"museo-j-j","status":"publish","type":"page","link":"https:\/\/blog.espol.edu.ec\/mifajard\/museo-j-j\/","title":{"rendered":"Museo J. J."},"content":{"rendered":"<div style=\"width:425px;text-align:left\" id=\"__ss_2556575\"><a href=\"http:\/\/www.slideshare.net\/Mifc3\/museo-2556575\" title=\"Museo...\">Museo...<\/a><object style=\"margin:0px\" width=\"425\" height=\"355\"><param name=\"movie\" value=\"http:\/\/static.slidesharecdn.com\/swf\/ssplayer2.swf?doc=museo-091121205646-phpapp02&amp;stripped_title=museo-2556575\" \/><param name=\"allowFullScreen\"><param name=\"allowScriptAccess\"><embed src=\"http:\/\/static.slidesharecdn.com\/swf\/ssplayer2.swf?doc=museo-091121205646-phpapp02&amp;stripped_title=museo-2556575\" type=\"application\/x-shockwave-flash\" width=\"425\" height=\"355\"><\/embed><\/object><\/p>\n<div style=\"font-size:11px;font-family:tahoma,arial;height:26px;padding-top:2px\">View more <a href=\"http:\/\/www.slideshare.net\/\">presentations<\/a> from <a href=\"http:\/\/www.slideshare.net\/Mifc3\">Mifc3<\/a>.<\/div>\n<\/div>\n<p>Julio Jaramillo...<\/p>\n<p>(Guayaquil, 1935 - 1978) Cantante ecuatoriano. Conocido con los apodos de El Ruise\u00f1or de Am\u00e9rica y M\u00edster Juramento, Julio Jaramillo es considerado el mejor cantante ecuatoriano de todos los tiempos. Sus canciones, que hablan de amores y desencuentros, calaron profundamente en el p\u00fablico que se reflejaba en ellas. Muchos consideran a este cantante como uno de los s\u00edmbolos de la identidad nacional. Sus melod\u00edas, entre las que cabe mencionar De cigarro en cigarro, Alma m\u00eda, Interrogaci\u00f3n, Odio en la sangre, Te odio y te quiero, Carnaval de la vida o Cuando llora mi guitarra, todav\u00eda se escuchan en las radios de Latinoam\u00e9rica.<br \/>\nHabiendo perdido a su padre cuando apenas contaba con seis a\u00f1os de edad, su madre trabaj\u00f3 como enfermera para mantenerlo. Julio fue muy enfermizo durante su infancia: padeci\u00f3 bronconeumon\u00eda, difteria, disenter\u00eda, y hasta tuvo un principio de par\u00e1lisis infantil. Creci\u00f3 escuchando al d\u00fao Guayaquil, a Olimpo C\u00e1rdenas, a Carlos Rubira Infante y al d\u00fao Villafuerte, artistas que marcaron una \u00e9poca en la m\u00fasica nacional y que influyeron en su vocaci\u00f3n por el canto.<br \/>\nJunto con Pepe, su hermano mayor, y contra la voluntad de su madre, comenz\u00f3 a cantar en casa del m\u00fasico Toapanta. Realiz\u00f3 sus estudios en la Filantr\u00f3pica y en una escuela fiscal, bajo la direcci\u00f3n del maestro Lauro D\u00e1vila, precisamente autor del pasillo Guayaquil de mis amores. Terminada la primaria, se emple\u00f3 en una zapater\u00eda de calzado para mujer, y luego como barnizador de muebles.<br \/>\nA los diecisiete a\u00f1os ya era conocido por su hermosa y c\u00e1lida voz, y participaba en programas de Radio C\u00f3ndor. En 1950 se uni\u00f3 con dos amigos y se dieron a recorrer los pueblos de Esmeraldas y Manab\u00ed cantando en tr\u00edo. En alguna oportunidad se vio obligado a volver a su oficio de zapatero para sobrevivir. A pesar de los reproches, castigos, l\u00e1grimas y ruegos de su madre, no fue capaz de dejar su vida bohemia y parrandera.<br \/>\nCon la grabaci\u00f3n de su primer disco, Pobre mi madre querida (1954), en d\u00fao con do\u00f1a Fresia Saavedra, su nombre comenz\u00f3 a ser conocido. A \u00e9ste le siguieron el pasillo Esposa (1955), en d\u00fao con Carlos Rubira Infante. El salto a la fama se dio en 1955 con su vals Fatalidad, que fue difundido por todas las radios del Ecuador y por las principales emisoras de otros pa\u00edses. La grabaci\u00f3n de esta canci\u00f3n marc\u00f3 el inicio de su carrera formal y de su reconocimiento. Su consagraci\u00f3n internacional lleg\u00f3 con el pasillo Nuestro juramento (1957), momento en que realiz\u00f3 varias giras por Am\u00e9rica Latina: comenz\u00f3 un peregrinaje por Ecuador, Colombia, Per\u00fa, Argentina, Uruguay y Chile. Al regresar a su pa\u00eds, fue detenido y llevado a cumplir el servicio militar.<br \/>\nVuelto a la vida civil en 1960, sigui\u00f3 con su carrera, alcanzando actuaciones de hasta cuatro meses consecutivos en el cine Guayas de Guayaquil, con lleno completo. Particip\u00f3 en la pel\u00edcula Romance en Ecuador y en otra rodada en Argentina. En 1965 se radic\u00f3 en Venezuela, desde donde realiz\u00f3 giras triunfales por M\u00e9xico, Puerto Rico y toda Am\u00e9rica Central. Grab\u00f3 en d\u00fao con Daniel Santos, Alci Acosta y Olimpo C\u00e1rdenas.<\/p>\n","protected":false},"excerpt":{"rendered":"<p>Museo... View more presentations from Mifc3. Julio Jaramillo... (Guayaquil, 1935 - 1978) Cantante ecuatoriano. Conocido con los apodos de El Ruise\u00f1or de Am\u00e9rica y M\u00edster Juramento, Julio Jaramillo es considerado el mejor cantante ecuatoriano de todos los tiempos. Sus canciones, que hablan de amores y desencuentros, calaron profundamente en el p\u00fablico que se reflejaba en [&hellip;]<\/p>\n","protected":false},"author":3122,"featured_media":0,"parent":0,"menu_order":0,"comment_status":"open","ping_status":"open","template":"","meta":{"footnotes":""},"class_list":["post-62","page","type-page","status-publish","hentry"],"_links":{"self":[{"href":"https:\/\/blog.espol.edu.ec\/mifajard\/wp-json\/wp\/v2\/pages\/62","targetHints":{"allow":["GET"]}}],"collection":[{"href":"https:\/\/blog.espol.edu.ec\/mifajard\/wp-json\/wp\/v2\/pages"}],"about":[{"href":"https:\/\/blog.espol.edu.ec\/mifajard\/wp-json\/wp\/v2\/types\/page"}],"author":[{"embeddable":true,"href":"https:\/\/blog.espol.edu.ec\/mifajard\/wp-json\/wp\/v2\/users\/3122"}],"replies":[{"embeddable":true,"href":"https:\/\/blog.espol.edu.ec\/mifajard\/wp-json\/wp\/v2\/comments?post=62"}],"version-history":[{"count":5,"href":"https:\/\/blog.espol.edu.ec\/mifajard\/wp-json\/wp\/v2\/pages\/62\/revisions"}],"predecessor-version":[{"id":72,"href":"https:\/\/blog.espol.edu.ec\/mifajard\/wp-json\/wp\/v2\/pages\/62\/revisions\/72"}],"wp:attachment":[{"href":"https:\/\/blog.espol.edu.ec\/mifajard\/wp-json\/wp\/v2\/media?parent=62"}],"curies":[{"name":"wp","href":"https:\/\/api.w.org\/{rel}","templated":true}]}}