{"id":36,"date":"2011-10-24T14:35:42","date_gmt":"2011-10-24T14:35:42","guid":{"rendered":"http:\/\/blog.espol.edu.ec\/milanobo\/?page_id=36"},"modified":"2011-10-24T14:48:47","modified_gmt":"2011-10-24T14:48:47","slug":"perfil-sb","status":"publish","type":"page","link":"https:\/\/blog.espol.edu.ec\/milanobo\/perfil-sb\/","title":{"rendered":"Perfil SB"},"content":{"rendered":"<p><a href=\"http:\/\/blog.espol.edu.ec\/milanobo\/files\/2011\/10\/310639_301044736587960_100000473086399_1254403_1329011992_n.jpg\"><img loading=\"lazy\" decoding=\"async\" class=\"alignnone size-medium wp-image-38\" title=\"Dusan Fly\" src=\"http:\/\/blog.espol.edu.ec\/milanobo\/files\/2011\/10\/310639_301044736587960_100000473086399_1254403_1329011992_n-225x300.jpg\" alt=\"Old Skate\" width=\"225\" height=\"300\" srcset=\"https:\/\/blog.espol.edu.ec\/milanobo\/files\/2011\/10\/310639_301044736587960_100000473086399_1254403_1329011992_n-225x300.jpg 225w, https:\/\/blog.espol.edu.ec\/milanobo\/files\/2011\/10\/310639_301044736587960_100000473086399_1254403_1329011992_n.jpg 540w\" sizes=\"auto, (max-width: 225px) 100vw, 225px\" \/><\/a><\/p>\n<p>Nombre: Bryan Ram\u00edrez<\/p>\n<p>Alias: \u00a1\u00a1 Dusan !!<\/p>\n<p>Edad: 19<\/p>\n<p>Ideolog\u00eda Pol\u00edtica: Ras-Tafar-I<\/p>\n<p>Personas k le sirven de inspiraci\u00f3n: Chris Haslam, Nyhaj Huston, Zona Ganjah<\/p>\n<p>Firma: YA SABEE!! \u00a0c:<\/p>\n","protected":false},"excerpt":{"rendered":"<p>Nombre: Bryan Ram\u00edrez Alias: \u00a1\u00a1 Dusan !! Edad: 19 Ideolog\u00eda Pol\u00edtica: Ras-Tafar-I Personas k le sirven de inspiraci\u00f3n: Chris Haslam, Nyhaj Huston, Zona Ganjah Firma: YA SABEE!! \u00a0c:<\/p>\n","protected":false},"author":6899,"featured_media":0,"parent":0,"menu_order":0,"comment_status":"open","ping_status":"open","template":"","meta":{"footnotes":""},"class_list":["post-36","page","type-page","status-publish","hentry"],"_links":{"self":[{"href":"https:\/\/blog.espol.edu.ec\/milanobo\/wp-json\/wp\/v2\/pages\/36","targetHints":{"allow":["GET"]}}],"collection":[{"href":"https:\/\/blog.espol.edu.ec\/milanobo\/wp-json\/wp\/v2\/pages"}],"about":[{"href":"https:\/\/blog.espol.edu.ec\/milanobo\/wp-json\/wp\/v2\/types\/page"}],"author":[{"embeddable":true,"href":"https:\/\/blog.espol.edu.ec\/milanobo\/wp-json\/wp\/v2\/users\/6899"}],"replies":[{"embeddable":true,"href":"https:\/\/blog.espol.edu.ec\/milanobo\/wp-json\/wp\/v2\/comments?post=36"}],"version-history":[{"count":3,"href":"https:\/\/blog.espol.edu.ec\/milanobo\/wp-json\/wp\/v2\/pages\/36\/revisions"}],"predecessor-version":[{"id":39,"href":"https:\/\/blog.espol.edu.ec\/milanobo\/wp-json\/wp\/v2\/pages\/36\/revisions\/39"}],"wp:attachment":[{"href":"https:\/\/blog.espol.edu.ec\/milanobo\/wp-json\/wp\/v2\/media?parent=36"}],"curies":[{"name":"wp","href":"https:\/\/api.w.org\/{rel}","templated":true}]}}