{"id":41,"date":"2011-10-24T14:52:54","date_gmt":"2011-10-24T14:52:54","guid":{"rendered":"http:\/\/blog.espol.edu.ec\/milanobo\/?page_id=41"},"modified":"2011-11-19T16:24:29","modified_gmt":"2011-11-19T16:24:29","slug":"eventos-sb","status":"publish","type":"page","link":"https:\/\/blog.espol.edu.ec\/milanobo\/eventos-sb\/","title":{"rendered":"Eventos SB"},"content":{"rendered":"<h1><a href=\"http:\/\/skateboardingecuatoriano.blogspot.com\/2011\/11\/el-26-de-noviembre-sera-el-skate-jam-en.html\"><span style=\"color: #ff0000\">EL 26 DE NOVIEMBRE SER\u00c1 EL SKATE JAM EN EL SKATEPARK MUNICIPAL DE GUAYAQUIL<\/span><\/a><\/h1>\n<p><span style=\"color: #ff0000\"> <\/span><\/p>\n<div id=\"attachment_109\" style=\"width: 222px\" class=\"wp-caption alignnone\"><a href=\"http:\/\/blog.espol.edu.ec\/milanobo\/files\/2011\/10\/AFICHE-SKATE-JAM-SK8PARK-GKILL.jpg\"><img loading=\"lazy\" decoding=\"async\" aria-describedby=\"caption-attachment-109\" class=\"size-medium wp-image-109\" title=\"AFICHE SKATE JAM SK8PARK GKILL\" src=\"http:\/\/blog.espol.edu.ec\/milanobo\/files\/2011\/10\/AFICHE-SKATE-JAM-SK8PARK-GKILL-212x300.jpg\" alt=\"AFICHE SKATE JAM SK8PARK GKILL\" width=\"212\" height=\"300\" srcset=\"https:\/\/blog.espol.edu.ec\/milanobo\/files\/2011\/10\/AFICHE-SKATE-JAM-SK8PARK-GKILL-212x300.jpg 212w, https:\/\/blog.espol.edu.ec\/milanobo\/files\/2011\/10\/AFICHE-SKATE-JAM-SK8PARK-GKILL.jpg 454w\" sizes=\"auto, (max-width: 212px) 100vw, 212px\" \/><\/a><p id=\"caption-attachment-109\" class=\"wp-caption-text\">AFICHE SKATE JAM SK8PARK GKILL<\/p><\/div>\n<div>Este evento tendr\u00e1 lugar el 26 de noviembre a la 3 de la tarde (puntualmente) en el SKATEPARK MUNICIPAL DE GUAYAQUIL. Tenemos m\u00e1s de US$ 1000.00 EN PRODUCTOS PARA LOS GANADORES y premios a los primeros en inscribirse.<\/div>\n<div>El destino de la recaudaci\u00f3n ser\u00e1 la entrega de los fondos a la organizaci\u00f3n \"TU TIEMPO POR UNA SONRISA\" que se encarga de llevar alimentos a ni\u00f1os de escasos recursos.<\/div>\n<div>Entre los premios tenemos: TABLA ARMADA, TABLAS, TRUCKS, RUEDAS, RULIMANES, LLANTAS, CAMISETAS, CHOMPAS, GORROS, STICKERS, BILLETERAS, POSTERS, PASADORES, LLAVEROS, BUSHINGS, PERNOS, TUERCAS... DE TODO!!!!<\/div>\n<div>Gracias a la ayuda de POSEIDEN FOUNDATION, SAGA SKATEBOARDS, SKATEBOARDING ECUATORIANO y SBEC SKATEBOARDING hemos podido concretar este evento que ser\u00e1 el primero de muchos en\u00a0Guayaquil que\u00a0tiene como prop\u00f3sito\u00a0incluir a las damas\u00a0y premiar en grande su dedicaci\u00f3n.<\/div>\n<div>Podemos lograr que NUESTRO SKATEBOARDING SE CONVIERTA EN UN FACTOR DE CAMBIO Y SOLIDARIDAD. Ven a apoyar a los ni\u00f1os que se beneficiar\u00e1n de la TOTALIDAD DE LOS FONDOS RECAUDADOS, si no lo haces por ellos hazlo por los premios que est\u00e1n POOOOZZYYYY!!!<\/div>\n<div><strong>ESTA CONVOCATORIA ES NACIONAL, UN POCO DE TU TIEMPO Y DE TU SKATEBOARDING\u00a0PUEDE SERVIR PARA LOGRAR MUCHAS SONRISAS... PILAS!!<\/strong><\/div>\n<p><!--more--><\/p>\n<h2><\/h2>\n<h2><span style=\"color: #ff0000\"><span style=\"color: #ff0000\">S\u00c9PTIMO\u00a0ANIVERSARIO DE SKATECENTER - 20 OCTUBRE DEL 2011 - CENTRO DE GUAYAQUIL<\/span><\/span><\/h2>\n<div id=\"attachment_95\" style=\"width: 310px\" class=\"wp-caption alignnone\"><span style=\"color: #ff0000\"><a href=\"http:\/\/blog.espol.edu.ec\/milanobo\/files\/2011\/10\/IMG_8388.jpg\"><img loading=\"lazy\" decoding=\"async\" aria-describedby=\"caption-attachment-95\" class=\"size-medium wp-image-95\" title=\"Team SkateCenter\" src=\"http:\/\/blog.espol.edu.ec\/milanobo\/files\/2011\/10\/IMG_8388-300x200.jpg\" alt=\"\" width=\"300\" height=\"200\" srcset=\"https:\/\/blog.espol.edu.ec\/milanobo\/files\/2011\/10\/IMG_8388-300x200.jpg 300w, https:\/\/blog.espol.edu.ec\/milanobo\/files\/2011\/10\/IMG_8388.jpg 640w\" sizes=\"auto, (max-width: 300px) 100vw, 300px\" \/><\/a><\/span><p id=\"caption-attachment-95\" class=\"wp-caption-text\">Team Skatecenter<\/p><\/div>\n<p><span style=\"color: #ffffff\">SKATECENTER (distribuidor autorizado de SBEC SKATEBOARDING) nos invit\u00f3 a celebrar su SEPTIMO ANIVERSARIO con una rodada en el centro de la ciudad de Guayaquil.\u00a0Esta es la segunda vez que participamos de este evento, qued\u00e1ndonos la satisfacci\u00f3n de que el team creci\u00f3 en n\u00famero con relaci\u00f3n al a\u00f1o pasado y que siguen tan unidos como siempre.La gente fue convocada al MI COMISARIATO JR. del centro de Guayaquil, spot cl\u00e1sico de los anfitriones quienes llevan sus cajas, tubos y rampas a este pasillo de m\u00e1rmol perfecto para patinar.<\/span><\/p>\n<p><span style=\"color: #000000\"> <\/span><\/p>\n<div id=\"attachment_96\" style=\"width: 310px\" class=\"wp-caption alignnone\"><a href=\"http:\/\/blog.espol.edu.ec\/milanobo\/files\/2011\/10\/Halfcab-crooked-copy.jpg\"><img loading=\"lazy\" decoding=\"async\" aria-describedby=\"caption-attachment-96\" class=\"size-medium wp-image-96\" title=\"Halfcab crooked \" src=\"http:\/\/blog.espol.edu.ec\/milanobo\/files\/2011\/10\/Halfcab-crooked-copy-300x200.jpg\" alt=\"\" width=\"300\" height=\"200\" srcset=\"https:\/\/blog.espol.edu.ec\/milanobo\/files\/2011\/10\/Halfcab-crooked-copy-300x200.jpg 300w, https:\/\/blog.espol.edu.ec\/milanobo\/files\/2011\/10\/Halfcab-crooked-copy.jpg 640w\" sizes=\"auto, (max-width: 300px) 100vw, 300px\" \/><\/a><p id=\"caption-attachment-96\" class=\"wp-caption-text\">Jhonny Gonz\u00e1lez-Halfcab Crooked<\/p><\/div>\n<p>Sin embargo la gente no aguant\u00f3 hasta las 10, empezaron a llegar de todos lados de la ciudad y la rodada no pod\u00eda esperar, as\u00ed que trucos iban y ven\u00edan pero el MI COMISARIATO no estaba cerrado as\u00ed que los guardias nos dijeron que paremos de rodar, cosa que es imposible as\u00ed que vino la Polic\u00eda a tratar de detener la celebraci\u00f3n.<\/p>\n<div id=\"attachment_98\" style=\"width: 310px\" class=\"wp-caption alignnone\"><a href=\"http:\/\/blog.espol.edu.ec\/milanobo\/files\/2011\/10\/Boardslide-bigsping-out1.jpg\"><img loading=\"lazy\" decoding=\"async\" aria-describedby=\"caption-attachment-98\" class=\"size-medium wp-image-98\" title=\"Boardslide bigsping out\" src=\"http:\/\/blog.espol.edu.ec\/milanobo\/files\/2011\/10\/Boardslide-bigsping-out1-300x200.jpg\" alt=\"Andres Chong Qui-Boardslide Bigspin Out \" width=\"300\" height=\"200\" srcset=\"https:\/\/blog.espol.edu.ec\/milanobo\/files\/2011\/10\/Boardslide-bigsping-out1-300x200.jpg 300w, https:\/\/blog.espol.edu.ec\/milanobo\/files\/2011\/10\/Boardslide-bigsping-out1.jpg 640w\" sizes=\"auto, (max-width: 300px) 100vw, 300px\" \/><\/a><p id=\"caption-attachment-98\" class=\"wp-caption-text\">Ardes Chong Qui-Boardslide bigsping out<\/p><\/div>\n<p>Llegamos a un acuerdo con la Polic\u00eda, ellos se iban y nosotros nos qued\u00e1bamos\u2026. Continu\u00f3 la rodada hasta que Tony (l\u00edder de SKATECENTER) sac\u00f3 una tabla que ser\u00eda el premio para el mejor truco de la noche\u2026 Pero no en el spot de las cajas y los tubos que ya hab\u00eda sido destruido hasta m\u00e1s no poder sino en el muy respetado spot de LA REJA DE PACIFICTEL de la calle Boyac\u00e1.<\/p>\n<div id=\"attachment_99\" style=\"width: 310px\" class=\"wp-caption alignnone\"><a href=\"http:\/\/blog.espol.edu.ec\/milanobo\/files\/2011\/10\/FsBlunt.jpg\"><img loading=\"lazy\" decoding=\"async\" aria-describedby=\"caption-attachment-99\" class=\"size-medium wp-image-99\" title=\"Fabi\u00e1n Carapaz-Fs Blunt\" src=\"http:\/\/blog.espol.edu.ec\/milanobo\/files\/2011\/10\/FsBlunt-300x200.jpg\" alt=\"Fabi\u00e1n Carapaz-Fs Blunt\" width=\"300\" height=\"200\" srcset=\"https:\/\/blog.espol.edu.ec\/milanobo\/files\/2011\/10\/FsBlunt-300x200.jpg 300w, https:\/\/blog.espol.edu.ec\/milanobo\/files\/2011\/10\/FsBlunt.jpg 640w\" sizes=\"auto, (max-width: 300px) 100vw, 300px\" \/><\/a><p id=\"caption-attachment-99\" class=\"wp-caption-text\">Fabi\u00e1n Carapaz-Fs Blunt<\/p><\/div>\n<p>Ya \u00e9ramos m\u00e1s de 100 riders los que pateaban unas seis calles hasta llegar al spot donde se disputar\u00eda la tabla. Este spot consiste en un kicker muy poco pronunciado y corto que te ayuda a cruzar una reja, del largo de dos veredas y media al menos, que sirve como desfogue de una planta de electricidad ubicada debajo de la vereda.Aunque todos los participantes plancharon trucos pocos pudieron seguir rodando por la velocidad y lo complicado del piso. Juli\u00e1n Ram\u00edrez, Pancho Moscoso y Napo Mata se destacaron en la primera ronda, lo que los llev\u00f3 a la final.<\/p>\n<div id=\"attachment_100\" style=\"width: 310px\" class=\"wp-caption alignnone\"><a href=\"http:\/\/blog.espol.edu.ec\/milanobo\/files\/2011\/10\/BsRejaPancho.jpg\"><img loading=\"lazy\" decoding=\"async\" aria-describedby=\"caption-attachment-100\" class=\"size-medium wp-image-100\" title=\"Pancho Moscoso-Bs 180\" src=\"http:\/\/blog.espol.edu.ec\/milanobo\/files\/2011\/10\/BsRejaPancho-300x200.jpg\" alt=\"Pancho Moscoso-Bs 180\" width=\"300\" height=\"200\" srcset=\"https:\/\/blog.espol.edu.ec\/milanobo\/files\/2011\/10\/BsRejaPancho-300x200.jpg 300w, https:\/\/blog.espol.edu.ec\/milanobo\/files\/2011\/10\/BsRejaPancho.jpg 640w\" sizes=\"auto, (max-width: 300px) 100vw, 300px\" \/><\/a><p id=\"caption-attachment-100\" class=\"wp-caption-text\">Pancho Moscoso-Bs 180<\/p><\/div>\n<p>Juli\u00e1n se abr\u00eda paso con un kick flip para luego hacer un bs flip perfecto, mientras que Napo hizo un flip y un 360 flip tocando la reja pero sigui\u00f3 rodando con casi ning\u00fan inconveniente, mientras que Pancho Moscoso hizo un kick flip, luego un bs 180 e intentaba un benihana enorme sobre la reja.<\/p>\n<div id=\"attachment_101\" style=\"width: 210px\" class=\"wp-caption alignnone\"><a href=\"http:\/\/blog.espol.edu.ec\/milanobo\/files\/2011\/10\/360-Flip.jpg\"><img loading=\"lazy\" decoding=\"async\" aria-describedby=\"caption-attachment-101\" class=\"size-medium wp-image-101\" title=\"Napo Mata-360 Flip\" src=\"http:\/\/blog.espol.edu.ec\/milanobo\/files\/2011\/10\/360-Flip-200x300.jpg\" alt=\"Napo Mata-360 Flip\" width=\"200\" height=\"300\" srcset=\"https:\/\/blog.espol.edu.ec\/milanobo\/files\/2011\/10\/360-Flip-200x300.jpg 200w, https:\/\/blog.espol.edu.ec\/milanobo\/files\/2011\/10\/360-Flip.jpg 267w\" sizes=\"auto, (max-width: 200px) 100vw, 200px\" \/><\/a><p id=\"caption-attachment-101\" class=\"wp-caption-text\">Napo Mata-360 Flip<\/p><\/div>\n<p>Finalmente todo apuntaba a que la competencia terminaba con todo claro para uno de los finalistas. Sin embargo, en el \u00faltimo intento de la final le correspond\u00eda a Juli\u00e1n Ram\u00edrez lanzar la casa por la ventana y as\u00ed fue arrancando tablazos y gritos de los presentes con un doble flip perfecto. POZZY JULIAN!!<\/p>\n<div id=\"attachment_103\" style=\"width: 210px\" class=\"wp-caption alignnone\"><a href=\"http:\/\/blog.espol.edu.ec\/milanobo\/files\/2011\/10\/Doble-Flip.jpg\"><img loading=\"lazy\" decoding=\"async\" aria-describedby=\"caption-attachment-103\" class=\"size-medium wp-image-103\" title=\"Julian Ramirez-Doble Flip\" src=\"http:\/\/blog.espol.edu.ec\/milanobo\/files\/2011\/10\/Doble-Flip-200x300.jpg\" alt=\"Julian Ramirez-Doble Flip\" width=\"200\" height=\"300\" srcset=\"https:\/\/blog.espol.edu.ec\/milanobo\/files\/2011\/10\/Doble-Flip-200x300.jpg 200w, https:\/\/blog.espol.edu.ec\/milanobo\/files\/2011\/10\/Doble-Flip.jpg 267w\" sizes=\"auto, (max-width: 200px) 100vw, 200px\" \/><\/a><p id=\"caption-attachment-103\" class=\"wp-caption-text\">Julian Ramirez-Doble Flip<\/p><\/div>\n<p>El negro Juli\u00e1n se llev\u00f3 la tabla a su casa, mientras que Napo Mata y Pancho Moscoso se llevaron dinero en efectivo por su excelente participaci\u00f3n.Esta fue una verdadera expresi\u00f3n de skateboarding gracias a la iniciativa de SKATECENTER, dando ejemplo de unidad, de que el skate est\u00e1 en la calle y en la gente que realmente hace algo por este deporte. Gracias por tan buena celebraci\u00f3n amigos y felicitaciones!!<\/p>\n<div id=\"attachment_104\" style=\"width: 310px\" class=\"wp-caption alignnone\"><a href=\"http:\/\/blog.espol.edu.ec\/milanobo\/files\/2011\/10\/IMG_7326.jpg\"><img loading=\"lazy\" decoding=\"async\" aria-describedby=\"caption-attachment-104\" class=\"size-medium wp-image-104\" title=\"Hablamos!!!!\" src=\"http:\/\/blog.espol.edu.ec\/milanobo\/files\/2011\/10\/IMG_7326-300x200.jpg\" alt=\"Hablamos!!!\" width=\"300\" height=\"200\" srcset=\"https:\/\/blog.espol.edu.ec\/milanobo\/files\/2011\/10\/IMG_7326-300x200.jpg 300w, https:\/\/blog.espol.edu.ec\/milanobo\/files\/2011\/10\/IMG_7326.jpg 640w\" sizes=\"auto, (max-width: 300px) 100vw, 300px\" \/><\/a><p id=\"caption-attachment-104\" class=\"wp-caption-text\">Hablamos!!!<\/p><\/div>\n<p><span style=\"color: #ff0000\"><br \/>\n<\/span><\/p>\n<p><!--more--><\/p>\n<h3>LANZAMIENTO OFICIAL DEL VIDEO \"VIVA\" EN BRO SKATESHOP (GUAYAQUIL)<\/h3>\n<p><a href=\"http:\/\/blog.espol.edu.ec\/milanobo\/files\/2011\/10\/AFICHE-PREMIER-GYE.jpg\"><img loading=\"lazy\" decoding=\"async\" title=\"AFICHE-PREMIER-GYE\" src=\"http:\/\/blog.espol.edu.ec\/milanobo\/files\/2011\/10\/AFICHE-PREMIER-GYE-199x300.jpg\" alt=\"\" width=\"199\" height=\"300\" \/><\/a><\/p>\n<p>Para toda esa gente que se encuentra a la espera de la confirmaci\u00f3n de la fecha oficial del lanzamiento de \"VIVA\", \u00faltima entrega de\u00a0VIDASUR SKATEBOARDS, tenemos buenas noticias... EL d\u00eda S\u00e1bado 4 de Diciembre es el lanzamiento oficial de \"VIVA\" en la ciudad de Guayaquil, el evento tendr\u00e1 muchas sorpresas a cargo de BRO SKATESHOP, quienes ser\u00e1n los anfitriones, tirando la casa por la ventana para que toda salga como tiene que ser... POOOOOOZZZZZYYYYY!!!<\/p>\n<p><a href=\"http:\/\/blog.espol.edu.ec\/milanobo\/files\/2011\/10\/BRO.jpg\"><img loading=\"lazy\" decoding=\"async\" title=\"BRO\" src=\"http:\/\/blog.espol.edu.ec\/milanobo\/files\/2011\/10\/BRO-300x234.jpg\" alt=\"\" width=\"300\" height=\"234\" \/><\/a><\/p>\n<p>Skaters del calibre de PANCHO MOSCOSO, PEPO CASTRO, ANDRES HOLGUIN, DAVID ROJAS y JEFF HIDALGO, aparecen para exponer su trabajo a lo largo de varios meses durante el 2010, este corto tambi\u00e9n cuenta con la participaci\u00f3n de AMIGOS, as\u00ed que pilas... de pronto tu no sabes y BOOOOOM sales por ah\u00ed pegando un par de trucos.<\/p>\n<p>Los\u00a0 dejo con esto panas (<a href=\"http:\/\/www.youtube.com\/watch?v=0jGPohduTFM&amp;feature=player_embedded\">http:\/\/www.youtube.com\/watch?v=0jGPohduTFM&amp;feature=player_embedded<\/a>)\u00a0y los esperamos!<\/p>\n<p><strong><!--more--><span style=\"color: #ff0000\"> <\/span><\/strong><\/p>\n<h1><strong><span style=\"color: #ff0000\">FINAL DE SNICKERS URBANIA VERSI\u00d3N ECUADOR - OCTUBRE 30 DE 2010 - MITAD DEL MUNDO, QUITO<\/span><\/strong><\/h1>\n<p><strong><span style=\"color: #ff0000\"> <\/span><\/strong><br \/>\nDurante este a\u00f1o se han realizado muchos eventos de SKATEBOARDING en nuestro pa\u00eds en el que el premio principal consiste en una NADA DESPRECIABLE suma de dinero, en esta ocasi\u00f3n NAPO MATA logr\u00f3 acreditarse el primer lugar y con esto meterse al bolsillo US$ 800. Como de costumbre se dieron cita a este evento skaters de todo el pa\u00eds dando una gran demostraci\u00f3n de talento y buena vibra. Reitero mis felicitaciones a NAPO MATA y los dejo con los comentarios de SANTIAGO \"SPEEDY\" REVELO, skater y fot\u00f3grafo que siempre nos apoya con las im\u00e1genes que captura en su d\u00eda a d\u00eda como RIDER QUITE\u00d1O.<br \/>\n<a href=\"http:\/\/blog.espol.edu.ec\/milanobo\/files\/2011\/10\/snickers-final-flyer-1.jpg\"><img loading=\"lazy\" decoding=\"async\" class=\"alignnone size-medium wp-image-44\" title=\"snickers final flyer-1\" src=\"http:\/\/blog.espol.edu.ec\/milanobo\/files\/2011\/10\/snickers-final-flyer-1-300x183.jpg\" alt=\"\" width=\"300\" height=\"183\" srcset=\"https:\/\/blog.espol.edu.ec\/milanobo\/files\/2011\/10\/snickers-final-flyer-1-300x183.jpg 300w, https:\/\/blog.espol.edu.ec\/milanobo\/files\/2011\/10\/snickers-final-flyer-1-1024x625.jpg 1024w, https:\/\/blog.espol.edu.ec\/milanobo\/files\/2011\/10\/snickers-final-flyer-1.jpg 1350w\" sizes=\"auto, (max-width: 300px) 100vw, 300px\" \/><\/a><br \/>\nEl SNICKERS URBANIA fue el 30 de octubre del 2010 en CEMEXPO (Centro de Exposiciones y Convenciones de la Mitad del Mundo), lugar al que solo se iba para los acostumbrados RAVES (fiestas electr\u00f3nicas); lo cual hacia interesante el evento porque se podr\u00eda patinar ese d\u00eda en un ambiente que nunca se hab\u00eda prestado para ello\u2026 Mucha gente de la escena skate, roller y biker hacia aparici\u00f3n desde el d\u00eda jueves por LA CAROLINA (skatepark old school de Quito) para aclimatarse, ya que mucha gente de varias provincias estaba clasificada a la final y evidentemente el objetivo era hacer valer el viaje de tan lejos y llevarse las 800 latas.<br \/>\n<a href=\"http:\/\/blog.espol.edu.ec\/milanobo\/files\/2011\/10\/snickers-genral.jpg\"><img loading=\"lazy\" decoding=\"async\" class=\"alignnone size-medium wp-image-45\" title=\"snickers genral\" src=\"http:\/\/blog.espol.edu.ec\/milanobo\/files\/2011\/10\/snickers-genral-300x198.jpg\" alt=\"\" width=\"300\" height=\"198\" srcset=\"https:\/\/blog.espol.edu.ec\/milanobo\/files\/2011\/10\/snickers-genral-300x198.jpg 300w, https:\/\/blog.espol.edu.ec\/milanobo\/files\/2011\/10\/snickers-genral-1024x679.jpg 1024w, https:\/\/blog.espol.edu.ec\/milanobo\/files\/2011\/10\/snickers-genral.jpg 1600w\" sizes=\"auto, (max-width: 300px) 100vw, 300px\" \/><\/a><br \/>\nSe montaron las rampas de LA ROCA SKATECHURCH las cuales servir\u00edan para las pasadas de skaters y rollers, que ten\u00edan un minuto veinte por pasada. Uno de los jueces fue David Holgu\u00edn hecho que fue muy cuestionado por mucha gente\u2026 Yo lo que puedo argumentar es que hasta d\u00edas antes del evento David se hab\u00eda negado a participar en el jurado, por esa cuesti\u00f3n misma de los rumores; por otro lado estaba Jos\u00e9 Le\u00f3n que maneja su tienda SKATE FLY SKATESHOP; el jurado hizo su trabajo, aunque pienso que la calificaci\u00f3n se la ponen los mismos skaters, siendo ellos sus propios jueces\u2026 Es obvio que te pueden traicionar los nervios, sin embargo sirve mucho la experiencia de estar compitiendo.<br \/>\n<a href=\"http:\/\/blog.espol.edu.ec\/milanobo\/files\/2011\/10\/jueces.jpg\"><img loading=\"lazy\" decoding=\"async\" class=\"alignnone size-medium wp-image-46\" title=\"jueces\" src=\"http:\/\/blog.espol.edu.ec\/milanobo\/files\/2011\/10\/jueces-198x300.jpg\" alt=\"\" width=\"198\" height=\"300\" srcset=\"https:\/\/blog.espol.edu.ec\/milanobo\/files\/2011\/10\/jueces-198x300.jpg 198w, https:\/\/blog.espol.edu.ec\/milanobo\/files\/2011\/10\/jueces-679x1024.jpg 679w, https:\/\/blog.espol.edu.ec\/milanobo\/files\/2011\/10\/jueces.jpg 1061w\" sizes=\"auto, (max-width: 198px) 100vw, 198px\" \/><\/a><br \/>\nSe montaron las rampas de LA ROCA SKATECHURCH las cuales servir\u00edan para las pasadas de skaters y rollers, que ten\u00edan un minuto veinte por pasada. Uno de los jueces fue David Holgu\u00edn hecho que fue muy cuestionado por mucha gente\u2026 Yo lo que puedo argumentar es que hasta d\u00edas antes del evento David se hab\u00eda negado a participar en el jurado, por esa cuesti\u00f3n misma de los rumores; por otro lado estaba Jos\u00e9 Le\u00f3n que maneja su tienda SKATE FLY SKATESHOP; el jurado hizo su trabajo, aunque pienso que la calificaci\u00f3n se la ponen los mismos skaters, siendo ellos sus propios jueces\u2026 Es obvio que te pueden traicionar los nervios, sin embargo sirve mucho la experiencia de estar compitiendo.<br \/>\n<a href=\"http:\/\/blog.espol.edu.ec\/milanobo\/files\/2011\/10\/bck-lip.jpg\"><img loading=\"lazy\" decoding=\"async\" class=\"alignnone size-medium wp-image-47\" title=\"bck lip\" src=\"http:\/\/blog.espol.edu.ec\/milanobo\/files\/2011\/10\/bck-lip-300x198.jpg\" alt=\"\" width=\"300\" height=\"198\" srcset=\"https:\/\/blog.espol.edu.ec\/milanobo\/files\/2011\/10\/bck-lip-300x198.jpg 300w, https:\/\/blog.espol.edu.ec\/milanobo\/files\/2011\/10\/bck-lip-1024x679.jpg 1024w, https:\/\/blog.espol.edu.ec\/milanobo\/files\/2011\/10\/bck-lip.jpg 1600w\" sizes=\"auto, (max-width: 300px) 100vw, 300px\" \/><\/a><br \/>\nPor mi parte Felicitaciones a los SKATERS que se dan sus modos para competir, viajar y seguir patinado, a la gente que est\u00e1 apoyando de alguna y otra manera para que este deporte siga creciendo en Ecuador.<br \/>\n<a href=\"http:\/\/blog.espol.edu.ec\/milanobo\/files\/2011\/10\/149056_10150297736870431_851290430_15383283_7001888_n.jpg\"><img loading=\"lazy\" decoding=\"async\" class=\"alignnone size-medium wp-image-48\" title=\"149056_10150297736870431_851290430_15383283_7001888_n\" src=\"http:\/\/blog.espol.edu.ec\/milanobo\/files\/2011\/10\/149056_10150297736870431_851290430_15383283_7001888_n-225x300.jpg\" alt=\"\" width=\"225\" height=\"300\" srcset=\"https:\/\/blog.espol.edu.ec\/milanobo\/files\/2011\/10\/149056_10150297736870431_851290430_15383283_7001888_n-225x300.jpg 225w, https:\/\/blog.espol.edu.ec\/milanobo\/files\/2011\/10\/149056_10150297736870431_851290430_15383283_7001888_n.jpg 480w\" sizes=\"auto, (max-width: 225px) 100vw, 225px\" \/><\/a><br \/>\nComo en todo evento siempre habr\u00e1 algo positivo y negativo\u2026 como positivo podr\u00eda decir que es importante que empresas contribuyan con esta clase de eventos grandes, como negativo podr\u00eda decir que los organizadores de eventos no est\u00e1n dando la importancia que deber\u00edan dar a los competidores ya que son ellos los que hacen el evento no el DJ o La banda Invitada\u2026 Es triste ver c\u00f3mo esto est\u00e1 pasando sin que alguien diga o haga algo\u2026  Tomen en cuenta esto y den m\u00e1s prioridad a los skaters para posteriores eventos.<br \/>\n<a href=\"http:\/\/blog.espol.edu.ec\/milanobo\/files\/2011\/10\/76305_10150297734830431_851290430_15383237_7628789_n.jpg\"><img loading=\"lazy\" decoding=\"async\" class=\"alignnone size-medium wp-image-49\" title=\"76305_10150297734830431_851290430_15383237_7628789_n\" src=\"http:\/\/blog.espol.edu.ec\/milanobo\/files\/2011\/10\/76305_10150297734830431_851290430_15383237_7628789_n-300x225.jpg\" alt=\"\" width=\"300\" height=\"225\" srcset=\"https:\/\/blog.espol.edu.ec\/milanobo\/files\/2011\/10\/76305_10150297734830431_851290430_15383237_7628789_n-300x225.jpg 300w, https:\/\/blog.espol.edu.ec\/milanobo\/files\/2011\/10\/76305_10150297734830431_851290430_15383237_7628789_n.jpg 640w\" sizes=\"auto, (max-width: 300px) 100vw, 300px\" \/><\/a><br \/>\nMuchachos el skate es nuestro nadie mejor que nosotros conocemos nuestro medio, no dejemos que nadie que no tiene nada que ver con nosotros lleve los hilos de nuestra cultura y  trate de hacer del skate un negocio\u2026 Que no nos convoquen  que por m\u00e1s dinero o por m\u00e1s premios llenemos coliseos, no es as\u00ed, a los skaters se los respeta sea donde sea, as\u00ed que pilas a los que organizan eventos los tenemos en la mira....<br \/>\nSin nada m\u00e1s que contar, gracias por el espacio es algo que ten\u00eda que escribirlo y hacer saber, ya que como skater s\u00ed me preocupa\u2026 espero mi comentario sea tomado como lo que pretende ser, un aporte constructivo mas no un comentario negativo.<\/p>\n<p><!--more--><\/p>\n","protected":false},"excerpt":{"rendered":"<p>EL 26 DE NOVIEMBRE SER\u00c1 EL SKATE JAM EN EL SKATEPARK MUNICIPAL DE GUAYAQUIL Este evento tendr\u00e1 lugar el 26 de noviembre a la 3 de la tarde (puntualmente) en el SKATEPARK MUNICIPAL DE GUAYAQUIL. Tenemos m\u00e1s de US$ 1000.00 EN PRODUCTOS PARA LOS GANADORES y premios a los primeros en inscribirse. El destino de [&hellip;]<\/p>\n","protected":false},"author":6899,"featured_media":0,"parent":0,"menu_order":0,"comment_status":"open","ping_status":"open","template":"","meta":{"footnotes":""},"class_list":["post-41","page","type-page","status-publish","hentry"],"_links":{"self":[{"href":"https:\/\/blog.espol.edu.ec\/milanobo\/wp-json\/wp\/v2\/pages\/41","targetHints":{"allow":["GET"]}}],"collection":[{"href":"https:\/\/blog.espol.edu.ec\/milanobo\/wp-json\/wp\/v2\/pages"}],"about":[{"href":"https:\/\/blog.espol.edu.ec\/milanobo\/wp-json\/wp\/v2\/types\/page"}],"author":[{"embeddable":true,"href":"https:\/\/blog.espol.edu.ec\/milanobo\/wp-json\/wp\/v2\/users\/6899"}],"replies":[{"embeddable":true,"href":"https:\/\/blog.espol.edu.ec\/milanobo\/wp-json\/wp\/v2\/comments?post=41"}],"version-history":[{"count":11,"href":"https:\/\/blog.espol.edu.ec\/milanobo\/wp-json\/wp\/v2\/pages\/41\/revisions"}],"predecessor-version":[{"id":43,"href":"https:\/\/blog.espol.edu.ec\/milanobo\/wp-json\/wp\/v2\/pages\/41\/revisions\/43"}],"wp:attachment":[{"href":"https:\/\/blog.espol.edu.ec\/milanobo\/wp-json\/wp\/v2\/media?parent=41"}],"curies":[{"name":"wp","href":"https:\/\/api.w.org\/{rel}","templated":true}]}}