{"id":100,"date":"2020-06-03T08:46:15","date_gmt":"2020-06-03T06:46:15","guid":{"rendered":"http:\/\/blog.espol.edu.ec\/millenuim\/?page_id=100"},"modified":"2020-06-03T08:46:15","modified_gmt":"2020-06-03T06:46:15","slug":"nombres-de-identificacion-tributaria-por-paises","status":"publish","type":"page","link":"https:\/\/blog.espol.edu.ec\/millenuim\/nombres-de-identificacion-tributaria-por-paises\/","title":{"rendered":"Nombres de Identificaci\u00f3n tributaria por pa\u00edses"},"content":{"rendered":"<p>Se debe comenzar expresando que, existe una \u201cIdentificaci\u00f3n Tributaria\u201d en todos los distintos pa\u00edses en nuestro globo terr\u00e1queo.<\/p>\n<p>Por lo tanto, ello puede ser definido como un tipo de c\u00f3digo \u00fanico, el cual es de car\u00e1cter alfanum\u00e9rico en su mayor\u00eda. En tal sentido, dicho c\u00f3digo ser\u00e1 usado para <strong>identificar de forma inequ\u00edvoca a todo tipo de persona<\/strong> sea natural o jur\u00eddica.<\/p>\n<p>No obstante, en caso de ser jur\u00eddica podr\u00e1 ser susceptible de tributar, por lo cual ser\u00e1 asignado a estas por cada Estado, cuyo guiado ir\u00e1 por censo o por confecci\u00f3n en su registro (En caso de efectos administrativo- tributario).<\/p>\n<p><img loading=\"lazy\" decoding=\"async\" class=\"alignnone size-medium wp-image-101\" src=\"http:\/\/blog.espol.edu.ec\/millenuim\/files\/2020\/06\/maxresdefault-850x478.jpg\" alt=\"\" width=\"850\" height=\"478\" srcset=\"https:\/\/blog.espol.edu.ec\/millenuim\/files\/2020\/06\/maxresdefault-850x478.jpg 850w, https:\/\/blog.espol.edu.ec\/millenuim\/files\/2020\/06\/maxresdefault-250x141.jpg 250w, https:\/\/blog.espol.edu.ec\/millenuim\/files\/2020\/06\/maxresdefault-768x432.jpg 768w, https:\/\/blog.espol.edu.ec\/millenuim\/files\/2020\/06\/maxresdefault-1200x675.jpg 1200w, https:\/\/blog.espol.edu.ec\/millenuim\/files\/2020\/06\/maxresdefault.jpg 1280w\" sizes=\"auto, (max-width: 850px) 100vw, 850px\" \/><\/p>\n<h2>Top 5 de pa\u00edses con su respectiva Identificaci\u00f3n tributar\u00eda<\/h2>\n<p>Debido a que, este es un tipo de c\u00f3digo \u00fanico y tan vital en el mundo, hemos decidido demostrar a los siguientes pa\u00edses con sus respectivas identificaciones:<\/p>\n<h3>M\u00e9xico<\/h3>\n<p>En el territorio mexicano existe algo llamado como \u201cServicio de Administraci\u00f3n Tributaria\u201d, cuyas siglas recaen en \u201cSAT\u201d, el cual depende tanto del \u201cCr\u00e9dito P\u00fablico\u201d como de la \u201cSecretar\u00eda de Hacienda\u201d.<\/p>\n<p>As\u00ed mismo, ser\u00e1 el que asigne a todo tipo de contribuyente una clave en su \u201cRFC\u201d, es decir, <strong>un \u201cRegistro Federal de Contribuyente\u201d.<\/strong> Esta clave, para personas f\u00edsicas se crea a trav\u00e9s de 6 n\u00fameros, 4 letras y 3 caracteres determinados.<\/p>\n<p>En caso de ser para personas morales, se crear\u00e1 con 6 n\u00fameros que correspondan a la fecha que se ha constituido de forma legal la compa\u00f1\u00eda. Tambi\u00e9n, se usar\u00e1n sus determinadas 3 letras del nombre de dicha empresa.<\/p>\n<p>De esta forma, se le agregar\u00e1 la \u201cHomoclave\u201d en 3 caracteres que puedan ser n\u00fameros o letras. Sin embargo, si se trata de una persona asalariadas, no se le llevar\u00e1n a cabo sus registros <strong>ni pagos directos de impuestos.<\/strong><\/p>\n<p>Esto se debe a que, el patr\u00f3n lo realizar\u00e1 por ellos.<\/p>\n<h3>Guatemala<\/h3>\n<p>En este pa\u00eds se le asigna el nombre de \u201cRegistro Tributario Unificado\u201d, cuyas siglas se reflejan en \u201cRTU\u201d.<\/p>\n<p>Es por ello, que se ha expresado en el territorio guatemalteco que, todo tipo de persona que est\u00e9 activa de forma econ\u00f3mica tendr\u00e1 la obligaci\u00f3n de inscribirse.<\/p>\n<p>Cabe destacar que, las sucesiones indivisas, la copropiedad, los fideicomisos, entre otros, <strong>ser\u00e1n susceptibles a cumplir con su obligaci\u00f3n tributario<\/strong> de \u00edndole, ya sea formal o material para que la compa\u00f1\u00eda pueda estar legal y vigente.<\/p>\n<h3>Espa\u00f1a<\/h3>\n<p>Aqu\u00ed podr\u00e1s notar al \u201cN\u00famero de Identificaci\u00f3n Fiscal\u201d, el cual cumple con las siglas de \u201cNIF\u201d. Se ha basado en su \u201cDocumento Nacional de Identidad\u201d y en el \u201cN\u00famero de Identificaci\u00f3n de Extranjero\u201d (Para los no nacionales).<\/p>\n<h3>Venezuela y Uruguay<\/h3>\n<p>Estos son pa\u00edses que lo han hecho mucho m\u00e1s simple (Pero con sumo cuidado y direcci\u00f3n correcta), debido a que en Venezuela se rigen bajo el \u201cRegistro de Informaci\u00f3n Fiscal\u201d, sus siglas son \u201cRIF\u201d.<\/p>\n<p>Mientras que, en el pa\u00eds uruguayo act\u00faan bajo el \u201cRegistro \u00danico Tributario\u201d, cuyas siglas son reflejadas en \u201cRUT\u201d.<\/p>\n<p>Fuentes: <a href=\"https:\/\/rfcconsulta.com.mx\/\">https:\/\/rfcconsulta.com.mx\/<\/a><\/p>\n","protected":false},"excerpt":{"rendered":"<p>Se debe comenzar expresando que, existe una \u201cIdentificaci\u00f3n Tributaria\u201d en todos los distintos pa\u00edses en nuestro globo terr\u00e1queo. Por lo tanto, ello puede ser definido como un tipo de c\u00f3digo \u00fanico, el cual es de car\u00e1cter alfanum\u00e9rico en su mayor\u00eda. En tal sentido, dicho c\u00f3digo ser\u00e1 usado para identificar de forma inequ\u00edvoca a todo tipo [&hellip;]<\/p>\n","protected":false},"author":11056,"featured_media":0,"parent":0,"menu_order":0,"comment_status":"closed","ping_status":"closed","template":"","meta":{"_monsterinsights_skip_tracking":false,"_monsterinsights_sitenote_active":false,"_monsterinsights_sitenote_note":"","_monsterinsights_sitenote_category":0,"footnotes":""},"class_list":["post-100","page","type-page","status-publish","hentry"],"_links":{"self":[{"href":"https:\/\/blog.espol.edu.ec\/millenuim\/wp-json\/wp\/v2\/pages\/100","targetHints":{"allow":["GET"]}}],"collection":[{"href":"https:\/\/blog.espol.edu.ec\/millenuim\/wp-json\/wp\/v2\/pages"}],"about":[{"href":"https:\/\/blog.espol.edu.ec\/millenuim\/wp-json\/wp\/v2\/types\/page"}],"author":[{"embeddable":true,"href":"https:\/\/blog.espol.edu.ec\/millenuim\/wp-json\/wp\/v2\/users\/11056"}],"replies":[{"embeddable":true,"href":"https:\/\/blog.espol.edu.ec\/millenuim\/wp-json\/wp\/v2\/comments?post=100"}],"version-history":[{"count":1,"href":"https:\/\/blog.espol.edu.ec\/millenuim\/wp-json\/wp\/v2\/pages\/100\/revisions"}],"predecessor-version":[{"id":103,"href":"https:\/\/blog.espol.edu.ec\/millenuim\/wp-json\/wp\/v2\/pages\/100\/revisions\/103"}],"wp:attachment":[{"href":"https:\/\/blog.espol.edu.ec\/millenuim\/wp-json\/wp\/v2\/media?parent=100"}],"curies":[{"name":"wp","href":"https:\/\/api.w.org\/{rel}","templated":true}]}}