{"id":286,"date":"2021-10-04T06:30:24","date_gmt":"2021-10-04T04:30:24","guid":{"rendered":"http:\/\/blog.espol.edu.ec\/millenuim\/?page_id=286"},"modified":"2021-10-04T06:30:24","modified_gmt":"2021-10-04T04:30:24","slug":"mitos-y-verdades-sobre-los-juguetes-sexuales","status":"publish","type":"page","link":"https:\/\/blog.espol.edu.ec\/millenuim\/mitos-y-verdades-sobre-los-juguetes-sexuales\/","title":{"rendered":"Mitos y verdades sobre los juguetes sexuales"},"content":{"rendered":"<p><a href=\"https:\/\/www.sexshopboudoir.es\/\">Los juguetes sexuales<\/a> est\u00e1n dise\u00f1ados para ofrecer placer sexual tanto a hombres como a mujeres. Pueden utilizarse solos o en pareja. Sin embargo, existen muchos mitos en la mente de las personas relacionados con ellos. A continuaci\u00f3n tratamos de relacionar algunos de los mitos y verdades.<\/p>\n<p><img loading=\"lazy\" decoding=\"async\" class=\"size-medium wp-image-287 aligncenter\" src=\"http:\/\/blog.espol.edu.ec\/millenuim\/files\/2021\/10\/Mitos-y-verdades-sobre-los-juguetes-sexuales-850x478.jpg\" alt=\"\" width=\"850\" height=\"478\" srcset=\"https:\/\/blog.espol.edu.ec\/millenuim\/files\/2021\/10\/Mitos-y-verdades-sobre-los-juguetes-sexuales-850x478.jpg 850w, https:\/\/blog.espol.edu.ec\/millenuim\/files\/2021\/10\/Mitos-y-verdades-sobre-los-juguetes-sexuales-250x141.jpg 250w\" sizes=\"auto, (max-width: 850px) 100vw, 850px\" \/><\/p>\n<h2>Mito1<\/h2>\n<ul>\n<li>Los juguetes sexuales son s\u00f3lo para las personas que tienen una mala vida sexual, o no tienen vida sexual.<\/li>\n<\/ul>\n<h2>Realidad 1<\/h2>\n<p>Su uso se ha convertido en algo habitual para hombres y mujeres. Muchas parejas los utilizan durante las relaciones sexuales. No s\u00f3lo las personas que tienen una mala vida sexual necesitan utilizar juguetes para mejorar su funci\u00f3n sexual. Las parejas que disfrutan de relaciones exitosas tambi\u00e9n necesitan mejorar su funci\u00f3n sexual con el uso regular de juguetes sexuales que pueden ayudar a explorar las zonas er\u00f3genas.<\/p>\n<h2>Mito 2<\/h2>\n<ul>\n<li>Son adictivos.<\/li>\n<\/ul>\n<h2>Realidad 2<\/h2>\n<p>No son perjudiciales. Puede ocurrir que las mujeres que los usan regularmente se acostumbren a ellos y no sientan la excitaci\u00f3n adecuada con un pene real. Puede causar verg\u00fcenza a la pareja. Sin embargo, con un uso \u00f3ptimo, no s\u00f3lo puede mejorar su funci\u00f3n sexual sino tambi\u00e9n la calidad de la vida sexual.<\/p>\n<h2>Mito 3<\/h2>\n<ul>\n<li>Si una mujer tiene un juguete sexual, no necesitar\u00e1 un hombre.<\/li>\n<\/ul>\n<h2>Realidad 3<\/h2>\n<p>Aunque muchos vibradores pueden parecerse a un pene real en su forma, \u00e9stos no pueden sustituir a un pene de verdad. Con un pene de verdad, se puede sentir mayor gozo y placer. Sin embargo, no hay nada malo en la masturbaci\u00f3n, ya que puede mejorar tu funcionamiento sexual. Los juguetes para adultos tambi\u00e9n son utilizados por muchas parejas durante las relaciones sexuales para aumentar el placer sexual.<\/p>\n<h2>Mito 4<\/h2>\n<ul>\n<li>Los chicos s\u00f3lo los usan porque no pueden tener sexo.<\/li>\n<\/ul>\n<h2>Realidad 4<\/h2>\n<p>Los juguetes sexuales pueden ayudarte a descubrir tu potencial de placer sexual. La mayor\u00eda de las parejas los utilizan durante las relaciones sexuales, ya que ayudan a estimular varias partes er\u00f3genas. Por lo tanto, no deben ser una excusa por no tener sexo real. La masturbaci\u00f3n con juguetes para adultos puede mejorar tu eficacia sexual y tu resistencia sexual.<\/p>\n<h2>Mito 5<\/h2>\n<ul>\n<li>Los juguetes sexuales hacen que el sexo sea menos natural.<\/li>\n<\/ul>\n<h2>Realidad 5<\/h2>\n<p>El sexo natural es deseado por todos. Proporciona tanto a los hombres como a las mujeres un inmenso placer sexual. Sin embargo, la mayor\u00eda de las mujeres son incapaces de tener un orgasmo durante el sexo. Algunas mujeres pueden fingir un orgasmo en su lugar. Sin embargo, los juguetes sexuales resultan muy \u00fatiles para las ocasiones en que esto puede ocurrir. Con su ayuda, una mujer puede estimular su zona er\u00f3gena m\u00e1s profunda, conocida como punto G. Por lo tanto, es un completo mito que hagan que el sexo sea menos natural.<\/p>\n<h2>Mito 6<\/h2>\n<ul>\n<li>Hay juguetes malos y buenos.<\/li>\n<\/ul>\n<h2>Realidad 6<\/h2>\n<p>Los juguetes sexuales pueden mejorar tu funci\u00f3n sexual y proporcionar un inmenso placer sexual. Pueden llegar a ser malos cuando no los manejas correctamente. Antes de utilizar cualquier juguete para el placer sexual, debes aprender a manejarlo correctamente. Hoy en d\u00eda, existen muchos juguetes sofisticados y avanzados en el mercado. \u00c9stos cuidan especialmente tus partes sexuales sensibles, como la vagina y el cl\u00edtoris.<\/p>\n<h2>Mito 7<\/h2>\n<ul>\n<li>Cuanto m\u00e1s pagas, mejor es.<\/li>\n<\/ul>\n<h2>Realidad 7<\/h2>\n<p>No siempre es necesario que s\u00f3lo los caros te den un inmenso placer sexual. Algunos baratos tambi\u00e9n pueden darte un placer igual. Sin embargo, lo \u00fanico que debes asegurarte antes de comprar cualquier objeto de placer es su dise\u00f1o y de qu\u00e9 material est\u00e1 hecho. Los juguetes sexuales se introducen profundamente en zonas er\u00f3genas como el cl\u00edtoris y la vagina de las mujeres y el ano de los hombres. Por lo tanto, deben ser muy finos y suaves. Tambi\u00e9n puedes conseguir unos de buena calidad a precios baratos en Internet.<\/p>\n<h2>Mito 8<\/h2>\n<ul>\n<li>Los juguetes sexuales son perversos.<\/li>\n<\/ul>\n<h2>Realidad 8<\/h2>\n<p>Ser pervertido a puerta cerrada no es malo, de hecho, es bastante normal para las parejas. Todo el mundo tiene derecho a disfrutar del sexo pervertido y a utilizar juguetes para adultos cuando est\u00e1 solo. Muchas parejas los utilizan durante las relaciones sexuales para aumentar el placer sexual.<\/p>\n<h2>Mito 9<\/h2>\n<ul>\n<li>Los juguetes sexuales pueden causar da\u00f1os en el cuerpo.<\/li>\n<\/ul>\n<h2>Realidad 9<\/h2>\n<p>Es un completo mito que los juguetes sexuales puedan da\u00f1ar tu cuerpo. Puede ocurrir que los utilices en exceso debido a la excitaci\u00f3n sexual. Por lo tanto, te aconsejamos que tambi\u00e9n tengas relaciones sexuales entre medias.<\/p>\n","protected":false},"excerpt":{"rendered":"<p>Los juguetes sexuales est\u00e1n dise\u00f1ados para ofrecer placer sexual tanto a hombres como a mujeres. Pueden utilizarse solos o en pareja. Sin embargo, existen muchos mitos en la mente de las personas relacionados con ellos. A continuaci\u00f3n tratamos de relacionar algunos de los mitos y verdades. Mito1 Los juguetes sexuales son s\u00f3lo para las personas [&hellip;]<\/p>\n","protected":false},"author":11056,"featured_media":0,"parent":0,"menu_order":0,"comment_status":"closed","ping_status":"closed","template":"","meta":{"_monsterinsights_skip_tracking":false,"_monsterinsights_sitenote_active":false,"_monsterinsights_sitenote_note":"","_monsterinsights_sitenote_category":0,"footnotes":""},"class_list":["post-286","page","type-page","status-publish","hentry"],"_links":{"self":[{"href":"https:\/\/blog.espol.edu.ec\/millenuim\/wp-json\/wp\/v2\/pages\/286","targetHints":{"allow":["GET"]}}],"collection":[{"href":"https:\/\/blog.espol.edu.ec\/millenuim\/wp-json\/wp\/v2\/pages"}],"about":[{"href":"https:\/\/blog.espol.edu.ec\/millenuim\/wp-json\/wp\/v2\/types\/page"}],"author":[{"embeddable":true,"href":"https:\/\/blog.espol.edu.ec\/millenuim\/wp-json\/wp\/v2\/users\/11056"}],"replies":[{"embeddable":true,"href":"https:\/\/blog.espol.edu.ec\/millenuim\/wp-json\/wp\/v2\/comments?post=286"}],"version-history":[{"count":1,"href":"https:\/\/blog.espol.edu.ec\/millenuim\/wp-json\/wp\/v2\/pages\/286\/revisions"}],"predecessor-version":[{"id":289,"href":"https:\/\/blog.espol.edu.ec\/millenuim\/wp-json\/wp\/v2\/pages\/286\/revisions\/289"}],"wp:attachment":[{"href":"https:\/\/blog.espol.edu.ec\/millenuim\/wp-json\/wp\/v2\/media?parent=286"}],"curies":[{"name":"wp","href":"https:\/\/api.w.org\/{rel}","templated":true}]}}