{"id":89,"date":"2020-05-12T13:02:02","date_gmt":"2020-05-12T11:02:02","guid":{"rendered":"http:\/\/blog.espol.edu.ec\/millenuim\/?page_id=89"},"modified":"2020-05-12T13:03:54","modified_gmt":"2020-05-12T11:03:54","slug":"todo-lo-que-necesitas-saber-sobre-el-aceite-de-cbd","status":"publish","type":"page","link":"https:\/\/blog.espol.edu.ec\/millenuim\/todo-lo-que-necesitas-saber-sobre-el-aceite-de-cbd\/","title":{"rendered":"Todo lo que necesitas saber sobre el aceite de CBD"},"content":{"rendered":"<p>CBD significa aceite de cannabidiol. Se usa para tratar diferentes s\u00edntomas, aunque su uso es bastante controvertido. Tambi\u00e9n existe cierta confusi\u00f3n sobre c\u00f3mo afecta exactamente el aceite a nuestros cuerpos. El aceite puede tener beneficios para la salud y los productos que tienen el compuesto son legales en muchos lugares hoy en d\u00eda.<\/p>\n<p>\u00bfQue es el CBD?<\/p>\n<p>El CBD es un cannabinode, un compuesto que se encuentra en la planta de cannabis. El <a href=\"https:\/\/hispacbd.com\/comprar-aceite-cbd\/\">aceite CBD<\/a> contiene concentraciones de CBD y los usos var\u00edan mucho. En el cannabis, el compuesto que es popular es delta 9 tetrahidrocannabinol o THC. Es un ingrediente activo que se encuentra en la marihuana. La marihuana tiene CBD y THCA y ambos tienen diferentes efectos.<\/p>\n<p>El THC altera la mente cuando uno fuma o cocina con \u00e9l. Esto se debe a que se descompone por el calor. A diferencia del THC, el CBD no es psicoactivo. Esto significa que su estado mental no cambia con el uso. Sin embargo, se pueden observar cambios significativos dentro del cuerpo humano que sugieren beneficios m\u00e9dicos.<\/p>\n<p>Fuente del CBD<\/p>\n<p>El c\u00e1\u00f1amo es parte de la planta de cannabis y, en la mayor\u00eda de los casos, no se procesa. Aqu\u00ed es donde se extrae una gran cantidad de CBD. La marihuana y el c\u00e1\u00f1amo se originan a partir de cannabis sativa, pero son bastante diferentes. Hoy en d\u00eda, los cultivadores de marihuana cultivan plantas para que puedan tener altos niveles de THC. Los productores de c\u00e1\u00f1amo no necesitan modificar las plantas y se utilizan para crear el aceite de CBD.<\/p>\n<p>C\u00f3mo funciona<\/p>\n<p>Los cannabinoides afectan el cuerpo al unirse a diferentes receptores. Algunos cannabinoides son producidos por el cuerpo y existen los receptores CB1 y CB2. Los receptores CB1 se encuentran en todo el cuerpo y una gran cantidad de ellos se encuentra en el cerebro. Los receptores son responsables del estado de \u00e1nimo, las emociones, el dolor, el movimiento, la coordinaci\u00f3n, los recuerdos, el apetito, el pensamiento y muchas otras funciones. El THC afecta a estos receptores.<\/p>\n<p>En cuanto a los receptores CB2, se encuentran principalmente en el sistema inmunitario y afectan el dolor y la inflamaci\u00f3n. Aunque el CBD no se adhiere directamente aqu\u00ed, dirige al cuerpo a usar m\u00e1s cannabinoides.<\/p>\n<p>Los beneficios<\/p>\n<p>El CBD es beneficioso para la salud humana de diferentes maneras. Es un analg\u00e9sico natural y tiene propiedades antiinflamatorias. Los medicamentos de venta libre se usan para aliviar el dolor y la mayor\u00eda de las personas prefieren una alternativa m\u00e1s natural y aqu\u00ed es donde entra el aceite de CBD.<\/p>\n<p>La investigaci\u00f3n ha demostrado que el CBD proporciona un mejor tratamiento, especialmente para las personas con dolor cr\u00f3nico.<\/p>\n<p>Tambi\u00e9n hay evidencia que sugiere que el uso de CBD puede ser muy \u00fatil para cualquier persona que est\u00e9 tratando de dejar de fumar y lidiar con los retiros de drogas. En un estudio, se observ\u00f3 que los fumadores que ten\u00edan inhaladores que ten\u00edan CBD tend\u00edan a fumar menos de lo habitual para ellos y sin m\u00e1s ansias de fumar cigarrillos. El CBD podr\u00eda ser un gran tratamiento para las personas con trastornos de adicci\u00f3n, especialmente a los opioides.<\/p>\n<p>Hay muchas otras afecciones m\u00e9dicas que son ayudadas por el CBD e incluyen epilepsia, LGA, s\u00edndrome de Dravet, convulsiones, etc. Se est\u00e1n realizando m\u00e1s investigaciones sobre los efectos del CBD en el cuerpo humano y los resultados son bastante prometedores. Tambi\u00e9n se est\u00e1 estudiando la posibilidad de combatir el c\u00e1ncer y los diferentes trastornos de ansiedad.<\/p>\n<p>El aceite de CBD est\u00e1 demostrando ser un gran remedio para diferentes tipos de afecciones y dolencias que afectan el cuerpo humano, la informaci\u00f3n es poder y usted debe aprender m\u00e1s sobre el producto y posiblemente probarlo.<\/p>\n","protected":false},"excerpt":{"rendered":"<p>CBD significa aceite de cannabidiol. Se usa para tratar diferentes s\u00edntomas, aunque su uso es bastante controvertido. Tambi\u00e9n existe cierta confusi\u00f3n sobre c\u00f3mo afecta exactamente el aceite a nuestros cuerpos. El aceite puede tener beneficios para la salud y los productos que tienen el compuesto son legales en muchos lugares hoy en d\u00eda. \u00bfQue es [&hellip;]<\/p>\n","protected":false},"author":11056,"featured_media":0,"parent":0,"menu_order":0,"comment_status":"closed","ping_status":"closed","template":"","meta":{"_monsterinsights_skip_tracking":false,"_monsterinsights_sitenote_active":false,"_monsterinsights_sitenote_note":"","_monsterinsights_sitenote_category":0,"footnotes":""},"class_list":["post-89","page","type-page","status-publish","hentry"],"_links":{"self":[{"href":"https:\/\/blog.espol.edu.ec\/millenuim\/wp-json\/wp\/v2\/pages\/89","targetHints":{"allow":["GET"]}}],"collection":[{"href":"https:\/\/blog.espol.edu.ec\/millenuim\/wp-json\/wp\/v2\/pages"}],"about":[{"href":"https:\/\/blog.espol.edu.ec\/millenuim\/wp-json\/wp\/v2\/types\/page"}],"author":[{"embeddable":true,"href":"https:\/\/blog.espol.edu.ec\/millenuim\/wp-json\/wp\/v2\/users\/11056"}],"replies":[{"embeddable":true,"href":"https:\/\/blog.espol.edu.ec\/millenuim\/wp-json\/wp\/v2\/comments?post=89"}],"version-history":[{"count":2,"href":"https:\/\/blog.espol.edu.ec\/millenuim\/wp-json\/wp\/v2\/pages\/89\/revisions"}],"predecessor-version":[{"id":92,"href":"https:\/\/blog.espol.edu.ec\/millenuim\/wp-json\/wp\/v2\/pages\/89\/revisions\/92"}],"wp:attachment":[{"href":"https:\/\/blog.espol.edu.ec\/millenuim\/wp-json\/wp\/v2\/media?parent=89"}],"curies":[{"name":"wp","href":"https:\/\/api.w.org\/{rel}","templated":true}]}}