{"id":94,"date":"2020-06-03T08:40:07","date_gmt":"2020-06-03T06:40:07","guid":{"rendered":"http:\/\/blog.espol.edu.ec\/millenuim\/?page_id=94"},"modified":"2020-06-03T08:42:36","modified_gmt":"2020-06-03T06:42:36","slug":"que-ventajas-tienen-las-bombillas-led-sobre-las-bombillas-tradicionales","status":"publish","type":"page","link":"https:\/\/blog.espol.edu.ec\/millenuim\/que-ventajas-tienen-las-bombillas-led-sobre-las-bombillas-tradicionales\/","title":{"rendered":"\u00bfQu\u00e9 ventajas tienen las bombillas LED sobre las bombillas tradicionales?"},"content":{"rendered":"<p>Las bombillas LED se encontraron anteriormente solo en tiendas especializadas y su uso en general estaba bastante restringido. Sin embargo, las personas han comenzado a identificar las ventajas de estas bombillas para uso general en hogares y oficinas. Adem\u00e1s, el uso de estas bombillas en salas de exposiciones, tiendas minoristas y alumbrado p\u00fablico se est\u00e1 fomentando con el paso del tiempo.<br \/>\n<img loading=\"lazy\" decoding=\"async\" src=\"http:\/\/blog.espol.edu.ec\/millenuim\/files\/2020\/06\/led-lights-800x478.jpg\" alt=\"\" width=\"800\" height=\"478\" class=\"alignnone size-medium wp-image-95\" \/><br \/>\nAnteriormente, las luces LED no se consideraban para todos estos fines, debido a sus costosas etiquetas. Hoy, los precios de estas luces han bajado un poco y hay muchas ventajas que ayudan a pasar por alto el factor de costo. Estas son algunas de estas ventajas que han hecho que las bombillas y luces LED sean populares sobre los arreglos de iluminaci\u00f3n tradicionales.<br \/>\nConsumo de energ\u00eda reducido<\/p>\n<p>Las bombillas LED consumen menos energ\u00eda que las bombillas incandescentes, as\u00ed como las luces fluorescentes compactas. Estas bombillas pueden costar m\u00e1s al principio, pero el bajo consumo de energ\u00eda las convierte en la soluci\u00f3n rentable. Uno puede esperar que la factura de electricidad se reduzca considerablemente con el uso de bombillas LED.<br \/>\nAlta eficiencia energ\u00e9tica<br \/>\nIncluso con un bajo consumo de energ\u00eda, las bombillas LED se consideran m\u00e1s eficientes energ\u00e9ticamente que sus contrapartes tradicionales. Esto se debe a que estas bombillas son capaces de emitir m\u00e1s cantidad de luz por vatio de potencia. Como resultado, contribuyen a\u00fan m\u00e1s a la ventaja de ahorro de costos.<\/p>\n<p>Mas vida<br \/>\nDebido al menor consumo de energ\u00eda y la mayor eficiencia energ\u00e9tica, las bombillas LED tienen m\u00e1s vida que las diferentes bombillas y luces tradicionales. De hecho, es un hecho sorprendente que las bombillas LED tengan una vida \u00fatil de m\u00e1s de 30,000 horas, mientras que las bombillas incandescentes solo se pueden usar durante 1,000 horas. Las bombillas LED pueden funcionar hasta 20 a\u00f1os sin necesidad de reemplazo. Esta es otra ventaja que hace que estas bombillas sean soluciones altamente rentables.<\/p>\n<p>Seguro y favorable al medio ambiente<br \/>\nOtro aspecto ventajoso de las luces LED es que son seguras no solo para los humanos, sino tambi\u00e9n para el medio ambiente. En primer lugar, no tienen filamentos presentes en las bombillas incandescentes. Como resultado, no hay posibilidad de quemar las bombillas LED. Otra cosa importante a tener en cuenta es que es dif\u00edcil deshacerse de las luces fluorescentes compactas debido al mercurio presente en ellas.<\/p>\n<p>No hay mercurio ni ning\u00fan otro material t\u00f3xico presente dentro de las bombillas LED. Como resultado, eliminar las bombillas LED apagadas no es dif\u00edcil y no da\u00f1a el medio ambiente de ninguna manera. Adem\u00e1s, no hay riesgo de emisi\u00f3n de luz UV de estas bombillas, lo que las hace populares para su uso en hogares y oficinas.<\/p>\n<p>Disponible en gran variedad<\/p>\n<p>Las luces y bombillas LED est\u00e1n disponibles en diferentes formas, tama\u00f1os y colores, lo que los convierte en arreglos mucho m\u00e1s emocionantes para la iluminaci\u00f3n, una amplia variedad de bombillas las podemos ver en <a href=\"https:\/\/bombillasledweb.com\"> https:\/\/bombillasledweb.com<\/a>, adem\u00e1s este tipo de bombilla la podemos ver en todas partes, desde encontrarlos instalados en clubes nocturnos, centros comerciales y varios lugares de entretenimiento. Adem\u00e1s, son muy aclamados por las casas corporativas por su publicidad y promociones comerciales. A pesar de su disponibilidad en gran variedad, las bombillas LED modernas se pueden instalar en accesorios regulares.<\/p>\n<p>Los compradores de bombillas LED ya no consideran el precio de estas bombillas, ya que se sienten atra\u00eddos por las ventajas que ofrecen estas bombillas y luces. Una buena variedad de bombillas LED definitivamente atrae a un gran n\u00famero de propietarios de hogares y oficinas.<\/p>\n","protected":false},"excerpt":{"rendered":"<p>Las bombillas LED se encontraron anteriormente solo en tiendas especializadas y su uso en general estaba bastante restringido. Sin embargo, las personas han comenzado a identificar las ventajas de estas bombillas para uso general en hogares y oficinas. Adem\u00e1s, el uso de estas bombillas en salas de exposiciones, tiendas minoristas y alumbrado p\u00fablico se est\u00e1 [&hellip;]<\/p>\n","protected":false},"author":11056,"featured_media":0,"parent":0,"menu_order":0,"comment_status":"closed","ping_status":"closed","template":"","meta":{"_monsterinsights_skip_tracking":false,"_monsterinsights_sitenote_active":false,"_monsterinsights_sitenote_note":"","_monsterinsights_sitenote_category":0,"footnotes":""},"class_list":["post-94","page","type-page","status-publish","hentry"],"_links":{"self":[{"href":"https:\/\/blog.espol.edu.ec\/millenuim\/wp-json\/wp\/v2\/pages\/94","targetHints":{"allow":["GET"]}}],"collection":[{"href":"https:\/\/blog.espol.edu.ec\/millenuim\/wp-json\/wp\/v2\/pages"}],"about":[{"href":"https:\/\/blog.espol.edu.ec\/millenuim\/wp-json\/wp\/v2\/types\/page"}],"author":[{"embeddable":true,"href":"https:\/\/blog.espol.edu.ec\/millenuim\/wp-json\/wp\/v2\/users\/11056"}],"replies":[{"embeddable":true,"href":"https:\/\/blog.espol.edu.ec\/millenuim\/wp-json\/wp\/v2\/comments?post=94"}],"version-history":[{"count":3,"href":"https:\/\/blog.espol.edu.ec\/millenuim\/wp-json\/wp\/v2\/pages\/94\/revisions"}],"predecessor-version":[{"id":99,"href":"https:\/\/blog.espol.edu.ec\/millenuim\/wp-json\/wp\/v2\/pages\/94\/revisions\/99"}],"wp:attachment":[{"href":"https:\/\/blog.espol.edu.ec\/millenuim\/wp-json\/wp\/v2\/media?parent=94"}],"curies":[{"name":"wp","href":"https:\/\/api.w.org\/{rel}","templated":true}]}}