{"id":2,"date":"2010-06-07T19:56:23","date_gmt":"2010-06-07T19:56:23","guid":{"rendered":""},"modified":"2010-08-09T15:16:01","modified_gmt":"2010-08-09T20:16:01","slug":"about","status":"publish","type":"page","link":"https:\/\/blog.espol.edu.ec\/miloalejandra\/about\/","title":{"rendered":"Milene Madrid C."},"content":{"rendered":"<p style=\"text-align: justify\">\n<p style=\"text-align: justify\"><span style=\"color: #8a68ad\"><a href=\"http:\/\/blog.espol.edu.ec\/miloalejandra\/files\/2010\/06\/37008_1450230249613_1048929164_31302176_2204218_n.jpg\"><img loading=\"lazy\" decoding=\"async\" class=\"aligncenter size-medium wp-image-148\" title=\"37008_1450230249613_1048929164_31302176_2204218_n\" src=\"http:\/\/blog.espol.edu.ec\/miloalejandra\/files\/2010\/06\/37008_1450230249613_1048929164_31302176_2204218_n-300x204.jpg\" alt=\"\" width=\"300\" height=\"204\" srcset=\"https:\/\/blog.espol.edu.ec\/miloalejandra\/files\/2010\/06\/37008_1450230249613_1048929164_31302176_2204218_n-300x204.jpg 300w, https:\/\/blog.espol.edu.ec\/miloalejandra\/files\/2010\/06\/37008_1450230249613_1048929164_31302176_2204218_n.jpg 720w\" sizes=\"auto, (max-width: 300px) 100vw, 300px\" \/><\/a>Bueno soy una persona tranquila (aunque muchos no lo consideran asi jeje) pero eso es porque me gusta hacer bromas, me gusta reir, molestar a mis amigos... soy un poco conversona, yo diria que soy alegre, aunque a veces si tengo mis momentos de mal caracter (que son bastantes veces)...<br \/>\nYo pienso que tengo buenos amigos, eso s\u00ed, son contados con los dedos de la mano, gracias a ellos he logrado algunas cosas porque me han ayudado en mucho...<br \/>\nProvengo de una linda ciudad que es Machala, aunque mas chiquita que Guayaquil. Vine a aca por motivos de la Universidad, de ahi todo el resto de mi vida lo he vivido en Machala.<\/span><\/p>\n<p style=\"text-align: justify\"><span style=\"color: #8a68ad\">Me encanta escuchar m\u00fasica, creo que no podr\u00eda vivir sin ella. Para cualquier cosa que haga, debo tener mi m\u00fasica ahi porque o sino me aburro totalmente.<\/span><\/p>\n<p style=\"text-align: justify\"><span style=\"color: #8a68ad\">Hace 9 a\u00f1os ingres\u00e9 a un grupo musical que lo conform\u00f3 el Municipio de Machala. Al principio comenzamos 50 integrantes, nos llevaron por un mes a Quito para empezar a ensayar, pero poco a poco la banda se fue desintegrando hasta que a la final quedamos pocos. Pero luego hubieron nuevos integrantes y la banda creci\u00f3 un poco m\u00e1s.<\/span><\/p>\n<p style=\"text-align: justify\"><span style=\"color: #8a68ad\"><a href=\"http:\/\/blog.espol.edu.ec\/miloalejandra\/files\/2010\/06\/25715_1343138108045_1518991639_918773_2405845_n.jpg\"><img loading=\"lazy\" decoding=\"async\" class=\"aligncenter size-medium wp-image-150\" title=\"25715_1343138108045_1518991639_918773_2405845_n\" src=\"http:\/\/blog.espol.edu.ec\/miloalejandra\/files\/2010\/06\/25715_1343138108045_1518991639_918773_2405845_n-300x225.jpg\" alt=\"\" width=\"300\" height=\"225\" srcset=\"https:\/\/blog.espol.edu.ec\/miloalejandra\/files\/2010\/06\/25715_1343138108045_1518991639_918773_2405845_n-300x225.jpg 300w, https:\/\/blog.espol.edu.ec\/miloalejandra\/files\/2010\/06\/25715_1343138108045_1518991639_918773_2405845_n.jpg 720w\" sizes=\"auto, (max-width: 300px) 100vw, 300px\" \/><\/a>Bueno por cuestiones de la vida me tuve que salir de ah\u00ed, igual de una u otra manera ten\u00eda que hacerlo por lo que me ven\u00eda a estudiar a Guayaquil y ya no iba a poder asistir.<\/span><\/p>\n<p style=\"text-align: justify\"><span style=\"color: #8a68ad\"><a href=\"http:\/\/blog.espol.edu.ec\/miloalejandra\/files\/2010\/06\/flt-30.jpg\"><img loading=\"lazy\" decoding=\"async\" class=\"aligncenter size-full wp-image-154\" title=\"flt-30\" src=\"http:\/\/blog.espol.edu.ec\/miloalejandra\/files\/2010\/06\/flt-30.jpg\" alt=\"\" width=\"250\" height=\"295\" \/><\/a>El colegio lo estudie en el Liceo Naval Jambel\u00ed, ahi hice muchos amigos con los cuales todav\u00eda me sigo llevando, me dec\u00edan que la chica \"multifac\u00e9tica\" porque me gustaba participar en cada oportunidad que se presentaba. La verdad hice muchas cosas en el colegio, estuve en un grupo de m\u00fasica que nos llevaron a los interliceos en Esmeraldas, en primer curso particip\u00e9 en el preg\u00f3n bailando y de ah\u00ed me integre al grupo que se llamaba \"la batucada\" en donde tocaba el redoblante, ahi permanec\u00ed hasta cuarto curso. Ya en quinto, con mis compa\u00f1eros de curso conformamos un grupo de teatro para hacer una dramatizaci\u00f3n para el dia del SIDA, en los cuales tuvimos algunas presentaciones. En ese mismo a\u00f1o aprendi a caminar en zancos, que era lo que yo quer\u00eda desde primer curso y tambi\u00e9n particip\u00e9 en el preg\u00f3n.<\/span><\/p>\n<p style=\"text-align: justify\"><span style=\"color: #8a68ad\"><a href=\"http:\/\/blog.espol.edu.ec\/miloalejandra\/files\/2010\/06\/21045_1281557552901_1048929164_30868689_4361829_n.jpg\"><img loading=\"lazy\" decoding=\"async\" class=\"aligncenter size-medium wp-image-152\" title=\"21045_1281557552901_1048929164_30868689_4361829_n\" src=\"http:\/\/blog.espol.edu.ec\/miloalejandra\/files\/2010\/06\/21045_1281557552901_1048929164_30868689_4361829_n-300x225.jpg\" alt=\"\" width=\"300\" height=\"225\" srcset=\"https:\/\/blog.espol.edu.ec\/miloalejandra\/files\/2010\/06\/21045_1281557552901_1048929164_30868689_4361829_n-300x225.jpg 300w, https:\/\/blog.espol.edu.ec\/miloalejandra\/files\/2010\/06\/21045_1281557552901_1048929164_30868689_4361829_n.jpg 604w\" sizes=\"auto, (max-width: 300px) 100vw, 300px\" \/><\/a>Ya para sexto curso no pude hacer mucho, porque ese a\u00f1o se m hizo muy pesado, el \u00faltimo a\u00f1o!... Nos mandaban muchos deberes, muchos trabajos, muchas lecciones, pero en f\u00edn... Mi etapa del colegio fue muy bonita, nunca la olvidar\u00e9... =)<\/span><\/p>\n<p style=\"text-align: justify\"><span style=\"color: #8a68ad\">Bueno mis pasatiempos, como ya se los dije uno de ellos es escuchar m\u00fasica, aunque anteriormente no solo era escuchar sino tambi\u00e9n hacer m\u00fasica pero por consecuencias de la vida ese pasatiempo ya lo he dejado aunque me gustar\u00eda volver a tomarlo... Otro pasatiempo es estar en la computadora, chateando o jugando... La verdad yo no veo mucha televisi\u00f3n, si tengo prendido el televisor es para que me haga bulla no mas porque odio el silencio!<\/span><\/p>\n<p style=\"text-align: justify\"><span style=\"color: #8a68ad\"><a href=\"http:\/\/blog.espol.edu.ec\/miloalejandra\/files\/2010\/06\/25839_1378255570291_1048929164_31120490_2784732_n.jpg\"><img loading=\"lazy\" decoding=\"async\" class=\"aligncenter size-medium wp-image-156\" title=\"25839_1378255570291_1048929164_31120490_2784732_n\" src=\"http:\/\/blog.espol.edu.ec\/miloalejandra\/files\/2010\/06\/25839_1378255570291_1048929164_31120490_2784732_n-175x300.jpg\" alt=\"\" width=\"175\" height=\"300\" srcset=\"https:\/\/blog.espol.edu.ec\/miloalejandra\/files\/2010\/06\/25839_1378255570291_1048929164_31120490_2784732_n-175x300.jpg 175w, https:\/\/blog.espol.edu.ec\/miloalejandra\/files\/2010\/06\/25839_1378255570291_1048929164_31120490_2784732_n.jpg 421w\" sizes=\"auto, (max-width: 175px) 100vw, 175px\" \/><\/a>Uno de mis sue\u00f1os era aprender a tocar viol\u00edn, yo estaba en proceso de mi sue\u00f1o pero ten\u00eda muchas ocupaciones y no pude cumplirlo, lo bueno es que ya tengo el viol\u00edn en mis manos, asi que cualquier rato lo terminar\u00e9 de cumplir =)<\/span><\/p>\n<p style=\"text-align: justify\"><span style=\"color: #8a68ad\">Me gusta muchos tipos de m\u00fasica como las baladas, el pop, la salsa, un poco de rock, el rap, merengue... pero entre todos esos el que mas me gusta es el pop...!\u00a0 Me gustan mas las m\u00fasicas alegres... <\/span><\/p>\n<p style=\"text-align: justify\"><span style=\"color: #8a68ad\"><a href=\"http:\/\/blog.espol.edu.ec\/miloalejandra\/files\/2010\/06\/15704_1356366903088_1048929164_31063410_2111302_n.jpg\"><img loading=\"lazy\" decoding=\"async\" class=\"aligncenter size-medium wp-image-159\" title=\"15704_1356366903088_1048929164_31063410_2111302_n\" src=\"http:\/\/blog.espol.edu.ec\/miloalejandra\/files\/2010\/06\/15704_1356366903088_1048929164_31063410_2111302_n-300x225.jpg\" alt=\"\" width=\"300\" height=\"225\" srcset=\"https:\/\/blog.espol.edu.ec\/miloalejandra\/files\/2010\/06\/15704_1356366903088_1048929164_31063410_2111302_n-300x225.jpg 300w, https:\/\/blog.espol.edu.ec\/miloalejandra\/files\/2010\/06\/15704_1356366903088_1048929164_31063410_2111302_n.jpg 720w\" sizes=\"auto, (max-width: 300px) 100vw, 300px\" \/><\/a>Ahora estoy estudiando Ingenier\u00eda en Negocios Internacionales, la verdad yo iba a seguir Econom\u00eda, desde que estaba en cuarto curso hasta que termin\u00e9 el colegio seguia con la convicci\u00f3n de seguir esa carrera, pero me puse a investigar un poco m\u00e1s, escuche algunos consejos y me decid\u00ed por negocios, pero yo se que de una u otra manera las dos carreras me dar\u00edan un buen futuro, porque eso ya depende de m\u00ed, de como yo me desempe\u00f1e en este \u00e1mbito y que tan bien me desarrolle para ser una buena profesional...<\/span><\/p>\n<p style=\"text-align: justify\"><span style=\"color: #8a68ad\">Y bueno esto es todo los que les puedo decir de m\u00ed, la verdad son muchas cosas m\u00e1s pero en este momento no vienen a mi memoria, espero les haya gustado mi vida que a lo mejor a muchos les ha de parecer aburrida jeje ya que no soy de esas chicas que van a fiestas, si voy de vez en cuando pero no es mi hobbie, tampoco tomo bebidas alcoholicas ni fumo... Bueno eso es todo... Gracias =)<\/span><\/p>\n<p style=\"text-align: justify\"><span style=\"color: #8a68ad\"><a href=\"http:\/\/blog.espol.edu.ec\/miloalejandra\/files\/2010\/06\/18845_1314423854538_1048929164_30960004_295906_n1.jpg\"><img loading=\"lazy\" decoding=\"async\" class=\"aligncenter size-medium wp-image-160\" title=\"18845_1314423854538_1048929164_30960004_295906_n\" src=\"http:\/\/blog.espol.edu.ec\/miloalejandra\/files\/2010\/06\/18845_1314423854538_1048929164_30960004_295906_n1-225x300.jpg\" alt=\"\" width=\"225\" height=\"300\" srcset=\"https:\/\/blog.espol.edu.ec\/miloalejandra\/files\/2010\/06\/18845_1314423854538_1048929164_30960004_295906_n1-225x300.jpg 225w, https:\/\/blog.espol.edu.ec\/miloalejandra\/files\/2010\/06\/18845_1314423854538_1048929164_30960004_295906_n1.jpg 453w\" sizes=\"auto, (max-width: 225px) 100vw, 225px\" \/><\/a><br \/>\n<\/span><\/p>\n","protected":false},"excerpt":{"rendered":"<p>Bueno soy una persona tranquila (aunque muchos no lo consideran asi jeje) pero eso es porque me gusta hacer bromas, me gusta reir, molestar a mis amigos... soy un poco conversona, yo diria que soy alegre, aunque a veces si tengo mis momentos de mal caracter (que son bastantes veces)... Yo pienso que tengo buenos [&hellip;]<\/p>\n","protected":false},"author":4491,"featured_media":0,"parent":0,"menu_order":0,"comment_status":"open","ping_status":"open","template":"","meta":{"footnotes":""},"class_list":["post-2","page","type-page","status-publish","hentry"],"_links":{"self":[{"href":"https:\/\/blog.espol.edu.ec\/miloalejandra\/wp-json\/wp\/v2\/pages\/2","targetHints":{"allow":["GET"]}}],"collection":[{"href":"https:\/\/blog.espol.edu.ec\/miloalejandra\/wp-json\/wp\/v2\/pages"}],"about":[{"href":"https:\/\/blog.espol.edu.ec\/miloalejandra\/wp-json\/wp\/v2\/types\/page"}],"author":[{"embeddable":true,"href":"https:\/\/blog.espol.edu.ec\/miloalejandra\/wp-json\/wp\/v2\/users\/4491"}],"replies":[{"embeddable":true,"href":"https:\/\/blog.espol.edu.ec\/miloalejandra\/wp-json\/wp\/v2\/comments?post=2"}],"version-history":[{"count":8,"href":"https:\/\/blog.espol.edu.ec\/miloalejandra\/wp-json\/wp\/v2\/pages\/2\/revisions"}],"predecessor-version":[{"id":146,"href":"https:\/\/blog.espol.edu.ec\/miloalejandra\/wp-json\/wp\/v2\/pages\/2\/revisions\/146"}],"wp:attachment":[{"href":"https:\/\/blog.espol.edu.ec\/miloalejandra\/wp-json\/wp\/v2\/media?parent=2"}],"curies":[{"name":"wp","href":"https:\/\/api.w.org\/{rel}","templated":true}]}}