{"id":361,"date":"2010-11-12T03:50:54","date_gmt":"2010-11-12T03:50:54","guid":{"rendered":"http:\/\/blog.espol.edu.ec\/misionnerd\/?page_id=361"},"modified":"2010-11-12T03:50:54","modified_gmt":"2010-11-12T03:50:54","slug":"banos-de-relax","status":"publish","type":"page","link":"https:\/\/blog.espol.edu.ec\/misionnerd\/banos-de-relax\/","title":{"rendered":"BA\u00d1OS DE RELAX"},"content":{"rendered":"<p><img loading=\"lazy\" decoding=\"async\" class=\"aligncenter size-medium wp-image-362\" title=\"noticias_file_foto4_26010\" src=\"http:\/\/blog.espol.edu.ec\/misionnerd\/files\/2010\/11\/noticias_file_foto4_26010-300x204.jpg\" alt=\"\" width=\"348\" height=\"250\" \/><\/p>\n<h3>Los sistemas de distribuci\u00f3n de agua en el Imperio Romano fueron incre\u00edblemente avanzados, los romanos le daban tal importancia al agua que eran capaces de construir acueductos tan grandes que llevaban agua a una ciudad de un mill\u00f3n de habitantes, desde una distancia de hasta 90 Km.<\/h3>\n<p>____________________________________________________________<\/p>\n<p><a href=\"http:\/\/blog.espol.edu.ec\/misionnerd\/files\/2010\/11\/fo15c14.jpg\"><img loading=\"lazy\" decoding=\"async\" class=\"aligncenter size-medium wp-image-365\" title=\"fo15c14\" src=\"http:\/\/blog.espol.edu.ec\/misionnerd\/files\/2010\/11\/fo15c14-300x204.jpg\" alt=\"\" width=\"338\" height=\"238\" \/><\/a><\/p>\n<h3>Las famosas termas romanas fueron lugares donde hab\u00eda\u00a0 la calefacci\u00f3n central (un adelanto tecnol\u00f3gico muy grande para la \u00e9poca) y donde se usaba a veces la energ\u00eda geot\u00e9rmica.\u00a0 Estos proyectos de energ\u00eda termal fueron limitados, dependiendo de la proximidad a los lugares como el \u00e1rea alrededor del vulcano Vesubio donde estaba el magma caliente m\u00e1s cercano a la superficie de tierra.<\/h3>\n<h3>________________________________________________<\/h3>\n<p><a href=\"http:\/\/blog.espol.edu.ec\/misionnerd\/files\/2010\/11\/002.jpg\"><img loading=\"lazy\" decoding=\"async\" class=\"aligncenter size-medium wp-image-368\" title=\"002\" src=\"http:\/\/blog.espol.edu.ec\/misionnerd\/files\/2010\/11\/002-300x225.jpg\" alt=\"\" width=\"232\" height=\"152\" \/><\/a><\/p>\n<h3>Las primeras fabricas de jab\u00f3n fueron descubiertos por los arque\u00f3logos en el territorio de Antigua Roma, precisamente en la tristemente famosa Pompeya.<\/h3>\n<h3>En general, los romanos eran tem\u00e1ticos en asuntos de la limpieza. Lavaban la ropa en las lavander\u00edas, que se nombraban fullonicae y eran unas instalaciones llenas de piscinas y de esclavos que lavaban la ropa y la planchaban pis\u00e1ndola con los pies.<\/h3>\n<h3>_________________________________________________________<\/h3>\n<h3><a href=\"http:\/\/blog.espol.edu.ec\/misionnerd\/files\/2010\/11\/orinar-t13674.jpg\"><img loading=\"lazy\" decoding=\"async\" class=\"aligncenter size-full wp-image-371\" title=\"orinar-t13674\" src=\"http:\/\/blog.espol.edu.ec\/misionnerd\/files\/2010\/11\/orinar-t13674.jpg\" alt=\"\" width=\"219\" height=\"218\" srcset=\"https:\/\/blog.espol.edu.ec\/misionnerd\/files\/2010\/11\/orinar-t13674.jpg 283w, https:\/\/blog.espol.edu.ec\/misionnerd\/files\/2010\/11\/orinar-t13674-150x150.jpg 150w\" sizes=\"auto, (max-width: 219px) 100vw, 219px\" \/><\/a><\/h3>\n<h3>Lo curioso es que las lavander\u00edas de los romanos usaban la orina para blanquear la tela. Para recolectar la orina, se colocaban ollas grandes fuera de las puertas donde las personas pod\u00edan orinar.<\/h3>\n<h3>(Ojo estudiantes del ICQA, les estoy dando una idea para la Semana de Emprendedores. La materia prima es barata y as\u00ed se ahorra el cloro en nuestro planeta).<\/h3>\n<p>____________________________________________________________<\/p>\n<p><a href=\"http:\/\/blog.espol.edu.ec\/misionnerd\/files\/2010\/11\/ostia-letrinas.jpg\"><img loading=\"lazy\" decoding=\"async\" class=\"aligncenter size-medium wp-image-374\" title=\"ostia-letrinas\" src=\"http:\/\/blog.espol.edu.ec\/misionnerd\/files\/2010\/11\/ostia-letrinas-300x224.jpg\" alt=\"\" width=\"300\" height=\"224\" srcset=\"https:\/\/blog.espol.edu.ec\/misionnerd\/files\/2010\/11\/ostia-letrinas-300x224.jpg 300w, https:\/\/blog.espol.edu.ec\/misionnerd\/files\/2010\/11\/ostia-letrinas.jpg 448w\" sizes=\"auto, (max-width: 300px) 100vw, 300px\" \/><\/a><\/p>\n<h3>Los ba\u00f1os romanos cuentan con otro invento muy conocido: el retrete con agua corriente bajo el asiento que eliminaba \u00a0los residuos. Los ba\u00f1os de pelucones se aromatizaban con inciensos, e incluso hab\u00edan esclavos que calentaban el frio asiento de m\u00e1rmol para su usuario (adivina como).<br \/>\nLa intimidad no era demasiado importante en tiempos de los romanos; se sentaban unos al lado de otros sin ning\u00fan tipo de separaci\u00f3n. La limpieza s\u00ed que era importante, y aunque no dispon\u00edan de papel higi\u00e9nico se limpiaban con una esponja h\u00fameda atada a un palo; lo que no se sabe es si cada uno se llevaba su propia esponja o si la compart\u00edan.<\/p>\n<div>___________________________________________________<\/div>\n<div><a href=\"http:\/\/blog.espol.edu.ec\/misionnerd\/files\/2010\/11\/pompeya1.jpg\"><img loading=\"lazy\" decoding=\"async\" class=\"aligncenter size-medium wp-image-377\" title=\"pompeya1\" src=\"http:\/\/blog.espol.edu.ec\/misionnerd\/files\/2010\/11\/pompeya1-300x209.jpg\" alt=\"\" width=\"263\" height=\"176\" \/><\/a><\/div>\n<\/h3>\n<h3>Los ba\u00f1os p\u00fablicos para los plebeyos romanos eran bastante turros, no ten\u00edan agua corriente y se los limpiaban solo cuando su contenido\u00a0 comenzaba a desbordarse. Por esta raz\u00f3n sus usuarios\u00a0 muchas veces expresaban su descontento con un servicio tan deplorable, escribiendo en las paredes del ba\u00f1o (miren este graffiti \u00a0procedente de Pompeya).<\/h3>\n<h3>\u00a0\u00bfSe dan cuenta lo poco que se cambia la gente con el paso de los siglos?<\/h3>\n<p>_____________________________________________________________<\/p>\n<p><a href=\"http:\/\/blog.espol.edu.ec\/misionnerd\/files\/2010\/11\/cloaca_maxima1.jpg\"><img loading=\"lazy\" decoding=\"async\" class=\"aligncenter size-medium wp-image-380\" title=\"cloaca_maxima1\" src=\"http:\/\/blog.espol.edu.ec\/misionnerd\/files\/2010\/11\/cloaca_maxima1-202x300.jpg\" alt=\"\" width=\"222\" height=\"323\" \/><\/a><\/p>\n<h3>Los romanos construyeron un impresionante sistema de canalizaci\u00f3n llamado Cloaca M\u00e1xima, con enormes canales para\u00a0 las aguas servidas. Para vigilar el funcionamiento de la Cloaca, los supervisores ten\u00edan que nadar por ella en lanchas.<\/h3>\n<h3>As\u00ed que cuando nuestros funcionarios p\u00fablicos salen a protestar contra el gobierno gritando \u201c!estamos en la mierda!\u201d tienen que recordar que los romanos lo estaban m\u00e1s aun.<\/h3>\n<h3>\u00a0<\/h3>\n","protected":false},"excerpt":{"rendered":"<p>Los sistemas de distribuci\u00f3n de agua en el Imperio Romano fueron incre\u00edblemente avanzados, los romanos le daban tal importancia al agua que eran capaces de construir acueductos tan grandes que llevaban agua a una ciudad de un mill\u00f3n de habitantes, desde una distancia de hasta 90 Km. ____________________________________________________________ Las famosas termas romanas fueron lugares donde [&hellip;]<\/p>\n","protected":false},"author":5156,"featured_media":0,"parent":0,"menu_order":0,"comment_status":"open","ping_status":"open","template":"","meta":{"footnotes":""},"class_list":["post-361","page","type-page","status-publish","hentry"],"_links":{"self":[{"href":"https:\/\/blog.espol.edu.ec\/misionnerd\/wp-json\/wp\/v2\/pages\/361","targetHints":{"allow":["GET"]}}],"collection":[{"href":"https:\/\/blog.espol.edu.ec\/misionnerd\/wp-json\/wp\/v2\/pages"}],"about":[{"href":"https:\/\/blog.espol.edu.ec\/misionnerd\/wp-json\/wp\/v2\/types\/page"}],"author":[{"embeddable":true,"href":"https:\/\/blog.espol.edu.ec\/misionnerd\/wp-json\/wp\/v2\/users\/5156"}],"replies":[{"embeddable":true,"href":"https:\/\/blog.espol.edu.ec\/misionnerd\/wp-json\/wp\/v2\/comments?post=361"}],"version-history":[{"count":16,"href":"https:\/\/blog.espol.edu.ec\/misionnerd\/wp-json\/wp\/v2\/pages\/361\/revisions"}],"predecessor-version":[{"id":384,"href":"https:\/\/blog.espol.edu.ec\/misionnerd\/wp-json\/wp\/v2\/pages\/361\/revisions\/384"}],"wp:attachment":[{"href":"https:\/\/blog.espol.edu.ec\/misionnerd\/wp-json\/wp\/v2\/media?parent=361"}],"curies":[{"name":"wp","href":"https:\/\/api.w.org\/{rel}","templated":true}]}}