{"id":385,"date":"2010-11-12T16:12:10","date_gmt":"2010-11-12T16:12:10","guid":{"rendered":"http:\/\/blog.espol.edu.ec\/misionnerd\/?page_id=385"},"modified":"2010-11-12T16:12:10","modified_gmt":"2010-11-12T16:12:10","slug":"banos-de-sangre","status":"publish","type":"page","link":"https:\/\/blog.espol.edu.ec\/misionnerd\/banos-de-sangre\/","title":{"rendered":"BA\u00d1OS DE SANGRE"},"content":{"rendered":"<p><a href=\"http:\/\/blog.espol.edu.ec\/misionnerd\/files\/2010\/11\/47099_1.jpg\"><img loading=\"lazy\" decoding=\"async\" class=\"aligncenter size-medium wp-image-386\" title=\"47099_~1\" src=\"http:\/\/blog.espol.edu.ec\/misionnerd\/files\/2010\/11\/47099_1-300x223.jpg\" alt=\"\" width=\"346\" height=\"244\" \/><\/a><\/p>\n<h3>Los romanos ten\u00edan gustos muy particulares en cuanto a las diversiones. Uno de los espect\u00e1culos que m\u00e1s les gustaba, consist\u00eda en atar\u00a0 un hombre a una estaca y ver como una fiera hambrienta lo despedazaba. Si mor\u00eda muy r\u00e1pido o los desgarros no eran muy espectaculares, el p\u00fablico se enfadaba y ped\u00eda m\u00e1s sangre.<\/h3>\n<h3>\u00a0Pero para qu\u00e9 sorprenderse de la chusma, si los todopoderosos eran aun mas s\u00e1dicos.<\/h3>\n<p>____________________________________________________________<\/p>\n<p><a href=\"http:\/\/blog.espol.edu.ec\/misionnerd\/files\/2010\/11\/draft_lens10571911module96516521photo_1271808788caligula-1.jpg\"><img loading=\"lazy\" decoding=\"async\" class=\"aligncenter size-medium wp-image-389\" title=\"draft_lens10571911module96516521photo_1271808788caligula-1\" src=\"http:\/\/blog.espol.edu.ec\/misionnerd\/files\/2010\/11\/draft_lens10571911module96516521photo_1271808788caligula-1-300x300.jpg\" alt=\"\" width=\"156\" height=\"173\" \/><\/a><\/p>\n<h3>A veces dentro de las dinast\u00edas imperiales hab\u00eda representantes muy fuera de lo com\u00fan en cuanto a patolog\u00edas mentales.<\/h3>\n<h3>Tiberio reuni\u00f3 en su persona todos los desenfrenos imaginables, pero aun m\u00e1s audaz fue su sucesor Cal\u00edgula. Durante los veintinueve a\u00f1os de su vida, este joven muy especial alcanz\u00f3 a hacer mucho, Torturas, asesinatos, tremendas orgias y toda clase de crueldades marcaron el periodo de su reinado.<\/h3>\n<p>____________________________________________________________<\/p>\n<p><a href=\"http:\/\/blog.espol.edu.ec\/misionnerd\/files\/2010\/11\/4172970.jpg\"><img loading=\"lazy\" decoding=\"async\" class=\"aligncenter size-full wp-image-390\" title=\"4172970\" src=\"http:\/\/blog.espol.edu.ec\/misionnerd\/files\/2010\/11\/4172970.jpg\" alt=\"\" width=\"266\" height=\"235\" \/><\/a><\/p>\n<h3>Por \u00faltimo, la demencia se apodero tanto del fren\u00e9tico Emperador, que \u00e9l decidi\u00f3 nombrar C\u00f3nsul a su caballo, otorg\u00e1ndole derecho de ser miembro del Senado. Otra excentricidad suya fue la guerra contra el Neptuno, cuando el orden\u00f3 a sus legionarios a luchar contra el mar con ayuda de espadas y catapultas. Cabreados de tanta originalidad de su monarca, sus s\u00fabditos le mataron en el a\u00f1o 41 d.C, asest\u00e1ndole treinta pu\u00f1aladas.<\/h3>\n<h3>____________________________________________\u00a0<\/h3>\n<h3>\u00a0Otro de los ricos y famosos, Ner\u00f3n, tal vez merece un cap\u00edtulo aparte:<\/h3>\n<h3>\u00a0<\/h3>\n<h3><a href=\"http:\/\/blog.espol.edu.ec\/misionnerd\/files\/2010\/11\/23775f58d9920387a2b36211ba81c096.jpg\"><img loading=\"lazy\" decoding=\"async\" class=\"aligncenter size-medium wp-image-395\" title=\"\u00cf\u00e0\u00eb\u00e0\u00f7 \u00ed\u00e0 \u00fd\u00f8\u00e0\u00f4\u00ee\u00f2\u00e5. \u00c2\u00ee\u00f1\u00ea\u00ee\u00e2\u00e0\u00ff \u00f4\u00e8\u00e3\u00f3\u00f0\u00e0\" src=\"http:\/\/blog.espol.edu.ec\/misionnerd\/files\/2010\/11\/23775f58d9920387a2b36211ba81c096-200x300.jpg\" alt=\"\" width=\"248\" height=\"373\" srcset=\"https:\/\/blog.espol.edu.ec\/misionnerd\/files\/2010\/11\/23775f58d9920387a2b36211ba81c096-200x300.jpg 200w, https:\/\/blog.espol.edu.ec\/misionnerd\/files\/2010\/11\/23775f58d9920387a2b36211ba81c096.jpg 450w\" sizes=\"auto, (max-width: 248px) 100vw, 248px\" \/><\/a><\/h3>\n<h2><span style=\"color: #ff6600\">Diversiones\u00a0 familiares.\u00a0\u00a0<\/span>\u00a0\u00a0<\/h2>\n<h2><a href=\"http:\/\/blog.espol.edu.ec\/misionnerd\/files\/2010\/11\/pic_nero_agrippina.jpg\"><img loading=\"lazy\" decoding=\"async\" class=\"aligncenter size-medium wp-image-402\" title=\"pic_nero_agrippina\" src=\"http:\/\/blog.espol.edu.ec\/misionnerd\/files\/2010\/11\/pic_nero_agrippina-300x167.jpg\" alt=\"\" width=\"259\" height=\"139\" \/><\/a>\u00a0<\/h2>\n<h3>Agripina, la mamita de Ner\u00f3n, ten\u00eda una obsesi\u00f3n, que su hijo fuera emperador. Decidi\u00f3 consultar\u00a0 a un or\u00e1culo, y este le dijo: \u201cTu hijo ser\u00e1 emperador, pero cuando lo sea, asesinar\u00e1 a su madre\u201d. Ella contest\u00f3: \u201cQue me asesine pues\u201d.<\/h3>\n<h3>\u00a0<a href=\"http:\/\/blog.espol.edu.ec\/misionnerd\/files\/2010\/11\/veneno.jpg\"><img loading=\"lazy\" decoding=\"async\" class=\"aligncenter size-medium wp-image-405\" title=\"veneno\" src=\"http:\/\/blog.espol.edu.ec\/misionnerd\/files\/2010\/11\/veneno-300x286.jpg\" alt=\"\" width=\"208\" height=\"206\" \/><\/a><\/h3>\n<h3>Agripina ten\u00eda una cocinera muy particular llamada Locusta, que adem\u00e1s de los espaguetis a la bolo\u00f1esa sabia preparar toda clase de venenos y con esta habilidad ganaba dinero extra. Cansada de esperar el momento cuando su esposo Claudio desocupe el trono, Agripina orden\u00f3 a Locusta prepararle para la cena \u201csorpresa de champi\u00f1ones\u201d, y al d\u00eda siguiente el trono ya estaba desocupado\u00a0 para su querido Neroncito.<\/h3>\n<p><a href=\"http:\/\/blog.espol.edu.ec\/misionnerd\/files\/2010\/11\/neron.jpg\"><img loading=\"lazy\" decoding=\"async\" class=\"aligncenter size-medium wp-image-408\" title=\"neron\" src=\"http:\/\/blog.espol.edu.ec\/misionnerd\/files\/2010\/11\/neron-205x300.jpg\" alt=\"\" width=\"174\" height=\"244\" \/><\/a><\/p>\n<h3>Ner\u00f3n fue un hijo de su madre en todo sentido de esta palabra. Tres veces trat\u00f3 de envenenar a Agripina, pero no contaba con su astucia: ella hab\u00eda tomado el ant\u00eddoto.<\/h3>\n<h3>Tambi\u00e9n construy\u00f3 un techo especial en su cuarto, con planchas de metal para que se le cayera encima; trat\u00f3 de hundir el barco donde viajaba la mamita y envi\u00f3 a un centuri\u00f3n para que le destroce la cabeza.<\/h3>\n<p><a href=\"http:\/\/blog.espol.edu.ec\/misionnerd\/files\/2010\/11\/agrippina_elder.jpg\"><img loading=\"lazy\" decoding=\"async\" class=\"aligncenter size-medium wp-image-411\" title=\"agrippina_elder\" src=\"http:\/\/blog.espol.edu.ec\/misionnerd\/files\/2010\/11\/agrippina_elder-207x300.jpg\" alt=\"\" width=\"141\" height=\"209\" \/><\/a><\/p>\n<h3>Agripina, como una campeona de triatl\u00f3n, se salv\u00f3 de los intentados: huy\u00f3 de la avalancha de plomo, nad\u00f3 cuando se parti\u00f3 el barco y esquiv\u00f3 el golpe del sicario. Le dijo, desgarrando su \u00a0vestido: \u201cGolpea aqu\u00ed en estos pechos que fueron capaces de amamantar a un monstruo como Ner\u00f3n\u201d.<\/h3>\n<h3>El sicario no se atrevi\u00f3 a tocar las tetas imperiales y hundi\u00f3 su pu\u00f1al directamente en el vientre \u00a0de Agripina.<\/h3>\n<p><a href=\"http:\/\/blog.espol.edu.ec\/misionnerd\/files\/2010\/11\/11159821.jpg\"><img loading=\"lazy\" decoding=\"async\" class=\"aligncenter size-medium wp-image-416\" title=\"1115982\" src=\"http:\/\/blog.espol.edu.ec\/misionnerd\/files\/2010\/11\/11159821-300x192.jpg\" alt=\"\" width=\"350\" height=\"240\" \/><\/a><\/p>\n<h3>Ner\u00f3n, cuando vio a su madre muerta y desnuda, dijo: \u201cDe haber sabido que era tan bella\u2026\u201d<\/h3>\n<h3>(De seguro, con tanto triatl\u00f3n Agripina realmente ten\u00eda un cuerpazo).<\/h3>\n<p><a href=\"http:\/\/blog.espol.edu.ec\/misionnerd\/files\/2010\/11\/sangre1.jpg\"><img loading=\"lazy\" decoding=\"async\" class=\"aligncenter size-full wp-image-419\" title=\"sangre1\" src=\"http:\/\/blog.espol.edu.ec\/misionnerd\/files\/2010\/11\/sangre1.jpg\" alt=\"\" width=\"212\" height=\"172\" \/><\/a><\/p>\n<h3>Ner\u00f3n tambi\u00e9n termin\u00f3 su vida con el pescuezo cortado. Tuvo que pedir este favor a su esclavo, antes de que sus compatriotas lo despedazaran. Antes de morir, dijo: \u201c\u00a1Qu\u00e9 gran artista pierde el mundo!\u201d<\/h3>\n<h3>\u00a0<\/h3>\n<h3>\u00a1Qu\u00e9 \u00a0gran sentido de humor!<\/h3>\n<h3>\u00a0\u00a0<\/h3>\n","protected":false},"excerpt":{"rendered":"<p>Los romanos ten\u00edan gustos muy particulares en cuanto a las diversiones. Uno de los espect\u00e1culos que m\u00e1s les gustaba, consist\u00eda en atar\u00a0 un hombre a una estaca y ver como una fiera hambrienta lo despedazaba. Si mor\u00eda muy r\u00e1pido o los desgarros no eran muy espectaculares, el p\u00fablico se enfadaba y ped\u00eda m\u00e1s sangre. \u00a0Pero [&hellip;]<\/p>\n","protected":false},"author":5156,"featured_media":0,"parent":0,"menu_order":0,"comment_status":"open","ping_status":"open","template":"","meta":{"footnotes":""},"class_list":["post-385","page","type-page","status-publish","hentry"],"_links":{"self":[{"href":"https:\/\/blog.espol.edu.ec\/misionnerd\/wp-json\/wp\/v2\/pages\/385","targetHints":{"allow":["GET"]}}],"collection":[{"href":"https:\/\/blog.espol.edu.ec\/misionnerd\/wp-json\/wp\/v2\/pages"}],"about":[{"href":"https:\/\/blog.espol.edu.ec\/misionnerd\/wp-json\/wp\/v2\/types\/page"}],"author":[{"embeddable":true,"href":"https:\/\/blog.espol.edu.ec\/misionnerd\/wp-json\/wp\/v2\/users\/5156"}],"replies":[{"embeddable":true,"href":"https:\/\/blog.espol.edu.ec\/misionnerd\/wp-json\/wp\/v2\/comments?post=385"}],"version-history":[{"count":26,"href":"https:\/\/blog.espol.edu.ec\/misionnerd\/wp-json\/wp\/v2\/pages\/385\/revisions"}],"predecessor-version":[{"id":423,"href":"https:\/\/blog.espol.edu.ec\/misionnerd\/wp-json\/wp\/v2\/pages\/385\/revisions\/423"}],"wp:attachment":[{"href":"https:\/\/blog.espol.edu.ec\/misionnerd\/wp-json\/wp\/v2\/media?parent=385"}],"curies":[{"name":"wp","href":"https:\/\/api.w.org\/{rel}","templated":true}]}}