{"id":431,"date":"2011-02-15T02:20:43","date_gmt":"2011-02-15T02:20:43","guid":{"rendered":"http:\/\/blog.espol.edu.ec\/misionnerd\/?page_id=431"},"modified":"2012-03-22T04:22:21","modified_gmt":"2012-03-22T04:22:21","slug":"muerte-de-cleopatra-2","status":"publish","type":"page","link":"https:\/\/blog.espol.edu.ec\/misionnerd\/muerte-de-cleopatra-2\/","title":{"rendered":"MUERTE DE CLEOPATRA"},"content":{"rendered":"<p><a href=\"http:\/\/blog.espol.edu.ec\/misionnerd\/files\/2011\/02\/obsesion-por-la-seduccion1.jpg\"><img loading=\"lazy\" decoding=\"async\" class=\"aligncenter size-medium wp-image-432\" src=\"http:\/\/blog.espol.edu.ec\/misionnerd\/files\/2011\/02\/obsesion-por-la-seduccion1-300x200.jpg\" alt=\"\" width=\"300\" height=\"200\" srcset=\"https:\/\/blog.espol.edu.ec\/misionnerd\/files\/2011\/02\/obsesion-por-la-seduccion1-300x200.jpg 300w, https:\/\/blog.espol.edu.ec\/misionnerd\/files\/2011\/02\/obsesion-por-la-seduccion1.jpg 600w\" sizes=\"auto, (max-width: 300px) 100vw, 300px\" \/><\/a><\/p>\n<h3>Por motivo del D\u00eda de San Valent\u00edn recordemos una vez m\u00e1s a los grandes amantes de la historia.<\/h3>\n<h3>Cleopatra\u00a0fue sin duda la m\u00e1s famosa de las reinas del antiguo Egipto y pertenec\u00eda a la dinast\u00eda greco-egipcia de faraones ptolomeos.<\/h3>\n<h3>Julio Cesar, el hombre m\u00e1s poderoso de Roma,\u00a0 se encontraba en Egipto\u00a0 solucionando unas cuestiones de estado cuando conoci\u00f3 a Cleopatra. Este hist\u00f3rico encuentro se produjo a espaldas del hermano y rival de la reina que ya estaba conspirando contra ella.<\/h3>\n<p><a href=\"http:\/\/blog.espol.edu.ec\/misionnerd\/files\/2011\/02\/111277.jpg\"><img loading=\"lazy\" decoding=\"async\" class=\"aligncenter size-full wp-image-435\" src=\"http:\/\/blog.espol.edu.ec\/misionnerd\/files\/2011\/02\/111277.jpg\" alt=\"\" width=\"248\" height=\"152\" \/><\/a><\/p>\n<h3>Dice la leyenda que Cleopatra, a escondidas y al anochecer, lleg\u00f3 hasta \u00a0Julio Cesar oculta en una alfombra a hombros de un servidor. \u00a0Al desenvolver semejante regalo navide\u00f1o, el poderoso c\u00f3nsul quedo como loco, y as\u00ed surgi\u00f3 una de las pasiones m\u00e1s celebres de la historia.<\/h3>\n<h3>Con ayuda de su amado Cleopatra alcanz\u00f3\u00a0 la cima de su poder, pero todo se vino abajo con el asesinato de Julio Cesar\u00a0 ocurrido en el a\u00f1o 44 a.C.<\/h3>\n<p><a href=\"http:\/\/blog.espol.edu.ec\/misionnerd\/files\/2011\/02\/013_julio-cesar_005.jpg\"><img loading=\"lazy\" decoding=\"async\" class=\"aligncenter size-medium wp-image-438\" src=\"http:\/\/blog.espol.edu.ec\/misionnerd\/files\/2011\/02\/013_julio-cesar_005-300x164.jpg\" alt=\"\" width=\"300\" height=\"164\" srcset=\"https:\/\/blog.espol.edu.ec\/misionnerd\/files\/2011\/02\/013_julio-cesar_005-300x164.jpg 300w, https:\/\/blog.espol.edu.ec\/misionnerd\/files\/2011\/02\/013_julio-cesar_005.jpg 612w\" sizes=\"auto, (max-width: 300px) 100vw, 300px\" \/><\/a><\/p>\n<h3>La reina corr\u00eda riesgo de perder su corona bajo el yugo de la poderosa Roma, cuando conoci\u00f3 al general Marco Antonio. Este al ver a Cleopatra se volvi\u00f3 loco igual que su antecesor, y hay que mencionar que Cleopatra no era muy guapa que digamos. (As\u00ed que \u00a1animo, mujeres! Resulta que no es necesario parecer a Angelina Jolie para embrutecer a un hombre.)<\/h3>\n<h3>La pasi\u00f3n fue tal que Marco Antonio mand\u00f3 al carajo a su esposa, olvid\u00f3 su origen romano y qued\u00f3 a vivir con Cleopatra en Alejandr\u00eda. Ambos eran fuertes aliados y ten\u00edan grandes ambiciones.<\/h3>\n<h3>Sin embargo, el ten\u00eda en Roma un poderoso rival: Octavio, \u00a0sobrino y heredero de Julio Cesar. Sus ej\u00e9rcitos se enfrentaron en la batalla naval de Actium, en el a\u00f1o 31 a.C. y la derrota de la flota egipcia comandada por Marco Antonio, supuso el final de la pareja.<\/h3>\n<h3>Despu\u00e9s de perder a su amado, Cleopatra prefiri\u00f3 la muerte antes de someterse a Octavio y humillarse ante los romanos. Se suicid\u00f3 de manera elegante, al estilo egipcio: orden\u00f3 una canasta de flores con una serpiente venenosa adentro, la que acab\u00f3 con su vida mientras la reina ol\u00eda este ikebana.<\/h3>\n<p><a href=\"http:\/\/blog.espol.edu.ec\/misionnerd\/files\/2011\/02\/roma_segunda_temporada_10_.jpg\"><img loading=\"lazy\" decoding=\"async\" class=\"aligncenter size-medium wp-image-441\" src=\"http:\/\/blog.espol.edu.ec\/misionnerd\/files\/2011\/02\/roma_segunda_temporada_10_-300x187.jpg\" alt=\"\" width=\"262\" height=\"148\" \/><\/a><\/p>\n<h3>Los desafortunados amantes fueron sepultados, y Octavio con su amada Livia se sentaron en el trono el Imperio Romano.<\/h3>\n<h3>A continuaci\u00f3n les ofrezco un cortometraje filmado con la colaboraci\u00f3n de Enrico Men\u00e9ndez. Nuestro agradecimiento especial a Julio Moncayo, Pedro M\u00e9ndez y Franklin \u00c1lvarez.<\/h3>\n<h1>\u00a0 \u00a0 \u00a0 \u00a0 \u00a0 \u00a0 \u00a0 \u00a0 \u00a0 \u00a0<span style=\"color: #ff0000\"> \u00a0 \u00a0\u00a0<a href=\"http:\/\/www.youtube.com\/watch?v=brYOVOKlP9o\"><span style=\"color: #ff0000\">Ver Video<\/span><\/a><\/span><\/h1>\n","protected":false},"excerpt":{"rendered":"<p>Por motivo del D\u00eda de San Valent\u00edn recordemos una vez m\u00e1s a los grandes amantes de la historia. Cleopatra\u00a0fue sin duda la m\u00e1s famosa de las reinas del antiguo Egipto y pertenec\u00eda a la dinast\u00eda greco-egipcia de faraones ptolomeos. Julio Cesar, el hombre m\u00e1s poderoso de Roma,\u00a0 se encontraba en Egipto\u00a0 solucionando unas cuestiones de [&hellip;]<\/p>\n","protected":false},"author":5156,"featured_media":0,"parent":0,"menu_order":0,"comment_status":"open","ping_status":"open","template":"","meta":{"footnotes":""},"class_list":["post-431","page","type-page","status-publish","hentry"],"_links":{"self":[{"href":"https:\/\/blog.espol.edu.ec\/misionnerd\/wp-json\/wp\/v2\/pages\/431","targetHints":{"allow":["GET"]}}],"collection":[{"href":"https:\/\/blog.espol.edu.ec\/misionnerd\/wp-json\/wp\/v2\/pages"}],"about":[{"href":"https:\/\/blog.espol.edu.ec\/misionnerd\/wp-json\/wp\/v2\/types\/page"}],"author":[{"embeddable":true,"href":"https:\/\/blog.espol.edu.ec\/misionnerd\/wp-json\/wp\/v2\/users\/5156"}],"replies":[{"embeddable":true,"href":"https:\/\/blog.espol.edu.ec\/misionnerd\/wp-json\/wp\/v2\/comments?post=431"}],"version-history":[{"count":21,"href":"https:\/\/blog.espol.edu.ec\/misionnerd\/wp-json\/wp\/v2\/pages\/431\/revisions"}],"predecessor-version":[{"id":864,"href":"https:\/\/blog.espol.edu.ec\/misionnerd\/wp-json\/wp\/v2\/pages\/431\/revisions\/864"}],"wp:attachment":[{"href":"https:\/\/blog.espol.edu.ec\/misionnerd\/wp-json\/wp\/v2\/media?parent=431"}],"curies":[{"name":"wp","href":"https:\/\/api.w.org\/{rel}","templated":true}]}}