{"id":499,"date":"2011-05-15T05:36:05","date_gmt":"2011-05-15T05:36:05","guid":{"rendered":"http:\/\/blog.espol.edu.ec\/misionnerd\/?page_id=499"},"modified":"2011-05-15T05:36:05","modified_gmt":"2011-05-15T05:36:05","slug":"emprendedores-antiguos","status":"publish","type":"page","link":"https:\/\/blog.espol.edu.ec\/misionnerd\/emprendedores-antiguos\/","title":{"rendered":"EMPRENDEDORES ANTIGUOS"},"content":{"rendered":"<h3>Para inspirarnos en v\u00edsperas de la Semana del Emprendimiento, recordemos un poco de Historia<\/h3>\n<h3><span style=\"color: #ff6600\">MUMTAZ, LA PERLA DEL PALACIO<\/span><\/h3>\n<h2>\u00a0<\/h2>\n<h3><a href=\"http:\/\/blog.espol.edu.ec\/misionnerd\/files\/2011\/05\/images2.jpg\"><img loading=\"lazy\" decoding=\"async\" class=\"aligncenter size-full wp-image-500\" title=\"images[2]\" src=\"http:\/\/blog.espol.edu.ec\/misionnerd\/files\/2011\/05\/images2.jpg\" alt=\"\" width=\"196\" height=\"289\" \/><\/a>\u00a0<\/h3>\n<h3>Una de las emprendedoras mas celebres del pasado fue una joven llamada Arjumand, m\u00e1s conocida como Mumtaz-i-Majal (el nombre otorgado a ella por su suegro como regalo de bodas). Tal vez alguien con sentido pr\u00e1ctico pensar\u00eda que mejor regalo hubiera sido un juego de sala, pero no; en la India del siglo XVII era un gran honor el hecho de que el soberano te cambie el nombre.<\/h3>\n<p><a href=\"http:\/\/blog.espol.edu.ec\/misionnerd\/files\/2011\/05\/519655_0110_diamante.jpg\"><img loading=\"lazy\" decoding=\"async\" class=\"aligncenter size-medium wp-image-505\" title=\"519655_0110_diamante\" src=\"http:\/\/blog.espol.edu.ec\/misionnerd\/files\/2011\/05\/519655_0110_diamante-300x200.jpg\" alt=\"\" width=\"300\" height=\"200\" srcset=\"https:\/\/blog.espol.edu.ec\/misionnerd\/files\/2011\/05\/519655_0110_diamante-300x200.jpg 300w, https:\/\/blog.espol.edu.ec\/misionnerd\/files\/2011\/05\/519655_0110_diamante.jpg 600w\" sizes=\"auto, (max-width: 300px) 100vw, 300px\" \/><\/a><\/p>\n<h3>La historia comenz\u00f3 as\u00ed: Arjumand era la hija del Primer Ministro del Khan, tenia quince a\u00f1os y esperaba encontrar a su pr\u00edncipe azul. Este se le present\u00f3 en un evento, se llamaba Khurram y era el hijo del soberano. El evento en cuesti\u00f3n tenia fines ben\u00e9ficos y consist\u00eda en que las damas ani\u00f1adas vend\u00edan chucher\u00edas in\u00fatiles a\u00a0 caballeros galantes, a precios exorbitantes. Pero la m\u00e1s emprendedora de todas fue la bella Arjumand. Cuando ella pidi\u00f3 al pr\u00edncipe Khurram diez mil rupias por un fondo de botella, tallado como si fuera diamante, el enseguida sac\u00f3 su billetera y junto con el dinero le entrego su coraz\u00f3n.<\/h3>\n<p>\u00a0<a href=\"http:\/\/blog.espol.edu.ec\/misionnerd\/files\/2011\/05\/khajuraho_tour.jpg\"><img loading=\"lazy\" decoding=\"async\" class=\"aligncenter size-medium wp-image-509\" title=\"khajuraho_tour\" src=\"http:\/\/blog.espol.edu.ec\/misionnerd\/files\/2011\/05\/khajuraho_tour-224x300.jpg\" alt=\"\" width=\"177\" height=\"228\" \/><\/a><\/p>\n<h3>Para no alargar el cuento, los enamorados tuvieron que esperar cinco a\u00f1os pero al fin se casaron. Al heredar el trono, el pr\u00edncipe tambi\u00e9n cambi\u00f3 su nombre por uno m\u00e1s apropiado: Abul Muzzaffar Shiabuddin Mohammed Sahid Qiran-Sani Shah Jahan Badshah Ghazi. Su pasi\u00f3n por su amada era tal, que parece que nunca sal\u00eda de su alcoba; \u00a0el fruto eran catorce hijos que nacieron en 17 a\u00f1os que dur\u00f3 el matrimonio, pero \u00a0despu\u00e9s del \u00faltimo parto Mumtaz muri\u00f3.\u00a0<\/h3>\n<h3>\u00a0\u00a0\u00a0<a href=\"http:\/\/blog.espol.edu.ec\/misionnerd\/files\/2011\/05\/TAJ.jpg\"><img loading=\"lazy\" decoding=\"async\" class=\"aligncenter size-medium wp-image-512\" title=\"TAJ\" src=\"http:\/\/blog.espol.edu.ec\/misionnerd\/files\/2011\/05\/TAJ-300x200.jpg\" alt=\"\" width=\"288\" height=\"228\" \/><\/a><\/h3>\n<h3>El dolor del Shah Jahan (as\u00ed le llamaban en diminutivo) fue muy intenso; el rechazaba sue\u00f1o y comida, y\u00a0 ya sabemos el resto de esta historia: para inmortalizar a\u00a0 su princesa, el Sha orden\u00f3 construir el mausoleo m\u00e1s hermoso del mundo que en actualidad atrae miles y miles de turistas, trayendo beneficios a la econom\u00eda de la India. Felicitaciones para Mumtaz.<\/h3>\n<h3>___________________________________________________<\/h3>\n<h3>\u00a0\u00a0\u00a0\u00a0\u00a0\u00a0\u00a0\u00a0\u00a0\u00a0\u00a0\u00a0\u00a0\u00a0\u00a0\u00a0\u00a0\u00a0\u00a0\u00a0\u00a0\u00a0\u00a0\u00a0\u00a0\u00a0\u00a0<span style=\"color: #ff6600\">\u00a0\u00a0SANGRE EN LA ARENA<\/span><\/h3>\n<h3><span style=\"color: #ff6600\"><a href=\"http:\/\/blog.espol.edu.ec\/misionnerd\/files\/2011\/05\/54164iamge.jpg\"><img loading=\"lazy\" decoding=\"async\" class=\"aligncenter size-medium wp-image-515\" title=\"54164iamge\" src=\"http:\/\/blog.espol.edu.ec\/misionnerd\/files\/2011\/05\/54164iamge-300x278.jpg\" alt=\"\" width=\"246\" height=\"212\" \/><\/a><\/span><\/h3>\n<h3>Veamos ahora como se inici\u00f3 otro negocio millonario del pasado. En el s. IIIa.C., a los hijos de un fallecido patricio romano, se les ocurri\u00f3 honrar la memoria de su papi organizando en su funeral el combate entre tres pares de esclavos. Era una manera de mostrar al p\u00fablico la importancia del difunto y de su familia.<\/h3>\n<h3>30 a\u00f1os despu\u00e9s, en el funeral de un prominente general romano, ya se presentaron 74 parejas de gladiadores con un espect\u00e1culo tan impresionante, que los presentes hasta se olvidaron de la comida gratis (el atractivo principal de este tipo de eventos).<\/h3>\n<h3>\u00a0<a href=\"http:\/\/blog.espol.edu.ec\/misionnerd\/files\/2011\/05\/Spartacus_Andy_Whitfield2.jpg\"><img loading=\"lazy\" decoding=\"async\" class=\"aligncenter size-medium wp-image-520\" title=\"Spartacus_Andy_Whitfield\" src=\"http:\/\/blog.espol.edu.ec\/misionnerd\/files\/2011\/05\/Spartacus_Andy_Whitfield2-225x300.jpg\" alt=\"\" width=\"179\" height=\"237\" \/><\/a><\/h3>\n<h3>Entonces, algunos individuos se avisparon y comenzaron un gran negocio de diversi\u00f3n y entretenimiento, donde \u00a0hab\u00eda \u00a0escuelas especiales con entrenadores, nutricionistas, masajistas, m\u00e9dicos etc. (Dato curioso: la primera crema facial fue inventada por el famoso medico Galeno, cuando este cachueleaba en la escuela de gladiadores de Pergamo). \u00a0Las entradas a este show eran bastante caras, ya que en \u00e9l se invert\u00eda mucho dinero.<\/h3>\n<h3>Los gladiadores \u00a0se convirtieron en h\u00e9roes locales, similares en la actualidad a los jugadores de f\u00fatbol. Me imagino que Spartacus se hubiera convertido en una especie de David Bekham si no fuera tan rebelde.<\/h3>\n<h3>\u00a0<a href=\"http:\/\/blog.espol.edu.ec\/misionnerd\/files\/2011\/05\/gladiador-gordo.jpg\"><img loading=\"lazy\" decoding=\"async\" class=\"aligncenter size-medium wp-image-523\" title=\"gladiador-gordo\" src=\"http:\/\/blog.espol.edu.ec\/misionnerd\/files\/2011\/05\/gladiador-gordo-288x300.jpg\" alt=\"\" width=\"217\" height=\"200\" \/><\/a><\/h3>\n<h3>A prop\u00f3sito, la imagen hollywoodense de un gladiador \u00a0tuco, musculoso, todo lleno de cuadritos, no corresponde mucho a la realidad. El inolvidable \u201cGladiator\u201d Russel Crowe en la foto de izquierda se parece m\u00e1s a lo que era un combatiente com\u00fan del Coliseo romano. Para proteger a sus luchadores de las filudas armas, los engordaban con una dieta especial vegetariana alta en prote\u00ednas, para que una gran masa muscular les sirva de escudo natural.<\/h3>\n<h3>\u00a0<a href=\"http:\/\/blog.espol.edu.ec\/misionnerd\/files\/2011\/05\/romano.jpg\"><img loading=\"lazy\" decoding=\"async\" class=\"aligncenter size-medium wp-image-526\" title=\"romano\" src=\"http:\/\/blog.espol.edu.ec\/misionnerd\/files\/2011\/05\/romano-254x300.jpg\" alt=\"\" width=\"210\" height=\"236\" \/><\/a><\/h3>\n<h3>Dicen los chismes hist\u00f3ricos que entre las damas romanas estaban de moda los cosm\u00e9ticos hechos a base del sudor de los gladiadores, y que algunas prefer\u00edan recibir el producto fresco directamente en el circo despu\u00e9s de la funci\u00f3n. Dudo que oliera a rosas, pero cada uno tiene sus gustos.<\/h3>\n","protected":false},"excerpt":{"rendered":"<p>Para inspirarnos en v\u00edsperas de la Semana del Emprendimiento, recordemos un poco de Historia MUMTAZ, LA PERLA DEL PALACIO \u00a0 \u00a0 Una de las emprendedoras mas celebres del pasado fue una joven llamada Arjumand, m\u00e1s conocida como Mumtaz-i-Majal (el nombre otorgado a ella por su suegro como regalo de bodas). Tal vez alguien con sentido [&hellip;]<\/p>\n","protected":false},"author":5156,"featured_media":0,"parent":0,"menu_order":0,"comment_status":"open","ping_status":"open","template":"","meta":{"footnotes":""},"class_list":["post-499","page","type-page","status-publish","hentry"],"_links":{"self":[{"href":"https:\/\/blog.espol.edu.ec\/misionnerd\/wp-json\/wp\/v2\/pages\/499","targetHints":{"allow":["GET"]}}],"collection":[{"href":"https:\/\/blog.espol.edu.ec\/misionnerd\/wp-json\/wp\/v2\/pages"}],"about":[{"href":"https:\/\/blog.espol.edu.ec\/misionnerd\/wp-json\/wp\/v2\/types\/page"}],"author":[{"embeddable":true,"href":"https:\/\/blog.espol.edu.ec\/misionnerd\/wp-json\/wp\/v2\/users\/5156"}],"replies":[{"embeddable":true,"href":"https:\/\/blog.espol.edu.ec\/misionnerd\/wp-json\/wp\/v2\/comments?post=499"}],"version-history":[{"count":22,"href":"https:\/\/blog.espol.edu.ec\/misionnerd\/wp-json\/wp\/v2\/pages\/499\/revisions"}],"predecessor-version":[{"id":531,"href":"https:\/\/blog.espol.edu.ec\/misionnerd\/wp-json\/wp\/v2\/pages\/499\/revisions\/531"}],"wp:attachment":[{"href":"https:\/\/blog.espol.edu.ec\/misionnerd\/wp-json\/wp\/v2\/media?parent=499"}],"curies":[{"name":"wp","href":"https:\/\/api.w.org\/{rel}","templated":true}]}}