{"id":5,"date":"2010-10-13T02:30:06","date_gmt":"2010-10-13T02:30:06","guid":{"rendered":"http:\/\/blog.espol.edu.ec\/misionnerd\/?page_id=5"},"modified":"2010-10-14T16:02:38","modified_gmt":"2010-10-14T16:02:38","slug":"los-fabulosos-romanos-2","status":"publish","type":"page","link":"https:\/\/blog.espol.edu.ec\/misionnerd\/los-fabulosos-romanos-2\/","title":{"rendered":"FABULOSOS ROMANOS"},"content":{"rendered":"<h1><strong><span style=\"color: #ff0000\"> <\/span><\/strong><\/h1>\n<p style=\"text-align: center\"><strong> <\/strong><a href=\"http:\/\/blog.espol.edu.ec\/misionnerd\/files\/2010\/10\/1.jpg\"><strong><img loading=\"lazy\" decoding=\"async\" class=\"size-medium wp-image-6  aligncenter\" title=\"1\" src=\"http:\/\/blog.espol.edu.ec\/misionnerd\/files\/2010\/10\/1-300x225.jpg\" alt=\"\" width=\"318\" height=\"255\" \/><\/strong><\/a><\/p>\n<h3><span style=\"color: #ffffff\">Mucho antes de que el Imperio Romano alcanzara su hegemon\u00eda mundial, Cicer\u00f3n hab\u00eda escrito sobre el car\u00e1cter depredador de los romanos: \u201cHasta los hombres m\u00e1s justos buscan las propiedades \u00a0ajenas, y no se detienen hasta lograr la adquisici\u00f3n del mundo entero\u201d.<\/span><\/h3>\n<h3><span style=\"color: #ffffff\">Probablemente, estas particularidades ten\u00edan origen gen\u00e9tico, porque seg\u00fan la tradici\u00f3n el padre de la naci\u00f3n R\u00f3mulo fue fratricida y para poblar sus dominios dej\u00f3\u00a0 asentarse en Roma a toda clase de chusma, como vagabundos, esclavos fugitivos y delincuentes pr\u00f3fugos de justicia.<\/span><\/h3>\n<h3><span style=\"color: #ffffff\">Sin embargo, hasta en el mundo moderno perduran algunos inventos, tecnolog\u00edas y costumbres de Roma Antigua.<\/span><\/h3>\n<h2><span style=\"color: #ff0000\"><span style=\"color: #ff0000\"> <\/span><\/span><\/h2>\n<h2><span style=\"color: #ff0000\"><span style=\"color: #ff0000\">MISCELANEAS<\/span><\/span><\/h2>\n<h3><span style=\"color: #888888\"><a href=\"http:\/\/blog.espol.edu.ec\/misionnerd\/files\/2010\/10\/22.jpg\"><img loading=\"lazy\" decoding=\"async\" class=\"alignleft size-thumbnail wp-image-60\" title=\"2\" src=\"http:\/\/blog.espol.edu.ec\/misionnerd\/files\/2010\/10\/22-150x150.jpg\" alt=\"\" width=\"187\" height=\"189\" \/><\/a><span style=\"color: #ffffff\"> Las leyes que escribieron los romanos sirven de base para los c\u00f3digos legales vigentes en la mayor\u00eda de pa\u00edses occidentales; la famosa asignatura de Derecho romano.<\/span><\/span><\/h3>\n<h3><span style=\"color: #888888\"><span style=\"color: #ffffff\"> <\/span><\/span><\/h3>\n<h3 style=\"text-align: left\"><span style=\"color: #ffffff\"> <\/span><\/h3>\n<h3 style=\"text-align: left\"><span style=\"color: #ffffff\"> <\/span><\/h3>\n<h3 style=\"text-align: left\"><span style=\"color: #888888\">___________________________________________ <\/span><\/h3>\n<p style=\"text-align: left\"><strong><span style=\"color: #888888\"> <\/span><\/strong><\/p>\n<h3><strong><img loading=\"lazy\" decoding=\"async\" class=\"aligncenter size-medium wp-image-12\" title=\"3\" src=\"http:\/\/blog.espol.edu.ec\/misionnerd\/files\/2010\/10\/3-300x300.jpg\" alt=\"\" width=\"147\" height=\"176\" \/><\/strong><span style=\"color: #ffffff\">Los romanos juraban decir la verdad apret\u00e1ndose los test\u00edculos con la mano derecha. De esta costumbre romana procede la palabra testificar.<\/span><\/h3>\n<h3><span style=\"color: #ffffff\"> ___________________________________________<\/span><\/h3>\n<h3><span style=\"color: #ffffff\"> <\/span><\/h3>\n<h3><span style=\"color: #ffffff\"> <\/span><\/h3>\n<h3><a href=\"http:\/\/blog.espol.edu.ec\/misionnerd\/files\/2010\/10\/4.jpg\"><strong><span style=\"color: #000000\"><img loading=\"lazy\" decoding=\"async\" class=\"aligncenter size-medium wp-image-13\" title=\"4\" src=\"http:\/\/blog.espol.edu.ec\/misionnerd\/files\/2010\/10\/4-300x266.jpg\" alt=\"\" width=\"179\" height=\"215\" \/><\/span><\/strong><\/a><span style=\"color: #ffffff\"> La palabra ladr\u00f3n proviene de ladro, que significaba soldado; debido a los continuos saqueos y robos que realizaban las tropas romanas (parece que no les alcanzaba el sueldo y les quitaron sus bonos).<\/span><\/h3>\n<h3><span style=\"color: #ffffff\"> ___________________________________________<\/span><\/h3>\n<h3><span style=\"color: #000000\"> <\/span><\/h3>\n<h3><a href=\"http:\/\/blog.espol.edu.ec\/misionnerd\/files\/2010\/10\/5.jpg\"><strong><img loading=\"lazy\" decoding=\"async\" class=\"aligncenter size-medium wp-image-15\" title=\"5\" src=\"http:\/\/blog.espol.edu.ec\/misionnerd\/files\/2010\/10\/5-210x300.jpg\" alt=\"\" width=\"201\" height=\"273\" \/><\/strong><\/a><strong><span style=\"color: #ffffff\">La palabra candidato proviene de la palabra latina candidus (blanco), por referencia a la ropa blanca que vest\u00eda el aspirante para demostrar la pureza de sus intenciones pol\u00edticas (\u00a1c\u00f3mo cambia la moda!\u00a0 ahora los candidatos visten traje, sotana o uniforme militar, todo en tonos oscuros).<\/span><\/strong><\/h3>\n<h3><strong><span style=\"color: #ffffff\"> <\/span><\/strong><strong><span style=\"color: #888888\"> _____________________________________________________<\/span><\/strong><\/h3>\n<h3><a href=\"http:\/\/blog.espol.edu.ec\/misionnerd\/files\/2010\/10\/letra_g.jpg\"><strong><img loading=\"lazy\" decoding=\"async\" class=\"aligncenter size-medium wp-image-14\" title=\"letra_g\" src=\"http:\/\/blog.espol.edu.ec\/misionnerd\/files\/2010\/10\/letra_g-300x300.jpg\" alt=\"\" width=\"176\" height=\"198\" \/><\/strong><\/a><span style=\"color: #ffffff\">El primitivo alfabeto latino no ten\u00eda letra G. En su lugar se usaba la C, y s\u00f3lo los romanos sab\u00edan cu\u00e1ndo pronunciarla de una forma o de otra. Un sujeto de nombre Carvillo tuvo la idea de a\u00f1adir a la letra C una j peque\u00f1a, creando as\u00ed nuestra G.<\/span><\/h3>\n<h3><span style=\"color: #ffffff\">Los Guti\u00e9rrez, G\u00f3mez, Garc\u00eda y Guggenheim sin duda agradecer\u00e1n al Carvillo.<\/span><\/h3>\n<h3 style=\"text-align: right\"><span style=\"color: #ffffff\"> <\/span><\/h3>\n<p style=\"text-align: right\"><strong> <\/strong><\/p>\n<p style=\"text-align: center\"><strong> <\/strong><\/p>\n<p style=\"text-align: center\"><strong> <\/strong><\/p>\n","protected":false},"excerpt":{"rendered":"<p>Mucho antes de que el Imperio Romano alcanzara su hegemon\u00eda mundial, Cicer\u00f3n hab\u00eda escrito sobre el car\u00e1cter depredador de los romanos: \u201cHasta los hombres m\u00e1s justos buscan las propiedades \u00a0ajenas, y no se detienen hasta lograr la adquisici\u00f3n del mundo entero\u201d. Probablemente, estas particularidades ten\u00edan origen gen\u00e9tico, porque seg\u00fan la tradici\u00f3n el padre de la [&hellip;]<\/p>\n","protected":false},"author":5156,"featured_media":0,"parent":0,"menu_order":0,"comment_status":"open","ping_status":"open","template":"","meta":{"footnotes":""},"class_list":["post-5","page","type-page","status-publish","hentry"],"_links":{"self":[{"href":"https:\/\/blog.espol.edu.ec\/misionnerd\/wp-json\/wp\/v2\/pages\/5","targetHints":{"allow":["GET"]}}],"collection":[{"href":"https:\/\/blog.espol.edu.ec\/misionnerd\/wp-json\/wp\/v2\/pages"}],"about":[{"href":"https:\/\/blog.espol.edu.ec\/misionnerd\/wp-json\/wp\/v2\/types\/page"}],"author":[{"embeddable":true,"href":"https:\/\/blog.espol.edu.ec\/misionnerd\/wp-json\/wp\/v2\/users\/5156"}],"replies":[{"embeddable":true,"href":"https:\/\/blog.espol.edu.ec\/misionnerd\/wp-json\/wp\/v2\/comments?post=5"}],"version-history":[{"count":29,"href":"https:\/\/blog.espol.edu.ec\/misionnerd\/wp-json\/wp\/v2\/pages\/5\/revisions"}],"predecessor-version":[{"id":137,"href":"https:\/\/blog.espol.edu.ec\/misionnerd\/wp-json\/wp\/v2\/pages\/5\/revisions\/137"}],"wp:attachment":[{"href":"https:\/\/blog.espol.edu.ec\/misionnerd\/wp-json\/wp\/v2\/media?parent=5"}],"curies":[{"name":"wp","href":"https:\/\/api.w.org\/{rel}","templated":true}]}}